{"id":9977,"date":"2018-04-09T16:45:11","date_gmt":"2018-04-09T20:45:11","guid":{"rendered":"https:\/\/cap.ca\/?page_id=9977\/"},"modified":"2018-07-24T12:10:33","modified_gmt":"2018-07-24T16:10:33","slug":"conference-cam-2017","status":"publish","type":"page","link":"https:\/\/cap.ca\/fr\/congres-de-lacp\/camf\/conference-cam-2017\/","title":{"rendered":"CAM 2017"},"content":{"rendered":"<p>La conf\u00e9rence CAM2017 aura lieu \u00e0\u00a0Washington, DC, E-U. du 17 au 19 ao\u00fbt 2017 sous la direction de l&#8217;American Physics Society (APS). Pour pllus d&#8217;information, veuillez consulter le site web de l&#8217;APS \u00e0\u00a0<a href=\"https:\/\/www.aps.org\/units\/fgsa\/meetings\/cam.cfm\">https:\/\/www.aps.org\/units\/fgsa\/meetings\/cam.cfm<\/a>\u00a0ou communiquer avec le repr\u00e9sentant de l&#8217;ACP au sein du comit\u00e9 organisateur, Chris Pugh de l&#8217;Universit\u00e9 de Waterloo, conseiller repr\u00e9sentant les membres \u00e9tudiants de cycles sup\u00e9rieurs,\u00a0<a class=\"spamspan\" href=\"mailto:cpugh%40uwaterloo.ca\">cpugh@uwaterloo.ca<\/a>.<\/p>\n<p>This is a wonderful opportunity for students to present their research to other students and to build relationships with researchers around North America.<\/p>\n<h3><strong>ABSTRACT SUBMISSION IS\u00a0CLOSED &#8211; Deadline &#8211; April 28, 2017<\/strong><\/h3>\n<p>As part of the abstract submission process, a letter of support from the student&#8217;s supervisor stating that they support the student\u2019s presentation at this conference as well as agree to help cover the costs of the student\u2019s attendance is required. The Canadian coordinating team is currently working on securing some funding to help offset the costs to each graduate student who attends. \u00a0Students must be CAP members and have an accepted abstract to be eligible.<\/p>\n<p>Other Documents<\/p>\n<ol class=\"content-list\">\n<li>Abstract (maximum of 1500 characters, uploaded in PDF format, example can be found on website).<\/li>\n<li>Letter of Support from your supervisor (this letter should state that your supervisor will cover costs of the conference including travel, registration etc. as well that they support your presentation. No abstract will be accepted without this letter. Not to exceed one page).<\/li>\n<li>Curriculum Vitae (maximum two pages)<\/li>\n<\/ol>\n<p>Submit to:\u00a0<a href=\"https:\/\/www.aps.org\/units\/fgsa\/meetings\/cam.cfm\">https:\/\/www.aps.org\/units\/fgsa\/meetings\/cam.cfm<\/a>\u00a0and select \u201cCanada Application.\u201d<\/p>\n<p>Once the abstract submission deadline has closed, all abstracts which included the letter of support from the supervisor will be reviewed. The final acceptance letters will be issued in late May. Registration will start after this process is complete.<\/p>\n<p>More details regarding CAM2017 are available on the APS website at\u00a0<a href=\"https:\/\/www.aps.org\/units\/fgsa\/meetings\/cam.cfm\">https:\/\/www.aps.org\/units\/fgsa\/meetings\/cam.cfm<\/a><\/p>\n","protected":false},"excerpt":{"rendered":"<p>La conf\u00e9rence CAM2017 aura lieu \u00e0\u00a0Washington, DC, E-U. du 17 au 19 ao\u00fbt 2017 sous la direction de l&#8217;American Physics Society (APS). Pour pllus d&#8217;information, veuillez consulter le site web de l&#8217;APS \u00e0\u00a0https:\/\/www.aps.org\/units\/fgsa\/meetings\/cam.cfm\u00a0ou communiquer avec le repr\u00e9sentant de l&#8217;ACP au sein du comit\u00e9 organisateur, Chris Pugh de l&#8217;Universit\u00e9 de Waterloo, conseiller repr\u00e9sentant les membres \u00e9tudiants&#8230;  <a class=\"excerpt-read-more\" href=\"https:\/\/cap.ca\/fr\/congres-de-lacp\/camf\/conference-cam-2017\/\" title=\"LireCAM 2017\">Lire la suite &raquo;<\/a><\/p>\n","protected":false},"author":9,"featured_media":0,"parent":3269,"menu_order":219,"comment_status":"closed","ping_status":"closed","template":"","meta":{"footnotes":""},"class_list":["post-9977","page","type-page","status-publish","hentry"],"_links":{"self":[{"href":"https:\/\/cap.ca\/fr\/wp-json\/wp\/v2\/pages\/9977","targetHints":{"allow":["GET"]}}],"collection":[{"href":"https:\/\/cap.ca\/fr\/wp-json\/wp\/v2\/pages"}],"about":[{"href":"https:\/\/cap.ca\/fr\/wp-json\/wp\/v2\/types\/page"}],"author":[{"embeddable":true,"href":"https:\/\/cap.ca\/fr\/wp-json\/wp\/v2\/users\/9"}],"replies":[{"embeddable":true,"href":"https:\/\/cap.ca\/fr\/wp-json\/wp\/v2\/comments?post=9977"}],"version-history":[{"count":2,"href":"https:\/\/cap.ca\/fr\/wp-json\/wp\/v2\/pages\/9977\/revisions"}],"predecessor-version":[{"id":10821,"href":"https:\/\/cap.ca\/fr\/wp-json\/wp\/v2\/pages\/9977\/revisions\/10821"}],"up":[{"embeddable":true,"href":"https:\/\/cap.ca\/fr\/wp-json\/wp\/v2\/pages\/3269"}],"wp:attachment":[{"href":"https:\/\/cap.ca\/fr\/wp-json\/wp\/v2\/media?parent=9977"}],"curies":[{"name":"wp","href":"https:\/\/api.w.org\/{rel}","templated":true}]}}