{"id":9966,"date":"2018-04-09T09:04:58","date_gmt":"2018-04-09T13:04:58","guid":{"rendered":"https:\/\/cap.ca\/?page_id=9966\/"},"modified":"2018-04-13T14:29:36","modified_gmt":"2018-04-13T18:29:36","slug":"le-banquet-des-recipiendaires-de-medailles-de-lacp","status":"publish","type":"page","link":"https:\/\/cap.ca\/fr\/congres-de-lacp\/congres-anterieurs\/congres-2018\/le-banquet-des-recipiendaires-de-medailles-de-lacp\/","title":{"rendered":"Le Banquet des r\u00e9cipiendaires de m\u00e9dailles de l\u2019ACP"},"content":{"rendered":"<p>Le Banquet des r\u00e9cipiendaires de m\u00e9dailles de l\u2019ACP est l\u2019occasion d\u2019honorer les laur\u00e9ats de cette ann\u00e9e\u00a0qui ont fait preuve d\u2019excellence en recherche, enseignement et service en physique au Canada. Pour assurer votre place au d\u00eener de remise des m\u00e9dailles aux laur\u00e9ats, le mercredi 13\u00a0juin, veuillez acheter un billet en vous\u00a0<a href=\"https:\/\/cap.ca\/fr\/congres-de-lacp\/congres-2018\/frais-dinscription-2018\/\"><strong>inscrivant au Congr\u00e8s<\/strong><\/a>. Rien ne garantit que vous pourrez en acheter \u00e0 la derni\u00e8re minute pendant la conf\u00e9rence, car les places sont limit\u00e9es.<\/p>\n<p>C\u2019est un rendez-vous!<\/p>\n<h3><strong>D\u00e9tails du Banquet<\/strong><br \/>\n<img loading=\"lazy\" decoding=\"async\" class=\"size-full wp-image-9937 alignright\" src=\"https:\/\/cap.ca\/wp-content\/uploads\/2018\/04\/Murphys.png\" alt=\"\" width=\"238\" height=\"119\" \/><\/h3>\n<p><strong>Date :<\/strong> le mercredi 13 juin, 19 h 30<\/p>\n<p><strong>Endroit :<\/strong>\u00a0Murphy&#8217;s the Cable Warf<br \/>\n1751 Lower Water St<br \/>\nHalifax, Nouvelle-\u00c9cosse, Canada<\/p>\n<p><strong>Billets : <\/strong>Achetez vos billets et choisissez votre menu en vous\u00a0<strong><a href=\"https:\/\/cap.ca\/fr\/congres-de-lacp\/congres-2018\/frais-dinscription-2018\/\">inscrivant au Congr\u00e8s<\/a><\/strong>.<\/p>\n<p><strong>Choix du menu : <\/strong>Les prix du tableau suivant comprennent le pourboire de 15 %, le transport sur place et un billet pour une boisson. Chaque mets du d\u00eener comprend salade verte, petits pains, th\u00e9, caf\u00e9 et croustillant aux pommes maison garni de cr\u00e8me fouett\u00e9e et de sauce caramel, comme dessert. Un bar payant sera offert.<\/p>\n<table style=\"height: 324px; width: 731px;\">\n<tbody>\n<tr>\n<td style=\"width: 254px;\">Homard<\/td>\n<td style=\"width: 424px;\">Un homard frais de l\u2019Atlantique, cuit \u00e0 la vapeur, d\u00e9cortiqu\u00e9 et servi avec beurre \u00e0 l\u2019ail, salade de pommes de terre cr\u00e9meuse et salade de chou.<\/td>\n<td style=\"width: 52px;\">70 $<\/td>\n<\/tr>\n<tr>\n<td style=\"width: 254px;\">Supr\u00eame de poulet<\/td>\n<td style=\"width: 424px;\">Poulet grill\u00e9 avec demi-glace vin rouge aux champignons. Servi avec pur\u00e9e de pommes de terre \u00e0 l\u2019ail et l\u00e9gumes de saison.<\/td>\n<td style=\"width: 52px;\">60 $<\/td>\n<\/tr>\n<tr>\n<td style=\"width: 254px;\">P\u00e2tes Primavera (v\u00e9g\u00e9tarien\/v\u00e9g\u00e9talien\/sans gluten)<\/td>\n<td style=\"width: 424px;\">P\u00e2tes penne m\u00e9lang\u00e9es, avec pesto cr\u00e9meux \u00e0 l\u2019ail et l\u00e9gumes r\u00f4tis.<\/td>\n<td style=\"width: 52px;\">60 $<\/td>\n<\/tr>\n<tr>\n<td style=\"width: 254px;\">Saumon au citron et aux herbes<\/td>\n<td style=\"width: 424px;\">Po\u00eal\u00e9 avec gla\u00e7age au citron, garni de confit sucr\u00e9 aux oignons rouges. Servi avec riz pilaf et l\u00e9gumes de saison.<\/td>\n<td style=\"width: 52px;\">60 $<\/td>\n<\/tr>\n<\/tbody>\n<\/table>\n<p><strong>\u00a0<\/strong><\/p>\n<p><strong>Transport :\u00a0<\/strong>Le transport en autobus de l\u2019Universit\u00e9 Dalhousie au Murphy\u2019s est inclus dans le prix du d\u00eener. Les endroits\/heures de ramassages seront indiqu\u00e9s dans votre trousse d\u2019inscription.<\/p>\n<p>Pri\u00e8re de noter que, cette ann\u00e9e, une c\u00e9r\u00e9monie distincte aura lieu le jeudi 14 juin pour honorer les \u00e9tudiants laur\u00e9ats. Voir le compl\u00e9ment d\u2019information dans\u00a0<a href=\"https:\/\/cap.ca\/fr\/congres-de-lacp\/congres-2018\/apercu-du-congres-2017\/\"><strong>Aper\u00e7u du Congr\u00e8s<\/strong><\/a>.<\/p>\n<p><strong>\u00a0<\/strong><\/p>\n","protected":false},"excerpt":{"rendered":"<p>Le Banquet des r\u00e9cipiendaires de m\u00e9dailles de l\u2019ACP est l\u2019occasion d\u2019honorer les laur\u00e9ats de cette ann\u00e9e\u00a0qui ont fait preuve d\u2019excellence en recherche, enseignement et service en physique au Canada. Pour assurer votre place au d\u00eener de remise des m\u00e9dailles aux laur\u00e9ats, le mercredi 13\u00a0juin, veuillez acheter un billet en vous\u00a0inscrivant au Congr\u00e8s. Rien ne garantit&#8230;  <a class=\"excerpt-read-more\" href=\"https:\/\/cap.ca\/fr\/congres-de-lacp\/congres-anterieurs\/congres-2018\/le-banquet-des-recipiendaires-de-medailles-de-lacp\/\" title=\"LireLe Banquet des r\u00e9cipiendaires de m\u00e9dailles de l\u2019ACP\">Lire la suite &raquo;<\/a><\/p>\n","protected":false},"author":9,"featured_media":0,"parent":3265,"menu_order":176,"comment_status":"closed","ping_status":"closed","template":"","meta":{"footnotes":""},"class_list":["post-9966","page","type-page","status-publish","hentry"],"_links":{"self":[{"href":"https:\/\/cap.ca\/fr\/wp-json\/wp\/v2\/pages\/9966","targetHints":{"allow":["GET"]}}],"collection":[{"href":"https:\/\/cap.ca\/fr\/wp-json\/wp\/v2\/pages"}],"about":[{"href":"https:\/\/cap.ca\/fr\/wp-json\/wp\/v2\/types\/page"}],"author":[{"embeddable":true,"href":"https:\/\/cap.ca\/fr\/wp-json\/wp\/v2\/users\/9"}],"replies":[{"embeddable":true,"href":"https:\/\/cap.ca\/fr\/wp-json\/wp\/v2\/comments?post=9966"}],"version-history":[{"count":3,"href":"https:\/\/cap.ca\/fr\/wp-json\/wp\/v2\/pages\/9966\/revisions"}],"predecessor-version":[{"id":9968,"href":"https:\/\/cap.ca\/fr\/wp-json\/wp\/v2\/pages\/9966\/revisions\/9968"}],"up":[{"embeddable":true,"href":"https:\/\/cap.ca\/fr\/wp-json\/wp\/v2\/pages\/3265"}],"wp:attachment":[{"href":"https:\/\/cap.ca\/fr\/wp-json\/wp\/v2\/media?parent=9966"}],"curies":[{"name":"wp","href":"https:\/\/api.w.org\/{rel}","templated":true}]}}