{"id":9839,"date":"2018-04-02T10:54:58","date_gmt":"2018-04-02T14:54:58","guid":{"rendered":"https:\/\/cap.ca\/?page_id=9839\/"},"modified":"2018-04-13T11:39:15","modified_gmt":"2018-04-13T15:39:15","slug":"2018-cap-congress-pre-registration-tips","status":"publish","type":"page","link":"https:\/\/cap.ca\/fr\/congres-de-lacp\/congres-anterieurs\/congres-2018\/frais-dinscription-2018\/2018-cap-congress-pre-registration-tips\/","title":{"rendered":"Conseils pour l\u2019inscription au Congr\u00e8s de l\u2019ACP 2018"},"content":{"rendered":"<h3><a id=\"Haut\"><\/a>Pour faciliter autant que possible le processus d\u2019inscription, avant d\u2019y proc\u00e9der, veuillez prendre connaissance des conseils suivants qui vous aideront \u00e0 profiter des rabais sur le tarif d\u2019inscription h\u00e2tive et \u00e0 \u00e9viter les retards.<\/h3>\n<p><a href=\"#Membership\"><strong>Adh\u00e9sion \u00e0 l\u2019ACP\/renouvellement<\/strong><\/a><br \/>\n<a href=\"#Discounts\"><strong>Rabais sur le tarif d\u2019inscription h\u00e2tive<\/strong><\/a><br \/>\n<a href=\"#Abstract\"><strong>Confirmer l\u2019\u00e9tat de votre pr\u00e9sentation de r\u00e9sum\u00e9<\/strong><\/a><br \/>\n<a href=\"#Program\"><strong>Consulter le calendrier du programme<\/strong><\/a><br \/>\n<a href=\"#SMC2018\"><strong>Mati\u00e8re molle Canada 2018<\/strong><\/a><br \/>\n<a href=\"#Graduate\"><strong>\u00c9v\u00e9nements pour les \u00e9tudiants des cycles sup\u00e9rieurs<\/strong><\/a><br \/>\n<a href=\"#Eduroam\"><strong>R\u00e9seau Wi-Fi. Eduroam<\/strong><\/a><br \/>\n<a href=\"#Lab\"><strong>Visites de laboratoires<\/strong><\/a><\/p>\n<p style=\"text-align: left;\"><a class=\"green-btn\" href=\"https:\/\/services.cap.ca\/CAP_Meetings\/default.aspx\">Inscrire<\/a><\/p>\n<hr \/>\n<h4><strong><a id=\"Membership\"><\/a>Adh\u00e9sion \u00e0 l\u2019ACP\/renouvellement<\/strong><\/h4>\n<p>Votre <strong><a href=\"https:\/\/cap.ca\/fr\/adhesion\/\">adh\u00e9sion \u00e0 l\u2019ACP<\/a><\/strong> doit \u00eatre valide au moment de vous <strong><a href=\"https:\/\/cap.ca\/fr\/congres-de-lacp\/congres-2018\/frais-dinscription-2018\/\">inscrire au congr\u00e8s<\/a><\/strong> de l\u2019ACP si vous voulez b\u00e9n\u00e9ficier du tarif des membres et affili\u00e9s de l\u2019ACP et prendre part au concours \u00ab Meilleure communication \u00e9tudiante \u00bb.<\/p>\n<p>Veuillez noter qu\u2019il peut falloir jusqu\u2019\u00e0 cinq jours ouvrables, en tout, pour donner suite \u00e0 une demande d\u2019adh\u00e9sion \u00e0 l\u2019ACP, y compris le traitement des paiements. Votre demande d\u2019adh\u00e9sion\/renouvellement doit donc \u00eatre re\u00e7ue au bureau de l\u2019ACP au plus tard le dimanche 22 avril \u00e0 minuit, HNE, afin d\u2019\u00eatre trait\u00e9e \u00e0 temps pour vous permettre de b\u00e9n\u00e9ficier des tarifs d\u2019inscription h\u00e2tive accord\u00e9s aux membres.<\/p>\n<p>Les \u00e9tudiants affili\u00e9s du premier cycle paient un tarif d\u2019inscription sensiblement moindre.\u00a0 L\u2019adh\u00e9sion \u00e0 l\u2019ACP \u00e9tant gratuite pour les \u00e9tudiants du premier cycle, nous offrons un tarif d\u2019inscription pour ceux de ce cycle qui ne sont pas membres<\/p>\n<p><a href=\"#Haut\">haut de page<\/a><\/p>\n<hr \/>\n<h4><strong><a id=\"Discounts\"><\/a>Rabais sur le tarif d\u2019inscription h\u00e2tive<\/strong><\/h4>\n<p>Les membres et d\u00e9l\u00e9gu\u00e9s de l\u2019ACP peuvent \u00e9conomiser beaucoup en s\u2019inscrivant avant minuit, HNE, le 30 avril. Veuillez vous reporter \u00e0 <a href=\"#Membership\"><strong>adh\u00e9sion \u00e0 l\u2019ACP\/renouvellement<\/strong> <\/a>o\u00f9 vous trouverez d\u2019importants renseignements sur les \u00e9ch\u00e9ances visant \u00e0 assurer que votre adh\u00e9sion \u00e0 l\u2019ACP est \u00e0 jour avant de vous inscrire au congr\u00e8s de l\u2019Association.<\/p>\n<p>Les enseignants au secondaire qui veulent prendre part \u00e0 d\u2019autres \u00e9v\u00e9nements du Congr\u00e8s que l\u2019atelier des enseignants au secondaire sont les bienvenus.\u00a0 Leur <strong><a href=\"https:\/\/cap.ca\/fr\/congres-de-lacp\/congres-2018\/frais-dinscription-2018\/\">tarif d\u2019inscription<\/a><\/strong> est le m\u00eame pour une journ\u00e9e que pour toute la conf\u00e9rence.<\/p>\n<p><a href=\"#Haut\">haut de page<\/a><\/p>\n<hr \/>\n<h4><strong><a id=\"Abstract\"><\/a>Confirmer l\u2019\u00e9tat de votre pr\u00e9sentation de r\u00e9sum\u00e9<\/strong><\/h4>\n<p>Nous vous encourageons \u00e0 consulter le syst\u00e8me de pr\u00e9sentation de r\u00e9sum\u00e9s avant de vous inscrire pour savoir \u00e0 quelle s\u00e9ance orale ou d\u2019affiches il est pr\u00e9vu que vous vous pr\u00e9sentiez.<\/p>\n<p>Veuillez vous connecter au site du Congr\u00e8s de l\u2019ACP \u00e0 <strong><a href=\"http:\/\/indico.cern.ch\/e\/CAP2018\">http:\/\/indico.cern.ch\/e\/CAP2018<\/a><\/strong> et chercher le lien vers \u00ab Mes contributions\u00a0\u00bb dans le menu \u00ab Ma conf\u00e9rence\u00a0\u00bb, sur la gauche.<\/p>\n<p><a href=\"#Haut\">haut de page<\/a><\/p>\n<hr \/>\n<h4><strong><a id=\"Program\"><\/a>Consulter le calendrier du programme<\/strong><\/h4>\n<p>Le comit\u00e9 du programme a examin\u00e9 et attribu\u00e9 tous les r\u00e9sum\u00e9s re\u00e7us au plus tard le 22 mars.\u00a0 Veuillez consulter le calendrier \u00e0 <a href=\"http:\/\/indico.cern.ch\/e\/CAP2018\"><em>http:\/\/indico.cern.ch\/e\/CAP2018<\/em><\/a> pour plus de d\u00e9tails.<\/p>\n<p>Pour un bref coup d\u2019\u0153il, voir <strong><a href=\"https:\/\/cap.ca\/fr\/congres-de-lacp\/congres-2018\/apercu-du-congres-2017\/\">Aper\u00e7u du Congr\u00e8s<\/a><\/strong>. \u00a0Veuillez consulter le calendrier avant de vous inscrire pour avoir une id\u00e9e de la mani\u00e8re dont vous aimeriez planifier votre semaine afin d\u2019acc\u00e9l\u00e9rer le processus d\u2019inscription.<\/p>\n<p><a href=\"#Haut\">haut de page<\/a><\/p>\n<hr \/>\n<h4 class=\"page-title\"><a id=\"SMC2018\"><\/a>Mati\u00e8re molle Canada 2018<\/h4>\n<p>Pour assister \u00e0 la s\u00e9ance\u00a0<strong><a href=\"https:\/\/cap.ca\/fr\/congres-de-lacp\/congres-2018\/smc2018\/\">Mati\u00e8re molle Canada 2018<\/a><\/strong>, le 10 juin, on peut s\u2019inscrire au moyen du syst\u00e8me d\u2019inscription au congr\u00e8s de l\u2019ACP.\u00a0 Le tarif d\u2019inscription \u00e0 cette s\u00e9ance d\u2019une journ\u00e9e est de 20 $ pour les \u00e9tudiants et de 100 $ pour les d\u00e9l\u00e9gu\u00e9s qui veulent assister seulement \u00e0 cette s\u00e9ance (SMC2018).\u00a0 L\u2019inscription \u00e0 l\u2019ensemble du congr\u00e8s de l\u2019ACP permet de s\u2019inscrire \u00e0 Mati\u00e8re molle Canada 2018 en choisissant SMC2018 au moment de l\u2019inscription. Une pause sera organiser pour aller \u00e0 la caf\u00e9teria pour d\u00eener (10 $ plus taxe).<\/p>\n<p><a href=\"#Haut\">haut de page<\/a><\/p>\n<hr \/>\n<h4><strong><a id=\"Graduate\"><\/a>\u00c9v\u00e9nements pour les \u00e9tudiants des cycles sup\u00e9rieurs<\/strong><\/h4>\n<p>Cette ann\u00e9e, l\u2019ACP offre d\u2019autres <strong><a href=\"https:\/\/cap.ca\/fr\/congres-de-lacp\/congres-2018\/etudiants-diplomes-au-congres\/\">possibilit\u00e9s de perfectionnement professionnel pendant le Congr\u00e8s pour les \u00e9tudiants des cycles sup\u00e9rieurs<\/a><\/strong> qui veulent se d\u00e9marquer en entrant sur le march\u00e9 du travail. La formation commence le 10 juin par un atelier des physiciens sur le march\u00e9 du travail pour les \u00e9tudiants des cycles sup\u00e9rieurs, dirig\u00e9 par Mitacs.\u00a0 Le tarif d\u2019inscription est de 35 $ et le nombre de places peut \u00eatre limit\u00e9.\u00a0 Vous devez signer votre demande d\u2019inscription au congr\u00e8s de l\u2019ACP.\u00a0\u00a0 Il y aura d\u2019autres s\u00e9ances d\u00e9jeuner\/apprentissage le mardi (s\u00e9minaire non universitaire sur les carri\u00e8res en physique) et le mercredi (groupe d\u2019experts Les physiciens dans l\u2019industrie). Un droit de 15 $ pourra \u00eatre per\u00e7u pour couvrir le co\u00fbt du d\u00e9jeuner.<\/p>\n<p><a href=\"#Haut\">haut de page<\/a><\/p>\n<hr \/>\n<h4><strong><a id=\"Eduroam\"><\/a>R\u00e9seau Wi-Fi. Eduroam<\/strong><\/h4>\n<p>Les d\u00e9l\u00e9gu\u00e9s affili\u00e9s \u00e0 un \u00e9tablissement abonn\u00e9 \u00e0 Eduroam pourront se connecter au r\u00e9seau Wi-Fi de Dalhousie d\u00e8s leur arriv\u00e9e. La trousse d\u2019inscription de ceux qui n\u2019ont pas de compte Eduroam contiendra un nom d\u2019utilisateur et un mot de passe pour le Wi-Fi. Au moment de vous inscrire, veuillez indiquer dans la case pr\u00e9vue \u00e0 cette fin si vous utilisez Eduroam ou s\u2019il vous faut un code d\u2019acc\u00e8s.<\/p>\n<p>La liste des \u00e9tablissements abonn\u00e9s \u00e0 Eduroam figure \u00e0 <strong><a href=\"https:\/\/www.canarie.ca\/identity\/institutions\/\">https:\/\/www.canarie.ca\/fr\/identite\/institutions\/<\/a> <\/strong>(pour le Canada), \u00e0 <strong><a href=\"https:\/\/www.eduroam.us\/\">https:\/\/www.eduroam.us\/<\/a> <\/strong>(pour les \u00c9tats-Unis) et \u00e0 <strong><a href=\"https:\/\/www.eduroam.org\/where\/\">https:\/\/www.eduroam.org\/where\/<\/a><\/strong> (pour tout autre pays).<\/p>\n<p><strong> NOTE\u00a0<\/strong>:\u00a0 Votre \u00e9tablissement h\u00f4te a charge de veiller \u00e0 ce que le syst\u00e8me reconnaisse votre courrier \u00e9lectronique.\u00a0 Vous devez donc vous assurer de pouvoir acc\u00e9der \u00e0 Eduroam AVANT de quitter votre \u00e9tablissement h\u00f4te, sinon vous pourriez conna\u00eetre des lenteurs \u00e0 vous connecter au r\u00e9seau Wi-Fi de Dalhousie.<\/p>\n<p><a href=\"#Haut\">haut de page<\/a><\/p>\n<hr \/>\n<h4 class=\"page-title\"><a id=\"Lab\"><\/a>Visites de laboratoires<\/h4>\n<p>The 2018 LOC have proposed three possible tours to be offered during Congress.\u00a0 During registration, you will be asked to indicate which tour(s) you are interested in if they happen to fall at a time that fits into your schedule.\u00a0 The organizers will be taking this information to determine how many times a particular tour should be available to try to accommodate the level of interest.\u00a0 The details about the proposed tours are available\u00a0<a href=\"https:\/\/cap.ca\/congress-conference\/congress-2018\/2018-lab-tours\"><strong>here.<\/strong>\u00a0<\/a><\/p>\n<p>Once the tour schedule has been established, anyone who has registered and indicated an interest in a tour will be invited to\u00a0register for the available tours before the sign-up is posted to the website.<\/p>\n","protected":false},"excerpt":{"rendered":"<p>Pour faciliter autant que possible le processus d\u2019inscription, avant d\u2019y proc\u00e9der, veuillez prendre connaissance des conseils suivants qui vous aideront \u00e0 profiter des rabais sur le tarif d\u2019inscription h\u00e2tive et \u00e0 \u00e9viter les retards. Adh\u00e9sion \u00e0 l\u2019ACP\/renouvellement Rabais sur le tarif d\u2019inscription h\u00e2tive Confirmer l\u2019\u00e9tat de votre pr\u00e9sentation de r\u00e9sum\u00e9 Consulter le calendrier du programme&#8230;  <a class=\"excerpt-read-more\" href=\"https:\/\/cap.ca\/fr\/congres-de-lacp\/congres-anterieurs\/congres-2018\/frais-dinscription-2018\/2018-cap-congress-pre-registration-tips\/\" title=\"LireConseils pour l\u2019inscription au Congr\u00e8s de l\u2019ACP 2018\">Lire la suite &raquo;<\/a><\/p>\n","protected":false},"author":9,"featured_media":0,"parent":9602,"menu_order":100,"comment_status":"closed","ping_status":"closed","template":"","meta":{"footnotes":""},"class_list":["post-9839","page","type-page","status-publish","hentry"],"_links":{"self":[{"href":"https:\/\/cap.ca\/fr\/wp-json\/wp\/v2\/pages\/9839","targetHints":{"allow":["GET"]}}],"collection":[{"href":"https:\/\/cap.ca\/fr\/wp-json\/wp\/v2\/pages"}],"about":[{"href":"https:\/\/cap.ca\/fr\/wp-json\/wp\/v2\/types\/page"}],"author":[{"embeddable":true,"href":"https:\/\/cap.ca\/fr\/wp-json\/wp\/v2\/users\/9"}],"replies":[{"embeddable":true,"href":"https:\/\/cap.ca\/fr\/wp-json\/wp\/v2\/comments?post=9839"}],"version-history":[{"count":15,"href":"https:\/\/cap.ca\/fr\/wp-json\/wp\/v2\/pages\/9839\/revisions"}],"predecessor-version":[{"id":10058,"href":"https:\/\/cap.ca\/fr\/wp-json\/wp\/v2\/pages\/9839\/revisions\/10058"}],"up":[{"embeddable":true,"href":"https:\/\/cap.ca\/fr\/wp-json\/wp\/v2\/pages\/9602"}],"wp:attachment":[{"href":"https:\/\/cap.ca\/fr\/wp-json\/wp\/v2\/media?parent=9839"}],"curies":[{"name":"wp","href":"https:\/\/api.w.org\/{rel}","templated":true}]}}