{"id":9602,"date":"2018-03-06T09:14:28","date_gmt":"2018-03-06T14:14:28","guid":{"rendered":"https:\/\/cap.ca\/?page_id=9602\/"},"modified":"2018-04-26T07:20:42","modified_gmt":"2018-04-26T11:20:42","slug":"frais-dinscription-2018","status":"publish","type":"page","link":"https:\/\/cap.ca\/fr\/congres-de-lacp\/congres-anterieurs\/congres-2018\/frais-dinscription-2018\/","title":{"rendered":"Frais d&#8217;inscription 2018"},"content":{"rendered":"<div class=\"content\">\n<p style=\"text-align: left;\"><strong>IMPORTANT<\/strong> : Votre adh\u00e9sion \u00e0 l&#8217;ACP doit \u00eatre valide au moment de vous inscrire au Congr\u00e8s pour b\u00e9n\u00e9ficier des taux r\u00e9duits r\u00e9serv\u00e9s aux membres de l&#8217;ACP et pour particper dans la Comp\u00e9tition pour la meilleure communication \u00e9tudiante 2018<\/p>\n<p>Vous pensez joindre l\u2019ACP pour profiter des tarifs r\u00e9duits d\u2019inscription \u00ab l\u00e8ve-t\u00f4t \u00bb pour les membres ? Les applications des nouveaux membres et les renouvellements doivent parvenir au bureau de l\u2019ACP au plus tard \u00e0 <span style=\"text-decoration: underline;\"><em><span style=\"color: #ff0000; text-decoration: underline;\"><strong>minuit (heure de l&#8217;Est) le dimanche 29 avril 2018<\/strong><\/span><\/em><\/span> (voir <a href=\"https:\/\/cap.ca\/fr\/adhesion\/formulaires-en-ligne\/\">https:\/\/cap.ca\/fr\/adhesion\/formulaires-en-ligne\/<\/a>). Veuillez noter qu&#8217;il peut prendre jusqu&#8217;\u00e0 <span style=\"text-decoration: underline;\"><strong>4 jours ouvrables<\/strong><\/span> pour traiter une demande d&#8217;adh\u00e9sion \u00e0 l&#8217;ACP, y compris le traitement du paiement.<\/p>\n<p>Les frais d&#8217;inscription comprennent des rafra\u00eechissements lors de diff\u00e9rentes activit\u00e9s sociales ainsi qu des pauses caf\u00e9 tout au long du congr\u00e8s. Le Gala de reconnaissance du jeudi soir, les diners d&#8217;affaires et visites guid\u00e9es organis\u00e9es ne sont pas inclus dans les frais d&#8217;inscription, mais vous pouvez toutefois acheter des billets au moment de l&#8217;inscription.<\/p>\n<p>Pour faciliter autant que possible le processus d\u2019inscription, avant d\u2019y proc\u00e9der, veuillez prendre connaissance de notre page de <strong><a href=\"https:\/\/cap.ca\/fr\/congres-de-lacp\/congres-2018\/frais-dinscription-2018\/2018-cap-congress-pre-registration-tips\/?utm_source=emailcampaign172&amp;utm_medium=phpList&amp;utm_content=HTMLemail&amp;utm_campaign=L%E2%80%99inscription+au+Congr%C3%A8s+de+l%E2%80%99ACP+2018+est+en+cours+\">conseils qui fournit d\u2019importants renseignements<\/a>.<\/strong><\/p>\n<h3 style=\"text-align: center;\"><span style=\"color: #ff0000;\">L\u2019inscription au Congr\u00e8s de l\u2019ACP 2018 est en cours<\/span><\/h3>\n<p style=\"text-align: center;\"><a class=\"green-btn\" href=\"https:\/\/services.cap.ca\/CAP_Meetings\/default.aspx\">Inscrire<\/a><\/p>\n<table border=\"2\" cellspacing=\"1\" cellpadding=\"1\" align=\"center\">\n<tbody>\n<tr style=\"height: 35px;\">\n<td style=\"height: 35px;\">\n<p class=\"rtecenter\" style=\"text-align: center;\"><strong><a href=\"http:\/\/indico.cern.ch\/e\/CAP2018\" target=\"_blank\" rel=\"noopener noreferrer\">Cliquer ici<\/a> pour soumettre un r\u00e9sum\u00e9 d\u2019affiche \u00ab\u00a0apr\u00e8s la date d\u2019\u00e9ch\u00e9ance\u00a0\u00bb.<\/strong><\/p>\n<\/td>\n<\/tr>\n<\/tbody>\n<\/table>\n<p><strong>Les prix ci-dessous sont indiqu\u00e9s en dollars canadiens. La TVH au montant de 15 % doit \u00eatre ajout\u00e9e \u00e0 ces prix.<\/strong><\/p>\n<table border=\"1\" width=\"200\" cellspacing=\"1\" cellpadding=\"1\">\n<tbody>\n<tr>\n<td colspan=\"1\" rowspan=\"2\" align=\"center\"><span style=\"font-size: 10pt;\">Frais d&#8217;inscription<\/span><\/td>\n<td align=\"center\"><span style=\"font-size: 10pt;\">T\u00d4T<\/span><\/td>\n<td align=\"center\"><span style=\"font-size: 10pt;\">R\u00c9GULIER<\/span><\/td>\n<td align=\"center\"><span style=\"font-size: 10pt;\">TARD\/SUR PLACE<\/span><\/td>\n<\/tr>\n<tr>\n<td align=\"center\"><span style=\"font-size: 10pt;\"><strong>au plus tard le\u00a07 mai<\/strong><\/span><\/p>\n<p>\u00e0 23 h 59 (HAE)<\/td>\n<td align=\"center\"><span style=\"font-size: 10pt;\">le 8\u00a0mai au 6 juin<\/span><\/td>\n<td align=\"center\"><span style=\"font-size: 10pt;\">le 7 juin au 15\u00a0juin<\/span><\/td>\n<\/tr>\n<tr>\n<td><span style=\"font-size: 10pt;\"><strong>Inscription pour le Congr\u00e8s au complet:<br \/>\n<\/strong>(NOTE: l&#8217;inscription inclus acc\u00e8s au session<br \/>\nMati\u00e8e molle Canada 2018; un frais de 15 $<br \/>\nsera payable\u00a0pour d\u00eener)<\/span><\/td>\n<td><\/td>\n<td><\/td>\n<td><\/td>\n<\/tr>\n<tr>\n<td><span style=\"font-size: 10pt;\"> Membres<\/span><\/td>\n<td class=\"rtecenter\"><span style=\"font-size: 10pt;\">385 $<\/span><\/td>\n<td class=\"rtecenter\"><span style=\"font-size: 10pt;\">435 $<\/span><\/td>\n<td class=\"rtecenter\"><span style=\"font-size: 10pt;\">535 $<\/span><\/td>\n<\/tr>\n<tr>\n<td><span style=\"font-size: 10pt;\"> Conf\u00e9renciers invit\u00e9s<\/span><\/td>\n<td class=\"rtecenter\"><span style=\"font-size: 10pt;\">385 $<\/span><\/td>\n<td class=\"rtecenter\"><span style=\"font-size: 10pt;\">385 $<\/span><\/td>\n<td class=\"rtecenter\"><span style=\"font-size: 10pt;\">535 $<\/span><\/td>\n<\/tr>\n<tr>\n<td><span style=\"font-size: 10pt;\"> Non-membres<\/span><\/td>\n<td class=\"rtecenter\"><span style=\"font-size: 10pt;\">585 $<\/span><\/td>\n<td class=\"rtecenter\"><span style=\"font-size: 10pt;\">635 $<\/span><\/td>\n<td class=\"rtecenter\"><span style=\"font-size: 10pt;\">735 $<\/span><\/td>\n<\/tr>\n<tr>\n<td><span style=\"font-size: 10pt;\"> Membres : en d\u00e9but de carri\u00e8re* (dipl\u00f4me obtenu depuis moins de 4 ans) ou retrait\u00e9s<\/span><\/td>\n<td class=\"rtecenter\"><span style=\"font-size: 10pt;\">200 $<\/span><\/td>\n<td class=\"rtecenter\"><span style=\"font-size: 10pt;\">250 $<\/span><\/td>\n<td class=\"rtecenter\"><span style=\"font-size: 10pt;\">350 $<\/span><\/td>\n<\/tr>\n<tr>\n<td><span style=\"font-size: 10pt;\"> Non-membre: retrait\u00e9s<\/span><\/td>\n<td class=\"rtecenter\"><span style=\"font-size: 10pt;\">300 $<\/span><\/td>\n<td class=\"rtecenter\"><span style=\"font-size: 10pt;\">350 $<\/span><\/td>\n<td class=\"rtecenter\"><span style=\"font-size: 10pt;\">450 $<\/span><\/td>\n<\/tr>\n<tr>\n<td><span style=\"font-size: 10pt;\"> Membres : \u00e9tudiants de deuxi\u00e8me ou troisi\u00e8me cycle<br \/>\n<span style=\"font-size: 8pt;\">(NOTE: V\u00e9rification de statu \u00e9tudiant devrait \u00eatre soumettre\u00a0au bureau d&#8217;inscription)<\/span><\/span><\/td>\n<td class=\"rtecenter\"><span style=\"font-size: 10pt;\">200 $<\/span><\/td>\n<td class=\"rtecenter\"><span style=\"font-size: 10pt;\">250 $<\/span><\/td>\n<td class=\"rtecenter\"><span style=\"font-size: 10pt;\">350 $<\/span><\/td>\n<\/tr>\n<tr>\n<td><span style=\"font-size: 10pt;\"> Non-membres : \u00e9tudiants de deuxi\u00e8me ou troisi\u00e8me cycle<\/span><\/td>\n<td class=\"rtecenter\"><span style=\"font-size: 10pt;\">260 $<\/span><\/td>\n<td class=\"rtecenter\"><span style=\"font-size: 10pt;\">310 $<\/span><\/td>\n<td class=\"rtecenter\"><span style=\"font-size: 10pt;\">410 $<\/span><\/td>\n<\/tr>\n<tr>\n<td><span style=\"font-size: 10pt;\"> Membres : enseignants au secondaire ou au coll\u00e9gial<\/span><\/td>\n<td class=\"rtecenter\"><span style=\"font-size: 10pt;\">10 $<\/span><\/td>\n<td class=\"rtecenter\"><span style=\"font-size: 10pt;\">10 $<\/span><\/td>\n<td class=\"rtecenter\"><span style=\"font-size: 10pt;\">110 $<\/span><\/td>\n<\/tr>\n<tr>\n<td><span style=\"font-size: 10pt;\"> Non-membres : enseignants au secondaire ou au coll\u00e9gial<\/span><\/td>\n<td class=\"rtecenter\"><span style=\"font-size: 10pt;\">50 $<\/span><\/td>\n<td class=\"rtecenter\"><span style=\"font-size: 10pt;\">50 $<\/span><\/td>\n<td class=\"rtecenter\"><span style=\"font-size: 10pt;\">150 $<\/span><\/td>\n<\/tr>\n<tr>\n<td><span style=\"font-size: 10pt;\"> \u00c9tudiants du premier cycle affili\u00e9s \u00e0 l&#8217;ACP**<\/span><\/td>\n<td class=\"rtecenter\"><span style=\"font-size: 10pt;\">120 $<\/span><\/td>\n<td class=\"rtecenter\"><span style=\"font-size: 10pt;\">170 $<\/span><\/td>\n<td class=\"rtecenter\"><span style=\"font-size: 10pt;\">270 $<\/span><\/td>\n<\/tr>\n<tr>\n<td><\/td>\n<td><\/td>\n<td><\/td>\n<td><\/td>\n<\/tr>\n<tr>\n<td><span style=\"font-size: 10pt;\"><strong>One-day registration:<\/strong><\/span><\/td>\n<td><\/td>\n<td><\/td>\n<td><\/td>\n<\/tr>\n<tr>\n<td><span style=\"font-size: 10pt;\"> Membres<\/span><\/td>\n<td class=\"rtecenter\"><span style=\"font-size: 10pt;\">225 $<\/span><\/td>\n<td class=\"rtecenter\"><span style=\"font-size: 10pt;\">250 $<\/span><\/td>\n<td class=\"rtecenter\"><span style=\"font-size: 10pt;\">300 $<\/span><\/td>\n<\/tr>\n<tr>\n<td><span style=\"font-size: 10pt;\"> Conf\u00e9renciers invit\u00e9s<\/span><\/td>\n<td class=\"rtecenter\"><span style=\"font-size: 10pt;\">225 $<\/span><\/td>\n<td class=\"rtecenter\"><span style=\"font-size: 10pt;\">225 $<\/span><\/td>\n<td class=\"rtecenter\"><span style=\"font-size: 10pt;\">300 $<\/span><\/td>\n<\/tr>\n<tr>\n<td><span style=\"font-size: 10pt;\"> Non-membres<\/span><\/td>\n<td class=\"rtecenter\"><span style=\"font-size: 10pt;\">325 $<\/span><\/td>\n<td class=\"rtecenter\"><span style=\"font-size: 10pt;\">350 $<\/span><\/td>\n<td class=\"rtecenter\"><span style=\"font-size: 10pt;\">400 $<\/span><\/td>\n<\/tr>\n<tr>\n<td><span style=\"font-size: 10pt;\"> Membres : en d\u00e9but de carri\u00e8re* (dipl\u00f4me obtenu depuis moins de 4 ans) ou retrait\u00e9s<\/span><\/td>\n<td class=\"rtecenter\"><span style=\"font-size: 10pt;\">125 $<\/span><\/td>\n<td class=\"rtecenter\"><span style=\"font-size: 10pt;\">150 $<\/span><\/td>\n<td class=\"rtecenter\"><span style=\"font-size: 10pt;\">200 $<\/span><\/td>\n<\/tr>\n<tr>\n<td><span style=\"font-size: 10pt;\"> Non-membre: retrait\u00e9s<\/span><\/td>\n<td class=\"rtecenter\"><span style=\"font-size: 10pt;\">175 $<\/span><\/td>\n<td class=\"rtecenter\"><span style=\"font-size: 10pt;\">200 $<\/span><\/td>\n<td class=\"rtecenter\"><span style=\"font-size: 10pt;\">250 $<\/span><\/td>\n<\/tr>\n<tr>\n<td><span style=\"font-size: 10pt;\"> Membres : \u00e9tudiants de deuxi\u00e8me ou troisi\u00e8me cycle<\/span><\/td>\n<td class=\"rtecenter\"><span style=\"font-size: 10pt;\">125 $<\/span><\/td>\n<td class=\"rtecenter\"><span style=\"font-size: 10pt;\">150 $<\/span><\/td>\n<td class=\"rtecenter\"><span style=\"font-size: 10pt;\">200 $<\/span><\/td>\n<\/tr>\n<tr>\n<td><span style=\"font-size: 10pt;\"> Non-membres : \u00e9tudiants de deuxi\u00e8me ou troisi\u00e8me cycle<\/span><\/td>\n<td class=\"rtecenter\"><span style=\"font-size: 10pt;\">155 $<\/span><\/td>\n<td class=\"rtecenter\"><span style=\"font-size: 10pt;\">180 $<\/span><\/td>\n<td class=\"rtecenter\"><span style=\"font-size: 10pt;\">230 $<\/span><\/td>\n<\/tr>\n<tr>\n<td><span style=\"font-size: 10pt;\"> Membres : enseignants au secondaire ou au coll\u00e9gial<\/span><\/td>\n<td class=\"rtecenter\"><span style=\"font-size: 10pt;\">10 $<\/span><\/td>\n<td class=\"rtecenter\"><span style=\"font-size: 10pt;\">10 $<\/span><\/td>\n<td class=\"rtecenter\"><span style=\"font-size: 10pt;\">60 $<\/span><\/td>\n<\/tr>\n<tr>\n<td><span style=\"font-size: 10pt;\"> Non-membres : enseignants au secondaire ou au coll\u00e9gial<\/span><\/td>\n<td class=\"rtecenter\"><span style=\"font-size: 10pt;\">50 $<\/span><\/td>\n<td class=\"rtecenter\"><span style=\"font-size: 10pt;\">50 $<\/span><\/td>\n<td class=\"rtecenter\"><span style=\"font-size: 10pt;\">100 $<\/span><\/td>\n<\/tr>\n<tr>\n<td><span style=\"font-size: 10pt;\"> \u00c9tudiants du premier cycle affili\u00e9s \u00e0 l&#8217;ACP**<\/span><\/td>\n<td class=\"rtecenter\"><span style=\"font-size: 10pt;\">5 $<\/span><\/td>\n<td class=\"rtecenter\"><span style=\"font-size: 10pt;\">100 $<\/span><\/td>\n<td class=\"rtecenter\"><span style=\"font-size: 10pt;\">150 $<\/span><\/td>\n<\/tr>\n<tr>\n<td><span style=\"font-size: 10pt;\">Mati\u00e8re molle Canada 2018 seulement &#8211; non-\u00e9tudiant<\/span><\/td>\n<td class=\"rtecenter\"><span style=\"font-size: 10pt;\">100 $<\/span><\/td>\n<td class=\"rtecenter\"><span style=\"font-size: 10pt;\">100 $<\/span><\/td>\n<td class=\"rtecenter\"><span style=\"font-size: 10pt;\">150 $<\/span><\/td>\n<\/tr>\n<tr>\n<td><span style=\"font-size: 10pt;\">Mati\u00e8re molle\u00a0Canada 2018 seulement &#8211; \u00e9tudiant<\/span><\/td>\n<td class=\"rtecenter\"><span style=\"font-size: 13.3333px;\">20 $<\/span><\/td>\n<td class=\"rtecenter\"><span style=\"font-size: 10pt;\">20 $<\/span><\/td>\n<td class=\"rtecenter\"><span style=\"font-size: 10pt;\">70 $<\/span><\/td>\n<\/tr>\n<tr>\n<td colspan=\"4\"><span style=\"font-size: 10pt;\">* ce frais sp\u00e9cial est offert aux membres seulement; non-membres en d\u00e9but de carri\u00e8re est invit\u00e9 \u00e0 joindre l&#8217;ACP pour en profiter. Sinon, le frais non-membre sera requis.<\/span><\/p>\n<p><span style=\"font-size: 10pt;\">** Il est gratuit pour les \u00e9tudiants de premier cycle de se joindre \u00e0 l&#8217;ACP; il n&#8217;y a donc pas de frais sp\u00e9cifiquement aux non-membres.<\/span><\/td>\n<\/tr>\n<\/tbody>\n<\/table>\n<p><a href=\"https:\/\/cap.ca\/fr\/congres-de-lacp\/congres-2018\/frais-dinscription-2018\/termes-conditions\/\" target=\"_blank\" rel=\"noopener noreferrer\">Termes et conditions et politique de remboursement<\/a><\/p>\n<\/div>\n","protected":false},"excerpt":{"rendered":"<p>IMPORTANT : Votre adh\u00e9sion \u00e0 l&#8217;ACP doit \u00eatre valide au moment de vous inscrire au Congr\u00e8s pour b\u00e9n\u00e9ficier des taux r\u00e9duits r\u00e9serv\u00e9s aux membres de l&#8217;ACP et pour particper dans la Comp\u00e9tition pour la meilleure communication \u00e9tudiante 2018 Vous pensez joindre l\u2019ACP pour profiter des tarifs r\u00e9duits d\u2019inscription \u00ab l\u00e8ve-t\u00f4t \u00bb pour les membres ?&#8230;  <a class=\"excerpt-read-more\" href=\"https:\/\/cap.ca\/fr\/congres-de-lacp\/congres-anterieurs\/congres-2018\/frais-dinscription-2018\/\" title=\"LireFrais d&#8217;inscription 2018\">Lire la suite &raquo;<\/a><\/p>\n","protected":false},"author":7,"featured_media":0,"parent":3265,"menu_order":138,"comment_status":"closed","ping_status":"closed","template":"","meta":{"footnotes":""},"class_list":["post-9602","page","type-page","status-publish","hentry"],"_links":{"self":[{"href":"https:\/\/cap.ca\/fr\/wp-json\/wp\/v2\/pages\/9602","targetHints":{"allow":["GET"]}}],"collection":[{"href":"https:\/\/cap.ca\/fr\/wp-json\/wp\/v2\/pages"}],"about":[{"href":"https:\/\/cap.ca\/fr\/wp-json\/wp\/v2\/types\/page"}],"author":[{"embeddable":true,"href":"https:\/\/cap.ca\/fr\/wp-json\/wp\/v2\/users\/7"}],"replies":[{"embeddable":true,"href":"https:\/\/cap.ca\/fr\/wp-json\/wp\/v2\/comments?post=9602"}],"version-history":[{"count":26,"href":"https:\/\/cap.ca\/fr\/wp-json\/wp\/v2\/pages\/9602\/revisions"}],"predecessor-version":[{"id":10122,"href":"https:\/\/cap.ca\/fr\/wp-json\/wp\/v2\/pages\/9602\/revisions\/10122"}],"up":[{"embeddable":true,"href":"https:\/\/cap.ca\/fr\/wp-json\/wp\/v2\/pages\/3265"}],"wp:attachment":[{"href":"https:\/\/cap.ca\/fr\/wp-json\/wp\/v2\/media?parent=9602"}],"curies":[{"name":"wp","href":"https:\/\/api.w.org\/{rel}","templated":true}]}}