{"id":9596,"date":"2018-03-05T12:58:59","date_gmt":"2018-03-05T17:58:59","guid":{"rendered":"https:\/\/cap.ca\/?page_id=9596\/"},"modified":"2018-05-31T19:32:57","modified_gmt":"2018-05-31T23:32:57","slug":"etudiants-diplomes-au-congres","status":"publish","type":"page","link":"https:\/\/cap.ca\/fr\/congres-de-lacp\/congres-anterieurs\/congres-2018\/etudiants-diplomes-au-congres\/","title":{"rendered":"\u00c9tudiants dipl\u00f4m\u00e9s au congr\u00e8s"},"content":{"rendered":"<h3>Songez-vous \u00e0 faire carri\u00e8re hors du milieu universitaire? On sait que le Congr\u00e8s de l\u2019ACP permet aux \u00e9tudiants de tester leurs comp\u00e9tences de pr\u00e9sentation et d\u2019\u00e9tablir des r\u00e9seaux avec d\u2019\u00e9ventuels employeurs dans une atmosph\u00e8re amicale et d\u00e9tendue.\u00a0Cette ann\u00e9e, l\u2019ACP offre d\u2019autres possibilit\u00e9s de perfectionnement professionnel pendant le Congr\u00e8s aux \u00e9tudiants dipl\u00f4m\u00e9s qui cherchent \u00e0 se distinguer en acc\u00e9dant au march\u00e9 du travail.<\/h3>\n<p><strong><br \/>\nNOTE:\u00a0 Registration for the MITACS networking workshop (general information) and the TQT seminar closed on 2018 May 30 at 12h00 EDT.\u00a0 \u00a0<\/strong><\/p>\n<p>&nbsp;<\/p>\n<p><strong>L\u2019atelier de MITACS, deux s\u00e9ances d\u00e9jeuners et l\u2019accueil de l\u2019industrie<\/strong><\/p>\n<p>Le\u00a0<strong><a href=\"https:\/\/cap.ca\/fr\/congres-de-lacp\/congres-2018\/\">Congr\u00e8s de l\u2019ACP 2018\u00a0<\/a><\/strong>comptera\u00a0un atelier et un s\u00e9minaire sur les carri\u00e8res ainsi qu\u2019une s\u00e9ance<\/p>\n<img loading=\"lazy\" decoding=\"async\" class=\"alignright wp-image-10191 size-medium\" src=\"https:\/\/cap.ca\/wp-content\/uploads\/2018\/03\/Smile-300x200.jpg\" alt=\"\" width=\"300\" height=\"200\" srcset=\"https:\/\/cap.ca\/wp-content\/uploads\/2018\/03\/Smile-300x200.jpg 300w, https:\/\/cap.ca\/wp-content\/uploads\/2018\/03\/Smile-768x512.jpg 768w, https:\/\/cap.ca\/wp-content\/uploads\/2018\/03\/Smile-1024x683.jpg 1024w\" sizes=\"auto, (max-width: 300px) 100vw, 300px\" \/>\n<p>du comit\u00e9 de l\u2019industrie\u00a0pour aider \u00e0 lancer dans une nouvelle aventure vos comp\u00e9tences \u00e9trang\u00e8res \u00e0 la physique, que voici :<\/p>\n<p><strong>\u00a0<\/strong>Un atelier de trois heures, dirig\u00e9 par\u00a0<strong><a href=\"https:\/\/www.mitacs.ca\/en\">MITACS<\/a><\/strong>\u00a0pour vous aider \u00e0 instaurer votre r\u00e9seau et vos comp\u00e9tences en r\u00e9seautage, aura lieu le dimanche 10 juin de 13 h 30 \u00e0 16 h 30. Pour s\u2019y inscrire, il faut d\u2019abord participer \u00e0 une activit\u00e9 de 90 minutes en ligne environ 1 semaine avant le Congr\u00e8s. L\u2019atelier am\u00e8ne ensuite votre apprentissage initial en ligne dans un milieu d\u2019apprentissage personnel interactif le 10 juin.\u00a0<strong>NOTE\u00a0: Cet atelier est maintenant ouvert pour \u00e9tudiants dipl\u00f4m\u00e9s des cycles sup\u00e9rieurs et \u00e9tudiants du premier cycle.\u00a0 Il comptera un nombre limit\u00e9 de places. L&#8217;inscription est maintenant ferm\u00e9.<\/strong><\/p>\n<p><strong>S\u00e9minaire: Du doctorat aux \u00e9tudes postdoctorale &#8211; <span style=\"color: #ff0000;\">ANNUL\u00c9; Rencontre des repr\u00e9sentants du TQT\u00a0\u00a0\u00e0 l&#8217;\u00e9v\u00e9nement Meet and Mingle du mardi<\/span><\/strong><\/p>\n<p>L\u2019atelier MITACS sera suivi imm\u00e9diatement par un s\u00e9minaire d\u2019une heure visant \u00e0 aider les \u00e9tudiants int\u00e9ress\u00e9s \u00e0 passer du doctorat aux recherches postdoctorales. Ce s\u00e9minaire gratuit est g\u00e9n\u00e9reusement parrain\u00e9 par le programme Transformative Quantum Technologies de l\u2019Universit\u00e9 de Waterloo.<\/p>\n<p><strong>Autres opportunit\u00e9s pour d\u00e9l\u00e9gu\u00e9s du Congr\u00e8s<\/strong><\/p>\n<p>Pendant la semaine du Congr\u00e8s, tous les d\u00e9l\u00e9gu\u00e9s (membres ou non) sont invit\u00e9s \u00e0 se joindre \u00e0 nous le lundi pour un s\u00e9minaire informatif, d\u00e9jeuner de travail (Carri\u00e8res non universitaires en physique), \u00e0 s\u2019entretenir avec les repr\u00e9sentants de l\u2019industrie lors d\u2019un accueil informel en soir\u00e9e le mardi, puis \u00e0 assister \u00e0 une s\u00e9ance du comit\u00e9 de l\u2019industrie \u00e0 l\u2019heure du d\u00e9jeuner (\u00ab Les physiciens dans l\u2019industrie \u00bb) le mercredi. Engagez-vous pour tous ou certains de ces \u00e9v\u00e9nements en vous inscrivant au Congr\u00e8s.<\/p>\n<h4><\/h4>\n<div id=\"tw-source\">\n<h4 class=\"page-title\">Inscription<\/h4>\n<p><strong>L&#8217;inscription pour l&#8217;At\u00e9lier MITACS ou le S\u00e9minaire du doctorat aux \u00e9tudes postdoctorale a \u00e9t\u00e9\u00a0ferm\u00e9 12h00 EDT mercredi le 30 mai.<\/strong><br \/>\n<strong>Venue :<\/strong>\u00a0Universit\u00e9 Dalhousie, Halifax, Nouvelle \u00c9cosse<\/p>\n<p>Pour inscrivez pour Congr\u00e8s, utilisez ce lien :<\/p>\n<\/div>\n<div id=\"tw-source\">\n<p style=\"text-align: center;\"><a class=\"green-btn\" href=\"https:\/\/services.cap.ca\/CAP_Meetings\/default.aspx\">Inscrire au CONGR\u00e8S<\/a><\/p>\n<p>Nous avons h\u00e2te d\u2019apprendre en votre compagnie \u00e0 Halifax les 10-15 juin.<\/p>\n<\/div>\n","protected":false},"excerpt":{"rendered":"<p>Songez-vous \u00e0 faire carri\u00e8re hors du milieu universitaire? On sait que le Congr\u00e8s de l\u2019ACP permet aux \u00e9tudiants de tester leurs comp\u00e9tences de pr\u00e9sentation et d\u2019\u00e9tablir des r\u00e9seaux avec d\u2019\u00e9ventuels employeurs dans une atmosph\u00e8re amicale et d\u00e9tendue.\u00a0Cette ann\u00e9e, l\u2019ACP offre d\u2019autres possibilit\u00e9s de perfectionnement professionnel pendant le Congr\u00e8s aux \u00e9tudiants dipl\u00f4m\u00e9s qui cherchent \u00e0 se&#8230;  <a class=\"excerpt-read-more\" href=\"https:\/\/cap.ca\/fr\/congres-de-lacp\/congres-anterieurs\/congres-2018\/etudiants-diplomes-au-congres\/\" title=\"Lire\u00c9tudiants dipl\u00f4m\u00e9s au congr\u00e8s\">Lire la suite &raquo;<\/a><\/p>\n","protected":false},"author":9,"featured_media":0,"parent":3265,"menu_order":153,"comment_status":"closed","ping_status":"closed","template":"","meta":{"footnotes":""},"class_list":["post-9596","page","type-page","status-publish","hentry"],"_links":{"self":[{"href":"https:\/\/cap.ca\/fr\/wp-json\/wp\/v2\/pages\/9596","targetHints":{"allow":["GET"]}}],"collection":[{"href":"https:\/\/cap.ca\/fr\/wp-json\/wp\/v2\/pages"}],"about":[{"href":"https:\/\/cap.ca\/fr\/wp-json\/wp\/v2\/types\/page"}],"author":[{"embeddable":true,"href":"https:\/\/cap.ca\/fr\/wp-json\/wp\/v2\/users\/9"}],"replies":[{"embeddable":true,"href":"https:\/\/cap.ca\/fr\/wp-json\/wp\/v2\/comments?post=9596"}],"version-history":[{"count":18,"href":"https:\/\/cap.ca\/fr\/wp-json\/wp\/v2\/pages\/9596\/revisions"}],"predecessor-version":[{"id":10531,"href":"https:\/\/cap.ca\/fr\/wp-json\/wp\/v2\/pages\/9596\/revisions\/10531"}],"up":[{"embeddable":true,"href":"https:\/\/cap.ca\/fr\/wp-json\/wp\/v2\/pages\/3265"}],"wp:attachment":[{"href":"https:\/\/cap.ca\/fr\/wp-json\/wp\/v2\/media?parent=9596"}],"curies":[{"name":"wp","href":"https:\/\/api.w.org\/{rel}","templated":true}]}}