{"id":9385,"date":"2018-02-05T09:34:16","date_gmt":"2018-02-05T14:34:16","guid":{"rendered":"https:\/\/cap.ca\/?page_id=9385\/"},"modified":"2018-05-02T14:34:27","modified_gmt":"2018-05-02T18:34:27","slug":"hebergement","status":"publish","type":"page","link":"https:\/\/cap.ca\/fr\/congres-de-lacp\/congres-anterieurs\/congres-2018\/hebergement\/","title":{"rendered":"H\u00e9bergement"},"content":{"rendered":"<h3>\u00c0 Halifax, des blocs de chambres ont \u00e9t\u00e9 r\u00e9serv\u00e9s en divers endroits pr\u00e8s du site du Congr\u00e8s et pour la dur\u00e9e de celui-ci, et des tarifs sp\u00e9ciaux s\u2019appliquent au Congr\u00e8s de l\u2019ACP. Pour toute pr\u00e9cision, veuillez consulter les autres renseignements au tableau suivant. Prix en $ CA avant toutes taxes applicables.<\/h3>\n<p>NB:\u00a0R\u00e9servez au plus tard <b>le 9 mai<\/b> pour b\u00e9n\u00e9ficier des tarifs sp\u00e9ciaux de l\u2019ACP aupr\u00e8s du Lord Nelson Hotel &amp; Suites, de Atlantica Hotel Halifax ou de Homewood Suites.<\/p>\n<h2><strong><a id=\"Lord\"><\/a>The Lord Nelson Hotel &amp; Suites<\/strong><\/h2>\n<p><a href=\"https:\/\/lordnelsonhotel.ca\/\">https:\/\/lordnelsonhotel.ca\/<\/a><br \/>\n1515 SOUTH PARK STREET<br \/>\nHALIFAX (N.-\u00c9.)\u00a0 B3J 2L2<br \/>\nT\u00e9l\u00e9phone: \u00a0\u00a0\u00a0\u00a0\u00a0\u00a0\u00a0 (902) 423-5130<br \/>\nSans frais:\u00a0 \u00a0 \u00a0 \u00a0 \u00a0 \u00a01-800-565-2020<\/p>\n<table>\n<tbody>\n<tr>\n<td width=\"331\">Prix des chambres<\/td>\n<td width=\"292\">Renseignements g\u00e9n\u00e9raux<\/td>\n<\/tr>\n<tr>\n<td width=\"331\">169 $*<\/p>\n<p>179 $* comprend un buffet chaud pour le petit-d\u00e9jeuner d&#8217;une pers.\/jour<\/p>\n<p>Chambre simple \/ double<\/p>\n<p>30 $ de plus pour chaque adulte dans la m\u00eame chambre<\/p>\n<p>&nbsp;<\/p>\n<p>*Avant toutes taxes applicables<\/td>\n<td width=\"292\">Chaque suite comprend\u00a0: mini-r\u00e9frig\u00e9rateur, t\u00e9l\u00e9viseur HD \u00e0 \u00e9cran plat 55\u201d et caf\u00e9<\/p>\n<p>Acc\u00e8s Internet haute vitesse, appel locaux, acc\u00e8s \u00e0 carte d&#8217;appel 1-800 et bouteilles d&#8217;eau<\/p>\n<p>Heures du petit-d\u00e9jeuner \u00a06 h 30 \u2013 10 h 30<\/p>\n<p>Stationnement : 24 $ plus taxes par nuit pour clients inscrits<\/p>\n<p>Tarif du congr\u00e8s du 9 au 15 juin<\/td>\n<\/tr>\n<\/tbody>\n<\/table>\n<p><strong><u>Processus de r\u00e9servation<\/u><\/strong><\/p>\n<p>La r\u00e9servation de chambres peut se faire par :<br \/>\nT\u00e9l\u00e9phone : 902-423-5130<br \/>\nSans frais : 1-800-565-2020<br \/>\nFax\u00a0: 902-491-6113<\/p>\n<hr \/>\n<h2><strong><a id=\"Atlantica\"><\/a>Atlantica Hotel Halifax<\/strong><\/h2>\n<p><a href=\"http:\/\/www.atlanticahotelhalifax.com\/\">http:\/\/www.atlanticahotelhalifax.com\/<\/a><br \/>\n1980 rue Robie<br \/>\nHalifax (N.-\u00c9.)\u00a0 B3H 3G5<\/p>\n<p>&nbsp;<\/p>\n<table>\n<tbody>\n<tr>\n<td width=\"312\">Ordinaire : 147 $<\/p>\n<p>Atlantica Gold\u00a0: 147 $<\/p>\n<p>Atlantica Platinum\u00a0: sup\u00e9rieur \u00e0 l&#8217;\u00e9tage Atlantica Platinum, 25 $<\/p>\n<p>&nbsp;<\/p>\n<p>Chambre simple \/ double<\/p>\n<p>15 $ de plus\/nuit pour chaque adulte dans la m\u00eame chambre (maximum de 4)<\/p>\n<p>&nbsp;<\/p>\n<p>&nbsp;<\/p>\n<p>&nbsp;<\/p>\n<p>&nbsp;<\/p>\n<p>&nbsp;<\/p>\n<p>&nbsp;<\/p>\n<p>&nbsp;<\/p>\n<p>*Avant toutes taxes applicables<\/p>\n<p>&nbsp;<\/td>\n<td width=\"312\">Chaque suite comprend t\u00e9l\u00e9viseur LCD \u00e0 \u00e9cran plat et caf\u00e9<\/p>\n<p>Internet sans fil gratuit, appel locaux, journaux livr\u00e9s tous les jours (lun.-sam.)<\/p>\n<p>&nbsp;<\/p>\n<p>Atlantica Gold: 1 tr\u00e8s grand lit deux places ou 2 lits doubles<\/p>\n<p>\u00c9tages sup\u00e9rieurs<\/p>\n<p>Mini-r\u00e9frig\u00e9rateur<\/p>\n<p>Bouteilles d&#8217;eau gratuites<\/p>\n<p>Produits suppl\u00e9mentaires NEST pour le bain<\/p>\n<p>Peignoir Atlantica en peluche<\/p>\n<p>Atlantica Platinum\u00a0: 14<sup>e<\/sup>\u00a0et 15<sup>e<\/sup> \u00e9tages<\/p>\n<p>Tr\u00e8s grand lit deux places<\/p>\n<p>Comprend tous les services aux chambres Ordinaires et Gold<\/p>\n<p>Petit-d\u00e9jeuner chaud servi chaque jour<\/p>\n<p>Ap\u00e9ritif servi chaque jour au salon Seasons<\/p>\n<p>Appels interurbains illimit\u00e9s en Am\u00e9rique du Nord<\/p>\n<p>Service de couvertures VIP chaque jour<\/p>\n<p>Technologie Jack-Pack<\/p>\n<p>Bouteilles d&#8217;eau gratuites<\/p>\n<p>Installations de bain NEST de premier ordre<\/p>\n<p>Stationnement : 10 $ plus taxes par nuit pour clients inscrits<\/p>\n<p>Heure d&#8217;arriv\u00e9e : 15 h<\/p>\n<p>Heure de d\u00e9part :\u00a0 midi<\/td>\n<\/tr>\n<\/tbody>\n<\/table>\n<p><strong><u>Processus de r\u00e9servation<\/u><\/strong><\/p>\n<p>La r\u00e9servation de chambres peut se faire par :<br \/>\nT\u00e9l\u00e9phone : \u00a0\u00a0\u00a0\u00a0\u00a0\u00a0\u00a0 902-423-1161<br \/>\nSans frais :\u00a0\u00a0\u00a0\u00a0\u00a0\u00a0\u00a0\u00a0\u00a0 1-888-810-7288<br \/>\nCourriel : \u00a0\u00a0\u00a0\u00a0\u00a0\u00a0\u00a0\u00a0\u00a0\u00a0\u00a0\u00a0\u00a0<a href=\"mailto:reservations@atlanticahalifax.com\">reservations@atlanticahalifax.com<\/a><\/p>\n<hr \/>\n<h2><strong><a id=\"Homewood\"><\/a>Homewood Suites by Hilton Halifax Downtown<\/strong><\/h2>\n<p><strong><a href=\"http:\/\/homewoodsuites3.hilton.com\/en\/index.html\">http:\/\/homewoodsuites3.hilton.com\/en\/index.html\u00a0<\/a><\/strong><br \/>\n1960 Brunswick St.<br \/>\nHalifax, NS B3J 3J8<\/p>\n<table style=\"width: 731px;\">\n<tbody>\n<tr>\n<td style=\"width: 422px;\">Room Rates*<\/td>\n<td style=\"width: 308px;\">General Information<\/td>\n<\/tr>\n<tr>\n<td style=\"width: 422px;\">Single occupancy: $199<\/p>\n<p>A $15.00 charge will apply for each extra adult. Maximum occupancy is 4 adults per room.<\/p>\n<p>Mention the block name &#8220;Canadian Association of Physicists&#8221; or group code &#8220;CAP&#8221; when making reservations.<\/p>\n<p>*Before all applicable taxes<\/td>\n<td style=\"width: 308px;\">Complimentary hot buffet breakfast.<\/p>\n<p>Complimentary light evening social for guests consisting of light fare and non-alcoholic beverages Mon. &#8211; Thu. 5:30-7:30.<\/p>\n<p>Complimentary wireless Internet in all guest rooms and common areas.<\/p>\n<p>Complimentary local and toll-free calls.<\/p>\n<p>&nbsp;<\/td>\n<\/tr>\n<\/tbody>\n<\/table>\n<p><strong><u>Reservation Process<\/u><\/strong><\/p>\n<p>Room reservations can be made:<br \/>\nTelephone: 902-429-6620<br \/>\nToll-free: 1-8555-331-0337<br \/>\nGuests may book\u00a0<strong>online<\/strong>\u00a0at\u00a0<strong><u><a href=\"http:\/\/www.Halifax.HomewoodSuites.com\">www.Halifax.HomewoodSuites.com<\/a><\/u><\/strong>\u00a0by selecting \u201cAdd Special Rate Codes\u201d. Enter\u00a0<strong>CAP\u00a0<\/strong>in the \u201cgroup code\u201d field<\/p>\n<hr \/>\n<h2><strong>Logement l&#8217;\u00e9t\u00e9 \u00e0 l&#8217;Universit\u00e9 Dalhousie<\/strong><\/h2>\n<p><a href=\"https:\/\/www.dal.ca\/\">https:\/\/www.dal.ca\/<\/a><br \/>\n6299 South St<br \/>\nHalifax (N.-\u00c9.) B3H 4R2<\/p>\n<table>\n<tbody>\n<tr>\n<td width=\"359\">Prix des chambres*<\/td>\n<td width=\"265\">Renseignements g\u00e9n\u00e9raux<\/td>\n<\/tr>\n<tr>\n<td width=\"359\">Howe-Hall<\/p>\n<p>Simple :\u00a0\u00a0\u00a0\u00a0\u00a0\u00a0\u00a0\u00a0\u00a0\u00a0\u00a0\u00a0\u00a0\u00a0\u00a0\u00a0\u00a0\u00a0\u00a0\u00a0 Tarif \u00e9tudiant :\u00a0\u00a0\u00a0\u00a0\u00a0\u00a0\u00a0 30 $<\/p>\n<p>Tarif conf\u00e9rence :\u00a0 53 $<\/p>\n<p>Double\u00a0:\u00a0\u00a0\u00a0\u00a0\u00a0\u00a0\u00a0\u00a0\u00a0\u00a0\u00a0\u00a0\u00a0\u00a0\u00a0\u00a0\u00a0\u00a0 Tarif \u00e9tudiant :\u00a0\u00a0\u00a0\u00a0\u00a0\u00a0\u00a0 53 $<\/p>\n<p>Tarif conf\u00e9rence :\u00a0 68 $<\/p>\n<p>&nbsp;<\/p>\n<p>LeMarchant Place<\/p>\n<p>Chambre \u00e9tudiante double salle de bain partag\u00e9e :\u00a0\u00a0\u00a0\u00a0\u00a0 63,75 $<\/p>\n<p>Chambre conf\u00e9rence double salle de bain partag\u00e9e :<\/p>\n<p>83 $<\/p>\n<p>&nbsp;<\/p>\n<p>Appartement \u00e0 deux chambres :\u00a0 tarif \u00e9tudiant :\u00a0 \u00a0 \u00a0115 $<\/p>\n<p>Tarif conf\u00e9rence :\u00a0 \u00a0\u00a0\u00a0130 $<\/p>\n<p>Appartement \u00e0 3 chambres : \u00a0tarif \u00e9tudiant :\u00a0\u00a0\u00a0\u00a0\u00a0\u00a0\u00a0 \u00a0\u00a0\u00a0136 $<\/p>\n<p>Tarif conf\u00e9rence : \u00a0\u00a0\u00a0\u00a0195 $<\/p>\n<p>Appartement \u00e0 4 chambres : tarif \u00e9tudiant :\u00a0\u00a0\u00a0\u00a0\u00a0\u00a0\u00a0 \u00a0\u00a0\u00a0\u00a0165 $<\/p>\n<p>Tarif conf\u00e9rence :\u00a0 \u00a0\u00a0\u00a0\u00a0260 $<\/p>\n<p>* Tous les tarifs sont par nuit et comprennent un permis de stationnement et les taxes.<\/p>\n<p><strong>Conference code: CAP2018<\/strong><\/td>\n<td width=\"265\">\n<table style=\"height: 604px;\" width=\"171\">\n<tbody>\n<tr>\n<td style=\"width: 295px;\">Nos chambres meubl\u00e9es simplement ont toutes l&#8217;acc\u00e8s Wi-Fi gratuit. Chaque chambre \u00e0 l&#8217;Universit\u00e9 Dalhousie comporte un pupitre et une garde-robe.<\/p>\n<p>&nbsp;<\/p>\n<p>Toutes les chambres traditionnelles de style r\u00e9sidence ont une salle de bain mixte partag\u00e9e, literie, serviettes, Internet haute vitesse et les privil\u00e8ges habituels des membres de \u00a0Dalpex Athletic.<\/p>\n<p>&nbsp;<\/p>\n<p>Toutes les chambres de style suite ont une salle de bain partag\u00e9e, une cuisinette et un boudoir. Air-climatis\u00e9, literie, serviettes, Internet haute vitesse et les privil\u00e8ges habituels des membres de \u00a0Dalpex Athletic sont aussi compris.<\/p>\n<p>Free parking is included with any overnight stay and permits are available at the Front Desks of each residence. Please see\u00a0<strong><a href=\"https:\/\/cap.ca\/congress-conference\/congress-2018\/maps-and-parking\/\">maps and parking<\/a><\/strong>\u00a0for more information about parking on campus.<\/p>\n<p>Heure d&#8217;arriv\u00e9e : 15 h<\/p>\n<p>Heure de d\u00e9part : 10 h 30<\/td>\n<\/tr>\n<\/tbody>\n<\/table>\n<\/td>\n<\/tr>\n<\/tbody>\n<\/table>\n<p><span style=\"text-decoration: underline;\"><strong>Processus de r\u00e9servation<\/strong><\/span><\/p>\n<p>La r\u00e9servation de chambres peut se faire par :<br \/>\nT\u00e9l\u00e9phone\u00a0: 902-494-8840<br \/>\nSans frais : 1-888-271-9222<br \/>\nFax\u00a0: 902-494-1219<br \/>\nCourriel :\u00a0<a href=\"mailto:stay@dal.ca\">stay@dal.ca<\/a><br \/>\nOu \u00e0 l&#8217;aide du formulaire de demande de logement\/r\u00e9servation dans la section logement d&#8217;\u00e9t\u00e9 de notre site Web, \u00e0 <a href=\"http:\/\/www.dal.ca\/stayatdal\">www.dal.ca\/stayatdal<\/a>.<\/p>\n<p>&nbsp;<\/p>\n<p>&nbsp;<\/p>\n<p>&nbsp;<\/p>\n<p><strong>\u00a0<\/strong><\/p>\n","protected":false},"excerpt":{"rendered":"<p>\u00c0 Halifax, des blocs de chambres ont \u00e9t\u00e9 r\u00e9serv\u00e9s en divers endroits pr\u00e8s du site du Congr\u00e8s et pour la dur\u00e9e de celui-ci, et des tarifs sp\u00e9ciaux s\u2019appliquent au Congr\u00e8s de l\u2019ACP. Pour toute pr\u00e9cision, veuillez consulter les autres renseignements au tableau suivant. Prix en $ CA avant toutes taxes applicables. NB:\u00a0R\u00e9servez au plus tard&#8230;  <a class=\"excerpt-read-more\" href=\"https:\/\/cap.ca\/fr\/congres-de-lacp\/congres-anterieurs\/congres-2018\/hebergement\/\" title=\"LireH\u00e9bergement\">Lire la suite &raquo;<\/a><\/p>\n","protected":false},"author":9,"featured_media":0,"parent":3265,"menu_order":180,"comment_status":"closed","ping_status":"closed","template":"","meta":{"footnotes":""},"class_list":["post-9385","page","type-page","status-publish","hentry"],"_links":{"self":[{"href":"https:\/\/cap.ca\/fr\/wp-json\/wp\/v2\/pages\/9385","targetHints":{"allow":["GET"]}}],"collection":[{"href":"https:\/\/cap.ca\/fr\/wp-json\/wp\/v2\/pages"}],"about":[{"href":"https:\/\/cap.ca\/fr\/wp-json\/wp\/v2\/types\/page"}],"author":[{"embeddable":true,"href":"https:\/\/cap.ca\/fr\/wp-json\/wp\/v2\/users\/9"}],"replies":[{"embeddable":true,"href":"https:\/\/cap.ca\/fr\/wp-json\/wp\/v2\/comments?post=9385"}],"version-history":[{"count":12,"href":"https:\/\/cap.ca\/fr\/wp-json\/wp\/v2\/pages\/9385\/revisions"}],"predecessor-version":[{"id":10160,"href":"https:\/\/cap.ca\/fr\/wp-json\/wp\/v2\/pages\/9385\/revisions\/10160"}],"up":[{"embeddable":true,"href":"https:\/\/cap.ca\/fr\/wp-json\/wp\/v2\/pages\/3265"}],"wp:attachment":[{"href":"https:\/\/cap.ca\/fr\/wp-json\/wp\/v2\/media?parent=9385"}],"curies":[{"name":"wp","href":"https:\/\/api.w.org\/{rel}","templated":true}]}}