{"id":9297,"date":"2018-01-24T08:18:27","date_gmt":"2018-01-24T13:18:27","guid":{"rendered":"https:\/\/cap.ca\/?page_id=9297\/"},"modified":"2018-04-13T14:30:28","modified_gmt":"2018-04-13T18:30:28","slug":"conference-publique-commemorative-herzberg-2018","status":"publish","type":"page","link":"https:\/\/cap.ca\/fr\/congres-de-lacp\/congres-anterieurs\/congres-2018\/conference-publique-commemorative-herzberg-2018\/","title":{"rendered":"Conf\u00e9rence publique comm\u00e9morative Herzberg 2018"},"content":{"rendered":"<p>2018 Dalhousie University, lundi 11 juin 2018,\u00a0\u00e0\u00a0 19 h 30<\/p>\n<h3>NERGIS MAVALVALA, Laser Interferometer Gravitational-wave Observatory (LIGO)\/Massachusetts Institute of Technology<\/h3>\n<p><strong>L&#8217;Univers gauchi : la qu\u00eate centenaire d&#8217;Einstein \u00e0 la d\u00e9couverte des ondes gravitationnelles<\/strong><\/p>\n<div id=\"attachment_8964\" style=\"width: 379px\" class=\"wp-caption aligncenter\"><img loading=\"lazy\" decoding=\"async\" aria-describedby=\"caption-attachment-8964\" class=\" wp-image-8964\" src=\"https:\/\/cap.ca\/wp-content\/uploads\/2017\/03\/MAVALVALA-2.jpg\" alt=\"\" width=\"369\" height=\"237\" \/><p id=\"caption-attachment-8964\" class=\"wp-caption-text\"><span style=\"font-size: 8pt;\">\u00a0(Photo par Darren McCollester\/for MacArthur Foundation)<\/span><\/p><\/div>\n<p><strong>R\u00e9sum\u00e9<\/strong><\/p>\n<p>Les annonces r\u00e9centes de la toute premi\u00e8re d\u00e9tection d&#8217;ondes gravitationnelles \u00e9manant de la collision d&#8217;\u00e9toiles \u00e0 neutrons et de trous noirs ont amorc\u00e9 une nouvelle \u00e8re de l&#8217;astrophysique de ces ondes. Einstein avait pr\u00e9dit les ondes gravitationnelles il y a 100\u00a0ans. Je d\u00e9crirai l&#8217;histoire scientifique, technologique et humaine derri\u00e8re ces d\u00e9couvertes qui ouvrent de toutes nouvelles perspectives sur certains \u00e9v\u00e9nements les plus violents et tordus de l&#8217;Univers.<\/p>\n<p><strong>Conf\u00e9renci\u00e8re<\/strong><\/p>\n<p>Nergis Mavalvala est une physicienne dont les recherches sont ax\u00e9es sur la d\u00e9tection d&#8217;ondes gravitationnelles \u00e0 partir des \u00e9v\u00e9nements violents qui, dans le cosmos, cr\u00e9ent des vagues et des ondulations dans le tissu espace-temps. Elle \u00e9tait membre de l&#8217;\u00e9quipe scientifique qui a annonc\u00e9 la premi\u00e8re d\u00e9tection directe d&#8217;ondes gravitationnelles, n\u00e9es de la collision de trous noirs, \u00e0 l&#8217;aide des d\u00e9tecteurs du Laser Interferometer Gravitational-wave Observatory (LIGO) en f\u00e9vrier 2016. M<sup>me<\/sup>\u00a0Mavalvala a re\u00e7u un B.A. du Wellesley College en 1990 et un doctorat de l&#8217;Institut de technologie du Massachusetts (MIT) en 1997. Elle sera chercheuse postdoctorale, puis chercheuse \u00e0 l&#8217;Institut de technologie de Californie entre 1997 et 2002. Depuis, elle est professeure de physique \u00e0 l&#8217;Institut de technologie du Massachusetts o\u00f9 elle est maintenant professeure \u00ab Marble \u00bb de physique, directrice adjointe du D\u00e9partement de physique et laur\u00e9ate d&#8217;un prix \u00ab g\u00e9nie\u00a0\u00bb MacArthur 2010. Dans ses temps libres, elle adore faire du v\u00e9lo sur de longues distances, divers sports et fr\u00e9quenter les membres de sa famille.<\/p>\n","protected":false},"excerpt":{"rendered":"<p>2018 Dalhousie University, lundi 11 juin 2018,\u00a0\u00e0\u00a0 19 h 30 NERGIS MAVALVALA, Laser Interferometer Gravitational-wave Observatory (LIGO)\/Massachusetts Institute of Technology L&#8217;Univers gauchi : la qu\u00eate centenaire d&#8217;Einstein \u00e0 la d\u00e9couverte des ondes gravitationnelles R\u00e9sum\u00e9 Les annonces r\u00e9centes de la toute premi\u00e8re d\u00e9tection d&#8217;ondes gravitationnelles \u00e9manant de la collision d&#8217;\u00e9toiles \u00e0 neutrons et de trous noirs&#8230;  <a class=\"excerpt-read-more\" href=\"https:\/\/cap.ca\/fr\/congres-de-lacp\/congres-anterieurs\/congres-2018\/conference-publique-commemorative-herzberg-2018\/\" title=\"LireConf\u00e9rence publique comm\u00e9morative Herzberg 2018\">Lire la suite &raquo;<\/a><\/p>\n","protected":false},"author":7,"featured_media":0,"parent":3265,"menu_order":109,"comment_status":"closed","ping_status":"closed","template":"","meta":{"footnotes":""},"class_list":["post-9297","page","type-page","status-publish","hentry"],"_links":{"self":[{"href":"https:\/\/cap.ca\/fr\/wp-json\/wp\/v2\/pages\/9297","targetHints":{"allow":["GET"]}}],"collection":[{"href":"https:\/\/cap.ca\/fr\/wp-json\/wp\/v2\/pages"}],"about":[{"href":"https:\/\/cap.ca\/fr\/wp-json\/wp\/v2\/types\/page"}],"author":[{"embeddable":true,"href":"https:\/\/cap.ca\/fr\/wp-json\/wp\/v2\/users\/7"}],"replies":[{"embeddable":true,"href":"https:\/\/cap.ca\/fr\/wp-json\/wp\/v2\/comments?post=9297"}],"version-history":[{"count":2,"href":"https:\/\/cap.ca\/fr\/wp-json\/wp\/v2\/pages\/9297\/revisions"}],"predecessor-version":[{"id":9299,"href":"https:\/\/cap.ca\/fr\/wp-json\/wp\/v2\/pages\/9297\/revisions\/9299"}],"up":[{"embeddable":true,"href":"https:\/\/cap.ca\/fr\/wp-json\/wp\/v2\/pages\/3265"}],"wp:attachment":[{"href":"https:\/\/cap.ca\/fr\/wp-json\/wp\/v2\/media?parent=9297"}],"curies":[{"name":"wp","href":"https:\/\/api.w.org\/{rel}","templated":true}]}}