{"id":9279,"date":"2018-01-23T08:33:38","date_gmt":"2018-01-23T13:33:38","guid":{"rendered":"https:\/\/cap.ca\/?page_id=9279\/"},"modified":"2018-01-23T08:33:38","modified_gmt":"2018-01-23T13:33:38","slug":"lexperience-de-halifax","status":"publish","type":"page","link":"https:\/\/cap.ca\/fr\/congres-de-lacp\/congres-anterieurs\/congres-2018\/lexperience-de-halifax\/","title":{"rendered":"L&#8217;exp\u00e9rience de Halifax"},"content":{"rendered":"<h3><strong>Si vous pr\u00e9voyez passer quelque temps \u00e0 savourer les sites enchanteurs et la culture amicale dont regorge Halifax, voici quelques tuyaux des plus grands connaisseurs de cette ville.<\/strong><\/h3>\n<p><strong><img loading=\"lazy\" decoding=\"async\" class=\"size-medium wp-image-9244 alignleft\" src=\"https:\/\/cap.ca\/wp-content\/uploads\/2018\/01\/Tourism-Nova-Scotia-300x199.jpg\" alt=\"\" width=\"300\" height=\"199\" srcset=\"https:\/\/cap.ca\/wp-content\/uploads\/2018\/01\/Tourism-Nova-Scotia-300x199.jpg 300w, https:\/\/cap.ca\/wp-content\/uploads\/2018\/01\/Tourism-Nova-Scotia-768x509.jpg 768w, https:\/\/cap.ca\/wp-content\/uploads\/2018\/01\/Tourism-Nova-Scotia.jpg 800w\" sizes=\"auto, (max-width: 300px) 100vw, 300px\" \/>Promenade en bordure de mer<\/strong><\/p>\n<p>Ne manquez pas d&#8217;arpenter le <a href=\"https:\/\/my-waterfront.ca\/waterfront\/halifax\/\"><strong>bord de mer<\/strong><\/a>\u00a0du centre-ville.\u00a0Entourant le port sur 10 rues allant de Pier 21 au Casino Nova Scotia, le trottoir borde la mer le long de boutiques, restaurants, attractions et du quartier historique. Vous y verrez aussi certaines\u00a0<a href=\"http:\/\/www.halifaxsociable.ca\/what-is-the-story-behind-the-halifax-boardwalk-lampposts\/\"><strong>installations d&#8217;art int\u00e9ressantes<\/strong><\/a>!<\/p>\n<p><strong>Vues panoramiques<\/strong><\/p>\n<p>Vous cherchez un point de vue et de photo stup\u00e9fiant au centre-ville de Halifax? Empruntez les marches le long de l&#8217;horloge Old Town Clock jusqu&#8217;\u00e0 la citadelle de Halifax (c&#8217;est aussi un excellent point de vue\u00a0<a href=\"http:\/\/www.halifaxsociable.ca\/top-10-places-to-watch-sunrise-in-halifax\/\"><strong>pour admirer le lever du soleil \u00e0 Halifax<\/strong><\/a>).<\/p>\n<p><strong>Ce n&#8217;est pas une biblioth\u00e8que habituelle<\/strong><\/p>\n<p>La biblioth\u00e8que centrale\u00a0<a href=\"http:\/\/halifaxcentrallibrary.ca\/\"><strong>Halifax Central Library<\/strong><\/a>, sur le chemin Spring Garden, a donn\u00e9 lieu \u00e0 de nombreuses accolades dont la M\u00e9daille nationale d&#8217;architecture du gouverneur g\u00e9n\u00e9ral en 2016. Tout comme les visiteurs, les gens de l&#8217;endroit sont attir\u00e9s par ce haut lieu culturel du centre-ville de Halifax. Ne manquez pas de vous rendre au\u00a05<sup>e<\/sup>\u00a0\u00e9tage o\u00f9 vous pourrez savourer un caf\u00e9 en admirant la vue de la toiture du Rooftop Patio et du \u00ab\u00a0Halifax\u2019s Living Room\u00a0\u00bb.<\/p>\n<p><strong>D\u00e9couvrez Dartmouth<\/strong><\/p>\n<p>Prenez le traversier jusqu&#8217;\u00e0 Dartmouth. Le traversier Harbour Ferry est le plus ancien service ininterrompu de traversiers pour passagers en eau sal\u00e9e en Am\u00e9rique du Nord. Ses bateaux traversent le deuxi\u00e8me port naturel le plus vaste du monde toutes les 15 minutes aux heures de pointe<strong>.\u00a0<\/strong>Le bord de mer de Dartmouth est aussi l&#8217;un des 10 plus beaux points de vue <a href=\"http:\/\/www.halifaxsociable.ca\/top-10-places-to-watch-the-sunset-in-halifax\/\">pour admirer<strong> le coucher du soleil \u00e0 Halifax<\/strong><\/a>.<\/p>\n<p><strong>Ne manquez pas les \u00ab donairs\u00a0\u00bb<\/strong><\/p>\n<p>Le donair, aliment typique de Halifax, est un d\u00e9lice \u00e0 la fois sucr\u00e9 et \u00e9pic\u00e9. C&#8217;est une friandise proprement n\u00e9o-\u00e9cossaise (que l&#8217;on consomme g\u00e9n\u00e9ralement tard en soir\u00e9e). Il y a de multiples endroits o\u00f9 l&#8217;on peut se les procurer \u00e0 Halifax, dont certains voisins du centre des congr\u00e8s de Halifax comme\u00a0<a href=\"https:\/\/johnnyksdonair.com\/\"><strong>Johnny K\u2019s Authentic Donairs<\/strong><\/a>.<\/p>\n<p><strong><img loading=\"lazy\" decoding=\"async\" class=\"size-medium wp-image-9250 alignleft\" src=\"https:\/\/cap.ca\/wp-content\/uploads\/2018\/01\/FarmersMarket-300x130.jpg\" alt=\"\" width=\"300\" height=\"130\" srcset=\"https:\/\/cap.ca\/wp-content\/uploads\/2018\/01\/FarmersMarket-300x130.jpg 300w, https:\/\/cap.ca\/wp-content\/uploads\/2018\/01\/FarmersMarket-768x332.jpg 768w, https:\/\/cap.ca\/wp-content\/uploads\/2018\/01\/FarmersMarket-1024x443.jpg 1024w\" sizes=\"auto, (max-width: 300px) 100vw, 300px\" \/>Le march\u00e9 agricole<\/strong><\/p>\n<p>Prenez part \u00e0 une tradition locale du samedi matin et visitez le march\u00e9\u00a0<a href=\"http:\/\/www.halifaxfarmersmarket.com\/\"><strong>Halifax Seaport Farmers\u2019 Market<\/strong><\/a>. Situ\u00e9 tout en bordure de la mer et coiff\u00e9 d&#8217;une toiture en magnifique patio, il n&#8217;est pas \u00e9tonnant que les habitants de Halifax y vont prendre le petit d\u00e9jeuner et admirer la vue. Ce march\u00e9 agricole, le plus ancien \u00e0 avoir toujours \u00e9t\u00e9 en activit\u00e9 en Am\u00e9rique du Nord, compte plus de 250 marchands qui offrent des produits frais, des p\u00e2tisseries, des objets fabriqu\u00e9s \u00e0 la main et d&#8217;autres surprises magnifiques.<\/p>\n<p><strong>NovaScotian Crystal<\/strong><\/p>\n<p>Saviez-vous que certaines des plus belles pi\u00e8ces de crystal du monde viennent de Nouvelle-\u00c9cosse? Arr\u00eatez-vous \u00e0 la boutique\u00a0<strong><a href=\"http:\/\/www.novascotiancrystal.com\/\">NovaScotian Crystal<\/a><\/strong>, sur le bord de mer, pour voir de vos yeux une tradition s\u00e9culaire et, peut-\u00eatre rapporter un souvenir tr\u00e8s sp\u00e9cial de Halifax.<\/p>\n<p><strong>Mi-amer, mi-sucr\u00e9<\/strong><\/p>\n<p>Si vous vous demandez o\u00f9 vous procurer un bon caf\u00e9 (et peut-\u00eatre une petite sucrerie!), il y a des endroits fantastiques qui s&#8217;offrent \u00e0 vous, tels\u00a0<a href=\"http:\/\/lefrenchfix.ca\/\"><strong>Le French Fix P\u00e2tisserie<\/strong><\/a><strong>,\u00a0<\/strong><a href=\"https:\/\/www.theoldapothecary.com\/\"><strong>The Old Apothecary Bakery &amp; Caf\u00e9<\/strong><\/a><strong>\u00a0or\u00a0<\/strong><a href=\"http:\/\/www.weirdharbour.com\/\"><strong>Weird Harbour Espresso Bar<\/strong><\/a>. Pour d&#8217;autres endroits courus l\u00e0-bas, consultez\u00a0<a href=\"http:\/\/www.halifaxsociable.ca\/best-coffee-halifax\/\"><strong>\u201cBest Places to Get a Coffee\u201d<\/strong>.<\/a><\/p>\n<p><strong><img loading=\"lazy\" decoding=\"async\" class=\"size-medium wp-image-9252 alignleft\" src=\"https:\/\/cap.ca\/wp-content\/uploads\/2018\/01\/Pier21-300x200.jpg\" alt=\"\" width=\"300\" height=\"200\" srcset=\"https:\/\/cap.ca\/wp-content\/uploads\/2018\/01\/Pier21-300x200.jpg 300w, https:\/\/cap.ca\/wp-content\/uploads\/2018\/01\/Pier21.jpg 460w\" sizes=\"auto, (max-width: 300px) 100vw, 300px\" \/>Pier 21<\/strong><\/p>\n<p>Halifax abrite le seul mus\u00e9e national du Canada Atlantique \u2013 le\u00a0<a href=\"https:\/\/www.pier21.ca\/home\"><strong>Canadian Museum of Immigration at Pier 21<\/strong><\/a>. Pr\u00e9voyez visiter ce site historique national qui a \u00e9t\u00e9 la porte d&#8217;entr\u00e9e au Canada d&#8217;un million d&#8217;immigrants entre 1928 et 1971. Ce fut aussi le point de d\u00e9part de 500\u00a0000 militaires canadiens pendant la Second Guerre mondiale. Saviez-vous que le centre\u00a0<a href=\"https:\/\/www.pier21.ca\/scotiabank-family-history-centre\"><strong>The Scotiabank Family History<\/strong>\u00a0Centre<\/a>,\u00a0situ\u00e9 au Pier 21, est un service de r\u00e9f\u00e9rence gratuit pour retracer l&#8217;histoire de l&#8217;immigration de votre propre famille?<\/p>\n<p><strong>Vie nocturne<\/strong><\/p>\n<p>Halifax est r\u00e9put\u00e9e pour sa vie nocturne tr\u00e9pidante et sa culture des pubs. Ne manquez pas de voir les c\u00e9l\u00e8bres<a href=\"https:\/\/www.lowerdeck.ca\/lower-deck-waterfront.html\"><strong>\u00a0Lower Deck\u00a0<\/strong><\/a>et <a href=\"https:\/\/durtynellys.ca\/\"><strong>Durty Nelly\u2019s<\/strong><\/a>. Cet authentique pub irlandais a \u00e9t\u00e9 con\u00e7u et construit en entier \u00e0 Dublin, puis on l&#8217;a transport\u00e9 au-del\u00e0 de l&#8217;Atlantique pour le reconstruire de toutes pi\u00e8ces \u00e0 Halifax. Il est \u00e9galement situ\u00e9 tout pr\u00e8s du centre des congr\u00e8s de Halifax, ce qui sera \u00e0 port\u00e9e de main!<\/p>\n","protected":false},"excerpt":{"rendered":"<p>Si vous pr\u00e9voyez passer quelque temps \u00e0 savourer les sites enchanteurs et la culture amicale dont regorge Halifax, voici quelques tuyaux des plus grands connaisseurs de cette ville. Promenade en bordure de mer Ne manquez pas d&#8217;arpenter le bord de mer\u00a0du centre-ville.\u00a0Entourant le port sur 10 rues allant de Pier 21 au Casino Nova Scotia,&#8230;  <a class=\"excerpt-read-more\" href=\"https:\/\/cap.ca\/fr\/congres-de-lacp\/congres-anterieurs\/congres-2018\/lexperience-de-halifax\/\" title=\"LireL&#8217;exp\u00e9rience de Halifax\">Lire la suite &raquo;<\/a><\/p>\n","protected":false},"author":9,"featured_media":0,"parent":3265,"menu_order":184,"comment_status":"closed","ping_status":"closed","template":"","meta":{"footnotes":""},"class_list":["post-9279","page","type-page","status-publish","hentry"],"_links":{"self":[{"href":"https:\/\/cap.ca\/fr\/wp-json\/wp\/v2\/pages\/9279","targetHints":{"allow":["GET"]}}],"collection":[{"href":"https:\/\/cap.ca\/fr\/wp-json\/wp\/v2\/pages"}],"about":[{"href":"https:\/\/cap.ca\/fr\/wp-json\/wp\/v2\/types\/page"}],"author":[{"embeddable":true,"href":"https:\/\/cap.ca\/fr\/wp-json\/wp\/v2\/users\/9"}],"replies":[{"embeddable":true,"href":"https:\/\/cap.ca\/fr\/wp-json\/wp\/v2\/comments?post=9279"}],"version-history":[{"count":1,"href":"https:\/\/cap.ca\/fr\/wp-json\/wp\/v2\/pages\/9279\/revisions"}],"predecessor-version":[{"id":9280,"href":"https:\/\/cap.ca\/fr\/wp-json\/wp\/v2\/pages\/9279\/revisions\/9280"}],"up":[{"embeddable":true,"href":"https:\/\/cap.ca\/fr\/wp-json\/wp\/v2\/pages\/3265"}],"wp:attachment":[{"href":"https:\/\/cap.ca\/fr\/wp-json\/wp\/v2\/media?parent=9279"}],"curies":[{"name":"wp","href":"https:\/\/api.w.org\/{rel}","templated":true}]}}