{"id":9234,"date":"2018-01-19T15:49:06","date_gmt":"2018-01-19T20:49:06","guid":{"rendered":"https:\/\/cap.ca\/?page_id=9234\/"},"modified":"2026-02-26T12:01:56","modified_gmt":"2026-02-26T17:01:56","slug":"conference-canadienne-des-etudiantes-en-physique-ccuwip","status":"publish","type":"page","link":"https:\/\/cap.ca\/fr\/congres-de-lacp\/conference-canadienne-des-etudiantes-en-physique-ccuwip\/","title":{"rendered":"CCUW*iP &#8211; La Conf\u00e9rence canadienne de premier cycle sur l&#8217;inclusion et la diversit\u00e9 en physique"},"content":{"rendered":"<blockquote><p>F\u00e9licitations \u00e0 l&#8217;\u00e9quipe organisatrice du CCUW*iP 2026 pour l&#8217;excellente conf\u00e9rence qui s&#8217;est tenue du 20 janvier au 1er f\u00e9vrier (en anglais seulement) \u00e0 l&#8217;Universit\u00e9 de la Colombie-Britannique (UBC), en Vancouver, Colombie-Britannique.<\/p>\n<p>Veuillez <a href=\"https:\/\/ccuwip.cap.ca\" target=\"_blank\" rel=\"noopener\">consulter le site web du CCUW*iP<\/a> ou contacter <a href=\"mailto:ccuwip@phas.ubc.ca\">ccuwip@phas.ubc.ca <\/a>pour plus d&#8217;informations sur le CCUW*iP 2026.<\/p>\n<p>&nbsp;<\/p><\/blockquote>\n<p>La conf\u00e9rence annuelle CCUW*iP est une conf\u00e9rence nationale destin\u00e9e aux \u00e9tudiant(e)s de premier cycle qui \u00e9tudient la physique ou des disciplines connexes. L&#8217;objectif de la CCUW*iP est d&#8217;encourager les \u00e9tudiant(e)s de premier cycle issus de groupes sous-repr\u00e9sent\u00e9s \u00e0 poursuivre leurs \u00e9tudes de physique en leur donnant l&#8217;occasion de participer \u00e0 une conf\u00e9rence professionnelle, de recueillir des informations sur les \u00e9tudes sup\u00e9rieures et les professions dans le domaine de la physique, et de nouer des contacts avec d&#8217;autres physicien(ne)s de premier cycle ainsi qu&#8217;avec un groupe diversifi\u00e9 et inclusif de physicien(ne)s de tous \u00e2ges avec lesquels ils peuvent partager leurs exp\u00e9riences, leurs conseils et leurs id\u00e9es.<\/p>\n<p>Gr\u00e2ce \u00e0 la collaboration entre l\u2019ACP et l\u2019APS, la conf\u00e9rence CCUW*iP (au Canada) et les conf\u00e9rences CU*iP (aux \u00c9tats-Unis) normallement ont lieu en m\u00eame temps et partagent le m\u00eame orateur principal choisi par le comit\u00e9 organisateur, lequel est compos\u00e9 de repr\u00e9sentants de chacun des sites de conf\u00e9rence. Pour plus de renseignements concernant les conf\u00e9rences des \u00c9tats-Unis, veuillez consulter le site Web des <a href=\"https:\/\/www.aps.org\/initiatives\/inclusion\/gender-inclusive\/undergraduate-women-minorities\" target=\"_blank\" rel=\"noopener\">CU*iP de l\u2019APS<\/a>.<\/p>\n<p>&nbsp;<\/p>\n<hr \/>\n<p>&nbsp;<\/p>\n<p><span style=\"font-size: 20pt;\">La prochaine CCUW*iP<\/span><\/p>\n<p>&nbsp;<\/p>\n<p><strong>Date\u00a0:<\/strong> \u00e0 d\u00e9terminer (normalement fin janvier 2027)<\/p>\n<p><strong>Lieu\u00a0:<\/strong> tba<\/p>\n<p><span style=\"font-size: 14pt;\"><strong>Site web: <\/strong>tba<\/span><\/p>\n<p><span style=\"font-size: 14pt;\"><strong>Courriel de contact<\/strong> : tba<\/span><\/p>\n<hr \/>\n<p>&nbsp;<\/p>\n<p>Nous sommes tr\u00e8s heureux d&#8217;annoncer que le CCUWiP 2026 sera accueilli par l&#8217;Universit\u00e9 de la Colombia-Britanniquee.\u00a0 Le comit\u00e9 d&#8217;organisation local esp\u00e8re qu&#8217;un financement suffisant sera obtenu pour permettre \u00e0 l&#8217;\u00e9v\u00e9nement de cette ann\u00e9e de b\u00e9n\u00e9ficier d&#8217;un soutien et d&#8217;une participation importants.<\/p>\n<p><strong>Cela signifie que le CCUWiP 2026 aura lieu, y compris la traditionnelle exposition pour dipl\u00f4m\u00e9s, quoi qu&#8217;il arrive, en f\u00e9vrier !\u00a0 Alors, r\u00e9servez les dates et restez \u00e0 l&#8217;\u00e9coute pour plus de d\u00e9tails !\u00a0<\/strong><\/p>\n<p><strong>Les commanditaires potentiels seront contact\u00e9s sous peu ; votre soutien est essentiel pour assurer le succ\u00e8s de cette conf\u00e9rence !<\/strong><\/p>\n<p>L&#8217;ACP encourage les \u00e9tudiant(e)s canadien(ne)s de premier cycle (en particulier ceux et celles qui pourraient \u00eatre int\u00e9ress\u00e9(e)s par l&#8217;organisation du CCUWiP 2027) \u00e0 envisager de participer au CCUWiP 2026 organis\u00e9 par l&#8217;Universit\u00e9 de la Colombie-Britannique !<\/p>\n<p><span style=\"font-size: 10pt;\">[REMARQUE : L&#8217;APS a annonc\u00e9 qu&#8217;elle n&#8217;organiserait pas son CU*iP en 2026].\u00a0 Normallement, si le CU*iP de l&#8217;APS inclus participation en ligne, les \u00e9tudiant(e)s canadien(ne)s ont \u00e9galement la possibilit\u00e9 de participer au CU*iP.\u00a0 L&#8217;APS pr\u00e9voit une excellente exp\u00e9rience virtuelle, avec un programme distinct et des possibilit\u00e9s de r\u00e9seautage (malheureusement, la participation des \u00e9tudiant(e)s canadien(ne)s au CU*iP en personne n&#8217;est pas possible en raison des restrictions de la subvention de la NSF).\u00a0\u00a0<\/span><\/p>\n<table style=\"width: 100%; border-collapse: collapse; border-color: #000000; background-color: #e0e0e0;\" border=\"1\">\n<tbody>\n<tr>\n<td style=\"width: 100%;\">Nous acceptons les manifestations d&#8217;int\u00e9r\u00eat pour accueillir la conf\u00e9rence de 2027 (en personne, virtuelle ou hybride).\u00a0 Nous encourageons tout groupe d&#8217;\u00e9tudiant(e)s int\u00e9ress\u00e9 \u00e0 accueillir une future CCUW*iP \u00e0 participer \u00e0 la CCUW*iP 2026 (voir ci-dessus).<\/p>\n<p><a href=\"https:\/\/cap.ca\/fr\/congres-de-lacp\/conference-canadienne-des-etudiantes-en-physique-ccuwip\/ccuwip-eoi-form\/\">Les manifestations d&#8217;int\u00e9r\u00eat pour accueillir le CCUWiP 2027<\/a> doivent \u00eatre soumises avant le 6 f\u00e9vrier 2026.\u00a0 <a href=\"https:\/\/cap.ca\/fr\/congres-de-lacp\/conference-canadienne-des-etudiantes-en-physique-ccuwip\/ccuwip-host-application-fr\/\">Les candidatures compl\u00e8tes pour la CCUW*iP 2027<\/a> doivent \u00eatre soumises avant 23h59 le dimanche15 mars 2026.<\/td>\n<\/tr>\n<\/tbody>\n<\/table>\n<p>&nbsp;<\/p>\n<p><strong>Emplacements ant\u00e9rieurs de la CCUWiP\u00a0:<\/strong><\/p>\n<ul class=\"content-list\">\n<li>2026 &#8211; Universit\u00e9 de la Colombie-Britannique<\/li>\n<li>2025 &#8211; Calgary, AB (lieu \u00e0 l&#8217;University de Calgary; organis\u00e9e avec l&#8217;Universit\u00e9 de l&#8217;Alberta et l&#8217;Universit\u00e9 de Lethbridge)<\/li>\n<li>2024 &#8211; Montr\u00e9al, QC (organis\u00e9e par l&#8217;Universit\u00e9 McGill et l&#8217;Universit\u00e9 de Montr\u00e9al)<\/li>\n<li>2023 &#8211; Universit\u00e9 de Regina<\/li>\n<li>2022 &#8211; conf\u00e9rence virtuelle organis\u00e9e par l&#8217;Universit\u00e9 de l&#8217;Alberta<\/li>\n<li>2021 &#8211; virtuel (organis\u00e9 par une \u00e9quipe canadienne dirig\u00e9e par C. Tower)<\/li>\n<li>2020 &#8211; Universit\u00e9 de Toronto, Toronto, ON<\/li>\n<li>2019 &#8211; <a href=\"https:\/\/ccuwip.cap.ca\/2019-ccuwip\">Universit\u00e9 d&#8217;Ottawa, Ottawa, ON<br \/>\n<\/a><\/li>\n<li>2018 \u2013\u00a0<a href=\"https:\/\/ccuwip.cap.ca\/2018-ccuwip\">Universit\u00e9 Queens, Kingston, ON<\/a><\/li>\n<li>2017 \u2013\u00a0<a href=\"https:\/\/www.physics.mcmaster.ca\/ccuwip\">Universit\u00e9 McMaster, Hamilton, ON<\/a><\/li>\n<li>2016 \u2013 Universit\u00e9 Dalhousie, Halifax, NS (<a href=\"https:\/\/www.instagram.com\/ccuwip\/\">photos Instagram<\/a>)<\/li>\n<li>2015 \u2013\u00a0<a href=\"http:\/\/craq-astro.ca\/CCUWiP\/index.php\">Universit\u00e9 Laval, Qu\u00e9bec, QC<\/a><\/li>\n<li>2014 \u2013\u00a0<a href=\"http:\/\/www.physics.mcgill.ca\/ccuwp14\">Universit\u00e9 McGill, Montr\u00e9al, QC<\/a><\/li>\n<\/ul>\n<p>&nbsp;<\/p>\n","protected":false},"excerpt":{"rendered":"<p>F\u00e9licitations \u00e0 l&#8217;\u00e9quipe organisatrice du CCUW*iP 2026 pour l&#8217;excellente conf\u00e9rence qui s&#8217;est tenue du 20 janvier au 1er f\u00e9vrier (en anglais seulement) \u00e0 l&#8217;Universit\u00e9 de la Colombie-Britannique (UBC), en Vancouver, Colombie-Britannique. Veuillez consulter le site web du CCUW*iP ou contacter ccuwip@phas.ubc.ca pour plus d&#8217;informations sur le CCUW*iP 2026. &nbsp; La conf\u00e9rence annuelle CCUW*iP est une&#8230;  <a class=\"excerpt-read-more\" href=\"https:\/\/cap.ca\/fr\/congres-de-lacp\/conference-canadienne-des-etudiantes-en-physique-ccuwip\/\" title=\"LireCCUW*iP &#8211; La Conf\u00e9rence canadienne de premier cycle sur l&#8217;inclusion et la diversit\u00e9 en physique\">Lire la suite &raquo;<\/a><\/p>\n","protected":false},"author":7,"featured_media":0,"parent":3243,"menu_order":154,"comment_status":"closed","ping_status":"closed","template":"","meta":{"footnotes":""},"class_list":["post-9234","page","type-page","status-publish","hentry"],"_links":{"self":[{"href":"https:\/\/cap.ca\/fr\/wp-json\/wp\/v2\/pages\/9234","targetHints":{"allow":["GET"]}}],"collection":[{"href":"https:\/\/cap.ca\/fr\/wp-json\/wp\/v2\/pages"}],"about":[{"href":"https:\/\/cap.ca\/fr\/wp-json\/wp\/v2\/types\/page"}],"author":[{"embeddable":true,"href":"https:\/\/cap.ca\/fr\/wp-json\/wp\/v2\/users\/7"}],"replies":[{"embeddable":true,"href":"https:\/\/cap.ca\/fr\/wp-json\/wp\/v2\/comments?post=9234"}],"version-history":[{"count":46,"href":"https:\/\/cap.ca\/fr\/wp-json\/wp\/v2\/pages\/9234\/revisions"}],"predecessor-version":[{"id":28735,"href":"https:\/\/cap.ca\/fr\/wp-json\/wp\/v2\/pages\/9234\/revisions\/28735"}],"up":[{"embeddable":true,"href":"https:\/\/cap.ca\/fr\/wp-json\/wp\/v2\/pages\/3243"}],"wp:attachment":[{"href":"https:\/\/cap.ca\/fr\/wp-json\/wp\/v2\/media?parent=9234"}],"curies":[{"name":"wp","href":"https:\/\/api.w.org\/{rel}","templated":true}]}}