{"id":9003,"date":"2018-01-03T09:47:55","date_gmt":"2018-01-03T14:47:55","guid":{"rendered":"https:\/\/cap.ca\/?page_id=9003\/"},"modified":"2021-11-05T12:26:00","modified_gmt":"2021-11-05T16:26:00","slug":"division-de-la-physique-appliquee-et-de-linstrumentation-dpai","status":"publish","type":"page","link":"https:\/\/cap.ca\/fr\/divisions\/division-de-la-physique-appliquee-et-de-linstrumentation-dpai\/","title":{"rendered":"Division de la physique appliqu\u00e9e et de l&#8217;instrumentation (DPAI)"},"content":{"rendered":"<div class=\"wpb-content-wrapper\"><p>[vc_row][vc_column][vc_column_text]<\/p>\n<h2>\u00c0 propos de nous:<\/h2>\n<p>La Division de la physique appliqu\u00e9e et de l&#8217;instrumentation (DPAI) a pour objectif de rehausser le profil des probl\u00e8mes qui entourent l\u2019instrumentation et les mesures, communs \u00e0 toutes les disciplines de la physique utilisant des outils exp\u00e9rimentaux, et de mettre l\u2019accent sur ces probl\u00e8mes. Elle se propose aussi de promouvoir, outre l&#8217;accr\u00e9ditation \u00e0 titre de Phys., la collaboration industrielle\/universitaire et les diverses applications du savoir et de la recherche en physique dans des secteurs industriels.<\/p>\n<p>L&#8217;objectif de la DPAI est de faciliter la collaboration entre les chercheurs universitaires et tous les physiciens, ing\u00e9nieurs et technologues professionnels en ce qui a trait \u00e0 la physique appliqu\u00e9e et \u00e0 l&#8217;instrumentation.<\/p>\n<p>La nouvelle Division de la physique appliqu\u00e9e et de l&#8217;instrumentation (DPAI) a vu le jour en janvier 2018 et est le fruit de la fusion de l&#8217;ancienne Division de la physique industrielle et appliqu\u00e9e et de la Division de la physique des instruments et mesures.<\/p>\n<h2>Nos objectifs\/activit\u00e9s:<\/h2>\n<ul class=\"content-list\">\n<li>favoriser l&#8217;avancement, la diffusion et l&#8217;application de la physique des instruments et des techniques de mesure;<\/li>\n<li>promouvoir l&#8217;application de la recherche et du savoir en physique dans les milieux universitaires et au-del\u00e0, facilitant par l\u00e0 les innovations b\u00e9n\u00e9fiques \u00e0 la soci\u00e9t\u00e9;<\/li>\n<li>tenir une s\u00e9ance de travail annuelle et organiser des s\u00e9ances au Congr\u00e8s annuel de l&#8217;ACP.<\/li>\n<\/ul>\n<h2 class=\"page-title\"><a href=\"https:\/\/cap.ca\/fr\/divisions\/division-de-la-physique-appliquee-et-de-linstrumentation-dpai\/dpia-nouvelles\/\">Nouvelles et ressources de la DPAI<\/a><\/h2>\n<p>[\/vc_column_text][\/vc_column][\/vc_row][vc_row][vc_column][vc_column_text]<\/p>\n<p>[\/vc_column_text][vc_custom_heading text=&#8221;Our Leadership&#8221; use_theme_fonts=&#8221;yes&#8221;][vc_row_inner][vc_column_inner width=&#8221;1\/3&#8243;][vc_single_image image=&#8221;8042&#8243; style=&#8221;vc_box_rounded&#8221; css=&#8221;.vc_custom_1561129143661{margin-bottom: 0px !important;border-bottom-width: 0px !important;padding-bottom: 0px !important;}&#8221;][vc_custom_heading text=&#8221;Pr\u00e9sident&#8221; font_container=&#8221;tag:h3|font_size:17px|text_align:left&#8221; use_theme_fonts=&#8221;yes&#8221;][vc_column_text]<strong>Steffon Luoma<br \/>\n<\/strong>Jannatec Technologies[\/vc_column_text][\/vc_column_inner][vc_column_inner width=&#8221;1\/3&#8243;][vc_single_image image=&#8221;8042&#8243; img_size=&#8221;full&#8221; style=&#8221;vc_box_rounded&#8221; css=&#8221;.vc_custom_1513779767150{margin-bottom: 0px !important;border-bottom-width: 0px !important;padding-bottom: 0px !important;}&#8221;][vc_custom_heading text=&#8221;Vice-pr\u00e9sident&#8221; font_container=&#8221;tag:h3|font_size:17px|text_align:left&#8221; use_theme_fonts=&#8221;yes&#8221;][vc_column_text]<strong>Vacant<\/strong>[\/vc_column_text][\/vc_column_inner][vc_column_inner width=&#8221;1\/3&#8243;][vc_single_image image=&#8221;8133&#8243; img_size=&#8221;full&#8221; style=&#8221;vc_box_rounded&#8221; css=&#8221;.vc_custom_1513779792456{margin-bottom: 0px !important;border-bottom-width: 0px !important;padding-bottom: 0px !important;}&#8221;][vc_custom_heading text=&#8221;Secr\u00e9taire&#8221; font_container=&#8221;tag:h3|font_size:17px|text_align:left&#8221; use_theme_fonts=&#8221;yes&#8221;][vc_column_text]<strong>Louis Poirier<br \/>\n<\/strong>Secretary[\/vc_column_text][\/vc_column_inner][\/vc_row_inner][vc_separator][vc_row_inner][vc_column_inner width=&#8221;1\/3&#8243;][vc_single_image image=&#8221;5494&#8243; img_size=&#8221;full&#8221; style=&#8221;vc_box_rounded&#8221; css=&#8221;.vc_custom_1561129179616{margin-bottom: 0px !important;border-bottom-width: 0px !important;padding-bottom: 0px !important;}&#8221;][vc_custom_heading text=&#8221;Ancien pr\u00e9sident&#8221; font_container=&#8221;tag:h3|font_size:17px|text_align:left&#8221; use_theme_fonts=&#8221;yes&#8221;][vc_column_text]<strong>Kirk Michaelian<br \/>\n<\/strong>CANMET,\u00a0Ressources naturelles Canada[\/vc_column_text][\/vc_column_inner][vc_column_inner width=&#8221;1\/3&#8243;][vc_single_image image=&#8221;8042&#8243; img_size=&#8221;full&#8221; style=&#8221;vc_box_rounded&#8221; css=&#8221;.vc_custom_1502311862935{margin-bottom: 0px !important;border-bottom-width: 0px !important;padding-bottom: 0px !important;}&#8221;][vc_custom_heading text=&#8221;Ancien pr\u00e9sident&#8221; font_container=&#8221;tag:h3|font_size:17px|text_align:left&#8221; use_theme_fonts=&#8221;yes&#8221;][vc_column_text]<strong>Andreas Mandelis<\/strong><br \/>\nUniversit\u00e9 de Toronto[\/vc_column_text][\/vc_column_inner][vc_column_inner width=&#8221;1\/3&#8243;][vc_single_image image=&#8221;8042&#8243; img_size=&#8221;full&#8221; style=&#8221;vc_box_rounded&#8221; css=&#8221;.vc_custom_1502311687636{margin-bottom: 0px !important;border-bottom-width: 0px !important;padding-bottom: 0px !important;}&#8221;][vc_custom_heading text=&#8221;Tr\u00e9sorier&#8221; font_container=&#8221;tag:h3|font_size:17px|text_align:left&#8221; use_theme_fonts=&#8221;yes&#8221;][vc_column_text]<strong>Vacant<br \/>\n<\/strong>[\/vc_column_text][\/vc_column_inner][\/vc_row_inner][\/vc_column][\/vc_row][vc_row][vc_column width=&#8221;1\/3&#8243;][vc_single_image image=&#8221;8042&#8243;][vc_custom_heading text=&#8221;Webma\u00eetre&#8221; font_container=&#8221;tag:h3|font_size:17px|text_align:left&#8221; use_theme_fonts=&#8221;yes&#8221;][vc_column_text]<strong>Kirk Michaelian<br \/>\n<\/strong>CANMET,\u00a0Ressources naturelles Canada[\/vc_column_text][\/vc_column][vc_column width=&#8221;1\/3&#8243;][\/vc_column][vc_column width=&#8221;1\/3&#8243;][\/vc_column][\/vc_row]<\/p>\n<\/div>","protected":false},"excerpt":{"rendered":"<p>[vc_row][vc_column][vc_column_text] \u00c0 propos de nous: La Division de la physique appliqu\u00e9e et de l&#8217;instrumentation (DPAI) a pour objectif de rehausser le profil des probl\u00e8mes qui entourent l\u2019instrumentation et les mesures, communs \u00e0 toutes les disciplines de la physique utilisant des outils exp\u00e9rimentaux, et de mettre l\u2019accent sur ces probl\u00e8mes. Elle se propose aussi de promouvoir,&#8230;  <a class=\"excerpt-read-more\" href=\"https:\/\/cap.ca\/fr\/divisions\/division-de-la-physique-appliquee-et-de-linstrumentation-dpai\/\" title=\"LireDivision de la physique appliqu\u00e9e et de l&#8217;instrumentation (DPAI)\">Lire la suite &raquo;<\/a><\/p>\n","protected":false},"author":9,"featured_media":0,"parent":3203,"menu_order":137,"comment_status":"closed","ping_status":"closed","template":"","meta":{"footnotes":""},"class_list":["post-9003","page","type-page","status-publish","hentry"],"_links":{"self":[{"href":"https:\/\/cap.ca\/fr\/wp-json\/wp\/v2\/pages\/9003","targetHints":{"allow":["GET"]}}],"collection":[{"href":"https:\/\/cap.ca\/fr\/wp-json\/wp\/v2\/pages"}],"about":[{"href":"https:\/\/cap.ca\/fr\/wp-json\/wp\/v2\/types\/page"}],"author":[{"embeddable":true,"href":"https:\/\/cap.ca\/fr\/wp-json\/wp\/v2\/users\/9"}],"replies":[{"embeddable":true,"href":"https:\/\/cap.ca\/fr\/wp-json\/wp\/v2\/comments?post=9003"}],"version-history":[{"count":9,"href":"https:\/\/cap.ca\/fr\/wp-json\/wp\/v2\/pages\/9003\/revisions"}],"predecessor-version":[{"id":19037,"href":"https:\/\/cap.ca\/fr\/wp-json\/wp\/v2\/pages\/9003\/revisions\/19037"}],"up":[{"embeddable":true,"href":"https:\/\/cap.ca\/fr\/wp-json\/wp\/v2\/pages\/3203"}],"wp:attachment":[{"href":"https:\/\/cap.ca\/fr\/wp-json\/wp\/v2\/media?parent=9003"}],"curies":[{"name":"wp","href":"https:\/\/api.w.org\/{rel}","templated":true}]}}