{"id":8943,"date":"2017-12-20T08:25:15","date_gmt":"2017-12-20T13:25:15","guid":{"rendered":"https:\/\/cap.ca\/?page_id=8943\/"},"modified":"2019-07-03T09:03:41","modified_gmt":"2019-07-03T13:03:41","slug":"congres-lacp-2019","status":"publish","type":"page","link":"https:\/\/cap.ca\/fr\/congres-de-lacp\/congres-anterieurs\/congres-lacp-2019\/","title":{"rendered":"Congr\u00e8s l&#8217;ACP 2019 &#8211; Simon Fraser University (Burnaby, C-B)"},"content":{"rendered":"<table style=\"border-color: #ffffff; width: 819.895px; height: 500px;\">\n<tbody>\n<tr>\n<td colspan=\"2\"><strong>2019 Student Oral Competition Division Finalists<\/strong> (NB: DCMMP to be published Thursday a.m.)\u00a0 <strong><a href=\"https:\/\/cap.ca\/wp-content\/uploads\/2017\/12\/2019-Division-ORAL-Finalists-.pdf\">Click here<\/a><\/strong><br \/>\n<strong>2019 Student Poster Competition Division Finalists<\/strong> &#8211; <strong><a href=\"https:\/\/cap.ca\/wp-content\/uploads\/2017\/12\/2019-Division-POSTER-Finalists-not-ranked.pdf\" target=\"_blank\" rel=\"noopener noreferrer\">Click here<\/a><\/strong><\/p>\n<hr \/>\n<p><span style=\"font-size: 15pt;\"><strong><a href=\"#Changes\">Changements au programme &#8211;\u00a0jeudi et vendredi<br \/>\n<\/a><\/strong><span style=\"font-size: 13pt;\">(Cliquez ici pour voir la liste de tous les changements apport\u00e9s au programme)<\/span><\/span><\/td>\n<\/tr>\n<tr style=\"border-color: #ffffff;\">\n<td style=\"width: 380px;\"><a href=\"https:\/\/cap.ca\/wp-content\/uploads\/2017\/12\/2019-CAP-Congress-poster-web-width.png\"><img loading=\"lazy\" decoding=\"async\" class=\"wp-image-10847 size-medium aligncenter\" src=\"https:\/\/cap.ca\/wp-content\/uploads\/2017\/12\/2019-CAP-Congress-poster-web-width-300x194.png\" alt=\"\" width=\"300\" height=\"194\" srcset=\"https:\/\/cap.ca\/wp-content\/uploads\/2017\/12\/2019-CAP-Congress-poster-web-width-300x194.png 300w, https:\/\/cap.ca\/wp-content\/uploads\/2017\/12\/2019-CAP-Congress-poster-web-width-768x497.png 768w, https:\/\/cap.ca\/wp-content\/uploads\/2017\/12\/2019-CAP-Congress-poster-web-width-1024x663.png 1024w\" sizes=\"auto, (max-width: 300px) 100vw, 300px\" \/><\/a><strong>Ann\u00e9e:<\/strong>: 2019<br \/>\n<strong>Date:<\/strong> 3 juin 2019 &#8211; 7 juin 2019<br \/>\n<strong>Venue<\/strong>: Simon Fraser University (Burnaby, BC)<strong>L&#8217;horaire en ligne est disponible \u00e0\u00a0<\/strong><strong><a href=\"http:\/\/indico.cern.ch\/e\/CAP2019\">http:\/\/indico.cern.ch\/e\/CAP2019<\/a><\/strong><strong>\u00a0(voir &#8220;timetable&#8221;).<\/strong><strong>\u00a0\u00a0<\/strong><strong>On continuera d&#8217;accepter<\/strong><strong>\u00a0<\/strong><strong><u><a href=\"https:\/\/cap.ca\/congress-conference\/congress-2019\/abstract-submission\/\">les r\u00e9sum\u00e9s d&#8217;affiches soumis apr\u00e8s la date limite<\/a><\/u><\/strong><strong>.<\/strong><strong>Pour navig\u00e9 plus facilement le campus de SFU<\/strong>, t\u00e9l\u00e9charger le SFU Snap app :\u00a0\u00a0\u00a0\u00a0<a href=\"http:\/\/www.sfu.ca\/apps.html\">http:\/\/www.sfu.ca\/apps.html<\/a><\/td>\n<td style=\"width: 438px; border-color: #ffffff;\" valign=\"top\">\n<h2><\/h2>\n<hr \/>\n<h3>Conf\u00e9renciers pl\u00e9niers du jeudi<\/h3>\n<table>\n<tbody>\n<tr>\n<td><img loading=\"lazy\" decoding=\"async\" class=\"wp-image-11630 size-thumbnail aligncenter\" src=\"https:\/\/cap.ca\/wp-content\/uploads\/2019\/01\/Cora_Dvorkin-150x150.jpg\" alt=\"\" width=\"150\" height=\"150\" srcset=\"https:\/\/cap.ca\/wp-content\/uploads\/2019\/01\/Cora_Dvorkin-150x150.jpg 150w, https:\/\/cap.ca\/wp-content\/uploads\/2019\/01\/Cora_Dvorkin-125x125.jpg 125w\" sizes=\"auto, (max-width: 150px) 100vw, 150px\" \/><\/td>\n<td><a href=\"https:\/\/cap.ca\/fr\/congres-de-lacp\/congres-lacp-2019\/liste-des-conferenciers-pleniers-2019\/#dvorkin\"><strong>Jeudi 6 juin, 08h30<\/strong><\/a><\/p>\n<p><strong><a href=\"https:\/\/cap.ca\/fr\/congres-de-lacp\/congres-lacp-2019\/liste-des-conferenciers-pleniers-2019\/#dvorkin\">Prof.\u00a0Cora Dvorkin<\/a>,\u00a0<\/strong><strong>Harvard<br \/>\n<\/strong><\/td>\n<\/tr>\n<tr>\n<td><img loading=\"lazy\" decoding=\"async\" class=\"wp-image-12973 size-thumbnail aligncenter\" src=\"https:\/\/cap.ca\/wp-content\/uploads\/2019\/05\/Scott-Oser-145x150.jpg\" alt=\"\" width=\"145\" height=\"150\" \/><\/td>\n<td>\n<div class=\"wpb_wrapper\">\n<div class=\"wpb_text_column wpb_content_element \">\n<div class=\"wpb_wrapper\">\n<div class=\"wpb_wrapper\"><strong><a href=\"https:\/\/cap.ca\/fr\/congres-de-lacp\/congres-lacp-2019\/liste-des-conferenciers-pleniers-2019\/\">Jeudi 6 juin, 9h15<\/a><\/strong><\/div>\n<div class=\"wpb_wrapper\"><\/div>\n<div class=\"wpb_wrapper\"><strong><a href=\"https:\/\/cap.ca\/fr\/congres-de-lacp\/congres-lacp-2019\/liste-des-conferenciers-pleniers-2019\/#Oser\">Dr. Scott Oser<\/a>,\u00a0<\/strong><strong>University of British Columbia<\/strong><\/div>\n<\/div>\n<\/div>\n<\/div>\n<div class=\"wpb_wrapper\"><\/div>\n<\/td>\n<\/tr>\n<tr>\n<td><img loading=\"lazy\" decoding=\"async\" class=\"wp-image-12970 size-full aligncenter\" src=\"https:\/\/cap.ca\/wp-content\/uploads\/2019\/05\/Juame-Gomis.jpg\" alt=\"\" width=\"123\" height=\"138\" \/><\/td>\n<td>\n<div class=\"wpb_wrapper\">\n<div class=\"wpb_text_column wpb_content_element \">\n<div class=\"wpb_wrapper\">\n<div class=\"wpb_wrapper\"><strong><a href=\"https:\/\/cap.ca\/fr\/congres-de-lacp\/congres-lacp-2019\/liste-des-conferenciers-pleniers-2019\/\">Jeudi 6 juin, 9h45<\/a><\/strong><\/div>\n<div class=\"wpb_wrapper\"><\/div>\n<\/div>\n<\/div>\n<\/div>\n<div class=\"wpb_wrapper\">\n<div class=\"wpb_text_column wpb_content_element \">\n<div class=\"wpb_wrapper\">\n<div class=\"wpb_wrapper\"><strong><a href=\"https:\/\/cap.ca\/fr\/congres-de-lacp\/congres-lacp-2019\/liste-des-conferenciers-pleniers-2019\/#Gomis\">Dr. Jaume Gomis<\/a>,\u00a0<\/strong><strong>Perimeter Institute for Theoretical Physics\u00a0<\/strong><\/div>\n<\/div>\n<\/div>\n<\/div>\n<\/td>\n<\/tr>\n<tr>\n<td><img loading=\"lazy\" decoding=\"async\" class=\"size-thumbnail wp-image-11655 aligncenter\" src=\"https:\/\/cap.ca\/wp-content\/uploads\/2019\/01\/Andrew-Weaver-150x150.jpg\" alt=\"\" width=\"150\" height=\"150\" srcset=\"https:\/\/cap.ca\/wp-content\/uploads\/2019\/01\/Andrew-Weaver-150x150.jpg 150w, https:\/\/cap.ca\/wp-content\/uploads\/2019\/01\/Andrew-Weaver-125x125.jpg 125w\" sizes=\"auto, (max-width: 150px) 100vw, 150px\" \/><\/td>\n<td><a href=\"https:\/\/cap.ca\/fr\/congres-de-lacp\/congres-lacp-2019\/liste-des-conferenciers-pleniers-2019\/\"><strong>Jeudi 6 juin, 17h15<\/strong><\/a><\/p>\n<p><strong><a href=\"https:\/\/cap.ca\/fr\/congres-de-lacp\/congres-lacp-2019\/liste-des-conferenciers-pleniers-2019\/\">Dr. Andrew Weaver<\/a>,\u00a0<\/strong><strong>Green Party (BC),\u00a0<\/strong><strong>University of Victoria<\/strong><\/td>\n<\/tr>\n<\/tbody>\n<\/table>\n<\/td>\n<\/tr>\n<\/tbody>\n<\/table>\n<table border=\"2\">\n<tbody>\n<tr>\n<td><span style=\"font-size: 14pt;\"><strong><span style=\"color: #ff0000;\">L&#8217;inscription au Congr\u00e8s 2019 est maintenant ouvert.<br \/>\nLes tarifs\u00a0reduit<em>\u00a0se terminent 23h59 HEP lundi le 27 mai.<\/em><\/span><\/strong><\/span><br \/>\n<span style=\"font-size: 14pt;\"><strong><span style=\"color: #ff0000;\">Cliquez sur le lien \u00e0 gauche &#8221; Inscrire maintenant &#8221; pour vous inscrire.<\/span><\/strong><\/span><span style=\"color: #000000; font-size: 14pt;\"><span style=\"color: #ff0000;\"><strong>Avant de vous inscrire<\/strong><\/span>, jetez un coup d\u2019\u0153il \u00e0 la page <a href=\"https:\/\/cap.ca\/fr\/congres-de-lacp\/congres-lacp-2019\/inscrire\/conseils-2019\/\"><span style=\"text-decoration: underline;\"><strong>Conseils pour l&#8217;inscriptions au Congr\u00e8s<\/strong> <strong>de l&#8217;ACP<\/strong><\/span><\/a>\u00a0pour vous aider \u00e0 profiter des remises anticip\u00e9es et \u00e9viter les retards (par exemple, devenez membre pour b\u00e9n\u00e9ficier <span style=\"text-decoration: underline;\"><strong><a href=\"https:\/\/cap.ca\/fr\/congres-de-lacp\/congres-lacp-2019\/inscrire\/frais-dinscription-2019\/\" target=\"_blank\" rel=\"noopener noreferrer\">des frais d\u2019inscriptions<\/a><\/strong><\/span> r\u00e9duits, r\u00e9servez vos h\u00e9bergements d\u00e8s maintenant).<\/span><br \/>\n<strong><a id=\"Changes\"><\/a><span style=\"font-size: 14pt;\">Changements au programme &#8211; jeudi le 6 juin et vendredi le 7 juin<\/span><br \/>\n<\/strong><span style=\"font-size: 10pt;\"><strong><em>Please note the following changes to speaker, contribution, timing, or room assignments from those published in the official printed program received before 3:00 p.m. on May 31, 2019<\/em><\/strong><em>.\u00a0<\/em><\/span><span style=\"font-size: 10pt;\"><em>Poster Numbers and details will be visible on Indico.<\/em><\/span><\/p>\n<p><strong><span style=\"font-size: 10pt;\"><em>Any additional changes, received after May 31, will be posted at the CAP Registration desk daily. These and any other corrections or changes to abstracts or session chairs have, and will continue to be updated on the Indico website, available at:\u00a0<\/em><a href=\"https:\/\/indico.cern.ch\/e\/cap2019\"><em>https:\/\/indico.cern.ch\/e\/cap2019<br \/>\n<\/em><\/a><\/span><br \/>\n<\/strong><\/p>\n<h2><span style=\"font-size: 14pt;\"><strong>Thurday, June 6 | jeudi 6 juin<\/strong><\/span><\/h2>\n<table style=\"width: 679px;\">\n<tbody>\n<tr>\n<td style=\"width: 133px;\"><span style=\"font-size: 10pt;\"><strong>Time\/Session<\/strong><\/span><\/td>\n<td style=\"width: 204px;\"><span style=\"font-size: 10pt;\"><strong>Speaker\/Contribution<\/strong><\/span><\/td>\n<td style=\"width: 90px;\"><span style=\"font-size: 10pt;\"><strong>Room<\/strong><\/span><\/td>\n<td style=\"width: 136px;\"><span style=\"font-size: 10pt;\"><strong>Change from published<\/strong><\/span><\/td>\n<td style=\"width: 115px;\"><span style=\"font-size: 10pt;\"><strong>Pg. # in program<\/strong><\/span><\/td>\n<\/tr>\n<tr>\n<td style=\"width: 133px;\"><span style=\"font-size: 10pt;\"><strong>13:45 \u2013 14:00<br \/>\n<\/strong><em>R2-10:\u00a0 Neutrinos and more<\/em><\/span><\/td>\n<td style=\"width: 204px;\"><span style=\"font-size: 10pt;\">Patrick de Perio<\/span><br \/>\n<span style=\"font-size: 10pt;\"><em>Water Cherenkov Detector Calibration for Super-Kamiokande and Hyper-Kamiokande<\/em><\/span><\/td>\n<td style=\"width: 90px;\"><span style=\"font-size: 10pt;\">DAC FT II<\/span><\/p>\n<p>&nbsp;<\/td>\n<td style=\"width: 136px;\"><span style=\"font-size: 10pt;\">Withdrawn<\/span><\/td>\n<td style=\"width: 115px;\"><span style=\"font-size: 10pt;\">Pg. 48<\/span><\/td>\n<\/tr>\n<tr>\n<td style=\"width: 133px;\"><span style=\"font-size: 10pt;\"><strong>13:45 \u2013 14:00<br \/>\n<\/strong><em>R2-10:\u00a0 Neutrinos and more<\/em><\/span><\/td>\n<td style=\"width: 204px;\"><span style=\"font-size: 10pt;\">Matej Pavin<\/span><br \/>\n<span style=\"font-size: 10pt;\"><em>Measurements of proton-carbon duifferential cross-sections at 20, 30, and 120 GeV\/c in EMPHATIC experiment<\/em><\/span><\/td>\n<td style=\"width: 90px;\"><span style=\"font-size: 10pt;\">DAC FT II<\/span><\/td>\n<td style=\"width: 136px;\"><span style=\"font-size: 10pt;\">Added<\/span><\/td>\n<td style=\"width: 115px;\"><span style=\"font-size: 10pt;\">Pg. 48<\/span><\/td>\n<\/tr>\n<\/tbody>\n<\/table>\n<p><strong>\u00a0<\/strong><\/p>\n<h2><span style=\"font-size: 14pt;\"><strong>Friday, June 7 | vendredi 7 juin<\/strong><\/span><\/h2>\n<table style=\"width: 681px;\">\n<tbody>\n<tr>\n<td style=\"width: 129px;\"><span style=\"font-size: 10pt;\"><strong>Time\/Session<\/strong><\/span><\/td>\n<td style=\"width: 194px;\"><span style=\"font-size: 10pt;\"><strong>Speaker\/Contribution<\/strong><\/span><\/td>\n<td style=\"width: 109px;\"><span style=\"font-size: 10pt;\"><strong>Room<\/strong><\/span><\/td>\n<td style=\"width: 128px;\"><span style=\"font-size: 10pt;\"><strong>Change from published<\/strong><\/span><\/td>\n<td style=\"width: 120px;\"><span style=\"font-size: 10pt;\"><strong>Pg. # in program<\/strong><\/span><\/td>\n<\/tr>\n<tr>\n<td style=\"width: 129px;\"><span style=\"font-size: 10pt;\"><strong>09:00 \u2013 12:00<br \/>\n<\/strong><em>IPP AGM<\/em><\/span><\/td>\n<td style=\"width: 194px;\"><span style=\"font-size: 10pt;\">Mike Roney (convenor)<\/span><\/td>\n<td style=\"width: 109px;\"><span style=\"font-size: 10pt;\">SCC 9002<\/span><\/td>\n<td style=\"width: 128px;\"><span style=\"font-size: 10pt;\">Room correction\u00a0<\/span><\/td>\n<td style=\"width: 120px;\"><span style=\"font-size: 13.3333px;\">Pg. 16<\/span><\/td>\n<\/tr>\n<tr>\n<td style=\"width: 129px;\"><span style=\"font-size: 10pt;\"><strong>13:00 \u2013 15:00<br \/>\n<\/strong><em>PPD Meeting on Detectors for<\/em>\u00a0<em>Astroparticle Physics | R\u00e9union de PPD sur les d\u00e9tecteurs pour la physique des astroparticules<\/em><\/span><\/td>\n<td style=\"width: 194px;\"><span style=\"font-size: 10pt;\">David Morrissey \/ Fabrice Retiere<\/span><\/td>\n<td style=\"width: 109px;\"><span style=\"font-size: 10pt;\">AQ 3003<\/span><\/td>\n<td style=\"width: 128px;\"><span style=\"font-size: 10pt;\">Added to Congress Schedule<\/span><\/td>\n<td style=\"width: 120px;\"><span style=\"font-size: 10pt;\">Pg. 16<\/span><\/td>\n<\/tr>\n<\/tbody>\n<\/table>\n<p>&nbsp;<\/p>\n<table>\n<thead>\n<tr>\n<th>\n<table>\n<thead>\n<tr>\n<th><span style=\"font-weight: 400;\">Fichier attach\u00e9<\/span><\/th>\n<\/tr>\n<\/thead>\n<\/table>\n<\/th>\n<th><span style=\"font-weight: 400;\">Taille<\/span><\/th>\n<\/tr>\n<\/thead>\n<tbody>\n<tr>\n<td><a href=\"https:\/\/cap.ca\/wp-content\/uploads\/2018\/07\/2019-CAP-Congress-poster-11x17.pdf\"><span style=\"color: #444444;\">2019-cap-congress-poster-17&#215;11.pdf<\/span><\/a><\/td>\n<td>60 MB<\/td>\n<\/tr>\n<\/tbody>\n<\/table>\n<\/td>\n<\/tr>\n<\/tbody>\n<\/table>\n<p>&nbsp;<\/p>\n","protected":false},"excerpt":{"rendered":"<p>2019 Student Oral Competition Division Finalists (NB: DCMMP to be published Thursday a.m.)\u00a0 Click here 2019 Student Poster Competition Division Finalists &#8211; Click here Changements au programme &#8211;\u00a0jeudi et vendredi (Cliquez ici pour voir la liste de tous les changements apport\u00e9s au programme) Ann\u00e9e:: 2019 Date: 3 juin 2019 &#8211; 7 juin 2019 Venue: Simon&#8230;  <a class=\"excerpt-read-more\" href=\"https:\/\/cap.ca\/fr\/congres-de-lacp\/congres-anterieurs\/congres-lacp-2019\/\" title=\"LireCongr\u00e8s l&#8217;ACP 2019 &#8211; Simon Fraser University (Burnaby, C-B)\">Lire la suite &raquo;<\/a><\/p>\n","protected":false},"author":9,"featured_media":0,"parent":3253,"menu_order":89,"comment_status":"closed","ping_status":"closed","template":"","meta":{"footnotes":""},"class_list":["post-8943","page","type-page","status-publish","hentry"],"_links":{"self":[{"href":"https:\/\/cap.ca\/fr\/wp-json\/wp\/v2\/pages\/8943","targetHints":{"allow":["GET"]}}],"collection":[{"href":"https:\/\/cap.ca\/fr\/wp-json\/wp\/v2\/pages"}],"about":[{"href":"https:\/\/cap.ca\/fr\/wp-json\/wp\/v2\/types\/page"}],"author":[{"embeddable":true,"href":"https:\/\/cap.ca\/fr\/wp-json\/wp\/v2\/users\/9"}],"replies":[{"embeddable":true,"href":"https:\/\/cap.ca\/fr\/wp-json\/wp\/v2\/comments?post=8943"}],"version-history":[{"count":65,"href":"https:\/\/cap.ca\/fr\/wp-json\/wp\/v2\/pages\/8943\/revisions"}],"predecessor-version":[{"id":13700,"href":"https:\/\/cap.ca\/fr\/wp-json\/wp\/v2\/pages\/8943\/revisions\/13700"}],"up":[{"embeddable":true,"href":"https:\/\/cap.ca\/fr\/wp-json\/wp\/v2\/pages\/3253"}],"wp:attachment":[{"href":"https:\/\/cap.ca\/fr\/wp-json\/wp\/v2\/media?parent=8943"}],"curies":[{"name":"wp","href":"https:\/\/api.w.org\/{rel}","templated":true}]}}