{"id":8856,"date":"2017-12-13T10:16:43","date_gmt":"2017-12-13T15:16:43","guid":{"rendered":"https:\/\/cap.ca\/?page_id=8856\/"},"modified":"2018-04-13T14:28:45","modified_gmt":"2018-04-13T18:28:45","slug":"instructions-pour-les-presentations-orales","status":"publish","type":"page","link":"https:\/\/cap.ca\/fr\/congres-de-lacp\/congres-anterieurs\/congres-2018\/instructions-pour-les-presentations-orales\/","title":{"rendered":"Instructions pour les pr\u00e9sentations orales"},"content":{"rendered":"<div class=\"wpb-content-wrapper\"><p>[vc_row][vc_column][vc_column_text]<\/p>\n<div id=\"content-wrapper\">\n<div id=\"content\">\n<div id=\"content-inner\">\n<div id=\"content-content\">\n<div id=\"node-3644\" class=\"node odd full-node node-type-page\">\n<div class=\"content\">\n<div class=\"content\">\n<p><strong>DUR\u00c9E DE LA PR\u00c9SENTATION<\/strong><\/p>\n<p>Pr\u00e9sentation offerte : 15 minutes incluant une p\u00e9riode de questions de trois minutes<\/p>\n<p>Pr\u00e9sentation invit\u00e9e : 30 minutes incluant une p\u00e9riode de questions de cinq minutes<\/p>\n<p>Il est important de respecter le temps allou\u00e9 afin que la session se d\u00e9roule bien et se termine \u00e0 temps.<\/p>\n<p><strong>\u00c9quipement AV des salles de conf\u00e9rence<\/strong><\/p>\n<p>Toutes les salles des sessions techniques sont \u00e9quip\u00e9es de r\u00e9troprojecteurs, d&#8217;un projecteur vid\u00e9o, d\u2019\u00e9crans manuels et \u00e9lectriques, d\u2019acc\u00e8s \u00e0 l\u2019internet et d&#8217;un ordinateur Windows XP. Une assistance technique sera disponible via les interphones, les assistants techniques ou au comptoir des inscriptions et informations.<\/p>\n<p>Nous demandons aux orateurs de convertir leur pr\u00e9sentation en format PDF ou PowerPoint et de la t\u00e9l\u00e9charger sur le site Web du programme du Congr\u00e8s au moins une journ\u00e9e \u00e0 l\u2019avance (voir les directives plus bas). Une copie de secours de la pr\u00e9sentation en format PDF peut aussi \u00eatre apport\u00e9e sur une cl\u00e9 USB et install\u00e9e sur l\u2019ordinateur 30 minutes avant le d\u00e9but de la session. Nous recommandons fortement aux orateurs de ne pas utiliser leur ordinateur personnel. Ceux qui utiliseront malgr\u00e9 tout leur ordinateur personnel courent le risque de voir leur pr\u00e9sentation raccourcie en cas de difficult\u00e9s techniques afin de maintenir l\u2019horaire strict des sessions parall\u00e8les. (Les utilisateurs d\u2019ordinateurs Apple doivent fournir leur propre adaptateur VGA.)<\/p>\n<p>En vue de bien respecter l&#8217;horaire, nous vous encourageons \u00e0 arriver au moins 15 minutes \u00e0 l\u2019avance \u00e0 votre s\u00e9ance et \u00e0 tester et chronom\u00e9trer votre pr\u00e9sentation. Vous aurez acc\u00e8s \u00e0 du soutien gr\u00e2ce \u00e0 un \u00e9tudiant b\u00e9n\u00e9vole dans la salle..<\/p>\n<p><strong>Pour t\u00e9l\u00e9verser votre pr\u00e9sentation sur le site du programme du congr\u00e8s<\/strong><\/p>\n<p>&#8211; Rendez-vous sur le site du programme du Congr\u00e8s au :<a href=\"http:\/\/indico.cern.ch\/e\/CAP2017\">http:\/\/indico.cern.ch\/e\/CAP2018<\/a> .<\/p>\n<p>&#8211; Connectez-vous \u00e0 votre compte.<\/p>\n<p>&#8211; Cliquez sur \u00ab My Contributions \u00ad\u00bb sous le lien \u00ab My Conference \u00bb, sur la gauche.<\/p>\n<p>&#8211; Une fois dans la f\u00eanetre \u00ab My Contributions \u00ad\u00bb, cliquez sur le titre d&#8217;une pr\u00e9sentation.<\/p>\n<p>&#8211; Pout soumettre un fichier, cliquez sur l&#8217;icone crayon \u00e0 c\u00f4t\u00e9 de \u00ab PresentatIons Material \u00ad\u00bb. Une f\u00eanetre de<\/p>\n<p>dialogue s&#8217;ouvrira.<\/p>\n<p>&#8211; Cliquez sur \u00ab Upload files \u00ad\u00bb, et suivez les instructions.<\/p>\n<p>&#8211; Votre fichier apparaitre dans la f\u00eanetre \u00ab Contribution details \u00ad\u00bb et sera acessible via l&#8217;horaire de la session.<\/p>\n<p><strong>LES COMP\u00c9TITEURS POUR LA MEILLEURE PR\u00c9SENTATION ORALE \u00c9TUDIANTE<\/strong><\/p>\n<p>Tous les expos\u00e9s des comp\u00e9titeurs pour la meilleure pr\u00e9sentation orale seront d\u2019abord pr\u00e9sent\u00e9s lors d\u2019une s\u00e9ance technique parall\u00e8le qui se tiendra, comme pr\u00e9vu, entre 11 h 00 lundi matin \u00e0 14 h 45 mercredi apr\u00e8s-midi. Les gagnants des comp\u00e9titions divisionnaires de pr\u00e9sentations orales et d\u2019affiches ainsi que la s\u00e9lection des 8 finalistes pour la s\u00e9ance finale de la comp\u00e9tition orale du jeudi apr\u00e8s-midi seront annonc\u00e9s au bureau de l\u2019ACP situ\u00e9 dans le secteur du comptoir d\u2019inscription et sur le site web du congr\u00e8s en fin de journ\u00e9e le mercredi 13 juin.<\/p>\n<\/div>\n<\/div>\n<\/div>\n<\/div>\n<\/div>\n<\/div>\n<\/div>\n<p>[\/vc_column_text][\/vc_column][\/vc_row]<\/p>\n<\/div>","protected":false},"excerpt":{"rendered":"<p>[vc_row][vc_column][vc_column_text] DUR\u00c9E DE LA PR\u00c9SENTATION Pr\u00e9sentation offerte : 15 minutes incluant une p\u00e9riode de questions de trois minutes Pr\u00e9sentation invit\u00e9e : 30 minutes incluant une p\u00e9riode de questions de cinq minutes Il est important de respecter le temps allou\u00e9 afin que la session se d\u00e9roule bien et se termine \u00e0 temps. \u00c9quipement AV des salles&#8230;  <a class=\"excerpt-read-more\" href=\"https:\/\/cap.ca\/fr\/congres-de-lacp\/congres-anterieurs\/congres-2018\/instructions-pour-les-presentations-orales\/\" title=\"LireInstructions pour les pr\u00e9sentations orales\">Lire la suite &raquo;<\/a><\/p>\n","protected":false},"author":9,"featured_media":0,"parent":3265,"menu_order":174,"comment_status":"closed","ping_status":"closed","template":"","meta":{"footnotes":""},"class_list":["post-8856","page","type-page","status-publish","hentry"],"_links":{"self":[{"href":"https:\/\/cap.ca\/fr\/wp-json\/wp\/v2\/pages\/8856","targetHints":{"allow":["GET"]}}],"collection":[{"href":"https:\/\/cap.ca\/fr\/wp-json\/wp\/v2\/pages"}],"about":[{"href":"https:\/\/cap.ca\/fr\/wp-json\/wp\/v2\/types\/page"}],"author":[{"embeddable":true,"href":"https:\/\/cap.ca\/fr\/wp-json\/wp\/v2\/users\/9"}],"replies":[{"embeddable":true,"href":"https:\/\/cap.ca\/fr\/wp-json\/wp\/v2\/comments?post=8856"}],"version-history":[{"count":2,"href":"https:\/\/cap.ca\/fr\/wp-json\/wp\/v2\/pages\/8856\/revisions"}],"predecessor-version":[{"id":8883,"href":"https:\/\/cap.ca\/fr\/wp-json\/wp\/v2\/pages\/8856\/revisions\/8883"}],"up":[{"embeddable":true,"href":"https:\/\/cap.ca\/fr\/wp-json\/wp\/v2\/pages\/3265"}],"wp:attachment":[{"href":"https:\/\/cap.ca\/fr\/wp-json\/wp\/v2\/media?parent=8856"}],"curies":[{"name":"wp","href":"https:\/\/api.w.org\/{rel}","templated":true}]}}