{"id":8610,"date":"2017-10-27T15:26:15","date_gmt":"2017-10-27T19:26:15","guid":{"rendered":"https:\/\/cap.ca\/?page_id=8610\/"},"modified":"2019-10-17T11:36:58","modified_gmt":"2019-10-17T15:36:58","slug":"cotisations-des-membres-departementaux-2020","status":"publish","type":"page","link":"https:\/\/cap.ca\/fr\/cotisations-des-membres-departementaux-2020\/","title":{"rendered":"Cotisations des membres d\u00e9partementaux (2020)"},"content":{"rendered":"<p>Nos frais d&#8217;adh\u00e9sion refl\u00e8tent la taille des universit\u00e9s et coll\u00e8ges canadiens et l&#8217;\u00e9tendue de leurs programmes<\/p>\n<p><strong>Frais pour l&#8217;ann\u00e9e 2020 (avant TPS\/TVH):<\/strong><\/p>\n<table cellspacing=\"1\" cellpadding=\"1\">\n<tbody>\n<tr>\n<td>D\u00e9partements offrant des programmes d&#8217;\u00e9tudes sup\u00e9rieures<\/td>\n<td>532.00\u00a0$<\/td>\n<\/tr>\n<tr>\n<td>D\u00e9partements offrants des programmes de premier cycle<\/td>\n<td>322.00 $<\/td>\n<\/tr>\n<tr>\n<td>L&#8217;enseignement de la physique au niveau coll\u00e9gial<\/td>\n<td>213.00 $<\/td>\n<\/tr>\n<tr>\n<td>Tous les autres programmes li\u00e9s \u00e0 la physique.<\/td>\n<td>107.00 $<\/td>\n<\/tr>\n<\/tbody>\n<\/table>\n","protected":false},"excerpt":{"rendered":"<p>Nos frais d&#8217;adh\u00e9sion refl\u00e8tent la taille des universit\u00e9s et coll\u00e8ges canadiens et l&#8217;\u00e9tendue de leurs programmes Frais pour l&#8217;ann\u00e9e 2020 (avant TPS\/TVH): D\u00e9partements offrant des programmes d&#8217;\u00e9tudes sup\u00e9rieures 532.00\u00a0$ D\u00e9partements offrants des programmes de premier cycle 322.00 $ L&#8217;enseignement de la physique au niveau coll\u00e9gial 213.00 $ Tous les autres programmes li\u00e9s \u00e0 la physique&#8230;.  <a class=\"excerpt-read-more\" href=\"https:\/\/cap.ca\/fr\/cotisations-des-membres-departementaux-2020\/\" title=\"LireCotisations des membres d\u00e9partementaux (2020)\">Lire la suite &raquo;<\/a><\/p>\n","protected":false},"author":5,"featured_media":0,"parent":0,"menu_order":258,"comment_status":"closed","ping_status":"closed","template":"","meta":{"footnotes":""},"class_list":["post-8610","page","type-page","status-publish","hentry"],"_links":{"self":[{"href":"https:\/\/cap.ca\/fr\/wp-json\/wp\/v2\/pages\/8610","targetHints":{"allow":["GET"]}}],"collection":[{"href":"https:\/\/cap.ca\/fr\/wp-json\/wp\/v2\/pages"}],"about":[{"href":"https:\/\/cap.ca\/fr\/wp-json\/wp\/v2\/types\/page"}],"author":[{"embeddable":true,"href":"https:\/\/cap.ca\/fr\/wp-json\/wp\/v2\/users\/5"}],"replies":[{"embeddable":true,"href":"https:\/\/cap.ca\/fr\/wp-json\/wp\/v2\/comments?post=8610"}],"version-history":[{"count":6,"href":"https:\/\/cap.ca\/fr\/wp-json\/wp\/v2\/pages\/8610\/revisions"}],"predecessor-version":[{"id":14258,"href":"https:\/\/cap.ca\/fr\/wp-json\/wp\/v2\/pages\/8610\/revisions\/14258"}],"wp:attachment":[{"href":"https:\/\/cap.ca\/fr\/wp-json\/wp\/v2\/media?parent=8610"}],"curies":[{"name":"wp","href":"https:\/\/api.w.org\/{rel}","templated":true}]}}