{"id":8604,"date":"2017-10-27T15:21:04","date_gmt":"2017-10-27T19:21:04","guid":{"rendered":"https:\/\/cap.ca\/?page_id=8604\/"},"modified":"2020-10-22T15:31:38","modified_gmt":"2020-10-22T19:31:38","slug":"cotisations-individuelles-non-resident-2020","status":"publish","type":"page","link":"https:\/\/cap.ca\/fr\/cotisations-individuelles-non-resident-2020\/","title":{"rendered":"Frais d\u2019adh\u00e9sion 2020 \u2013 Non-R\u00e9sidents du Canada"},"content":{"rendered":"<p><strong>(Les frais sont en vigueur pour les adh\u00e9sions commen\u00e7ant entre le 1er jan. et le 31 d\u00e9c. 2020)<\/strong><\/p>\n<p><em>Tous les montants sont en dollars canadiens, excluants les taxes<\/em><\/p>\n<table>\n<tbody>\n<tr>\n<td>Membre titulaire: R\u00e9gulier (r\u00e9side \u00e0 l&#8217;ext\u00e9rieur du Canada mais travaille au Canada)<\/td>\n<td>209.50 $<\/td>\n<\/tr>\n<tr>\n<td>Membre titulaire:\u00a0R\u00e9gulier (r\u00e9side\u00a0 et travaille \u00e0 l&#8217;ext\u00e9rieur du Canada)<\/td>\n<td>111.50 $<\/td>\n<\/tr>\n<tr>\n<td>Membre titulaire: Dipl\u00f4m\u00e9 r\u00e9cent (depuis\u00a04 ans ou moins)<\/td>\n<td>104.50\u00a0$<\/td>\n<\/tr>\n<tr>\n<td>Membre titulaire: Retrait\u00e9<\/td>\n<td>65.50 $<\/td>\n<\/tr>\n<tr>\n<td>Membre titulaire: Enseignant (au niveau secondaire ou coll\u00e9gial)<\/td>\n<td>40.00 $<\/td>\n<\/tr>\n<tr>\n<td>Membre titulaire: \u00c9tudiant de cycles sup\u00e9rieurs (au-del\u00e0 de la 1re ann\u00e9e d&#8217;adh\u00e9sion \u00e0 l&#8217;ACP\/si vous <em>n&#8217;\u00e9tiez<\/em> pas \u00e9tudiant de 1er cycle au Canada)<\/td>\n<td>54.50 $<\/td>\n<\/tr>\n<tr>\n<td>Membre titulaire: \u00c9tudiant de cycles sup\u00e9rieurs (1\u00e8re ann\u00e9e d&#8217;adh\u00e9sion \u00e0 l&#8217;ACP et si vous avez <em>\u00e9t\u00e9<\/em>\u00a0\u00e9tudiant de premier cycle au Canada)<\/td>\n<td>GRATUIT<\/td>\n<\/tr>\n<tr>\n<td>Affili\u00e9: \u00c9tudiant de premier cycle (avec abonnement \u00e0\u00a0<em>La Physique au Canada<\/em>)<\/td>\n<td>31.00 $<\/td>\n<\/tr>\n<tr>\n<td>Affili\u00e9: R\u00e9gulier (pas de baccalaur\u00e9at en physique)<\/td>\n<td>111.50 $<\/td>\n<\/tr>\n<tr>\n<td>Affili\u00e9: Dipl\u00f4m\u00e9 r\u00e9cent (depuis 4 ans ou moins)<\/td>\n<td>\u00a0104.50 $<\/td>\n<\/tr>\n<tr>\n<td><\/td>\n<\/tr>\n<tr>\n<td>MEMBRE DE SOUTIEN &#8211; FRAIS SUPPL\u00c9MENTAIRES<\/td>\n<td>100.00 $<\/td>\n<\/tr>\n<\/tbody>\n<\/table>\n<h3>Cotisation des divisions (frais suppl\u00e9mentaires)<\/h3>\n<p><em>(Gratuit pour les \u00e9tudiants et les enseignants de c\u00e9gep ou d&#8217;\u00e9cole secondaire)<\/em><\/p>\n<table cellspacing=\"1\" cellpadding=\"1\">\n<tbody>\n<tr>\n<td>UGC &#8211; Union g\u00e9ophysique canadienne &#8211; Membre titulaire r\u00e9gulier<\/td>\n<td>$45.00<\/td>\n<\/tr>\n<tr>\n<td>UGC &#8211; Union g\u00e9ophysique canadienne &#8211; Membre \u00e9tudiant<\/td>\n<td>$20.00<\/td>\n<\/tr>\n<tr>\n<td>CEFEP &#8211; Comit\u00e9 pour encourager les femmes en physique<\/td>\n<td>$10.00<\/td>\n<\/tr>\n<tr>\n<td>DPAE &#8211; Division de physique atmosph\u00e9rique et de l&#8217;espace<\/td>\n<td>$10.00<\/td>\n<\/tr>\n<tr>\n<td>DPAMPC &#8211; Division de la physique atomique, mol\u00e9culaire et photonique, Canada<\/td>\n<td>$10.00<\/td>\n<\/tr>\n<tr>\n<td>DPMCM &#8211; Division de physique de la mati\u00e8re condens\u00e9e et mat\u00e9riaux<\/td>\n<td>$12.00<\/td>\n<\/tr>\n<tr>\n<td>DHP &#8211; Division de l&#8217;histoire de la physique<\/td>\n<td>$10.00<\/td>\n<\/tr>\n<tr>\n<td>DPAI &#8211; Division de la physique appliqu\u00e9e et de l&#8217; instrumentation<\/td>\n<td>$6.50<\/td>\n<\/tr>\n<tr>\n<td>DPMB &#8211; Division de la physique en m\u00e9decine et en biologie<\/td>\n<td>$15.00<\/td>\n<\/tr>\n<tr>\n<td>DPN &#8211; Division de physique nucl\u00e9aire<\/td>\n<td>$15.00<\/td>\n<\/tr>\n<tr>\n<td>PPD &#8211; Division de physique des particules<\/td>\n<td>$10.00<\/td>\n<\/tr>\n<tr>\n<td>DEP &#8211; Division de l&#8217;enseignement de la physique<\/td>\n<td>$10.00<\/td>\n<\/tr>\n<tr>\n<td>DPP &#8211; Division de physique des plasmas<\/td>\n<td>$9.00<\/td>\n<\/tr>\n<tr>\n<td>DSS &#8211; Division de la science des surfaces<\/td>\n<td>$8.00<\/td>\n<\/tr>\n<tr>\n<td>DPT &#8211; Division de physique th\u00e9orique<\/td>\n<td>$15.00<\/td>\n<\/tr>\n<\/tbody>\n<\/table>\n","protected":false},"excerpt":{"rendered":"<p>(Les frais sont en vigueur pour les adh\u00e9sions commen\u00e7ant entre le 1er jan. et le 31 d\u00e9c. 2020) Tous les montants sont en dollars canadiens, excluants les taxes Membre titulaire: R\u00e9gulier (r\u00e9side \u00e0 l&#8217;ext\u00e9rieur du Canada mais travaille au Canada) 209.50 $ Membre titulaire:\u00a0R\u00e9gulier (r\u00e9side\u00a0 et travaille \u00e0 l&#8217;ext\u00e9rieur du Canada) 111.50 $ Membre titulaire:&#8230;  <a class=\"excerpt-read-more\" href=\"https:\/\/cap.ca\/fr\/cotisations-individuelles-non-resident-2020\/\" title=\"LireFrais d\u2019adh\u00e9sion 2020 \u2013 Non-R\u00e9sidents du Canada\">Lire la suite &raquo;<\/a><\/p>\n","protected":false},"author":5,"featured_media":0,"parent":0,"menu_order":254,"comment_status":"closed","ping_status":"closed","template":"","meta":{"footnotes":""},"class_list":["post-8604","page","type-page","status-publish","hentry"],"_links":{"self":[{"href":"https:\/\/cap.ca\/fr\/wp-json\/wp\/v2\/pages\/8604","targetHints":{"allow":["GET"]}}],"collection":[{"href":"https:\/\/cap.ca\/fr\/wp-json\/wp\/v2\/pages"}],"about":[{"href":"https:\/\/cap.ca\/fr\/wp-json\/wp\/v2\/types\/page"}],"author":[{"embeddable":true,"href":"https:\/\/cap.ca\/fr\/wp-json\/wp\/v2\/users\/5"}],"replies":[{"embeddable":true,"href":"https:\/\/cap.ca\/fr\/wp-json\/wp\/v2\/comments?post=8604"}],"version-history":[{"count":17,"href":"https:\/\/cap.ca\/fr\/wp-json\/wp\/v2\/pages\/8604\/revisions"}],"predecessor-version":[{"id":16212,"href":"https:\/\/cap.ca\/fr\/wp-json\/wp\/v2\/pages\/8604\/revisions\/16212"}],"wp:attachment":[{"href":"https:\/\/cap.ca\/fr\/wp-json\/wp\/v2\/media?parent=8604"}],"curies":[{"name":"wp","href":"https:\/\/api.w.org\/{rel}","templated":true}]}}