{"id":8567,"date":"2017-10-25T09:50:35","date_gmt":"2017-10-25T13:50:35","guid":{"rendered":"https:\/\/cap.ca\/?page_id=8567\/"},"modified":"2019-09-04T12:55:16","modified_gmt":"2019-09-04T16:55:16","slug":"careers-and-employment","status":"publish","type":"page","link":"https:\/\/cap.ca\/fr\/activites\/careers-and-employment\/","title":{"rendered":"Carri\u00e8res et emploi"},"content":{"rendered":"<div class=\"wpb-content-wrapper\"><p>[vc_row 0=&#8221;&#8221;][vc_column][vc_column_text 0=&#8221;&#8221;]<\/p>\n<blockquote>\n<h2><a href=\"https:\/\/www.wired.com\/2017\/01\/move-coders-physicists-will-soon-rule-silicon-valley\/\">Nouvelle:<br \/>\nMove over coders, physicists will soon rule Silicon Valley<\/a><\/h2>\n<\/blockquote>\n<h3><strong>Une formation en physique peut assurer votre carri\u00e8re<\/strong><\/h3>\n<p>Une formation en physique dote les \u00e9tudiants d&#8217;une foule de comp\u00e9tences valables et souples qui ouvrent la porte \u00e0 une grande diversit\u00e9 de cheminements de carri\u00e8re tant dans les domaines traditionnels universitaires ou de recherche que dans l&#8217;industrie. En fait, la majorit\u00e9 des dipl\u00f4m\u00e9s en physique acc\u00e9deront \u00e0 des carri\u00e8res qu&#8217;ils n&#8217;auraient peut-\u00eatre jamais imagin\u00e9es pendant leurs \u00e9tudes. Malheureusement, contrairement aux autres professions, le titre de ces emplois non traditionnels comporte rarement le mot \u00ab physicien \u00bb, ce qui fait que notre profession contient un vaste groupe de \u00ab physiciens cach\u00e9s\u00a0\u00bb qui changent les choses dans le monde. Voyez l&#8217;affiche ci-apr\u00e8s &#8230; peux-tu \u00ab\u00a0trouver le physicien \u00bb?<\/p>\n<p>L&#8217;Association canadienne des physiciens et physiciennes (ACP) et la Fondation de l&#8217;ACP\u00a0se sont engag\u00e9es \u00e0 relever le profil de la profession de physicien. Nous voulons que tous les dipl\u00f4m\u00e9s en physique, ind\u00e9pendamment de l&#8217;endroit o\u00f9 les am\u00e8ne leur formation tout au long de leur carri\u00e8re, se pr\u00e9sentent fi\u00e8rement comme \u00ab\u00a0Physicien travaillant \u00e0 titre de &#8230;.\u00a0\u00bb. Nous voulons que nos jeunes, leurs parents et leurs enseignants reconnaissent qu&#8217;une formation en physique procure une solide base de comp\u00e9tences qui peuvent servir \u00e0 une foule de cheminements de carri\u00e8re. Les physiciens sont des employ\u00e9s fort recherch\u00e9s; beaucoup d&#8217;entreprises qui en ont embauch\u00e9 cherchent des dipl\u00f4m\u00e9s en physique si elles ont de nouveaux emplois \u00e0 offrir.<\/p>\n<div id=\"attachment_8495\" style=\"width: 160px\" class=\"wp-caption alignleft\"><a href=\"https:\/\/youtu.be\/KXQL5D9KRcc\" target=\"_blank\" rel=\"noopener noreferrer\"><img loading=\"lazy\" decoding=\"async\" aria-describedby=\"caption-attachment-8495\" class=\"wp-image-8495\" src=\"https:\/\/cap.ca\/wp-content\/uploads\/2017\/06\/Picture2-300x213.png\" alt=\"\" width=\"150\" height=\"107\" srcset=\"https:\/\/cap.ca\/wp-content\/uploads\/2017\/06\/Picture2-300x213.png 300w, https:\/\/cap.ca\/wp-content\/uploads\/2017\/06\/Picture2-768x546.png 768w, https:\/\/cap.ca\/wp-content\/uploads\/2017\/06\/Picture2-1024x727.png 1024w, https:\/\/cap.ca\/wp-content\/uploads\/2017\/06\/Picture2.png 1340w\" sizes=\"auto, (max-width: 150px) 100vw, 150px\" \/><\/a><p id=\"caption-attachment-8495\" class=\"wp-caption-text\">Les physicien(ne)s parmi nous<\/p><\/div>\n<p><img loading=\"lazy\" decoding=\"async\" class=\"size-medium wp-image-7610 alignright\" src=\"https:\/\/cap.ca\/wp-content\/uploads\/2017\/06\/2017CAP_Poster_Fr-203x300.jpg\" alt=\"\" width=\"203\" height=\"300\" \/>Nous vous invitons \u00e0 visiter la <a href=\"https:\/\/careers.cap.ca\/careers.html\"><strong>page Web des carri\u00e8res de l&#8217;ACP<\/strong><\/a> pour avoir de plus amples renseignements sur cette profession passionnante et sur les profils de physiciens de tous les niveaux de formation (BSc, MSc, doctorat) travaillant dans une vari\u00e9t\u00e9 de cheminements de carri\u00e8re. En mai 2017, nous avons lanc\u00e9 un programme\u00a0visant \u00e0 cr\u00e9er <a href=\"https:\/\/www.youtube.com\/channel\/UC2Jf3-T95wOWtRjUgtxmWfQ\"><strong>des vid\u00e9os d&#8217;entrevues<\/strong><\/a> d&#8217;une vari\u00e9t\u00e9 de physiciens dans diverses carri\u00e8res. Nous avons aussi cr\u00e9\u00e9 la premi\u00e8re d&#8217;une s\u00e9rie d&#8217;<strong>affiches sur les carri\u00e8res <\/strong>et l&#8217;avons distribu\u00e9e aux \u00e9coles secondaires de tout le Canada. Cliquez sur l&#8217;image de l&#8217;affiche pour voir et t\u00e9l\u00e9charger la premi\u00e8re de ces affiches.<\/p>\n<p style=\"text-center: left;\">.<strong>Voulez-vous appuyer ces efforts constants? Cliquez ici pour<\/strong>\u00a0 <a class=\"red-btn\" href=\"https:\/\/services.cap.ca\/CAP_payments\/donation\/NewContact.aspx\">faire un don<\/a><\/p>\n<h3><strong>Possibilit\u00e9s d\u2019emploi<\/strong><\/h3>\n<p>L&#8217;ACP a cr\u00e9\u00e9 un tableau d&#8217;affichage d\u2019emplois. Nous invitons les employeurs de l&#8217;ensemble du Canada qui ont des emplois pouvant \u00eatre combl\u00e9s par des dipl\u00f4m\u00e9s ou des \u00e9tudiants en physique, \u00e0 afficher sur notre site Web leurs renseignements concernant leurs offres d\u2019emplois. Pour voir la liste des emplois pr\u00e9sentement affich\u00e9s, <b>et pour acc\u00e9der au lien pour poster une annonce sur notre site<\/b>, veuillez visiter notre <a href=\"https:\/\/cap.ca\/fr\/activites\/ressources-etudiants-universitaires\/possibilites-demplois\/\"><strong>page Possibilit\u00e9s d\u2019emploi<\/strong><\/a>.[\/vc_column_text][\/vc_column][\/vc_row]<\/p>\n<\/div>","protected":false},"excerpt":{"rendered":"<p>[vc_row 0=&#8221;&#8221;][vc_column][vc_column_text 0=&#8221;&#8221;] Nouvelle: Move over coders, physicists will soon rule Silicon Valley Une formation en physique peut assurer votre carri\u00e8re Une formation en physique dote les \u00e9tudiants d&#8217;une foule de comp\u00e9tences valables et souples qui ouvrent la porte \u00e0 une grande diversit\u00e9 de cheminements de carri\u00e8re tant dans les domaines traditionnels universitaires ou de&#8230;  <a class=\"excerpt-read-more\" href=\"https:\/\/cap.ca\/fr\/activites\/careers-and-employment\/\" title=\"LireCarri\u00e8res et emploi\">Lire la suite &raquo;<\/a><\/p>\n","protected":false},"author":9,"featured_media":0,"parent":3277,"menu_order":100,"comment_status":"closed","ping_status":"closed","template":"","meta":{"footnotes":""},"class_list":["post-8567","page","type-page","status-publish","hentry"],"_links":{"self":[{"href":"https:\/\/cap.ca\/fr\/wp-json\/wp\/v2\/pages\/8567","targetHints":{"allow":["GET"]}}],"collection":[{"href":"https:\/\/cap.ca\/fr\/wp-json\/wp\/v2\/pages"}],"about":[{"href":"https:\/\/cap.ca\/fr\/wp-json\/wp\/v2\/types\/page"}],"author":[{"embeddable":true,"href":"https:\/\/cap.ca\/fr\/wp-json\/wp\/v2\/users\/9"}],"replies":[{"embeddable":true,"href":"https:\/\/cap.ca\/fr\/wp-json\/wp\/v2\/comments?post=8567"}],"version-history":[{"count":12,"href":"https:\/\/cap.ca\/fr\/wp-json\/wp\/v2\/pages\/8567\/revisions"}],"predecessor-version":[{"id":14042,"href":"https:\/\/cap.ca\/fr\/wp-json\/wp\/v2\/pages\/8567\/revisions\/14042"}],"up":[{"embeddable":true,"href":"https:\/\/cap.ca\/fr\/wp-json\/wp\/v2\/pages\/3277"}],"wp:attachment":[{"href":"https:\/\/cap.ca\/fr\/wp-json\/wp\/v2\/media?parent=8567"}],"curies":[{"name":"wp","href":"https:\/\/api.w.org\/{rel}","templated":true}]}}