{"id":8463,"date":"2017-10-18T14:51:18","date_gmt":"2017-10-18T18:51:18","guid":{"rendered":"https:\/\/cap.ca\/?page_id=8463\/"},"modified":"2017-10-19T12:17:21","modified_gmt":"2017-10-19T16:17:21","slug":"tournee-de-conferenciers-2018-coordonnateurs","status":"publish","type":"page","link":"https:\/\/cap.ca\/fr\/tournee-de-conferenciers-2018\/tournee-de-conferenciers-2018-coordonnateurs\/","title":{"rendered":"Tourn\u00e9e de conf\u00e9renciers 2018 \u2013 Coordonnateurs"},"content":{"rendered":"<header>\n<h1 class=\"page-title\"><span style=\"font-size: 12pt;\">La tourn\u00e9e est organis\u00e9e sur une base r\u00e9gionale. Les r\u00e9gions, les coordonnateurs et les d\u00e9partements membres du l\u2019ACP sont indiqu\u00e9s dans le tableau ci-dessous.<\/span><\/h1>\n<table width=\"709\">\n<tbody>\n<tr>\n<td width=\"357\">Coordonnateurs<\/td>\n<td width=\"352\">Universit\u00e9s participantes<\/td>\n<\/tr>\n<tr>\n<td width=\"357\">Nationale<br \/>\nShohini Ghose, Universit\u00e9 Wilfrid Laurier<br \/>\nT\u00e9l: 519-884-0710<br \/>\nCourriel: sghose@wlu.ca<\/td>\n<td width=\"352\">Tous les membres d\u00e9partementaux de l\u2019ACP. (Les d\u00e9partements qui souhaitent participer \u00e0 la tourn\u00e9e qui ne sont pas actuellement membres de l\u2019ACP sont encourag\u00e9s \u00e0 communiquer avec le bureau de l\u2019ACP pour une demande d\u2019adh\u00e9sion.)<\/td>\n<\/tr>\n<tr>\n<td width=\"357\">C.B. &amp; Alberta<br \/>\nSaurya Das, University of Lethbridge<br \/>\nT\u00e9l: 403-329-2689<br \/>\nCourriel:: saurya.das@uleth.ca<\/td>\n<td width=\"352\">U. Victoria, UBC, SFU, U. Northern BC, U. Fraser Valley, Okanagan College, Trinity Western U., U. Alberta, U. Calgary, U. Lethbridge, Thompson Rivers U., UBC Okanagan Campus, Kwantlen Polytechnic U.<\/td>\n<\/tr>\n<tr>\n<td width=\"357\">Eastern Prairies &amp; Lakehead<br \/>\nMichael Bradley, University de la Saskatchewan<br \/>\nT\u00e9l: 306-966-6399<br \/>\nCourriel: michael.bradley@usask.ca<\/td>\n<td width=\"352\">U. Saskatchewan, U. Regina, U. Brandon, U. Winnipeg, U. Manitoba, U. Lakehead<\/td>\n<\/tr>\n<tr>\n<td width=\"357\">Ontario \/ Sud-ouest<br \/>\nGordon Drake, University de Windsor<br \/>\nT\u00e9l: 519-253-4232, ext. 5041<br \/>\nCourriel: gdrake@uwindsor.ca<br \/>\nAssistant: Shaun Steven<br \/>\nCourriel: shaun@uwindsor.ca<\/td>\n<td width=\"352\">U. Windsor, U. Western Ont., U. Waterloo, Wilfrid Laurier U., U. Guelph, McMaster U., Brock U., U. Toronto, Ryerson U., York U., U. Ont. Inst. Tech., U. Toronto Mississauga<\/td>\n<\/tr>\n<tr>\n<td width=\"357\">Ontario Est\/ Qu\u00e9bec (anglais)<br \/>\nKevin Graham, Universit\u00e9 Carleton<br \/>\nT\u00e9l: 613-520-2600, ext. 4373<br \/>\nCourriel: kevin_graham@carleton.ca<\/td>\n<td width=\"352\">Trent U., Queen\u2019s U., Royal Military College, U. Ottawa, Carleton U., McGill U., Concordia U., Bishop\u2019s U. Laurentian U.<\/td>\n<\/tr>\n<tr>\n<td width=\"357\">Qu\u00e9bec (fran\u00e7ais)<br \/>\nNicolas Doiron-Leyraud, Univ. de Sherbrooke<br \/>\nT\u00e9l: 819-821-8000, poste 66485<br \/>\nCourriel: nicolas.doiron-leyraud@usherbrooke.ca<\/td>\n<td width=\"352\">Coll. Montmorency, Coll. Edouard-Montpetit, U. Montr\u00e9al, U. Sherbrooke, U. Qu\u00e9bec \u00e0 Trois-Rivi\u00e8res, U. Laval, Coll. Fr.-X. Garneau, Coll. Ahuntsic, \u00c9cole Polytechnique Montr\u00e9al, Centre matap\u00e9dien d\u2019\u00e9tudes coll\u00e9giales<\/td>\n<\/tr>\n<tr>\n<td width=\"357\">Atlantique<br \/>\nCarl Adams, Univ. St. Francis Xavier<br \/>\nT\u00e9l: 902-867-5337<br \/>\nCourriel: cadams@stfx.ca<\/td>\n<td width=\"352\">U. Moncton, UNB Fredericton, U. PEI, Mt. Allison U., Acadia U., Dalhousie U., St. Mary\u2019s U., St. Francis Xavier U., Memorial U.<\/td>\n<\/tr>\n<\/tbody>\n<\/table>\n<h1 class=\"page-title\"><\/h1>\n<\/header>\n","protected":false},"excerpt":{"rendered":"<p>La tourn\u00e9e est organis\u00e9e sur une base r\u00e9gionale. Les r\u00e9gions, les coordonnateurs et les d\u00e9partements membres du l\u2019ACP sont indiqu\u00e9s dans le tableau ci-dessous. Coordonnateurs Universit\u00e9s participantes Nationale Shohini Ghose, Universit\u00e9 Wilfrid Laurier T\u00e9l: 519-884-0710 Courriel: sghose@wlu.ca Tous les membres d\u00e9partementaux de l\u2019ACP. (Les d\u00e9partements qui souhaitent participer \u00e0 la tourn\u00e9e qui ne sont pas&#8230;  <a class=\"excerpt-read-more\" href=\"https:\/\/cap.ca\/fr\/tournee-de-conferenciers-2018\/tournee-de-conferenciers-2018-coordonnateurs\/\" title=\"LireTourn\u00e9e de conf\u00e9renciers 2018 \u2013 Coordonnateurs\">Lire la suite &raquo;<\/a><\/p>\n","protected":false},"author":6,"featured_media":0,"parent":8458,"menu_order":7,"comment_status":"closed","ping_status":"closed","template":"","meta":{"footnotes":""},"class_list":["post-8463","page","type-page","status-publish","hentry"],"_links":{"self":[{"href":"https:\/\/cap.ca\/fr\/wp-json\/wp\/v2\/pages\/8463","targetHints":{"allow":["GET"]}}],"collection":[{"href":"https:\/\/cap.ca\/fr\/wp-json\/wp\/v2\/pages"}],"about":[{"href":"https:\/\/cap.ca\/fr\/wp-json\/wp\/v2\/types\/page"}],"author":[{"embeddable":true,"href":"https:\/\/cap.ca\/fr\/wp-json\/wp\/v2\/users\/6"}],"replies":[{"embeddable":true,"href":"https:\/\/cap.ca\/fr\/wp-json\/wp\/v2\/comments?post=8463"}],"version-history":[{"count":3,"href":"https:\/\/cap.ca\/fr\/wp-json\/wp\/v2\/pages\/8463\/revisions"}],"predecessor-version":[{"id":8493,"href":"https:\/\/cap.ca\/fr\/wp-json\/wp\/v2\/pages\/8463\/revisions\/8493"}],"up":[{"embeddable":true,"href":"https:\/\/cap.ca\/fr\/wp-json\/wp\/v2\/pages\/8458"}],"wp:attachment":[{"href":"https:\/\/cap.ca\/fr\/wp-json\/wp\/v2\/media?parent=8463"}],"curies":[{"name":"wp","href":"https:\/\/api.w.org\/{rel}","templated":true}]}}