{"id":8256,"date":"2017-09-13T11:34:32","date_gmt":"2017-09-13T15:34:32","guid":{"rendered":"https:\/\/cap.ca\/?page_id=8256\/"},"modified":"2018-05-13T23:32:30","modified_gmt":"2018-05-14T03:32:30","slug":"comite-organisateur-local","status":"publish","type":"page","link":"https:\/\/cap.ca\/fr\/congres-de-lacp\/congres-anterieurs\/congres-2018\/comite-organisateur-local\/","title":{"rendered":"Comit\u00e9 Organisateur Local"},"content":{"rendered":"<table border=\"0\" cellspacing=\"1\" cellpadding=\"1\" align=\"left\">\n<tbody>\n<tr>\n<td><strong>Co-Pr\u00e9sident<\/strong><br \/>\nHarm Rotermund<\/td>\n<td><strong>Co-Pr\u00e9sident<\/strong><br \/>\nIan Hill<\/td>\n<\/tr>\n<tr>\n<td><strong>Coordonateur &#8211; Atelier des enseignants<\/strong><br \/>\nAndrew Rutenberg<br \/>\nStephen Payne<br \/>\nTed Monchesky<\/td>\n<td><strong>Coordonateur &#8211; Salles de Conf\u00e9rence\/r\u00e9union<\/strong><br \/>\nJenn Currie<br \/>\nHeather Ann Jennex<\/td>\n<\/tr>\n<tr>\n<td><strong>Coordonateur &#8211; Conf\u00e9rence publique Herzberg<\/strong><br \/>\nHarm Rotermund<\/td>\n<td><strong>Coordonateur &#8211; Gala de Reconnaissance<\/strong><br \/>\nJenn Currie<br \/>\nHeather Ann Jennex<\/td>\n<\/tr>\n<tr>\n<td><strong>Coordonateur &#8211; Information locale programme\/web<\/strong><br \/>\nVal O\u2019Neill<\/td>\n<td><strong>Coordonateur &#8211; Session d&#8217;affiche<\/strong><br \/>\nLaurent Kreplak<\/td>\n<\/tr>\n<tr>\n<td><strong>Organisateur &#8211; Visites de lab<\/strong><br \/>\nJeff Dahn<\/td>\n<td><strong>Tr\u00e9sorier<\/strong><br \/>\nKimberley Hall<\/td>\n<\/tr>\n<tr>\n<td><strong>Coordonateur &#8211; Exposants<\/strong><br \/>\nDaniel Labrie<\/td>\n<td><strong>Coordonateur &#8211; H\u00e9bergement<\/strong><br \/>\nConference Services<br \/>\nJenn Currie<br \/>\nHeather Ann Jennex<\/td>\n<\/tr>\n<tr>\n<td><strong>Coordonateur &#8211; Affichage<\/strong><br \/>\nRandall Martin<\/td>\n<td><strong>Coordonateur &#8211; B\u00e9n\u00e9voles<\/strong><br \/>\nTed\u00a0Monchesky<\/td>\n<\/tr>\n<tr>\n<td><strong>Coordonateur &#8211; Service de traiteur<\/strong><br \/>\nJenn Currie<\/td>\n<td><strong>Organisateur &#8211; BBQ de Bienvenue<\/strong><br \/>\nTim Bardouille<\/td>\n<\/tr>\n<tr>\n<td><strong>Coordonateur du sponsoring local<\/strong><br \/>\nJesse<\/td>\n<td><strong>Coordonateur &#8211; Informatique<\/strong><br \/>\nUCIS Jim Chisholm<\/td>\n<\/tr>\n<tr>\n<td><strong>Coordonateur &#8211; B\u00e9n\u00e9voles (\u00c9tudiants gradu\u00e9s)<\/strong><\/td>\n<td><strong>Maintien du Site Web<\/strong><br \/>\nVal O`Neill<\/td>\n<\/tr>\n<\/tbody>\n<\/table>\n<p>&nbsp;<\/p>\n","protected":false},"excerpt":{"rendered":"<p>Co-Pr\u00e9sident Harm Rotermund Co-Pr\u00e9sident Ian Hill Coordonateur &#8211; Atelier des enseignants Andrew Rutenberg Stephen Payne Ted Monchesky Coordonateur &#8211; Salles de Conf\u00e9rence\/r\u00e9union Jenn Currie Heather Ann Jennex Coordonateur &#8211; Conf\u00e9rence publique Herzberg Harm Rotermund Coordonateur &#8211; Gala de Reconnaissance Jenn Currie Heather Ann Jennex Coordonateur &#8211; Information locale programme\/web Val O\u2019Neill Coordonateur &#8211; Session d&#8217;affiche&#8230;  <a class=\"excerpt-read-more\" href=\"https:\/\/cap.ca\/fr\/congres-de-lacp\/congres-anterieurs\/congres-2018\/comite-organisateur-local\/\" title=\"LireComit\u00e9 Organisateur Local\">Lire la suite &raquo;<\/a><\/p>\n","protected":false},"author":9,"featured_media":0,"parent":3265,"menu_order":146,"comment_status":"closed","ping_status":"closed","template":"","meta":{"footnotes":""},"class_list":["post-8256","page","type-page","status-publish","hentry"],"_links":{"self":[{"href":"https:\/\/cap.ca\/fr\/wp-json\/wp\/v2\/pages\/8256","targetHints":{"allow":["GET"]}}],"collection":[{"href":"https:\/\/cap.ca\/fr\/wp-json\/wp\/v2\/pages"}],"about":[{"href":"https:\/\/cap.ca\/fr\/wp-json\/wp\/v2\/types\/page"}],"author":[{"embeddable":true,"href":"https:\/\/cap.ca\/fr\/wp-json\/wp\/v2\/users\/9"}],"replies":[{"embeddable":true,"href":"https:\/\/cap.ca\/fr\/wp-json\/wp\/v2\/comments?post=8256"}],"version-history":[{"count":4,"href":"https:\/\/cap.ca\/fr\/wp-json\/wp\/v2\/pages\/8256\/revisions"}],"predecessor-version":[{"id":10262,"href":"https:\/\/cap.ca\/fr\/wp-json\/wp\/v2\/pages\/8256\/revisions\/10262"}],"up":[{"embeddable":true,"href":"https:\/\/cap.ca\/fr\/wp-json\/wp\/v2\/pages\/3265"}],"wp:attachment":[{"href":"https:\/\/cap.ca\/fr\/wp-json\/wp\/v2\/media?parent=8256"}],"curies":[{"name":"wp","href":"https:\/\/api.w.org\/{rel}","templated":true}]}}