{"id":7936,"date":"2017-07-27T13:39:14","date_gmt":"2017-07-27T17:39:14","guid":{"rendered":"https:\/\/cap.ca\/?page_id=7936\/"},"modified":"2021-09-07T12:27:39","modified_gmt":"2021-09-07T16:27:39","slug":"resultats-du-concours-universitaire-2017","status":"publish","type":"page","link":"https:\/\/cap.ca\/fr\/activites\/programme-de-distinctions\/university-physics-students\/prix-lloyd-g-elliott-examen-universitaire\/anciens-examens\/resultats-du-concours-universitaire-2017\/","title":{"rendered":"R\u00e9sultats du concours universitaire 2017"},"content":{"rendered":"<p><strong>Le concours universitaire 2017 de l&#8217;ACP a eu lieu le 7 f\u00e9vrier 2017. Cet examen fut administr\u00e9 par l&#8217;Universit\u00e9 de Toronto. L&#8217;examen a \u00e9t\u00e9 compl\u00e9t\u00e9 par 74 \u00e9tudiant(e)s provenant de 16 universit\u00e9s et coll\u00e8ges.<\/strong><\/p>\n<p><strong>Les 10 meilleurs r\u00e9sultats<\/strong><\/p>\n<p>Rang &#8211; Nom, Universit\u00e9<\/p>\n<p><strong>1re &#8211; Miles Cranmer, Universit\u00e9 McGill (prix en argent)<br \/>\n2e &#8211; Andrew Gomes, Universit\u00e9 de Toronto (prix en argent)<br \/>\n3e &#8211; Hiromitsu Sawaoka, Universit\u00e9 de Toronto (prix en argent)<\/strong><br \/>\n4e &#8211; Chris Gustin, Queen\u2019s University<br \/>\n5e &#8211; Sam Abernathy, Queen\u2019s University<br \/>\n6e &#8211; Beichong Lou, Universit\u00e9 de Toronto<br \/>\n7e &#8211;  Matthew Basso, University of British Columbia Okanagan<br \/>\n8e &#8211; Jonar Sastrillo, Simon Fraser University<br \/>\n9e &#8211; Gavin Crowder, Queen\u2019s University<br \/>\n9e &#8211; Samuel Leutheusser, University of British Columbia<br \/>\n9e &#8211; Joseph Willis, University of Alberta<\/p>\n<p><strong>L&#8217;\u00e9tudiant ayant obtenu la meilleure note par universit\u00e9<\/strong><\/p>\n<p><u>Universit\u00e9, Nom<\/u><\/p>\n<p>Guelph University, Andrew Saccetti<br \/>\nUniversit\u00e9 McGill, Miles Cranmer<br \/>\nMcMaster University, Alina Jade Barnett<br \/>\nMemorial University, Kaveh Mozafari<br \/>\nQueen\u2019s University, Chris Gustin<br \/>\nSimon Fraser University, Jonar Sastrillo<br \/>\nTrent University, Melissa Van Bussel<br \/>\nUniversit\u00e9 de Sherbrooke, Abigaelle Dussol<br \/>\nUniversity of British Columbia, Samuel Leutheusser<br \/>\nUniversity of British Columbia Okanagan, Matthew Basso<br \/>\nUniversity of New Bunswick, William Woodley<br \/>\nUniversity of Alberta, Joseph Willis<br \/>\nUniversit\u00e9 de Toronto, Andrew Gomes<br \/>\nUniversit\u00e9 d&#8217;Ottawa, Spencer Sterling<br \/>\nUniversity of Saskatchewan, Yi Ren<br \/>\nYork University, Daniel Ruiz<\/p>\n","protected":false},"excerpt":{"rendered":"<p>Le concours universitaire 2017 de l&#8217;ACP a eu lieu le 7 f\u00e9vrier 2017. Cet examen fut administr\u00e9 par l&#8217;Universit\u00e9 de Toronto. L&#8217;examen a \u00e9t\u00e9 compl\u00e9t\u00e9 par 74 \u00e9tudiant(e)s provenant de 16 universit\u00e9s et coll\u00e8ges. Les 10 meilleurs r\u00e9sultats Rang &#8211; Nom, Universit\u00e9 1re &#8211; Miles Cranmer, Universit\u00e9 McGill (prix en argent) 2e &#8211; Andrew Gomes,&#8230;  <a class=\"excerpt-read-more\" href=\"https:\/\/cap.ca\/fr\/activites\/programme-de-distinctions\/university-physics-students\/prix-lloyd-g-elliott-examen-universitaire\/anciens-examens\/resultats-du-concours-universitaire-2017\/\" title=\"LireR\u00e9sultats du concours universitaire 2017\">Lire la suite &raquo;<\/a><\/p>\n","protected":false},"author":6,"featured_media":0,"parent":3345,"menu_order":8668,"comment_status":"closed","ping_status":"closed","template":"","meta":{"footnotes":""},"class_list":["post-7936","page","type-page","status-publish","hentry"],"_links":{"self":[{"href":"https:\/\/cap.ca\/fr\/wp-json\/wp\/v2\/pages\/7936","targetHints":{"allow":["GET"]}}],"collection":[{"href":"https:\/\/cap.ca\/fr\/wp-json\/wp\/v2\/pages"}],"about":[{"href":"https:\/\/cap.ca\/fr\/wp-json\/wp\/v2\/types\/page"}],"author":[{"embeddable":true,"href":"https:\/\/cap.ca\/fr\/wp-json\/wp\/v2\/users\/6"}],"replies":[{"embeddable":true,"href":"https:\/\/cap.ca\/fr\/wp-json\/wp\/v2\/comments?post=7936"}],"version-history":[{"count":14,"href":"https:\/\/cap.ca\/fr\/wp-json\/wp\/v2\/pages\/7936\/revisions"}],"predecessor-version":[{"id":18702,"href":"https:\/\/cap.ca\/fr\/wp-json\/wp\/v2\/pages\/7936\/revisions\/18702"}],"up":[{"embeddable":true,"href":"https:\/\/cap.ca\/fr\/wp-json\/wp\/v2\/pages\/3345"}],"wp:attachment":[{"href":"https:\/\/cap.ca\/fr\/wp-json\/wp\/v2\/media?parent=7936"}],"curies":[{"name":"wp","href":"https:\/\/api.w.org\/{rel}","templated":true}]}}