{"id":7898,"date":"2017-07-24T12:37:05","date_gmt":"2017-07-24T16:37:05","guid":{"rendered":"https:\/\/cap.ca\/propos-lacp\/comites\/comite-politique-scientifique\/the-naylor-report\/"},"modified":"2017-09-27T15:28:14","modified_gmt":"2017-09-27T19:28:14","slug":"the-naylor-report","status":"publish","type":"page","link":"https:\/\/cap.ca\/fr\/politique-scientifique\/the-naylor-report\/","title":{"rendered":"The Naylor Report"},"content":{"rendered":"<div class=\"wpb-content-wrapper\"><p>[vc_row][vc_column][vc_column_text]<img loading=\"lazy\" decoding=\"async\" class=\"alignleft wp-image-7911 size-large\" src=\"https:\/\/cap.ca\/wp-content\/uploads\/2017\/07\/Science_Review-reportheader-bluemap-FR_01a-1024x242.jpg\" alt=\"\" width=\"680\" height=\"161\" srcset=\"https:\/\/cap.ca\/wp-content\/uploads\/2017\/07\/Science_Review-reportheader-bluemap-FR_01a-1024x242.jpg 1024w, https:\/\/cap.ca\/wp-content\/uploads\/2017\/07\/Science_Review-reportheader-bluemap-FR_01a-300x71.jpg 300w, https:\/\/cap.ca\/wp-content\/uploads\/2017\/07\/Science_Review-reportheader-bluemap-FR_01a-768x182.jpg 768w, https:\/\/cap.ca\/wp-content\/uploads\/2017\/07\/Science_Review-reportheader-bluemap-FR_01a.jpg 1200w\" sizes=\"auto, (max-width: 680px) 100vw, 680px\" \/><\/p>\n<p>L&#8217;\u00e9t\u00e9 dernier, vous avez dit \u00e0 l&#8217;ACP ce que vous aimiez de la physique au Canada et nous avons transmis vos id\u00e9es au Comit\u00e9 consultatif sur l\u2019examen du soutien f\u00e9d\u00e9ral \u00e0 la science fondamentale.<\/p>\n<p>Le printemps dernier, le Comit\u00e9 a publi\u00e9 un rapport choc (<a href=\"https:\/\/cap.ca\/wp-content\/uploads\/2017\/07\/naylor_fr.pdf\">le rapport Naylor<\/a>) qui \u00e9nonce bien des id\u00e9es et actions ayant \u00e9volu\u00e9 au fil de ses vastes consultations nationales.<\/p>\n<p>Aujourd&#8217;hui, nous avons besoin de votre aide pour inciter le Parlement \u00e0 mettre en \u0153uvre ces recommandations en vue d&#8217;am\u00e9liorer la recherche fondamentale au Canada.<\/p>\n<p>En mettant l&#8217;\u00e9paule \u00e0 la roue, vous vous joindrez \u00e0 bien d&#8217;autres scientifiques de diverses disciplines qui exercent des pressions pour renouveler notre soutien f\u00e9d\u00e9ral \u00e0 la science fondamentale.<\/p>\n<p>Voici deux fa\u00e7ons de nous aider!<\/p>\n<blockquote>\n<ul class=\"content-list\">\n<li class=\"p4\"><span class=\"s1\">\u00a0T\u00e9l\u00e9phonez \u00e0 votre d\u00e9put\u00e9 et offrez-lui de participer \u00e0 une r\u00e9union en face \u00e0 face. <a href=\"https:\/\/cap.ca\/fr\/propos-lacp\/comites\/comite-politique-scientifique\/the-naylor-report\/communiquer-avec-votre-depute-e\/\">Voir ici la marche \u00e0 suivre<\/a>.<\/span><\/li>\n<li><span class=\"s1\">\u00a0<\/span>Gazouillez au sujet de la science fondamentale \u00e0 l&#8217;aide des mots-clics #SupportTheReport, #Students4TheReport.\u00a0<a href=\"http:\/\/supportthereport.ca\/\">Apprenez-en davantage ici sur ces mots-clics.<\/a><\/li>\n<li><span class=\"s1\"><a href=\"http:\/\/supportthereport.ca\/\"><span class=\"s6\">.<\/span><\/a><\/span>Envoyez aux responsables gouvernementaux, par l&#8217;entremise du courriel <a href=\"https:\/\/evidencefordemocracy.ca\/fr\/node\/347\">Evidence for Democracy campaign <\/a>ou signez la petition par <a href=\"http:\/\/science.caut.ca\/petition\">la Association canadienne des professeures et professeurs d\u2019universit\u00e9s<\/a><\/li>\n<\/ul>\n<\/blockquote>\n<p>_____________[\/vc_column_text][\/vc_column][\/vc_row]<\/p>\n<\/div>","protected":false},"excerpt":{"rendered":"<p>[vc_row][vc_column][vc_column_text] L&#8217;\u00e9t\u00e9 dernier, vous avez dit \u00e0 l&#8217;ACP ce que vous aimiez de la physique au Canada et nous avons transmis vos id\u00e9es au Comit\u00e9 consultatif sur l\u2019examen du soutien f\u00e9d\u00e9ral \u00e0 la science fondamentale. Le printemps dernier, le Comit\u00e9 a publi\u00e9 un rapport choc (le rapport Naylor) qui \u00e9nonce bien des id\u00e9es et actions&#8230;  <a class=\"excerpt-read-more\" href=\"https:\/\/cap.ca\/fr\/politique-scientifique\/the-naylor-report\/\" title=\"LireThe Naylor Report\">Lire la suite &raquo;<\/a><\/p>\n","protected":false},"author":9,"featured_media":0,"parent":3175,"menu_order":7,"comment_status":"closed","ping_status":"closed","template":"","meta":{"footnotes":""},"class_list":["post-7898","page","type-page","status-publish","hentry"],"_links":{"self":[{"href":"https:\/\/cap.ca\/fr\/wp-json\/wp\/v2\/pages\/7898","targetHints":{"allow":["GET"]}}],"collection":[{"href":"https:\/\/cap.ca\/fr\/wp-json\/wp\/v2\/pages"}],"about":[{"href":"https:\/\/cap.ca\/fr\/wp-json\/wp\/v2\/types\/page"}],"author":[{"embeddable":true,"href":"https:\/\/cap.ca\/fr\/wp-json\/wp\/v2\/users\/9"}],"replies":[{"embeddable":true,"href":"https:\/\/cap.ca\/fr\/wp-json\/wp\/v2\/comments?post=7898"}],"version-history":[{"count":10,"href":"https:\/\/cap.ca\/fr\/wp-json\/wp\/v2\/pages\/7898\/revisions"}],"predecessor-version":[{"id":8311,"href":"https:\/\/cap.ca\/fr\/wp-json\/wp\/v2\/pages\/7898\/revisions\/8311"}],"up":[{"embeddable":true,"href":"https:\/\/cap.ca\/fr\/wp-json\/wp\/v2\/pages\/3175"}],"wp:attachment":[{"href":"https:\/\/cap.ca\/fr\/wp-json\/wp\/v2\/media?parent=7898"}],"curies":[{"name":"wp","href":"https:\/\/api.w.org\/{rel}","templated":true}]}}