{"id":7825,"date":"2017-07-13T08:39:56","date_gmt":"2017-07-13T12:39:56","guid":{"rendered":"https:\/\/cap.ca\/cwsf-previous-winners\/"},"modified":"2017-07-18T10:39:34","modified_gmt":"2017-07-18T14:39:34","slug":"cwsf-previous-winners","status":"publish","type":"page","link":"https:\/\/cap.ca\/fr\/facp\/expo-sciences-pancanadienne\/cwsf-previous-winners\/","title":{"rendered":"ESPC anciens recipiendaire"},"content":{"rendered":"<div class=\"wpb-content-wrapper\"><p>[vc_row][vc_column][vc_column_text]<\/p>\n<h2>2017 ESPC &#8211; Gagnant du prix de l&#8217;ACP<\/h2>\n<img loading=\"lazy\" decoding=\"async\" class=\"size-medium wp-image-7817 alignleft\" src=\"https:\/\/cap.ca\/wp-content\/uploads\/2017\/07\/2017-CWSF-winners-300x180.jpg\" alt=\"\" width=\"300\" height=\"180\" srcset=\"https:\/\/cap.ca\/wp-content\/uploads\/2017\/07\/2017-CWSF-winners-300x180.jpg 300w, https:\/\/cap.ca\/wp-content\/uploads\/2017\/07\/2017-CWSF-winners.jpg 343w\" sizes=\"auto, (max-width: 300px) 100vw, 300px\" \/>\n<blockquote><p>Gr\u00e2ce \u00e0 la g\u00e9n\u00e9rosit\u00e9 des donateurs \u00e0 la Fondation de l\u2019ACP, l\u2019Association a augment\u00e9 le nombre de prix \u00e0 un par cat\u00e9gorie en 2017.<\/p>\n<p>Merci aux juges b\u00e9n\u00e9voles et pr\u00e9sentateurs de l\u2019Universit\u00e9 de R\u00e9gina.<\/p><\/blockquote>\n<p>&nbsp;<\/p>\n<p><strong>Prix de physique s\u00e9nior de l\u2019ACP<\/strong> &#8211; Marin Schultz, Lethbridge, Alberta<br \/>\n<strong>Projet<\/strong>:\u00a0Novel Prosthetic AutoGrasp Control System and Human-Prosthetic Interface <em><a href=\"https:\/\/cap.ca\/wp-content\/uploads\/2017\/07\/2017-ysf_project_search_results.pdf\">Read more<\/a><\/em><\/p>\n<p><strong>Prix de physique interm\u00e9diaire de l\u2019ACP<\/strong> &#8211; Melody Cheng, Victoria, BC<br \/>\n<strong>Projet<\/strong>:\u00a0A New Phase of Water: Is this measurable with surface tension? <em><a href=\"https:\/\/cap.ca\/wp-content\/uploads\/2017\/07\/2017-ysf_project_search_results.pdf\">Read more<\/a><\/em><\/p>\n<p><strong>Prix de physique junior de l\u2019ACP<\/strong> &#8211; Daniel Kornylo, Gold River, BC<br \/>\n<strong>Projet<\/strong>:\u00a0High School Voltage <em><a href=\"https:\/\/cap.ca\/wp-content\/uploads\/2017\/07\/2017-ysf_project_search_results.pdf\">Read more<\/a>\u00a0<\/em>[\/vc_column_text][\/vc_column][\/vc_row]<\/p>\n<\/div>","protected":false},"excerpt":{"rendered":"<p>[vc_row][vc_column][vc_column_text] 2017 ESPC &#8211; Gagnant du prix de l&#8217;ACP Gr\u00e2ce \u00e0 la g\u00e9n\u00e9rosit\u00e9 des donateurs \u00e0 la Fondation de l\u2019ACP, l\u2019Association a augment\u00e9 le nombre de prix \u00e0 un par cat\u00e9gorie en 2017. Merci aux juges b\u00e9n\u00e9voles et pr\u00e9sentateurs de l\u2019Universit\u00e9 de R\u00e9gina. &nbsp; Prix de physique s\u00e9nior de l\u2019ACP &#8211; Marin Schultz, Lethbridge, Alberta&#8230;  <a class=\"excerpt-read-more\" href=\"https:\/\/cap.ca\/fr\/facp\/expo-sciences-pancanadienne\/cwsf-previous-winners\/\" title=\"LireESPC anciens recipiendaire\">Lire la suite &raquo;<\/a><\/p>\n","protected":false},"author":9,"featured_media":0,"parent":3384,"menu_order":7,"comment_status":"closed","ping_status":"closed","template":"","meta":{"footnotes":""},"class_list":["post-7825","page","type-page","status-publish","hentry"],"_links":{"self":[{"href":"https:\/\/cap.ca\/fr\/wp-json\/wp\/v2\/pages\/7825","targetHints":{"allow":["GET"]}}],"collection":[{"href":"https:\/\/cap.ca\/fr\/wp-json\/wp\/v2\/pages"}],"about":[{"href":"https:\/\/cap.ca\/fr\/wp-json\/wp\/v2\/types\/page"}],"author":[{"embeddable":true,"href":"https:\/\/cap.ca\/fr\/wp-json\/wp\/v2\/users\/9"}],"replies":[{"embeddable":true,"href":"https:\/\/cap.ca\/fr\/wp-json\/wp\/v2\/comments?post=7825"}],"version-history":[{"count":8,"href":"https:\/\/cap.ca\/fr\/wp-json\/wp\/v2\/pages\/7825\/revisions"}],"predecessor-version":[{"id":7881,"href":"https:\/\/cap.ca\/fr\/wp-json\/wp\/v2\/pages\/7825\/revisions\/7881"}],"up":[{"embeddable":true,"href":"https:\/\/cap.ca\/fr\/wp-json\/wp\/v2\/pages\/3384"}],"wp:attachment":[{"href":"https:\/\/cap.ca\/fr\/wp-json\/wp\/v2\/media?parent=7825"}],"curies":[{"name":"wp","href":"https:\/\/api.w.org\/{rel}","templated":true}]}}