{"id":7083,"date":"2017-05-19T14:56:34","date_gmt":"2017-05-19T18:56:34","guid":{"rendered":"http:\/\/caph-02.eproofs.ca\/?page_id=7083\/"},"modified":"2017-05-19T14:56:34","modified_gmt":"2017-05-19T18:56:34","slug":"prix-de-divisions","status":"publish","type":"page","link":"https:\/\/cap.ca\/fr\/congres-de-lacp\/congres-anterieurs\/congres-2017\/competition-pour-la-meilleure-communication-etudiante-2017\/prix-de-divisions\/","title":{"rendered":"Prix de Divisions"},"content":{"rendered":"<div class=\"content\">\n<p>Pour participer au concours d&#8217;une division ou \u00e0 un concours commandit\u00e9, un \u00e9tudiant doit \u00eatre membre de la division \u00e0 laquelle il soumet son r\u00e9sum\u00e9. Tous les prix donnent droit \u00e0 un certificat, un billet gratuit pour le C\u00e9r\u00e9monie de reconnaissance (jeudi soir) et un ch\u00e8que pour l&#8217;un des montants suivants:<\/p>\n<ul class=\"content-list\">\n<li>Premier prix: 200$<\/li>\n<li>Deuxi\u00e8me prix (s&#8217;il y a lieu): 100$<\/li>\n<li>Troisi\u00e8me prix (s&#8217;il y a lieu): 50$<\/li>\n<\/ul>\n<h3>\u00c9talement des prix<\/h3>\n<ul class=\"content-list\">\n<li>De 0 \u00e0 2 inscrits: aucun prix<\/li>\n<li>De 3 \u00e0 5 inscrits: un prix<\/li>\n<li>De 6 \u00e0 9 inscrits: deux prix<\/li>\n<li>10 inscrits ou plus: trois prix<\/li>\n<\/ul>\n<p>Certaines divisions pourraient offir plus ou moins de prix qu&#8217;indiqu\u00e9 ci-dessus.<\/p>\n<h3>Divisions\/Commanditaires<\/h3>\n<p>Physique atmosph\u00e9rique et de l&#8217;espace (DPAE)<\/p>\n<p>Physique atomique, mol\u00e9culaire et photonique, Canada (DPAMPC)<\/p>\n<p>Physique de la mati\u00e8re condens\u00e9e et des mat\u00e9riaux (DPMCM)<\/p>\n<p>Physique industrielle et appliqu\u00e9e (DPIA)<\/p>\n<p>Physique en m\u00e9decine et en biologie (DPMB) commandit\u00e9 par Bruker BioSpin<\/p>\n<p>Physique nucl\u00e9aire (DPN)<\/p>\n<p>Physique des particules (PPD)<\/p>\n<p>Physique des plasmas (DPP); premier prix commandit\u00e9 par Plasmionique inc.<\/p>\n<p>Physique th\u00e9orique (DPT)<\/p>\n<p>Science des surfaces (DSS)<\/p>\n<p>Comit\u00e9 pour encourager les femmes \u00e0 la physique (CEFEP)<\/p>\n<p>CEFP d\u00e9cernera un prix pour la meilleure pr\u00e9sentation par affiche soumise par une \u00e9tudiante au concours de l&#8217;ACP. La gagnante sera choisie parmi les six finalistes (hommes et femmes) de la comp\u00e9tition g\u00e9n\u00e9rale pour meilleure affiche.<\/p>\n<p>Physique des instruments et mesures (DPIM)<\/p>\n<p>DPIM d\u00e9cernera un prix global pour la meilleure pr\u00e9sentation orale ou par affiche.<\/p>\n<\/div>\n","protected":false},"excerpt":{"rendered":"<p>Pour participer au concours d&#8217;une division ou \u00e0 un concours commandit\u00e9, un \u00e9tudiant doit \u00eatre membre de la division \u00e0 laquelle il soumet son r\u00e9sum\u00e9. Tous les prix donnent droit \u00e0 un certificat, un billet gratuit pour le C\u00e9r\u00e9monie de reconnaissance (jeudi soir) et un ch\u00e8que pour l&#8217;un des montants suivants: Premier prix: 200$ Deuxi\u00e8me&#8230;  <a class=\"excerpt-read-more\" href=\"https:\/\/cap.ca\/fr\/congres-de-lacp\/congres-anterieurs\/congres-2017\/competition-pour-la-meilleure-communication-etudiante-2017\/prix-de-divisions\/\" title=\"LirePrix de Divisions\">Lire la suite &raquo;<\/a><\/p>\n","protected":false},"author":9,"featured_media":0,"parent":6926,"menu_order":7,"comment_status":"closed","ping_status":"closed","template":"","meta":{"footnotes":""},"class_list":["post-7083","page","type-page","status-publish","hentry"],"_links":{"self":[{"href":"https:\/\/cap.ca\/fr\/wp-json\/wp\/v2\/pages\/7083","targetHints":{"allow":["GET"]}}],"collection":[{"href":"https:\/\/cap.ca\/fr\/wp-json\/wp\/v2\/pages"}],"about":[{"href":"https:\/\/cap.ca\/fr\/wp-json\/wp\/v2\/types\/page"}],"author":[{"embeddable":true,"href":"https:\/\/cap.ca\/fr\/wp-json\/wp\/v2\/users\/9"}],"replies":[{"embeddable":true,"href":"https:\/\/cap.ca\/fr\/wp-json\/wp\/v2\/comments?post=7083"}],"version-history":[{"count":1,"href":"https:\/\/cap.ca\/fr\/wp-json\/wp\/v2\/pages\/7083\/revisions"}],"predecessor-version":[{"id":7084,"href":"https:\/\/cap.ca\/fr\/wp-json\/wp\/v2\/pages\/7083\/revisions\/7084"}],"up":[{"embeddable":true,"href":"https:\/\/cap.ca\/fr\/wp-json\/wp\/v2\/pages\/6926"}],"wp:attachment":[{"href":"https:\/\/cap.ca\/fr\/wp-json\/wp\/v2\/media?parent=7083"}],"curies":[{"name":"wp","href":"https:\/\/api.w.org\/{rel}","templated":true}]}}