{"id":7040,"date":"2017-05-01T14:52:00","date_gmt":"2017-05-01T18:52:00","guid":{"rendered":"http:\/\/caph-02.eproofs.ca\/2017-congress-at-a-glance\/"},"modified":"2017-05-01T16:12:07","modified_gmt":"2017-05-01T20:12:07","slug":"apercu-du-congres-2017","status":"publish","type":"page","link":"https:\/\/cap.ca\/fr\/congres-de-lacp\/congres-anterieurs\/congres-2017\/apercu-du-congres-2017\/","title":{"rendered":"Aper\u00e7u du Congr\u00e8s 2017"},"content":{"rendered":"<p><em>Cliquez sur l&#8217;image pour \u00e9largir le programme&#8230;<\/em><\/p>\n<a href=\"https:\/\/cap.ca\/wp-content\/uploads\/2017\/05\/Congress-at-a-Glance-Version12.pdf\"><img loading=\"lazy\" decoding=\"async\" class=\"alignnone size-medium wp-image-7028\" src=\"https:\/\/cap.ca\/wp-content\/uploads\/2017\/05\/2017-Congress-at-a-Glance-Version12-300x235.jpg\" alt=\"\" width=\"300\" height=\"235\" srcset=\"https:\/\/cap.ca\/wp-content\/uploads\/2017\/05\/2017-Congress-at-a-Glance-Version12-300x235.jpg 300w, https:\/\/cap.ca\/wp-content\/uploads\/2017\/05\/2017-Congress-at-a-Glance-Version12-768x602.jpg 768w, https:\/\/cap.ca\/wp-content\/uploads\/2017\/05\/2017-Congress-at-a-Glance-Version12.jpg 944w\" sizes=\"auto, (max-width: 300px) 100vw, 300px\" \/><\/a>\n","protected":false},"excerpt":{"rendered":"<p>Cliquez sur l&#8217;image pour \u00e9largir le programme&#8230;<\/p>\n","protected":false},"author":10,"featured_media":0,"parent":3245,"menu_order":7,"comment_status":"closed","ping_status":"closed","template":"","meta":{"footnotes":""},"class_list":["post-7040","page","type-page","status-publish","hentry"],"_links":{"self":[{"href":"https:\/\/cap.ca\/fr\/wp-json\/wp\/v2\/pages\/7040","targetHints":{"allow":["GET"]}}],"collection":[{"href":"https:\/\/cap.ca\/fr\/wp-json\/wp\/v2\/pages"}],"about":[{"href":"https:\/\/cap.ca\/fr\/wp-json\/wp\/v2\/types\/page"}],"author":[{"embeddable":true,"href":"https:\/\/cap.ca\/fr\/wp-json\/wp\/v2\/users\/10"}],"replies":[{"embeddable":true,"href":"https:\/\/cap.ca\/fr\/wp-json\/wp\/v2\/comments?post=7040"}],"version-history":[{"count":2,"href":"https:\/\/cap.ca\/fr\/wp-json\/wp\/v2\/pages\/7040\/revisions"}],"predecessor-version":[{"id":7054,"href":"https:\/\/cap.ca\/fr\/wp-json\/wp\/v2\/pages\/7040\/revisions\/7054"}],"up":[{"embeddable":true,"href":"https:\/\/cap.ca\/fr\/wp-json\/wp\/v2\/pages\/3245"}],"wp:attachment":[{"href":"https:\/\/cap.ca\/fr\/wp-json\/wp\/v2\/media?parent=7040"}],"curies":[{"name":"wp","href":"https:\/\/api.w.org\/{rel}","templated":true}]}}