{"id":6964,"date":"2017-04-28T10:31:36","date_gmt":"2017-04-28T14:31:36","guid":{"rendered":"http:\/\/caph-02.eproofs.ca\/?page_id=6964\/"},"modified":"2017-04-28T10:45:13","modified_gmt":"2017-04-28T14:45:13","slug":"local-organizing-committee","status":"publish","type":"page","link":"https:\/\/cap.ca\/fr\/congres-de-lacp\/congres-anterieurs\/congres-2017\/local-organizing-committee\/","title":{"rendered":"Comit\u00e9 Organisateur Local"},"content":{"rendered":"<table border=\"0\" cellspacing=\"1\" cellpadding=\"1\" align=\"left\">\n<tbody>\n<tr>\n<td><strong>Co-Pr\u00e9sident<\/strong><\/p>\n<p><a class=\"spamspan\" href=\"mailto:jstotz%40queensu.ca\">James Stotz<\/a><\/td>\n<td><strong>Co-Pr\u00e9sident<\/strong><\/p>\n<p><a class=\"spamspan\" href=\"mailto:dave.hanes%40gmail.com\">David Hanes<\/a><\/td>\n<\/tr>\n<tr>\n<td><strong>Coordonateur &#8211; Atelier des enseignants<\/strong><\/p>\n<p><a class=\"spamspan\" href=\"mailto:fraser%40queensu.ca\">James Fraser<\/a><\/p>\n<p><a class=\"spamspan\" href=\"mailto:topper%40queensu.ca\">Anne Topper<\/a><\/td>\n<td><strong>Coordonateur &#8211; Salles de Conf\u00e9rence\/r\u00e9union<\/strong><\/p>\n<p><a class=\"spamspan\" href=\"mailto:singh%40queensu.ca\">Marsha Singh<\/a><\/p>\n<p><a class=\"spamspan\" href=\"mailto:widrow%40astro.queensu.ca\">Larry Widrow<\/a><\/td>\n<\/tr>\n<tr>\n<td><strong>Coordonateur &#8211; Conf\u00e9rence publique Herzberg<\/strong><\/p>\n<p><a class=\"spamspan\" href=\"mailto:duncan%40astro.queensu.ca\">Martin Duncan<\/a><\/td>\n<td><strong>Coordonateur &#8211; Gala de Reconnaissance<\/strong><\/p>\n<p><a class=\"spamspan\" href=\"mailto:jungao%40queensu.ca\">Jun Gao<\/a><\/td>\n<\/tr>\n<tr>\n<td><strong>Coordonateur &#8211; Information locale programme\/web<\/strong><\/p>\n<p><a class=\"spamspan\" href=\"mailto:9ack1%40queensu.ca\">Alvine Kamaha<\/a><\/td>\n<td><strong>Coordonateur &#8211; Session d&#8217;affiche<\/strong><\/p>\n<p><a class=\"spamspan\" href=\"mailto:9ack1%40queensu.ca\">Alvine Kamaha<\/a><\/td>\n<\/tr>\n<tr>\n<td><strong>Organisateur &#8211; Visites de lab<\/strong><\/p>\n<p><a class=\"spamspan\" href=\"mailto:mcleana%40queensu.ca\">Alastair McLean<\/a><\/td>\n<td><strong>Tr\u00e9sorier<\/strong><\/p>\n<p><a class=\"spamspan\" href=\"mailto:awright%40queensu.ca\">Alex Wright<\/a><\/td>\n<\/tr>\n<tr>\n<td><strong>Coordonateur &#8211; Exposants<\/strong><\/p>\n<p><a class=\"spamspan\" href=\"mailto:jstotz%40queensu.ca\">James Stotz<\/a><\/td>\n<td><strong>Coordonateur &#8211; H\u00e9bergement<\/strong><\/p>\n<p><a class=\"spamspan\" href=\"mailto:mcleana%40queensu.ca\">Alastair McLean<\/a><\/td>\n<\/tr>\n<tr>\n<td><strong>Coordonateur &#8211; Affichage<\/strong><\/p>\n<p><a class=\"spamspan\" href=\"mailto:ryan.martin%40queensu.ca\">Ryan Martin<\/a><\/td>\n<td><strong>Coordonateur &#8211; B\u00e9n\u00e9voles<\/strong><\/p>\n<p><a class=\"spamspan\" href=\"mailto:ryan.martin%40queensu.ca\">Ryan Martin<\/a><\/td>\n<\/tr>\n<tr>\n<td><strong>Coordonateur &#8211; Service de traiteur<\/strong><\/p>\n<p><a class=\"spamspan\" href=\"mailto:wolfgang.rau%40queensu.ca\">Wolfgang Rau<\/a><\/td>\n<td><strong>Organisateur &#8211; BBQ de Bienvenue<\/strong><\/p>\n<p><a class=\"spamspan\" href=\"mailto:irwin%40astro.queensu.ca\">Judith Irwin<\/a><\/td>\n<\/tr>\n<tr>\n<td><strong>Coordonateur du sponsoring local<\/strong><\/p>\n<p><a class=\"spamspan\" href=\"mailto:hanesd%40queensu.ca\">David Hanes<\/a><\/td>\n<td><strong>Coordonateur &#8211; Informatique<\/strong><\/p>\n<p><a class=\"spamspan\" href=\"mailto:philippe.distefano%40gmail.com\">Philippe Di Stefano<\/a><\/td>\n<\/tr>\n<tr>\n<td><strong>Coordonateur &#8211; B\u00e9n\u00e9voles (\u00c9tudiants gradu\u00e9s)<\/strong><\/p>\n<p><a class=\"spamspan\" href=\"mailto:somayeh.mirzaee%40queensu.ca\">Somayeh Mirzaee<\/a><\/p>\n<p><a class=\"spamspan\" href=\"mailto:leila.mazaheri%40queensu.ca\">Leila Mazaheri<\/a><\/td>\n<td><strong>Maintien du Site Web<\/strong><\/p>\n<p><a class=\"spamspan\" href=\"mailto:david.devries%40queensu.ca\">David DeVries<\/a><\/p>\n<p><a class=\"spamspan\" href=\"mailto:leila.mazaheri%40queensu.ca\">Leila Mazaheri<\/a><\/td>\n<\/tr>\n<\/tbody>\n<\/table>\n","protected":false},"excerpt":{"rendered":"<p>Co-Pr\u00e9sident James Stotz Co-Pr\u00e9sident David Hanes Coordonateur &#8211; Atelier des enseignants James Fraser Anne Topper Coordonateur &#8211; Salles de Conf\u00e9rence\/r\u00e9union Marsha Singh Larry Widrow Coordonateur &#8211; Conf\u00e9rence publique Herzberg Martin Duncan Coordonateur &#8211; Gala de Reconnaissance Jun Gao Coordonateur &#8211; Information locale programme\/web Alvine Kamaha Coordonateur &#8211; Session d&#8217;affiche Alvine Kamaha Organisateur &#8211; Visites de&#8230;  <a class=\"excerpt-read-more\" href=\"https:\/\/cap.ca\/fr\/congres-de-lacp\/congres-anterieurs\/congres-2017\/local-organizing-committee\/\" title=\"LireComit\u00e9 Organisateur Local\">Lire la suite &raquo;<\/a><\/p>\n","protected":false},"author":9,"featured_media":0,"parent":3245,"menu_order":7,"comment_status":"closed","ping_status":"closed","template":"","meta":{"footnotes":""},"class_list":["post-6964","page","type-page","status-publish","hentry"],"_links":{"self":[{"href":"https:\/\/cap.ca\/fr\/wp-json\/wp\/v2\/pages\/6964","targetHints":{"allow":["GET"]}}],"collection":[{"href":"https:\/\/cap.ca\/fr\/wp-json\/wp\/v2\/pages"}],"about":[{"href":"https:\/\/cap.ca\/fr\/wp-json\/wp\/v2\/types\/page"}],"author":[{"embeddable":true,"href":"https:\/\/cap.ca\/fr\/wp-json\/wp\/v2\/users\/9"}],"replies":[{"embeddable":true,"href":"https:\/\/cap.ca\/fr\/wp-json\/wp\/v2\/comments?post=6964"}],"version-history":[{"count":4,"href":"https:\/\/cap.ca\/fr\/wp-json\/wp\/v2\/pages\/6964\/revisions"}],"predecessor-version":[{"id":6970,"href":"https:\/\/cap.ca\/fr\/wp-json\/wp\/v2\/pages\/6964\/revisions\/6970"}],"up":[{"embeddable":true,"href":"https:\/\/cap.ca\/fr\/wp-json\/wp\/v2\/pages\/3245"}],"wp:attachment":[{"href":"https:\/\/cap.ca\/fr\/wp-json\/wp\/v2\/media?parent=6964"}],"curies":[{"name":"wp","href":"https:\/\/api.w.org\/{rel}","templated":true}]}}