{"id":6955,"date":"2017-04-28T10:17:49","date_gmt":"2017-04-28T14:17:49","guid":{"rendered":"http:\/\/caph-02.eproofs.ca\/?page_id=6955\/"},"modified":"2017-04-28T10:17:49","modified_gmt":"2017-04-28T14:17:49","slug":"exposants-au-congres-de-lacp-2017-2","status":"publish","type":"page","link":"https:\/\/cap.ca\/fr\/congres-de-lacp\/congres-anterieurs\/congres-2017\/exposants-au-congres-de-lacp-2017-2\/","title":{"rendered":"Exposants au Congr\u00e8s de l&#8217;ACP 2017"},"content":{"rendered":"<img loading=\"lazy\" decoding=\"async\" class=\"alignnone  wp-image-6634\" src=\"https:\/\/cap.ca\/wp-content\/uploads\/2017\/04\/2017Booths-300x200.jpg\" alt=\"\" width=\"577\" height=\"316\" \/>\n<table style=\"width: 598.683px;\" cellspacing=\"1\" cellpadding=\"1\">\n<tbody>\n<tr style=\"height: 39px;\">\n<td style=\"width: 436px; height: 39px;\"><strong>Exposants<\/strong><\/td>\n<td style=\"width: 159.683px; height: 39px;\"><strong>Kiosque<\/strong><\/td>\n<\/tr>\n<tr style=\"height: 39px;\">\n<td style=\"width: 436px; height: 39px;\"><a href=\"https:\/\/cap.ca\">Canadian Association of Physicists<\/a><\/td>\n<td style=\"width: 159.683px; height: 39px;\">\u00c0 venir<\/td>\n<\/tr>\n<tr style=\"height: 39px;\">\n<td style=\"width: 436px; height: 39px;\"><a href=\"https:\/\/www.ccrprocessproducts.com\/\">CCR Process Products<\/a><\/td>\n<td style=\"width: 159.683px; height: 39px;\">\u00c0 venir<\/td>\n<\/tr>\n<tr style=\"height: 39px;\">\n<td style=\"width: 436px; height: 39px;\"><a href=\"http:\/\/www.cmc.ca\/\">CMC Microsystems<\/a><\/td>\n<td style=\"width: 159.683px; height: 39px;\">\u00c0 venir<\/td>\n<\/tr>\n<tr style=\"height: 39px;\">\n<td style=\"width: 436px; height: 39px;\"><a href=\"https:\/\/www.dal.ca\/\">Dalhousie University<\/a><\/td>\n<td style=\"width: 159.683px; height: 39px;\">\u00c0 venir<\/td>\n<\/tr>\n<tr style=\"height: 39px;\">\n<td style=\"width: 436px; height: 39px;\"><a href=\"https:\/\/www.edwardsvacuum.com\/\">Edwards Vacuum Ltd.<\/a><\/td>\n<td style=\"width: 159.683px; height: 39px;\">\u00c0 venir<\/td>\n<\/tr>\n<tr style=\"height: 39.1667px;\">\n<td style=\"width: 436px; height: 39.1667px;\"><a href=\"http:\/\/www.gtl.ca\">Gamble Technologies Ltd.<\/a><\/td>\n<td style=\"width: 159.683px; height: 39.1667px;\">\u00c0 venir<\/td>\n<\/tr>\n<tr style=\"height: 39px;\">\n<td style=\"width: 436px; height: 39px;\"><a href=\"http:\/\/www.keyence.com\/\">KEYENCE Canada Inc.<\/a><\/td>\n<td style=\"width: 159.683px; height: 39px;\">\u00c0 venir<\/td>\n<\/tr>\n<tr style=\"height: 39px;\">\n<td style=\"width: 436px; height: 39px;\"><a href=\"http:\/\/www.lesker.com\" target=\"_blank\" rel=\"noopener noreferrer\">Kurt J. Lesker Co.<\/a><\/td>\n<td style=\"width: 159.683px; height: 39px;\">\u00c0 venir<\/td>\n<\/tr>\n<tr style=\"height: 39px;\">\n<td style=\"width: 436px; height: 39px;\"><a href=\"http:\/\/www.nelson.com\/\">Nelson Education Ltd.<\/a><\/td>\n<td style=\"width: 159.683px; height: 39px;\">\u00c0 venir<\/td>\n<\/tr>\n<tr style=\"height: 39px;\">\n<td style=\"width: 436px; height: 39px;\"><a href=\"http:\/\/www.plasmionique.com\/\">Plasmionique Inc.<\/a><\/td>\n<td style=\"width: 159.683px; height: 39px;\">\u00c0 venir<\/td>\n<\/tr>\n<tr style=\"height: 39px;\">\n<td style=\"width: 436px; height: 39px;\"><a href=\"http:\/\/www.springer.com\/us\/\">Springer Science and Business Media<\/a><\/td>\n<td style=\"width: 159.683px; height: 39px;\">\u00c0 venir<\/td>\n<\/tr>\n<tr style=\"height: 39px;\">\n<td style=\"width: 436px; height: 39px;\"><a href=\"http:\/\/www.sfr.ca\" target=\"_blank\" rel=\"noopener noreferrer\">Systems for Research Corp.<\/a><\/td>\n<td style=\"width: 159.683px; height: 39px;\">\u00c0 venir<\/td>\n<\/tr>\n<tr style=\"height: 39px;\">\n<td style=\"width: 436px; height: 39px;\"><a href=\"http:\/\/www.thepersonal.com\">The Personal Insurance <\/a><\/td>\n<td style=\"width: 159.683px; height: 39px;\">\u00c0 venir<\/td>\n<\/tr>\n<tr style=\"height: 39px;\">\n<td style=\"width: 436px; height: 39px;\"><a href=\"http:\/\/www.vpcinc.ca\" target=\"_blank\" rel=\"noopener noreferrer\">Vacuum Products Canada Inc.<\/a><\/td>\n<td style=\"width: 159.683px; height: 39px;\">\u00c0 venir<\/td>\n<\/tr>\n<\/tbody>\n<\/table>\n<p>&nbsp;<\/p>\n<p>&nbsp;<\/p>\n<p>&nbsp;<\/p>\n<p>&nbsp;<\/p>\n","protected":false},"excerpt":{"rendered":"<p>Exposants Kiosque Canadian Association of Physicists \u00c0 venir CCR Process Products \u00c0 venir CMC Microsystems \u00c0 venir Dalhousie University \u00c0 venir Edwards Vacuum Ltd. \u00c0 venir Gamble Technologies Ltd. \u00c0 venir KEYENCE Canada Inc. \u00c0 venir Kurt J. Lesker Co. \u00c0 venir Nelson Education Ltd. \u00c0 venir Plasmionique Inc. \u00c0 venir Springer Science and Business&#8230;  <a class=\"excerpt-read-more\" href=\"https:\/\/cap.ca\/fr\/congres-de-lacp\/congres-anterieurs\/congres-2017\/exposants-au-congres-de-lacp-2017-2\/\" title=\"LireExposants au Congr\u00e8s de l&#8217;ACP 2017\">Lire la suite &raquo;<\/a><\/p>\n","protected":false},"author":9,"featured_media":0,"parent":3245,"menu_order":7,"comment_status":"closed","ping_status":"closed","template":"","meta":{"footnotes":""},"class_list":["post-6955","page","type-page","status-publish","hentry"],"_links":{"self":[{"href":"https:\/\/cap.ca\/fr\/wp-json\/wp\/v2\/pages\/6955","targetHints":{"allow":["GET"]}}],"collection":[{"href":"https:\/\/cap.ca\/fr\/wp-json\/wp\/v2\/pages"}],"about":[{"href":"https:\/\/cap.ca\/fr\/wp-json\/wp\/v2\/types\/page"}],"author":[{"embeddable":true,"href":"https:\/\/cap.ca\/fr\/wp-json\/wp\/v2\/users\/9"}],"replies":[{"embeddable":true,"href":"https:\/\/cap.ca\/fr\/wp-json\/wp\/v2\/comments?post=6955"}],"version-history":[{"count":1,"href":"https:\/\/cap.ca\/fr\/wp-json\/wp\/v2\/pages\/6955\/revisions"}],"predecessor-version":[{"id":6956,"href":"https:\/\/cap.ca\/fr\/wp-json\/wp\/v2\/pages\/6955\/revisions\/6956"}],"up":[{"embeddable":true,"href":"https:\/\/cap.ca\/fr\/wp-json\/wp\/v2\/pages\/3245"}],"wp:attachment":[{"href":"https:\/\/cap.ca\/fr\/wp-json\/wp\/v2\/media?parent=6955"}],"curies":[{"name":"wp","href":"https:\/\/api.w.org\/{rel}","templated":true}]}}