{"id":6943,"date":"2017-04-28T09:25:44","date_gmt":"2017-04-28T13:25:44","guid":{"rendered":"http:\/\/caph-02.eproofs.ca\/?page_id=6943\/"},"modified":"2017-04-28T09:25:44","modified_gmt":"2017-04-28T13:25:44","slug":"meilleure-presentation-daffiche-etudiante-au-congres-de-lacp-2017-directives","status":"publish","type":"page","link":"https:\/\/cap.ca\/fr\/congres-de-lacp\/congres-anterieurs\/congres-2017\/competition-pour-la-meilleure-communication-etudiante-2017\/meilleure-presentation-daffiche-etudiante-au-congres-de-lacp-2017-directives\/","title":{"rendered":"Meilleure pr\u00e9sentation d&#8217;affiche \u00e9tudiante au congr\u00e8s de l&#8217;ACP 2017 &#8211; DIRECTIVES"},"content":{"rendered":"<div class=\"content\">\n<p>Les \u00e9tudiants qui pr\u00e9sentent un r\u00e9sum\u00e9 avec pr\u00e9f\u00e9rence pour l&#8217;affiche peuvent choisir de participer au concours de la meilleure affiche \u00e9tudiante dont la notation se fera pendant les s\u00e9ances d&#8217;affiches le mardi 30 mai 2017.\u00a0Les juges examineront les affiches durant l&#8217;apr\u00e8s-midi et \u00e9changeront avec les pr\u00e9sentateurs lors de la session du soir.<\/p>\n<h3>L&#8217;admissibilit\u00e9, la proc\u00e9dure et les crit\u00e8res de s\u00e9lection sont les suivants:<\/h3>\n<ul class=\"content-list\">\n<li>l&#8217;\u00e9tudiant <strong>doit \u00eatre membre de l&#8217;ACP<sup>1<\/sup><\/strong>. Si l&#8217;\u00e9tudiant veut participer au concours de division (si applicable), l&#8217;\u00e9tudiant doit \u00eatre membre de cette division une semaine avant le d\u00e9but du congr\u00e8s;<\/li>\n<li>l&#8217;\u00e9tudiant qui pr\u00e9sente une affiche doit \u00eatre un<strong> participant inscrit<\/strong> au congr\u00e8s;<\/li>\n<li>l&#8217;\u00e9tudiant doit \u00eatre un <strong>auteur<\/strong> de la communication, avoir fait une contribution majeure \u00e0 la recherche, la pr\u00e9senter et assumer la responsabilit\u00e9 premi\u00e8re de son contenu;<\/li>\n<li>l&#8217;\u00e9tudiant doit <strong>s&#8217;inscrire officiellement au concours<\/strong> lors de la pr\u00e9sentation du r\u00e9sum\u00e9 r\u00e9gulier\u00a0&#8211; c.-\u00e0-d. choisir l&#8217;option affiche (concours \u00e9tudiant);<\/li>\n<li>l&#8217;\u00e9tudiant NE PEUT PAS s&#8217;inscrire \u00e0 la Comp\u00e9tition de la meilleure pr\u00e9sentation orale \u00e9tudiante.<\/li>\n<\/ul>\n<p>Une fois termin\u00e9 le processus de s\u00e9lection des r\u00e9sum\u00e9s, une liste des \u00e9tudiants qui ont opt\u00e9 pour le concours d&#8217;affiches sera remise aux pr\u00e9sidents des divisions.<\/p>\n<h3>Les instructions et proc\u00e9dures d&#8217;\u00e9valuation sont les suivantes:<\/h3>\n<ul class=\"content-list\">\n<li>l&#8217;affiche peut \u00eatre en fran\u00e7ais ou en anglais; le titre et le r\u00e9sum\u00e9 doivent \u00eatre dans la langue de pr\u00e9sentation;<\/li>\n<li>au plus tard le 15 avril, l&#8217;\u00e9tudiant\u00a0sera avis\u00e9 de son acceptation au concours communications par affiches;<\/li>\n<li>l&#8217;affiche et le r\u00e9sum\u00e9\u00a0\u00a0seront jug\u00e9s d&#8217;apr\u00e8s son apparence, son agencement, son contenu, sa clart\u00e9 ainsi que les r\u00e9ponses orales aux questions;<\/li>\n<li>pour faciliter la notation initiale au niveau de la division, <strong>l&#8217;affiche doit \u00eatre install\u00e9e dans l&#8217;aire d\u00e9sign\u00e9e avant 13 h, le jour de la session;<\/strong><\/li>\n<li>le travail du jury comportera trois \u00e9tapes :<\/li>\n<\/ul>\n<p>1. <strong>Entre 13 h 45 et 15 h 30<\/strong>, les juges d\u00e9sign\u00e9s par les divisions participantes examineront les affiches et en s\u00e9lectionneront jusqu&#8217;\u00e0 trois par division pour la prochaine \u00e9tape de la notation. <strong>Les \u00e9tudiants ne doivent PAS \u00eatre pr\u00e9sents <\/strong>\u00e0 ce stade-ci. Un repr\u00e9sentant de chaque division\u00a0marquera chaque affiche choisi pour la\u00a0semi-finale et remettra\u00a0une liste des affiches s\u00e9lectionn\u00e9es, class\u00e9es par rang, au pr\u00e9sident du Comit\u00e9 du concours au plus tard \u00e0 17 h 30.<\/p>\n<p>2.\u00a0La\u00a0deuxi\u00e8me \u00e9tape de la notation aura lieu <strong>de 18 h \u00e0 19 h<\/strong>. <strong>Les \u00e9tudiants ne doivent PAS y assister<\/strong> mais doivent \u00eatre pr\u00e8s de leur affiche au d\u00e9but de la session \u00e0 19h00. Les juges vont revoir les affiches des semi-finalistes et vont identifier six finalistes pour le concours de l&#8217;ACP, ainsi que des finalistes pour les concours de divisions, s&#8217;il y a lieu.\u00a0 Un jury compos\u00e9 d&#8217;au moins un juge par division participante, examinera et notera chaque affiche parvenue \u00e0 la deuxi\u00e8me \u00e9tape. Des \u00e9tiquettes identifiant les finalistes seront fix\u00e9es \u00e0 ces affiches avant 19h00.<\/p>\n<p>3. <strong>Les \u00e9tudiants finalistes sont cens\u00e9s demeurer pr\u00e8s de leur affiche de 19 h \u00e0\u00a021 h.<\/strong> Le jury examinera l&#8217;affiche de chacun des six finalistes et la notera d&#8217;apr\u00e8s son apparence, son agencement, son contenu, sa clart\u00e9 ainsi que les r\u00e9ponses orales aux questions. Les six finalistes seront d\u00e9sign\u00e9s et recevront des billets pour le Gala de reconnaissance au Centre Shaw du jeudi soir (voir l&#8217;\u00e9nonc\u00e9 de la politique ci-dessous), o\u00f9 les laur\u00e9ats seront annonc\u00e9s et recevront leurs prix.<\/p>\n<h3>Publication des travaux gagnants dans\u00a0<em>La Physique au Canada<\/em><\/h3>\n<ul class=\"content-list\">\n<li>Les trois laur\u00e9ats du concours d&#8217;affiches doivent pr\u00e9senter un r\u00e9sum\u00e9 \u00e9largi de leur pr\u00e9sentation (2-3 pages) au bureau de l&#8217;ACP &#8211;\u00a0<a class=\"spamspan\" href=\"mailto:capmgr%40uottawa.ca\">capmgr@uottawa.ca<\/a>\u00a0\u2013 au plus tard le 15 ao\u00fbt.<\/li>\n<li>Les r\u00e9sum\u00e9s \u00e9largis pr\u00e9sent\u00e9s par les laur\u00e9ats seront publi\u00e9s dans le num\u00e9ro d&#8217;\u00e9t\u00e9 de\u00a0<em>La Physique au Canada<\/em>\u00a0. Ils doivent avoir \u00e9t\u00e9 r\u00e9dig\u00e9s express\u00e9ment pour ce concours (<a href=\"https:\/\/cap.ca\/\">selon les lignes directrices\u00a0<\/a>) et l&#8217;\u00e9tudiant doit en \u00eatre le principal auteur. Les r\u00e9impressions de documents d\u00e9j\u00e0 publi\u00e9s ou les copies de documents pr\u00e9sent\u00e9s en vue d&#8217;\u00eatre publi\u00e9s ailleurs, ne sont pas acceptables comme r\u00e9sum\u00e9s \u00e9largis pour ce concours.<\/li>\n<\/ul>\n<div><br clear=\"all\" \/><\/p>\n<hr align=\"left\" size=\"1\" width=\"33%\" \/>\n<div id=\"ftn1\">\n<p><sup>1<\/sup> L&#8217;adh\u00e9sion est gratuite pour les \u00e9tudiants de 1er cycle et durant une ann\u00e9e pour les \u00e9tudiants dipl\u00f4m\u00e9s. Les formulaires d&#8217;adh\u00e9sion et de renouvellement sont disponibles en ligne\u00a0\u00e0<a href=\"https:\/\/cap.ca\/fr\/congres-de-lacp\/congres-anterieurs\/congres-2017\/termes-conditions\/\">https:\/\/cap.ca\/fr\/congres-de-lacp\/congres-anterieurs\/congres-2017\/termes-conditions\/<\/a>.\u00a0<strong>Veuillez noter que l&#8217;activation de votre adh\u00e9sion, incluant le traitement du paiement, peut prendre jusqu\u2019\u00e0 10 jours ouvrables. Donc, vous devriez soumettre votre demande d\u2019adh\u00e9sion au m\u00eame moment o\u00f9 vous soumettez votre r\u00e9sum\u00e9.<\/strong><\/p>\n<\/div>\n<\/div>\n<\/div>\n","protected":false},"excerpt":{"rendered":"<p>Les \u00e9tudiants qui pr\u00e9sentent un r\u00e9sum\u00e9 avec pr\u00e9f\u00e9rence pour l&#8217;affiche peuvent choisir de participer au concours de la meilleure affiche \u00e9tudiante dont la notation se fera pendant les s\u00e9ances d&#8217;affiches le mardi 30 mai 2017.\u00a0Les juges examineront les affiches durant l&#8217;apr\u00e8s-midi et \u00e9changeront avec les pr\u00e9sentateurs lors de la session du soir. L&#8217;admissibilit\u00e9, la proc\u00e9dure&#8230;  <a class=\"excerpt-read-more\" href=\"https:\/\/cap.ca\/fr\/congres-de-lacp\/congres-anterieurs\/congres-2017\/competition-pour-la-meilleure-communication-etudiante-2017\/meilleure-presentation-daffiche-etudiante-au-congres-de-lacp-2017-directives\/\" title=\"LireMeilleure pr\u00e9sentation d&#8217;affiche \u00e9tudiante au congr\u00e8s de l&#8217;ACP 2017 &#8211; DIRECTIVES\">Lire la suite &raquo;<\/a><\/p>\n","protected":false},"author":9,"featured_media":0,"parent":6926,"menu_order":7,"comment_status":"closed","ping_status":"closed","template":"","meta":{"footnotes":""},"class_list":["post-6943","page","type-page","status-publish","hentry"],"_links":{"self":[{"href":"https:\/\/cap.ca\/fr\/wp-json\/wp\/v2\/pages\/6943","targetHints":{"allow":["GET"]}}],"collection":[{"href":"https:\/\/cap.ca\/fr\/wp-json\/wp\/v2\/pages"}],"about":[{"href":"https:\/\/cap.ca\/fr\/wp-json\/wp\/v2\/types\/page"}],"author":[{"embeddable":true,"href":"https:\/\/cap.ca\/fr\/wp-json\/wp\/v2\/users\/9"}],"replies":[{"embeddable":true,"href":"https:\/\/cap.ca\/fr\/wp-json\/wp\/v2\/comments?post=6943"}],"version-history":[{"count":1,"href":"https:\/\/cap.ca\/fr\/wp-json\/wp\/v2\/pages\/6943\/revisions"}],"predecessor-version":[{"id":6945,"href":"https:\/\/cap.ca\/fr\/wp-json\/wp\/v2\/pages\/6943\/revisions\/6945"}],"up":[{"embeddable":true,"href":"https:\/\/cap.ca\/fr\/wp-json\/wp\/v2\/pages\/6926"}],"wp:attachment":[{"href":"https:\/\/cap.ca\/fr\/wp-json\/wp\/v2\/media?parent=6943"}],"curies":[{"name":"wp","href":"https:\/\/api.w.org\/{rel}","templated":true}]}}