{"id":6935,"date":"2017-04-28T09:18:36","date_gmt":"2017-04-28T13:18:36","guid":{"rendered":"http:\/\/caph-02.eproofs.ca\/?page_id=6935\/"},"modified":"2017-04-28T09:18:36","modified_gmt":"2017-04-28T13:18:36","slug":"meilleure-presentation-oral-etudiante-au-congres-de-lacp-2017-directives","status":"publish","type":"page","link":"https:\/\/cap.ca\/fr\/congres-de-lacp\/congres-anterieurs\/congres-2017\/competition-pour-la-meilleure-communication-etudiante-2017\/meilleure-presentation-oral-etudiante-au-congres-de-lacp-2017-directives\/","title":{"rendered":"Meilleure pr\u00e9sentation \u00e9tudiante orale au congr\u00e8s de l&#8217;ACP 2017 &#8211; DIRECTIVES"},"content":{"rendered":"<div class=\"content\">\n<div class=\"content\">\n<div class=\"content\">\n<p>Les \u00e9tudiants qui soumettent un\u00a0r\u00e9sum\u00e9 pour une pr\u00e9sentation orale peuvent, s\u2019ils le d\u00e9sirent, s\u2019inscrire au Concours de l\u2019ACP de la meilleure pr\u00e9sentation orale. Ce concours se d\u00e9roule en deux \u00e9tapes\u00a0: (1) l\u2019\u00e9tudiant(e) fera d\u2019abord sa pr\u00e9sentation durant une session r\u00e9guli\u00e8re de la division; (2) les finalistes pr\u00e9senteront \u00e0 nouveau leurs travaux dans une session d\u00e9di\u00e9e \u00e0 la grande finale qui se tiendra le jeudi apr\u00e8s-midi, 1 juin 2017.\u00a0Les \u00e9tudiants qui d\u00e9sirent participer \u00e0 ce concours doivent donc \u00eatre pr\u00e9sents pour l\u2019enti\u00e8re dur\u00e9e du Congr\u00e8s et doivent planifier leurs voyages en cons\u00e9quence.\u00a0Les \u00e9tudiants qui ne pourront pas assister \u00e0 la s\u00e9ance du jeudi apr\u00e8s-midi ne sont pas \u00e9ligibles \u00e0 la comp\u00e9tition de l\u2019ACP et doivent en informer l&#8217;ACP le plus t\u00f4t possible. Ils peuvent toutefois participer \u00e0 la comp\u00e9tition au niveau des divisions ou des prix commandit\u00e9s.<\/p>\n<p><strong>L&#8217;admissibilit\u00e9, la proc\u00e9dure et les crit\u00e8res de s\u00e9lection sont les suivants:<\/strong><\/p>\n<ul class=\"content-list\">\n<li>l&#8217;\u00e9tudiant <strong>doit \u00eatre membre de l&#8217;ACP<sup>1<\/sup>.<\/strong> Si l&#8217;\u00e9tudiant veut participer au concours de division (si applicable), l&#8217;\u00e9tudiant doit \u00eatre membre de cette division une semaine avant le d\u00e9but du congr\u00e8s;<\/li>\n<li>l\u2019\u00e9tudiant(e) qui pr\u00e9sente une communication orale <strong>doit \u00eatre inscrit<\/strong> au Congr\u00e8s;<\/li>\n<li>l\u2019\u00e9tudiant(e) <strong>doit \u00eatre un des auteurs<\/strong> de la communication, doit avoir fait une contribution majeure aux travaux de recherche pr\u00e9sent\u00e9s, doit faire la pr\u00e9sentation et doit prendre la responsabilit\u00e9 principale pour son contenu;<\/li>\n<li>l\u2019\u00e9tudiant(e) doit <strong>s\u2019inscrire officiellement \u00e0 la comp\u00e9tition<\/strong> au moment de la soumission du r\u00e9sum\u00e9\u00a0et s\u00e9lectionner le concours de la meilleure pr\u00e9sentation orale;<\/li>\n<li>l&#8217;\u00e9tudiant NE PEUT PAS s&#8217;inscrire \u00e0 la Comp\u00e9tition de la meilleure affiche \u00e9tudiante.<\/li>\n<\/ul>\n<p><strong>Les instructions et proc\u00e9dures d&#8217;\u00e9valuation sont les suivantes:<\/strong><\/p>\n<ul class=\"content-list\">\n<li>la pr\u00e9sentation peut \u00eatre faite en fran\u00e7ais ou en anglais; le titre et le r\u00e9sum\u00e9 doivent \u00eatre \u00e9crits dans la langue de la pr\u00e9sentation;<\/li>\n<li>l\u2019\u00e9tudiant(e) pourra v\u00e9rifier le 15 avril au plus tard de l\u2019acceptation de sa contribution orale et, le cas \u00e9ch\u00e9ant, de la session et du moment o\u00f9 la pr\u00e9sentation devra \u00eatre faite en acc\u00e9dant au programme du congr\u00e8s (<a href=\"https:\/\/indico.cern.ch\/e\/CAP2016\">https:\/\/indico.cern.ch\/e\/CAP2016<\/a>);<\/li>\n<li>les finalistes seront s\u00e9lectionn\u00e9s sur la base des notes accord\u00e9es par les juges nomm\u00e9s par le pr\u00e9sident ou la pr\u00e9sidente de la division pertinente de l\u2019ACP;<\/li>\n<li>selon le cas, le Comit\u00e9 de programmation inscrira les r\u00e9sum\u00e9s accept\u00e9s au programme oral, dans une session de division r\u00e9serv\u00e9e \u00e0 la comp\u00e9tition de la meilleure communication orale ou dans une session r\u00e9guli\u00e8re; si les contraintes de programmation ne permettent pas \u00e0 tous les contestants de faire une pr\u00e9sentation orale, le Comit\u00e9 de programmation peut d\u00e9placer certaines des soumissions orales vers la comp\u00e9tition d\u2019affiches.<\/li>\n<\/ul>\n<p>Le pr\u00e9sident du Comit\u00e9 du concours r\u00e9cup\u00e9rera les r\u00e9sultats des concours par division et affichera les noms des huit finalistes pour le Concours de la meilleure pr\u00e9sentation orale au kiosque de l\u2019ACP au congr\u00e8s et sur le site web de l&#8217;ACP \u00e0 partir de 16h45 le mercredi 15 juin. Tous les participants \u00e0 ce concours sont donc invit\u00e9s \u00e0 v\u00e9rifier les r\u00e9sultats de la comp\u00e9tition le plus rapidement possible. Les finalistes recevront chacun un billet pour le Gala de reconnaissance au Centre Shaw du jeudi soir (voir l&#8217;\u00e9nonc\u00e9 de la politique ci-dessous). La grande finale de la comp\u00e9tition se d\u00e9roulera le jeudi 01 juin\u00a0de 15h15 \u00e0 17h15 et les gagnants seront annonc\u00e9s au Gala de reconnaissance.<\/p>\n<h3>Publication des travaux gagnants dans\u00a0<em>La Physique au Canada<\/em><\/h3>\n<ul class=\"content-list\">\n<li>les trois meilleures pr\u00e9sentations lors de la comp\u00e9tition finale devront soumettre un long r\u00e9sum\u00e9 de leur pr\u00e9sentation (2 \u00e0 3 pages) au secr\u00e9tariat de l\u2019ACP &#8211;\u00a0<a class=\"spamspan\" href=\"mailto:capmgr%40uottawa.ca\">capmgr@uottawa.ca<\/a>\u00a0\u2013 au plus tard le 15 ao\u00fbt pour publication dans\u00a0<em>La Physique au Canada<\/em>;<\/li>\n<li>ces longs r\u00e9sum\u00e9s seront publi\u00e9s dans le num\u00e9ro d\u2019\u00e9t\u00e9 de\u00a0<em>La Physique au Canada\u00a0<\/em>(PaC); les textes doivent \u00eatre pr\u00e9par\u00e9s express\u00e9ment pour la comp\u00e9tition, suivant les directives de la PaC et l\u2019\u00e9tudiant(e) doit en \u00eatre le premier auteur; la reprise de textes publi\u00e9s ailleurs n\u2019est pas acceptable.<\/li>\n<\/ul>\n<div><br clear=\"all\" \/><\/p>\n<hr align=\"left\" size=\"1\" width=\"33%\" \/>\n<div id=\"ftn1\">\n<p><sup>1<\/sup> L&#8217;adh\u00e9sion est gratuite pour les \u00e9tudiants de 1er cycle et durant une ann\u00e9e pour les \u00e9tudiants dipl\u00f4m\u00e9s. Les formulaires d&#8217;adh\u00e9sion et de renouvellement sont disponibles en ligne\u00a0\u00e0<a href=\"https:\/\/cap.ca\/fr\/congres-de-lacp\/congres-anterieurs\/congres-2017\/termes-conditions\/\">https:\/\/cap.ca\/fr\/congres-de-lacp\/congres-anterieurs\/congres-2017\/termes-conditions\/<\/a>.\u00a0<strong>Veuillez noter que l&#8217;activation de votre adh\u00e9sion, incluant le traitement du paiement, peut prendre jusqu\u2019\u00e0 10 jours ouvrables. Donc, vous devriez soumettre votre demande d\u2019adh\u00e9sion au m\u00eame moment o\u00f9 vous soumettez votre r\u00e9sum\u00e9.<\/strong><\/p>\n<\/div>\n<\/div>\n<\/div>\n<\/div>\n<\/div>\n","protected":false},"excerpt":{"rendered":"<p>Les \u00e9tudiants qui soumettent un\u00a0r\u00e9sum\u00e9 pour une pr\u00e9sentation orale peuvent, s\u2019ils le d\u00e9sirent, s\u2019inscrire au Concours de l\u2019ACP de la meilleure pr\u00e9sentation orale. Ce concours se d\u00e9roule en deux \u00e9tapes\u00a0: (1) l\u2019\u00e9tudiant(e) fera d\u2019abord sa pr\u00e9sentation durant une session r\u00e9guli\u00e8re de la division; (2) les finalistes pr\u00e9senteront \u00e0 nouveau leurs travaux dans une session d\u00e9di\u00e9e&#8230;  <a class=\"excerpt-read-more\" href=\"https:\/\/cap.ca\/fr\/congres-de-lacp\/congres-anterieurs\/congres-2017\/competition-pour-la-meilleure-communication-etudiante-2017\/meilleure-presentation-oral-etudiante-au-congres-de-lacp-2017-directives\/\" title=\"LireMeilleure pr\u00e9sentation \u00e9tudiante orale au congr\u00e8s de l&#8217;ACP 2017 &#8211; DIRECTIVES\">Lire la suite &raquo;<\/a><\/p>\n","protected":false},"author":9,"featured_media":0,"parent":6926,"menu_order":7,"comment_status":"closed","ping_status":"closed","template":"","meta":{"footnotes":""},"class_list":["post-6935","page","type-page","status-publish","hentry"],"_links":{"self":[{"href":"https:\/\/cap.ca\/fr\/wp-json\/wp\/v2\/pages\/6935","targetHints":{"allow":["GET"]}}],"collection":[{"href":"https:\/\/cap.ca\/fr\/wp-json\/wp\/v2\/pages"}],"about":[{"href":"https:\/\/cap.ca\/fr\/wp-json\/wp\/v2\/types\/page"}],"author":[{"embeddable":true,"href":"https:\/\/cap.ca\/fr\/wp-json\/wp\/v2\/users\/9"}],"replies":[{"embeddable":true,"href":"https:\/\/cap.ca\/fr\/wp-json\/wp\/v2\/comments?post=6935"}],"version-history":[{"count":1,"href":"https:\/\/cap.ca\/fr\/wp-json\/wp\/v2\/pages\/6935\/revisions"}],"predecessor-version":[{"id":6937,"href":"https:\/\/cap.ca\/fr\/wp-json\/wp\/v2\/pages\/6935\/revisions\/6937"}],"up":[{"embeddable":true,"href":"https:\/\/cap.ca\/fr\/wp-json\/wp\/v2\/pages\/6926"}],"wp:attachment":[{"href":"https:\/\/cap.ca\/fr\/wp-json\/wp\/v2\/media?parent=6935"}],"curies":[{"name":"wp","href":"https:\/\/api.w.org\/{rel}","templated":true}]}}