{"id":6918,"date":"2017-04-26T09:13:24","date_gmt":"2017-04-26T13:13:24","guid":{"rendered":"http:\/\/caph-02.eproofs.ca\/?page_id=6918\/"},"modified":"2017-04-26T09:13:24","modified_gmt":"2017-04-26T13:13:24","slug":"inscription-2017","status":"publish","type":"page","link":"https:\/\/cap.ca\/fr\/congres-de-lacp\/congres-anterieurs\/congres-2017\/inscription-2017\/","title":{"rendered":"Inscription 2017"},"content":{"rendered":"<div class=\"content\">\n<h3 style=\"text-align: center;\"><b><span lang=\"fr-ca\" xml:lang=\"fr-ca\">L&#8217;insription en ligne ouvrira le 1er avril.<\/span><\/b><\/h3>\n<p>Les frais d&#8217;inscription comprennent des rafra\u00eechissements lors de diff\u00e9rentes activit\u00e9s sociales ainsi qu des pauses caf\u00e9 tout au long du congr\u00e8s. Le Gala de reconnaissance du jeudi soir, les diners d&#8217;affaires et visites guid\u00e9es organis\u00e9es ne sont pas inclus dans les frais d&#8217;inscription, mais vous pouvez toutefois acheter des billets au moment de l&#8217;inscription.<\/p>\n<table border=\"2\" cellspacing=\"1\" cellpadding=\"1\" align=\"center\">\n<tbody>\n<tr>\n<td>\n<p class=\"rtecenter\" style=\"text-align: center;\"><strong><a href=\"http:\/\/indico.cern.ch\/e\/CAP2017\" target=\"_blank\" rel=\"noopener noreferrer\">Cliquer ici<\/a> pour soumettre un r\u00e9sum\u00e9 (date limite : 28 f\u00e9v).<\/strong><\/p>\n<\/td>\n<\/tr>\n<\/tbody>\n<\/table>\n<p><strong>IMPORTANT<\/strong> :\u00a0Votre adh\u00e9sion \u00e0 l&#8217;ACP doit \u00eatre valide au moment de vous inscrire au Congr\u00e8s pour b\u00e9n\u00e9ficier des taux r\u00e9duits r\u00e9serv\u00e9s aux membres de l&#8217;ACP.<\/p>\n<p>Vous pensez joindre l\u2019ACP pour profiter des tarifs r\u00e9duits d\u2019inscription pour les membres? \u00a0Veuillez noter qu&#8217;il peut prendre <em><u><strong>jusqu&#8217;\u00e0 10 jours en tout pour traiter une demande d&#8217;adh\u00e9sion \u00e0 l&#8217;ACP, y compris le traitement du paiement. <\/strong><\/u><\/em><\/p>\n<p>Voici le lien aux formulaires d&#8217;adh\u00e9sion en ligne :\u00a0<a href=\"https:\/\/cap.ca\/fr\/congres-de-lacp\/congres-anterieurs\/congres-2017\/termes-conditions\/\">https:\/\/cap.ca\/fr\/congres-de-lacp\/congres-anterieurs\/congres-2017\/termes-conditions\/.<\/a><\/p>\n<p>Renouvelez votre adh\u00e9sion ou joignez l\u2019ACP avant le 1er avril 2017 afin de garantir la validit\u00e9 de votre adh\u00e9sion avant l\u2019inscription!<\/p>\n<p><strong>Les prix ci-dessous sont indiqu\u00e9s en dollars canadiens. La TVH au montant de 13 % doit \u00eatre ajout\u00e9e \u00e0 ces prix.<\/strong><\/p>\n<table border=\"1\" width=\"200\" cellspacing=\"1\" cellpadding=\"1\">\n<tbody>\n<tr>\n<td colspan=\"1\" rowspan=\"2\" align=\"center\"><span style=\"font-size: 10pt;\">Frais d&#8217;inscription<\/span><\/td>\n<td align=\"center\"><span style=\"font-size: 10pt;\">T\u00d4T<\/span><\/td>\n<td align=\"center\"><span style=\"font-size: 10pt;\">R\u00c9GULIER<\/span><\/td>\n<td align=\"center\"><span style=\"font-size: 10pt;\">TARD\/SUR PLACE<\/span><\/td>\n<\/tr>\n<tr>\n<td align=\"center\"><span style=\"font-size: 10pt;\"><strong>au plus tard le 30 avril<\/p>\n<p>\u00e0 23 h 59 (HAE)<\/strong><\/span><\/td>\n<td align=\"center\"><span style=\"font-size: 10pt;\">le 1<sup>er<\/sup> mai au 19 mai<\/span><\/td>\n<td align=\"center\"><span style=\"font-size: 10pt;\">le 20\u00a0mai au 1<sup>er<\/sup>\u00a0juin<\/span><\/td>\n<\/tr>\n<tr>\n<td><span style=\"font-size: 10pt;\"><strong>Full conference registration:<\/strong><\/span><\/td>\n<td><span style=\"font-size: 10pt;\">\u00a0<\/span><\/td>\n<td><span style=\"font-size: 10pt;\">\u00a0<\/span><\/td>\n<td><span style=\"font-size: 10pt;\">\u00a0<\/span><\/td>\n<\/tr>\n<tr>\n<td><span style=\"font-size: 10pt;\">\u00a0\u00a0\u00a0\u00a0 Membres<\/span><\/td>\n<td class=\"rtecenter\"><span style=\"font-size: 10pt;\">$385<\/span><\/td>\n<td class=\"rtecenter\"><span style=\"font-size: 10pt;\">$435<\/span><\/td>\n<td class=\"rtecenter\"><span style=\"font-size: 10pt;\">$535<\/span><\/td>\n<\/tr>\n<tr>\n<td><span style=\"font-size: 10pt;\">\u00a0\u00a0\u00a0\u00a0 Conf\u00e9renciers invit\u00e9s<\/span><\/td>\n<td class=\"rtecenter\"><span style=\"font-size: 10pt;\">$385<\/span><\/td>\n<td class=\"rtecenter\"><span style=\"font-size: 10pt;\">$385<\/span><\/td>\n<td class=\"rtecenter\"><span style=\"font-size: 10pt;\">$535<\/span><\/td>\n<\/tr>\n<tr>\n<td><span style=\"font-size: 10pt;\">\u00a0\u00a0\u00a0\u00a0 Non-membres<\/span><\/td>\n<td class=\"rtecenter\"><span style=\"font-size: 10pt;\">$585<\/span><\/td>\n<td class=\"rtecenter\"><span style=\"font-size: 10pt;\">$635<\/span><\/td>\n<td class=\"rtecenter\"><span style=\"font-size: 10pt;\">$735<\/span><\/td>\n<\/tr>\n<tr>\n<td><span style=\"font-size: 10pt;\">\u00a0 \u00a0 \u00a0Membres : en d\u00e9but de carri\u00e8re* (dipl\u00f4me obtenu depuis moins de 4 ans) ou retrait\u00e9s<\/span><\/td>\n<td class=\"rtecenter\"><span style=\"font-size: 10pt;\">$200<\/span><\/td>\n<td class=\"rtecenter\"><span style=\"font-size: 10pt;\">$250<\/span><\/td>\n<td class=\"rtecenter\"><span style=\"font-size: 10pt;\">$350<\/span><\/td>\n<\/tr>\n<tr>\n<td><span style=\"font-size: 10pt;\">\u00a0\u00a0\u00a0\u00a0 Non-membre: retrait\u00e9s<\/span><\/td>\n<td class=\"rtecenter\"><span style=\"font-size: 10pt;\">$300<\/span><\/td>\n<td class=\"rtecenter\"><span style=\"font-size: 10pt;\">$350<\/span><\/td>\n<td class=\"rtecenter\"><span style=\"font-size: 10pt;\">$450<\/span><\/td>\n<\/tr>\n<tr>\n<td><span style=\"font-size: 10pt;\">\u00a0\u00a0\u00a0\u00a0 Membres : \u00e9tudiants de deuxi\u00e8me ou troisi\u00e8me cycle<\/span><\/td>\n<td class=\"rtecenter\"><span style=\"font-size: 10pt;\">$200<\/span><\/td>\n<td class=\"rtecenter\"><span style=\"font-size: 10pt;\">$250<\/span><\/td>\n<td class=\"rtecenter\"><span style=\"font-size: 10pt;\">$350<\/span><\/td>\n<\/tr>\n<tr>\n<td><span style=\"font-size: 10pt;\">\u00a0 \u00a0 \u00a0Non-membres : \u00e9tudiants de deuxi\u00e8me ou troisi\u00e8me cycle<\/span><\/td>\n<td class=\"rtecenter\"><span style=\"font-size: 10pt;\">$260<\/span><\/td>\n<td class=\"rtecenter\"><span style=\"font-size: 10pt;\">$310<\/span><\/td>\n<td class=\"rtecenter\"><span style=\"font-size: 10pt;\">$410<\/span><\/td>\n<\/tr>\n<tr>\n<td><span style=\"font-size: 10pt;\">\u00a0\u00a0\u00a0\u00a0 Membres : enseignants au secondaire ou au coll\u00e9gial<\/span><\/td>\n<td class=\"rtecenter\"><span style=\"font-size: 10pt;\">$10<\/span><\/td>\n<td class=\"rtecenter\"><span style=\"font-size: 10pt;\">$10<\/span><\/td>\n<td class=\"rtecenter\"><span style=\"font-size: 10pt;\">$110<\/span><\/td>\n<\/tr>\n<tr>\n<td><span style=\"font-size: 10pt;\">\u00a0 \u00a0 \u00a0Non-membres : enseignants au secondaire ou au coll\u00e9gial<\/span><\/td>\n<td class=\"rtecenter\"><span style=\"font-size: 10pt;\">$50<\/span><\/td>\n<td class=\"rtecenter\"><span style=\"font-size: 10pt;\">$50<\/span><\/td>\n<td class=\"rtecenter\"><span style=\"font-size: 10pt;\">$150<\/span><\/td>\n<\/tr>\n<tr>\n<td><span style=\"font-size: 10pt;\">\u00a0\u00a0\u00a0\u00a0 \u00c9tudiants du premier cycle affili\u00e9s \u00e0 l&#8217;ACP**<\/span><\/td>\n<td class=\"rtecenter\"><span style=\"font-size: 10pt;\">$120<\/span><\/td>\n<td class=\"rtecenter\"><span style=\"font-size: 10pt;\">$170<\/span><\/td>\n<td class=\"rtecenter\"><span style=\"font-size: 10pt;\">$270<\/span><\/td>\n<\/tr>\n<tr>\n<td><span style=\"font-size: 10pt;\">\u00a0<\/span><\/td>\n<td><span style=\"font-size: 10pt;\">\u00a0<\/span><\/td>\n<td><span style=\"font-size: 10pt;\">\u00a0<\/span><\/td>\n<td><span style=\"font-size: 10pt;\">\u00a0<\/span><\/td>\n<\/tr>\n<tr>\n<td><span style=\"font-size: 10pt;\"><strong>One-day registration:<\/strong><\/span><\/td>\n<td><span style=\"font-size: 10pt;\">\u00a0<\/span><\/td>\n<td><span style=\"font-size: 10pt;\">\u00a0<\/span><\/td>\n<td><span style=\"font-size: 10pt;\">\u00a0<\/span><\/td>\n<\/tr>\n<tr>\n<td><span style=\"font-size: 10pt;\">\u00a0\u00a0\u00a0\u00a0 Membres<\/span><\/td>\n<td class=\"rtecenter\"><span style=\"font-size: 10pt;\">\u00a0$225<\/span><\/td>\n<td class=\"rtecenter\"><span style=\"font-size: 10pt;\">$250<\/span><\/td>\n<td class=\"rtecenter\"><span style=\"font-size: 10pt;\">$300<\/span><\/td>\n<\/tr>\n<tr>\n<td><span style=\"font-size: 10pt;\">\u00a0 \u00a0 \u00a0Conf\u00e9renciers invit\u00e9s<\/span><\/td>\n<td class=\"rtecenter\"><span style=\"font-size: 10pt;\">$225<\/span><\/td>\n<td class=\"rtecenter\"><span style=\"font-size: 10pt;\">$225<\/span><\/td>\n<td class=\"rtecenter\"><span style=\"font-size: 10pt;\">$300<\/span><\/td>\n<\/tr>\n<tr>\n<td><span style=\"font-size: 10pt;\">\u00a0\u00a0\u00a0\u00a0 Non-membres<\/span><\/td>\n<td class=\"rtecenter\"><span style=\"font-size: 10pt;\">\u00a0$325<\/span><\/td>\n<td class=\"rtecenter\"><span style=\"font-size: 10pt;\">$350<\/span><\/td>\n<td class=\"rtecenter\"><span style=\"font-size: 10pt;\">$400<\/span><\/td>\n<\/tr>\n<tr>\n<td><span style=\"font-size: 10pt;\">\u00a0 \u00a0 \u00a0Membres : en d\u00e9but de carri\u00e8re*\u00a0(dipl\u00f4me obtenu depuis moins de 4 ans)\u00a0ou retrait\u00e9s<\/span><\/td>\n<td class=\"rtecenter\"><span style=\"font-size: 10pt;\">$125<\/span><\/td>\n<td class=\"rtecenter\"><span style=\"font-size: 10pt;\">$150<\/span><\/td>\n<td class=\"rtecenter\"><span style=\"font-size: 10pt;\">$200<\/span><\/td>\n<\/tr>\n<tr>\n<td><span style=\"font-size: 10pt;\">\u00a0 \u00a0 \u00a0Non-membre: retrait\u00e9s<\/span><\/td>\n<td class=\"rtecenter\"><span style=\"font-size: 10pt;\">$175<\/span><\/td>\n<td class=\"rtecenter\"><span style=\"font-size: 10pt;\">$200<\/span><\/td>\n<td class=\"rtecenter\"><span style=\"font-size: 10pt;\">$250<\/span><\/td>\n<\/tr>\n<tr>\n<td><span style=\"font-size: 10pt;\">\u00a0 \u00a0 \u00a0Membres : \u00e9tudiants de deuxi\u00e8me ou troisi\u00e8me cycle<\/span><\/td>\n<td class=\"rtecenter\"><span style=\"font-size: 10pt;\">$125<\/span><\/td>\n<td class=\"rtecenter\"><span style=\"font-size: 10pt;\">$150<\/span><\/td>\n<td class=\"rtecenter\"><span style=\"font-size: 10pt;\">$200<\/span><\/td>\n<\/tr>\n<tr>\n<td><span style=\"font-size: 10pt;\">\u00a0 \u00a0 \u00a0Non-membres : \u00e9tudiants de deuxi\u00e8me ou troisi\u00e8me cycle<\/span><\/td>\n<td class=\"rtecenter\"><span style=\"font-size: 10pt;\">\u00a0$155<\/span><\/td>\n<td class=\"rtecenter\"><span style=\"font-size: 10pt;\">$180<\/span><\/td>\n<td class=\"rtecenter\"><span style=\"font-size: 10pt;\">$230<\/span><\/td>\n<\/tr>\n<tr>\n<td><span style=\"font-size: 10pt;\">\u00a0 \u00a0 \u00a0Membres : enseignants au secondaire ou au coll\u00e9gial<\/span><\/td>\n<td class=\"rtecenter\"><span style=\"font-size: 10pt;\">\u00a0$10<\/span><\/td>\n<td class=\"rtecenter\"><span style=\"font-size: 10pt;\">\u00a0$10<\/span><\/td>\n<td class=\"rtecenter\"><span style=\"font-size: 10pt;\">$60<\/span><\/td>\n<\/tr>\n<tr>\n<td><span style=\"font-size: 10pt;\">\u00a0 \u00a0 \u00a0Non-membres : enseignants au secondaire ou au coll\u00e9gial<\/span><\/td>\n<td class=\"rtecenter\"><span style=\"font-size: 10pt;\">$50<\/span><\/td>\n<td class=\"rtecenter\"><span style=\"font-size: 10pt;\">$50<\/span><\/td>\n<td class=\"rtecenter\"><span style=\"font-size: 10pt;\">$100<\/span><\/td>\n<\/tr>\n<tr>\n<td><span style=\"font-size: 10pt;\">\u00a0 \u00a0 \u00a0\u00c9tudiants du premier cycle affili\u00e9s \u00e0 l&#8217;ACP**<\/span><\/td>\n<td class=\"rtecenter\"><span style=\"font-size: 10pt;\">$75<\/span><\/td>\n<td class=\"rtecenter\"><span style=\"font-size: 10pt;\">$100<\/span><\/td>\n<td class=\"rtecenter\"><span style=\"font-size: 10pt;\">$150<\/span><\/td>\n<\/tr>\n<tr>\n<td colspan=\"4\"><span style=\"font-size: 10pt;\">* ce frais sp\u00e9cial est offert aux membres seulement; non-membres en d\u00e9but de carri\u00e8re est invit\u00e9 \u00e0 joindre l&#8217;ACP pour en profiter. \u00a0Sinon, le frais non-membre sera requis.<\/span><\/p>\n<p><span style=\"font-size: 10pt;\">**\u00a0Il est gratuit pour les \u00e9tudiants de premier cycle de se joindre \u00e0 l&#8217;ACP; il n&#8217;y a donc pas de frais sp\u00e9cifiquement aux non-membres.<\/span><\/td>\n<\/tr>\n<\/tbody>\n<\/table>\n<p><a href=\"https:\/\/cap.ca\/fr\/congres-de-lacp\/congres-anterieurs\/congres-2017\/termes-conditions\/\" target=\"_blank\" rel=\"noopener noreferrer\">Termes et conditions et Politique de remboursement<\/a><\/p>\n<\/div>\n","protected":false},"excerpt":{"rendered":"<p>L&#8217;insription en ligne ouvrira le 1er avril. Les frais d&#8217;inscription comprennent des rafra\u00eechissements lors de diff\u00e9rentes activit\u00e9s sociales ainsi qu des pauses caf\u00e9 tout au long du congr\u00e8s. Le Gala de reconnaissance du jeudi soir, les diners d&#8217;affaires et visites guid\u00e9es organis\u00e9es ne sont pas inclus dans les frais d&#8217;inscription, mais vous pouvez toutefois acheter&#8230;  <a class=\"excerpt-read-more\" href=\"https:\/\/cap.ca\/fr\/congres-de-lacp\/congres-anterieurs\/congres-2017\/inscription-2017\/\" title=\"LireInscription 2017\">Lire la suite &raquo;<\/a><\/p>\n","protected":false},"author":9,"featured_media":0,"parent":3245,"menu_order":7,"comment_status":"closed","ping_status":"closed","template":"","meta":{"footnotes":""},"class_list":["post-6918","page","type-page","status-publish","hentry"],"_links":{"self":[{"href":"https:\/\/cap.ca\/fr\/wp-json\/wp\/v2\/pages\/6918","targetHints":{"allow":["GET"]}}],"collection":[{"href":"https:\/\/cap.ca\/fr\/wp-json\/wp\/v2\/pages"}],"about":[{"href":"https:\/\/cap.ca\/fr\/wp-json\/wp\/v2\/types\/page"}],"author":[{"embeddable":true,"href":"https:\/\/cap.ca\/fr\/wp-json\/wp\/v2\/users\/9"}],"replies":[{"embeddable":true,"href":"https:\/\/cap.ca\/fr\/wp-json\/wp\/v2\/comments?post=6918"}],"version-history":[{"count":2,"href":"https:\/\/cap.ca\/fr\/wp-json\/wp\/v2\/pages\/6918\/revisions"}],"predecessor-version":[{"id":6921,"href":"https:\/\/cap.ca\/fr\/wp-json\/wp\/v2\/pages\/6918\/revisions\/6921"}],"up":[{"embeddable":true,"href":"https:\/\/cap.ca\/fr\/wp-json\/wp\/v2\/pages\/3245"}],"wp:attachment":[{"href":"https:\/\/cap.ca\/fr\/wp-json\/wp\/v2\/media?parent=6918"}],"curies":[{"name":"wp","href":"https:\/\/api.w.org\/{rel}","templated":true}]}}