{"id":6719,"date":"2017-04-06T17:08:17","date_gmt":"2017-04-06T21:08:17","guid":{"rendered":"http:\/\/caph-02.eproofs.ca\/?page_id=6719\/"},"modified":"2017-04-11T09:56:27","modified_gmt":"2017-04-11T13:56:27","slug":"liens-pour-enseignementapprentissage","status":"publish","type":"page","link":"https:\/\/cap.ca\/fr\/activites\/ressources-enseignants-physique\/liens-pour-enseignementapprentissage\/","title":{"rendered":"Liens pour enseignement\/apprentissage"},"content":{"rendered":"<h5>Liens vers les \u00e9tablissements partenaires<\/h5>\n<ul class=\"content-list\">\n<li><a href=\"http:\/\/www.lightsource.ca\/\"><u>Centre canadien de rayonnement synchrotron<\/u><\/a><\/li>\n<li><a href=\"https:\/\/uwaterloo.ca\/institute-for-quantum-computing\/\"><u>Institute for Quantum Computing<\/u><\/a><\/li>\n<li><a href=\"http:\/\/perimeterinstitute.ca\/fr\"><u>L\u2019Institut P\u00e9rim\u00e8tre de physique th\u00e9orique<\/u><\/a><\/li>\n<li><a href=\"https:\/\/www.snolab.ca\/\"><u>SNOLAB<\/u><\/a><\/li>\n<li><a href=\"http:\/\/www.triumf.ca\/\"><u>TRIUMF<\/u><\/a><\/li>\n<\/ul>\n<h5>Associations<\/h5>\n<ul class=\"content-list\">\n<li><a href=\"http:\/\/www.bcscta.ca\"><u>BC Science Teachers Associatio<\/u><\/a>n<\/li>\n<li><a href=\"http:\/\/www.bcapt.ca\"><u>BC Association of Physics Teachers<\/u><\/a><\/li>\n<li><a href=\"http:\/\/www.aapt.org\"><u>American Association of Physics Teachers<\/u><\/a><\/li>\n<li><a href=\"http:\/\/www.oapt.ca\"><u>Ontario Association of Physics teachers<\/u><\/a><\/li>\n<li><a href=\"https:\/\/abphysicsteachers.wordpress.com\"><u>Alberta Physics Teachers<\/u><\/a><\/li>\n<li><a href=\"mailto:lasry@johnabbott.qc.ca\"><u>Quebec Association of Physics Teachers<\/u><\/a><\/li>\n<li><a href=\"http:\/\/stam.mb.ca\"><u>Science Teachers Assoc. of Manitoba<\/u><\/a><\/li>\n<li><a href=\"http:\/\/ast.nstu.ca\/\"><u>Nova Scotia Teachers Union Association of Science Teachers<\/u><\/a><\/li>\n<\/ul>\n","protected":false},"excerpt":{"rendered":"<p>Liens vers les \u00e9tablissements partenaires Centre canadien de rayonnement synchrotron Institute for Quantum Computing L\u2019Institut P\u00e9rim\u00e8tre de physique th\u00e9orique SNOLAB TRIUMF Associations BC Science Teachers Association BC Association of Physics Teachers American Association of Physics Teachers Ontario Association of Physics teachers Alberta Physics Teachers Quebec Association of Physics Teachers Science Teachers Assoc. of Manitoba Nova&#8230;  <a class=\"excerpt-read-more\" href=\"https:\/\/cap.ca\/fr\/activites\/ressources-enseignants-physique\/liens-pour-enseignementapprentissage\/\" title=\"LireLiens pour enseignement\/apprentissage\">Lire la suite &raquo;<\/a><\/p>\n","protected":false},"author":10,"featured_media":0,"parent":3305,"menu_order":11,"comment_status":"closed","ping_status":"closed","template":"","meta":{"footnotes":""},"class_list":["post-6719","page","type-page","status-publish","hentry"],"_links":{"self":[{"href":"https:\/\/cap.ca\/fr\/wp-json\/wp\/v2\/pages\/6719","targetHints":{"allow":["GET"]}}],"collection":[{"href":"https:\/\/cap.ca\/fr\/wp-json\/wp\/v2\/pages"}],"about":[{"href":"https:\/\/cap.ca\/fr\/wp-json\/wp\/v2\/types\/page"}],"author":[{"embeddable":true,"href":"https:\/\/cap.ca\/fr\/wp-json\/wp\/v2\/users\/10"}],"replies":[{"embeddable":true,"href":"https:\/\/cap.ca\/fr\/wp-json\/wp\/v2\/comments?post=6719"}],"version-history":[{"count":2,"href":"https:\/\/cap.ca\/fr\/wp-json\/wp\/v2\/pages\/6719\/revisions"}],"predecessor-version":[{"id":6809,"href":"https:\/\/cap.ca\/fr\/wp-json\/wp\/v2\/pages\/6719\/revisions\/6809"}],"up":[{"embeddable":true,"href":"https:\/\/cap.ca\/fr\/wp-json\/wp\/v2\/pages\/3305"}],"wp:attachment":[{"href":"https:\/\/cap.ca\/fr\/wp-json\/wp\/v2\/media?parent=6719"}],"curies":[{"name":"wp","href":"https:\/\/api.w.org\/{rel}","templated":true}]}}