{"id":6636,"date":"2017-04-05T18:14:59","date_gmt":"2017-04-05T22:14:59","guid":{"rendered":"http:\/\/caph-02.eproofs.ca\/?page_id=6636\/"},"modified":"2017-04-05T18:21:26","modified_gmt":"2017-04-05T22:21:26","slug":"exposants-au-congres-de-lacp-2017","status":"publish","type":"page","link":"https:\/\/cap.ca\/fr\/congres-de-lacp\/congres-anterieurs\/congres-2017\/exposants-au-congres-de-lacp-2017\/","title":{"rendered":"Exposants au Congr\u00e8s de l&#8217;ACP 2017"},"content":{"rendered":"<img decoding=\"async\" src=\"https:\/\/cap.ca\/wp-content\/uploads\/2017\/04\/2017Booths.jpg\" alt=\"2017 CAP Congress Exhibitors Floor Plan\" \/>\n<table cellspacing=\"1\" cellpadding=\"1\">\n<tbody>\n<tr>\n<td><strong>Exposants<\/strong><\/td>\n<td><strong>Kiosque<\/strong><\/td>\n<\/tr>\n<tr>\n<td><a href=\"http:\/\/www.gtl.ca\/\">Gamble Technologies Ltd.<\/a><\/td>\n<td>\u00c0 venir<\/td>\n<\/tr>\n<tr>\n<td><a href=\"http:\/\/www.lesker.com\/\" target=\"_blank\">Kurt J. Lesker Co.<\/a><\/td>\n<td>\u00c0 venir<\/td>\n<\/tr>\n<tr>\n<td><a href=\"http:\/\/www.sfr.ca\/\" target=\"_blank\">Systems for Research Corp.<\/a><\/td>\n<td>\u00c0 venir<\/td>\n<\/tr>\n<tr>\n<td><a href=\"http:\/\/www.vpcinc.ca\/\" target=\"_blank\">Vacuum Products Canada Inc.<\/a><\/td>\n<td>\u00c0 venir<\/td>\n<\/tr>\n<\/tbody>\n<\/table>\n","protected":false},"excerpt":{"rendered":"<p>Exposants Kiosque Gamble Technologies Ltd. \u00c0 venir Kurt J. Lesker Co. \u00c0 venir Systems for Research Corp. \u00c0 venir Vacuum Products Canada Inc. \u00c0 venir<\/p>\n","protected":false},"author":10,"featured_media":0,"parent":3245,"menu_order":169,"comment_status":"closed","ping_status":"closed","template":"","meta":{"footnotes":""},"class_list":["post-6636","page","type-page","status-publish","hentry"],"_links":{"self":[{"href":"https:\/\/cap.ca\/fr\/wp-json\/wp\/v2\/pages\/6636","targetHints":{"allow":["GET"]}}],"collection":[{"href":"https:\/\/cap.ca\/fr\/wp-json\/wp\/v2\/pages"}],"about":[{"href":"https:\/\/cap.ca\/fr\/wp-json\/wp\/v2\/types\/page"}],"author":[{"embeddable":true,"href":"https:\/\/cap.ca\/fr\/wp-json\/wp\/v2\/users\/10"}],"replies":[{"embeddable":true,"href":"https:\/\/cap.ca\/fr\/wp-json\/wp\/v2\/comments?post=6636"}],"version-history":[{"count":4,"href":"https:\/\/cap.ca\/fr\/wp-json\/wp\/v2\/pages\/6636\/revisions"}],"predecessor-version":[{"id":6642,"href":"https:\/\/cap.ca\/fr\/wp-json\/wp\/v2\/pages\/6636\/revisions\/6642"}],"up":[{"embeddable":true,"href":"https:\/\/cap.ca\/fr\/wp-json\/wp\/v2\/pages\/3245"}],"wp:attachment":[{"href":"https:\/\/cap.ca\/fr\/wp-json\/wp\/v2\/media?parent=6636"}],"curies":[{"name":"wp","href":"https:\/\/api.w.org\/{rel}","templated":true}]}}