{"id":6251,"date":"2017-03-24T17:19:59","date_gmt":"2017-03-24T21:19:59","guid":{"rendered":"http:\/\/caph-02.eproofs.ca\/?page_id=6251\/"},"modified":"2026-03-26T19:22:40","modified_gmt":"2026-03-26T23:22:40","slug":"presidents-message","status":"publish","type":"page","link":"https:\/\/cap.ca\/fr\/propos-lacp\/presidents-message\/","title":{"rendered":"Mot de bienvenue de la pr\u00e9sident"},"content":{"rendered":"<p><img loading=\"lazy\" decoding=\"async\" class=\"size-medium wp-image-29004 alignleft\" src=\"https:\/\/cap.ca\/wp-content\/uploads\/2023\/07\/Pierre-Benard-300x300.jpg\" alt=\"\" width=\"300\" height=\"300\" srcset=\"https:\/\/cap.ca\/wp-content\/uploads\/2023\/07\/Pierre-Benard-300x300.jpg 300w, https:\/\/cap.ca\/wp-content\/uploads\/2023\/07\/Pierre-Benard-150x150.jpg 150w, https:\/\/cap.ca\/wp-content\/uploads\/2023\/07\/Pierre-Benard-125x125.jpg 125w, https:\/\/cap.ca\/wp-content\/uploads\/2023\/07\/Pierre-Benard.jpg 695w\" sizes=\"auto, (max-width: 300px) 100vw, 300px\" \/>En tant que pr\u00e9sident de l&#8217;Association canadienne des physiciens et physiciennes (ACP), j&#8217;ai le plaisir de vous accueillir sur notre site Web. Alors que le monde c\u00e9l\u00e8bre l&#8217;Ann\u00e9e internationale de la science et des technologies quantiques, cette ann\u00e9e marque \u00e9galement le 80<sup>e<\/sup> anniversaire de l&#8217;Association canadienne des physiciens et physiciennes. Depuis 1945, l&#8217;ACP s&#8217;efforce de favoriser une communaut\u00e9 physique dynamique et inclusive qui stimule la d\u00e9couverte et l&#8217;innovation au Canada. Les membres de l&#8217;ACP proviennent du milieu universitaire (universit\u00e9s, c\u00e9geps et coll\u00e8ges), du syst\u00e8me scolaire canadien, de l&#8217;industrie et du gouvernement.<\/p>\n<p>L&#8217;ACP promeut l&#8217;excellence, le professionnalisme, la coll\u00e9gialit\u00e9 et le mentorat aupr\u00e8s de ses membres et estime qu&#8217;une communaut\u00e9 inclusive, diversifi\u00e9e et \u00e9quitable est la cl\u00e9 de son succ\u00e8s en tant qu&#8217;association et du d\u00e9veloppement de la physique en tant que domaine. \u00c0 ce titre, nous nous engageons \u00e0 refl\u00e9ter ces valeurs dans notre gouvernance, nos processus administratifs et nos programmes. L&#8217;ACP dispose d&#8217;un comit\u00e9 consultatif sur l&#8217;\u00e9quit\u00e9, la diversit\u00e9 et l&#8217;inclusion (EDI), d&#8217;un comit\u00e9 de mise en \u0153uvre de l&#8217;EDI et d&#8217;une division pour l&#8217;\u00e9quit\u00e9 entre les sexes en physique. Notre division organise des tables rondes lors du congr\u00e8s annuel de l&#8217;ACP, contribue \u00e0 notre magazine (La Physique au Canada) et propose des conf\u00e9renciers pour notre tourn\u00e9e de conf\u00e9rences et nos s\u00e9ances pl\u00e9ni\u00e8res du congr\u00e8s. Elle encourage \u00e9galement la participation \u00e0 des conf\u00e9rences pour les minorit\u00e9s sexuelles en physique.<\/p>\n<p>L&#8217;ACP joue un r\u00f4le crucial dans la d\u00e9fense des int\u00e9r\u00eats de notre communaut\u00e9, en rencontrant r\u00e9guli\u00e8rement des organismes de financement de la recherche tels que le CRSNG, des repr\u00e9sentants du gouvernement et des d\u00e9cideurs politiques afin de promouvoir la physique comme pierre angulaire de la science fondamentale et contributeur cl\u00e9 \u00e0 l&#8217;\u00e9cosyst\u00e8me d&#8217;innovation du Canada.<\/p>\n<p>En 1999, l&#8217;ACPR a mis en place un processus de certification qui a abouti \u00e0 la d\u00e9signation de physicien professionnel (Professional Physicist) et a d\u00e9pos\u00e9 les abr\u00e9viations \u00ab P.Phys. \u00bb en anglais et \u00ab phys. \u00bb en fran\u00e7ais afin de cr\u00e9er une d\u00e9signation de sp\u00e9cialiste facilement identifiable. Les d\u00e9tails du processus de candidature sont disponibles sur notre site web (https:\/\/cap.ca\/programs\/pphys-certification\/application-process-and-forms\/). l&#8217;ACP s&#8217;efforce \u00e9galement d&#8217;offrir \u00e0 ses membres des activit\u00e9s de d\u00e9veloppement professionnel, telles que des ateliers visant \u00e0 favoriser le d\u00e9veloppement professionnel des enseignants du CEGEP, en collaboration avec des organisations partenaires.<\/p>\n<p>l&#8217;ACP reconna\u00eet les contributions exceptionnelles \u00e0 la physique par le biais de ses m\u00e9dailles, prix et bourses. Le programme de bourses a \u00e9t\u00e9 lanc\u00e9 en 2022 et r\u00e9compense les contributions significatives des membres de l&#8217;ACP dans les domaines de l&#8217;\u00e9ducation, de la recherche, de la pratique professionnelle ou des services (<a href=\"https:\/\/cap.ca\/programs\/recognitions\/post-graduate-physicists\/\">Membres de l&#8217;ACP et autres distinctions pour les physiciens <\/a>dipl\u00f4m\u00e9s). N&#8217;h\u00e9sitez pas \u00e0 proposer la candidature de coll\u00e8gues m\u00e9ritants pour les distinctions de l&#8217;ACP.<\/p>\n<p>Nos membres \u00e9tudiants (de premier cycle et de deuxi\u00e8me cycle) sont au c\u0153ur des pr\u00e9occupations de l&#8217;association. Les membres \u00e9tudiants sont repr\u00e9sent\u00e9s par le Conseil consultatif des \u00e9tudiants (SAC), qui conseille le conseil d&#8217;administration de l&#8217;ACP, publie des ressources acad\u00e9miques et professionnelles pour les \u00e9tudiants sur son site web sac.cap.ca et organise des programmes tels qu&#8217;une s\u00e9rie nationale de conf\u00e9rences en ligne sur la physique. L&#8217;ACP \u00e9tend progressivement son programme de tourn\u00e9es de conf\u00e9rences au-del\u00e0 des \u00e9tudiants de premier cycle pour inclure les \u00e9tudiants du CEGEP et du secondaire.<\/p>\n<p>Le congr\u00e8s annuel de l&#8217;ACP attire des physiciens de tout le Canada et du monde entier. Un nombre important de conf\u00e9renciers sont des \u00e9tudiants en physique de tout le Canada, qui ont la possibilit\u00e9 de participer \u00e0 des concours oraux et d&#8217;affiches. Les m\u00e9dailles de l&#8217;ACP pour l&#8217;excellence en recherche, en service et en enseignement sont d\u00e9cern\u00e9es lors du congr\u00e8s. L&#8217;ACP organise \u00e9galement un atelier annuel d&#8217;une journ\u00e9e sur la physique \u00e0 l&#8217;intention des enseignants des \u00e9coles secondaires et des c\u00e9geps locaux, en marge du congr\u00e8s. Joignez-vous \u00e0 nous \u00e0 Ottawa pour notre congr\u00e8s 2026, qui sera organis\u00e9 conjointement par l&#8217;Universit\u00e9 d&#8217;Ottawa et l&#8217;Universit\u00e9 Carleton.<\/p>\n<p>Cette ann\u00e9e, nous mettons en \u0153uvre notre nouveau plan strat\u00e9gique quinquennal, qui vise \u00e0 faire de l&#8217;ACP le porte-parole de la physique au Canada et \u00e0 accro\u00eetre sa pertinence pour l&#8217;ensemble de la communaut\u00e9 des physiciens au Canada. Afin d&#8217;accro\u00eetre notre influence, l&#8217;un de nos principaux objectifs strat\u00e9giques sera d&#8217;augmenter consid\u00e9rablement le nombre de nos membres. Si vous n&#8217;\u00eates pas encore membre de l&#8217;ACP, pensez \u00e0 adh\u00e9rer d\u00e8s aujourd&#8217;hui \u00e0 la seule association nationale de physique multidisciplinaire ! Votre soutien est essentiel pour nous permettre de d\u00e9fendre vos int\u00e9r\u00eats et de fournir les services qui sont importants pour les physiciens, les \u00e9tudiants en physique et les enseignants en physique canadiens, en particulier dans le contexte difficile auquel nous sommes tous confront\u00e9s. L&#8217;ACP a conclu des accords r\u00e9ciproques avec plusieurs autres soci\u00e9t\u00e9s de physique (APS, JPS, Australian PS) qui permettent aux membres de l&#8217;ACP d&#8217;assister aux conf\u00e9rences de ces soci\u00e9t\u00e9s au tarif r\u00e9serv\u00e9 \u00e0 leurs membres.<\/p>\n<p>Si vous \u00eates d\u00e9j\u00e0 membre, pensez \u00e0 mettre votre temps et vos talents \u00e0 contribution en adh\u00e9rant au conseil consultatif de l&#8217;ACP ou \u00e0 l&#8217;un de nos comit\u00e9s charg\u00e9s de la politique scientifique, des affaires \u00e9tudiantes, de la pratique professionnelle, des affaires internationales ou des services aux membres et aux affili\u00e9s. Veuillez contacter notre directrice g\u00e9n\u00e9rale, Francine Ford (execdir[at]acp[dot]ca) ou notre responsable des programmes, Ellen Molloy (programs[at]acp[dot]ca).<\/p>\n<p>La <a href=\"https:\/\/cap.ca\/capf\/\">Fondation ACP (FACP)<\/a> est l&#8217;organisme de collecte de fonds de notre organisation pour bon nombre de nos activit\u00e9s li\u00e9es \u00e0 l&#8217;\u00e9ducation qui ne sont pas financ\u00e9es par les cotisations des membres, telles que la tourn\u00e9e de conf\u00e9rences ACP, les bourses d&#8217;\u00e9tudes, les prix pour les enseignants du secondaire et du c\u00e9gep, les concours d&#8217;examens pour les \u00e9coles secondaires et les universit\u00e9s, et l&#8217;Expo-sciences pancanadienne. Vos dons d\u00e9ductibles d&#8217;imp\u00f4t sont essentiels pour garantir la disponibilit\u00e9 de ces programmes et sont tr\u00e8s appr\u00e9ci\u00e9s. Nous vous invitons \u00e0 donner g\u00e9n\u00e9reusement. Les dons sont trait\u00e9s par Canada Helps, qui d\u00e9livre directement les re\u00e7us fiscaux. Canada Helps offre \u00e9galement la possibilit\u00e9 de mettre en place des dons mensuels en plus des dons ponctuels.<\/p>\n<p>Je vous adresse mes meilleurs v\u0153ux,<br \/>\nPierre B\u00e9nard, Pr\u00e9sident de l\u2019ACP<br \/>\n<a href=\"mailto:Pierre.Benard@uqtr.ca\">Pierre.Benard@uqtr.ca\u00a0<\/a><\/p>\n","protected":false},"excerpt":{"rendered":"<p>En tant que pr\u00e9sident de l&#8217;Association canadienne des physiciens et physiciennes (ACP), j&#8217;ai le plaisir de vous accueillir sur notre site Web. Alors que le monde c\u00e9l\u00e8bre l&#8217;Ann\u00e9e internationale de la science et des technologies quantiques, cette ann\u00e9e marque \u00e9galement le 80e anniversaire de l&#8217;Association canadienne des physiciens et physiciennes. Depuis 1945, l&#8217;ACP s&#8217;efforce de&#8230;  <a class=\"excerpt-read-more\" href=\"https:\/\/cap.ca\/fr\/propos-lacp\/presidents-message\/\" title=\"LireMot de bienvenue de la pr\u00e9sident\">Lire la suite &raquo;<\/a><\/p>\n","protected":false},"author":10,"featured_media":0,"parent":3150,"menu_order":7,"comment_status":"closed","ping_status":"closed","template":"","meta":{"footnotes":""},"class_list":["post-6251","page","type-page","status-publish","hentry"],"_links":{"self":[{"href":"https:\/\/cap.ca\/fr\/wp-json\/wp\/v2\/pages\/6251","targetHints":{"allow":["GET"]}}],"collection":[{"href":"https:\/\/cap.ca\/fr\/wp-json\/wp\/v2\/pages"}],"about":[{"href":"https:\/\/cap.ca\/fr\/wp-json\/wp\/v2\/types\/page"}],"author":[{"embeddable":true,"href":"https:\/\/cap.ca\/fr\/wp-json\/wp\/v2\/users\/10"}],"replies":[{"embeddable":true,"href":"https:\/\/cap.ca\/fr\/wp-json\/wp\/v2\/comments?post=6251"}],"version-history":[{"count":33,"href":"https:\/\/cap.ca\/fr\/wp-json\/wp\/v2\/pages\/6251\/revisions"}],"predecessor-version":[{"id":29028,"href":"https:\/\/cap.ca\/fr\/wp-json\/wp\/v2\/pages\/6251\/revisions\/29028"}],"up":[{"embeddable":true,"href":"https:\/\/cap.ca\/fr\/wp-json\/wp\/v2\/pages\/3150"}],"wp:attachment":[{"href":"https:\/\/cap.ca\/fr\/wp-json\/wp\/v2\/media?parent=6251"}],"curies":[{"name":"wp","href":"https:\/\/api.w.org\/{rel}","templated":true}]}}