{"id":6190,"date":"2017-03-24T13:52:28","date_gmt":"2017-03-24T17:52:28","guid":{"rendered":"http:\/\/caph-02.eproofs.ca\/propos-lacp\/acp-direction\/conseil-consultatif\/list-of-universities-and-government-labs-located-in-ontario-and-quebec-regions\/"},"modified":"2017-03-24T13:53:54","modified_gmt":"2017-03-24T17:53:54","slug":"list-of-universities-and-government-labs-located-in-ontario-and-quebec-regions","status":"publish","type":"page","link":"https:\/\/cap.ca\/fr\/propos-lacp\/acp-direction\/conseil-consultatif\/list-of-universities-and-government-labs-located-in-ontario-and-quebec-regions\/","title":{"rendered":"Liste des universit\u00e9s et des laboratoires gouvernementaux dans les r\u00e9gions de l&#8217;Ontario et du Qu\u00e9bec"},"content":{"rendered":"<h2>Ontario &#8211; East \/ Ontario &#8211; Est <sup>[1]<\/sup><\/h2>\n<ul class=\"content-list\">\n<li>Carleton University \/ Universit\u00e9 Carleton<\/li>\n<li>Queen&#8217;s University \/ Universit\u00e9 Queen&#8217;s<\/li>\n<li>Royal Military College \/ College militaire royal<\/li>\n<li>University of Ottawa \/ Universit\u00e9 d&#8217;Ottawa<\/li>\n<li>Atomic Energy of Canada Ltd., Chalk River \/ \u00c9nergie atomique du Canada, limit\u00e9e, Chalk River<\/li>\n<li>National Research Council, Ottawa \/ Conseil national de recherches, Ottawa<\/li>\n<\/ul>\n<h2>Ontario &#8211; Southwest \/ Ontario &#8211; Sud-ouest <sup>[2]<\/sup><\/h2>\n<ul class=\"content-list\">\n<li>Brock University \/ Universit\u00e9 Brock<\/li>\n<li>McMaster University\/ Universit\u00e9 McMaster<\/li>\n<li>University of Guelph \/ Universit\u00e9 de Guelph<\/li>\n<li>University of Waterloo \/ Universit\u00e9 de Waterloo<\/li>\n<li>Western University \/ Universit\u00e9 d&#8217;Ontario-Ouest<\/li>\n<li>University of Windsor \/ Universit\u00e9 de Windsor<\/li>\n<li>Wilfrid Laurier University \/ Universit\u00e9 Wilfrid Laurier<\/li>\n<\/ul>\n<h2>Ontario &#8211; Central and North \/ Ontario &#8211; Central et nord <sup>[3]<\/sup><\/h2>\n<ul class=\"content-list\">\n<li>Lakehead University \/ Universit\u00e9 Lakehead<\/li>\n<li>Laurentian University \/ Universit\u00e9 Laurentian<\/li>\n<li>Ryerson University \/ Universit\u00e9 Ryerson<\/li>\n<li>Trent University \/ Universit\u00e9 Trent<\/li>\n<li>University of Toronto \/ Universit\u00e9 de Toronto<\/li>\n<li>York University \/ Universit\u00e9 York<\/li>\n<\/ul>\n<h2>Quebec &#8211; North and West \/ Qu\u00e9bec &#8211; Nord et Ouest <sup>[4]<\/sup><\/h2>\n<ul class=\"content-list\">\n<li>Concordia University \/ Universit\u00e9 Concordia<\/li>\n<li>\u00c9cole Polytechnique<\/li>\n<li>McGill University \/Universit\u00e9 McGill<\/li>\n<li>Universit\u00e9 de Montr\u00e9al<\/li>\n<li>Universit\u00e9 du Qu\u00e9bec \u00e0 Montr\u00e9al<\/li>\n<\/ul>\n<h2>Quebec &#8211; South and East \/ Qu\u00e9bec &#8211; Sud et Est <sup>[5]<\/sup><\/h2>\n<ul class=\"content-list\">\n<li>Bishop&#8217;s University \/ Universit\u00e9 Bishop&#8217;s<\/li>\n<li>Universit\u00e9 Laval<\/li>\n<li>Universit\u00e9 du Qu\u00e9bec \u00e0 Rimouski<\/li>\n<li>Universit\u00e9 du Qu\u00e9bec \u00e0 Chicoutimi<\/li>\n<li>Universit\u00e9 du Qu\u00e9bec \u00e0 Trois-Rivi\u00e8res<\/li>\n<li>Universit\u00e9 de Sherbrooke<\/li>\n<\/ul>\n<hr \/>\n<ol class=\"content-list\">\n<li class=\"style11\">Defined as Ontario, east of 78<sup>o<\/sup> W longitude.<\/li>\n<li class=\"style11\">Defined as Ontario, West of 80<sup>o<\/sup> W longitude and south of Georgian Bay <u>or<\/u> south of 43.5<sup>o<\/sup> N latitude.<\/li>\n<li class=\"style11\">The remainder of Ontario not included in Ontario-East or Ontario-Southwest.<\/li>\n<li class=\"style11\">L&#8217;Ile de Montr\u00e9al (code postal H) et la partie de la rive nord du Saint-Laurent comprise dans le code postal J.<\/li>\n<li class=\"style11\">Toute la rive sud du Saint-Laurent et la partie de la rive nord du Saint-Laruent comprise dans le code postal G.<\/li>\n<\/ol>\n","protected":false},"excerpt":{"rendered":"<p>Ontario &#8211; East \/ Ontario &#8211; Est [1] Carleton University \/ Universit\u00e9 Carleton Queen&#8217;s University \/ Universit\u00e9 Queen&#8217;s Royal Military College \/ College militaire royal University of Ottawa \/ Universit\u00e9 d&#8217;Ottawa Atomic Energy of Canada Ltd., Chalk River \/ \u00c9nergie atomique du Canada, limit\u00e9e, Chalk River National Research Council, Ottawa \/ Conseil national de recherches,&#8230;  <a class=\"excerpt-read-more\" href=\"https:\/\/cap.ca\/fr\/propos-lacp\/acp-direction\/conseil-consultatif\/list-of-universities-and-government-labs-located-in-ontario-and-quebec-regions\/\" title=\"LireListe des universit\u00e9s et des laboratoires gouvernementaux dans les r\u00e9gions de l&#8217;Ontario et du Qu\u00e9bec\">Lire la suite &raquo;<\/a><\/p>\n","protected":false},"author":10,"featured_media":0,"parent":3157,"menu_order":7,"comment_status":"closed","ping_status":"closed","template":"","meta":{"footnotes":""},"class_list":["post-6190","page","type-page","status-publish","hentry"],"_links":{"self":[{"href":"https:\/\/cap.ca\/fr\/wp-json\/wp\/v2\/pages\/6190","targetHints":{"allow":["GET"]}}],"collection":[{"href":"https:\/\/cap.ca\/fr\/wp-json\/wp\/v2\/pages"}],"about":[{"href":"https:\/\/cap.ca\/fr\/wp-json\/wp\/v2\/types\/page"}],"author":[{"embeddable":true,"href":"https:\/\/cap.ca\/fr\/wp-json\/wp\/v2\/users\/10"}],"replies":[{"embeddable":true,"href":"https:\/\/cap.ca\/fr\/wp-json\/wp\/v2\/comments?post=6190"}],"version-history":[{"count":1,"href":"https:\/\/cap.ca\/fr\/wp-json\/wp\/v2\/pages\/6190\/revisions"}],"predecessor-version":[{"id":6191,"href":"https:\/\/cap.ca\/fr\/wp-json\/wp\/v2\/pages\/6190\/revisions\/6191"}],"up":[{"embeddable":true,"href":"https:\/\/cap.ca\/fr\/wp-json\/wp\/v2\/pages\/3157"}],"wp:attachment":[{"href":"https:\/\/cap.ca\/fr\/wp-json\/wp\/v2\/media?parent=6190"}],"curies":[{"name":"wp","href":"https:\/\/api.w.org\/{rel}","templated":true}]}}