{"id":4615,"date":"2017-03-10T13:26:03","date_gmt":"2017-03-10T18:26:03","guid":{"rendered":"http:\/\/caph-02.eproofs.ca\/?page_id=4615\/"},"modified":"2017-03-10T16:17:25","modified_gmt":"2017-03-10T21:17:25","slug":"plus-forts-ensemble","status":"publish","type":"page","link":"https:\/\/cap.ca\/fr\/plus-forts-ensemble\/","title":{"rendered":"Plus forts ensemble : construire une collectivit\u00e9 de la physique plus forte par le partenariat"},"content":{"rendered":"<p>Chaque ann\u00e9e, des centaines de personnes et d&#8217;organisations de tous les domaines de la collectivit\u00e9 de la physique \u00e9tablissent des partenariats avec l&#8217;ACP pour renforcer la profession de la physique; am\u00e9liorer la visibilit\u00e9 de la physique; faire valoir \u00e0 tous les niveaux la valeur de la physique et des physiciens, et aider l&#8217;ACP \u00e0 atteindre l&#8217;excellence sur le plan de l&#8217;organisation et du fonctionnement.<\/p>\n<p><strong>Vous pouvez nous aider \u00e0 construire une collectivit\u00e9 de la physique plus forte en :<\/strong><\/p>\n<ul class=\"content-list\">\n<li><a href=\"https:\/\/cap.ca\/fr\/divisions\/\">adh\u00e9rant \u00e0 une division<\/a><\/li>\n<li><a href=\"https:\/\/cap.ca\/fr\/propos-lacp\/comites\/\">adh\u00e9rant \u00e0 un comit\u00e9<\/a><\/li>\n<li><a href=\"https:\/\/cap.ca\/fr\/propos-lacp\/acp-direction\/conseil-consultatif\/\">devenant membre du Conseil consultatif<\/a><\/li>\n<li><a href=\"https:\/\/cap.ca\/fr\/propos-lacp\/acp-direction\/conseil-dadministration\/\">posant votre candidature au conseil d&#8217;administration de l&#8217;ACP<\/a><\/li>\n<li><a href=\"https:\/\/cap.ca\/fr\/congres-de-lacp\/\">participant au Congr\u00e8s de l&#8217;ACP<\/a><\/li>\n<li><a href=\"https:\/\/cap.ca\/fr\/activites\/certification-professionnelle-phys\/\">faisant valoir et reconnaissant la d\u00e9signation Phys.<\/a><\/li>\n<li><a href=\"https:\/\/cap.ca\/fr\/activites\/medailles-bourses\/\">faisant valoir les physiciens m\u00e9ritants et pr\u00e9sentant leur candidature pour les prix\/m\u00e9dailles de l&#8217;ACP<\/a><\/li>\n<li><a href=\"https:\/\/cap.ca\/fr\/activites\/ressources-etudiants-universitaires\/possibilites-demplois\/\">embauchant un physicien ou en incitant des connaissances \u00e0 le faire<\/a><\/li>\n<li><a href=\"https:\/\/cap.ca\/fr\/adhesion\/membres-bienfaiteurs\/\">devenant membre bienfaiteur de l&#8217;ACP<\/a><\/li>\n<li><a href=\"https:\/\/cap.ca\/fr\/facp\/\">donnant \u00e0 la Fondation de l&#8217;ACP<\/a><\/li>\n<li><a href=\"https:\/\/cap.ca\/fr\/adhesion\/\">appuyant les industries, d\u00e9partements et entreprises membres de l&#8217;ACP<\/a><\/li>\n<li><a href=\"https:\/\/cap.ca\/publications\/cap-news\/?group=community-news\">tenant l&#8217;ACP au fait des \u00e9v\u00e9nements et r\u00e9alisations d&#8217;importance<\/a><\/li>\n<\/ul>\n","protected":false},"excerpt":{"rendered":"<p>Chaque ann\u00e9e, des centaines de personnes et d&#8217;organisations de tous les domaines de la collectivit\u00e9 de la physique \u00e9tablissent des partenariats avec l&#8217;ACP pour renforcer la profession de la physique; am\u00e9liorer la visibilit\u00e9 de la physique; faire valoir \u00e0 tous les niveaux la valeur de la physique et des physiciens, et aider l&#8217;ACP \u00e0 atteindre&#8230;  <a class=\"excerpt-read-more\" href=\"https:\/\/cap.ca\/fr\/plus-forts-ensemble\/\" title=\"LirePlus forts ensemble : construire une collectivit\u00e9 de la physique plus forte par le partenariat\">Lire la suite &raquo;<\/a><\/p>\n","protected":false},"author":10,"featured_media":0,"parent":0,"menu_order":245,"comment_status":"closed","ping_status":"closed","template":"","meta":{"footnotes":""},"class_list":["post-4615","page","type-page","status-publish","hentry"],"_links":{"self":[{"href":"https:\/\/cap.ca\/fr\/wp-json\/wp\/v2\/pages\/4615","targetHints":{"allow":["GET"]}}],"collection":[{"href":"https:\/\/cap.ca\/fr\/wp-json\/wp\/v2\/pages"}],"about":[{"href":"https:\/\/cap.ca\/fr\/wp-json\/wp\/v2\/types\/page"}],"author":[{"embeddable":true,"href":"https:\/\/cap.ca\/fr\/wp-json\/wp\/v2\/users\/10"}],"replies":[{"embeddable":true,"href":"https:\/\/cap.ca\/fr\/wp-json\/wp\/v2\/comments?post=4615"}],"version-history":[{"count":5,"href":"https:\/\/cap.ca\/fr\/wp-json\/wp\/v2\/pages\/4615\/revisions"}],"predecessor-version":[{"id":4672,"href":"https:\/\/cap.ca\/fr\/wp-json\/wp\/v2\/pages\/4615\/revisions\/4672"}],"wp:attachment":[{"href":"https:\/\/cap.ca\/fr\/wp-json\/wp\/v2\/media?parent=4615"}],"curies":[{"name":"wp","href":"https:\/\/api.w.org\/{rel}","templated":true}]}}