{"id":3384,"date":"2017-03-09T15:25:39","date_gmt":"2017-03-09T20:25:39","guid":{"rendered":"http:\/\/caph-02.eproofs.ca\/expo-sciences-pancanadienne\/"},"modified":"2021-12-14T13:34:41","modified_gmt":"2021-12-14T18:34:41","slug":"expo-sciences-pancanadienne","status":"publish","type":"page","link":"https:\/\/cap.ca\/fr\/facp\/expo-sciences-pancanadienne\/","title":{"rendered":"L&#8217;Expo-sciences pancanadienne (ESPC)"},"content":{"rendered":"<p><a href=\"http:\/\/cwsf.youthscience.ca\/fr\/node\/8651\">L&#8217;Expo-sciences pancanadienne (ESPC)<\/a> est une occasion de d\u00e9couvrir les sciences, la technologie, le g\u00e9nie et les math\u00e9matiques (STEM) \u00e0 l&#8217;ext\u00e9rieur de la classe \u2013 encourageant les jeunes \u00e0 r\u00e9soudre des probl\u00e8mes authentiques gr\u00e2ce aux STEM.<\/p>\n<p>La Fondation de l&#8217;ACP parraine tous les ans un prix de physique \u00e0 chacun des niveaux \u00ab sup\u00e9rieur \u00bb, \u00ab interm\u00e9diaire \u00bb et \u00ab d\u00e9butant \u00bb. Ce parrainage vise \u00e0 promouvoir et \u00e0 soutenir l&#8217;int\u00e9r\u00eat des \u00e9tudiants au secondaire et au c\u00e9gep vers la physique d&#8217;aujourd&#8217;hui, et \u00e0 leur faire valoir les applications et les possibilit\u00e9s que leur offrent des \u00e9tudes en physique.<\/p>\n<h3>2021 CAP CWSF Winners<\/h3>\n<img decoding=\"async\" style=\"float: left; width: 63px; margin-right: 10px;\" src=\"https:\/\/cap.ca\/wp-content\/uploads\/2021\/12\/Adam-Patton.bmp\" \/>\n<p><strong>Prix de physique s\u00e9nior de l\u2019ACP<\/strong> \u2013 Adam Patton, Cariboo Mainline \u2013 British Columbia<br \/>\n<strong>Projet<\/strong>: The Shapes of the Future &#8211; Increasing Electrode E!ciency in Electrolysis for Hydrogen Production<br \/>\n<em><a href=\"https:\/\/projectboard.world\/ysc\/project\/47307\" target=\"_blank\" rel=\"noopener noreferrer\">Lire la suite<\/a><\/em><\/p>\n<img decoding=\"async\" style=\"float: left; width: 63px; margin-right: 10px;\" src=\"https:\/\/cap.ca\/wp-content\/uploads\/2021\/12\/Mitchell-Clapperton.bmp\" \/>\n<p><strong>Prix de physique interm\u00e9diaire de l\u2019ACP<\/strong> \u2013 Mitchell Clapperton, Bay Area \u2013 Ontario<br \/>\n<strong>Projet<\/strong>: The Creation &amp; Optimization of a Wake Mitigation Device Using Computational Fluid Dynamics<br \/>\n<em><a href=\"https:\/\/projectboard.world\/ysc\/project\/57334\" target=\"_blank\" rel=\"noopener noreferrer\">Lire la suite<\/a><\/em><\/p>\n<img decoding=\"async\" style=\"float: left; width: 63px; margin-right: 10px;\" src=\"https:\/\/cap.ca\/wp-content\/uploads\/2021\/12\/Teo-LItalien.bmp\" \/>\n<p><strong>Prix de physique junior de l\u2019ACP<\/strong> \u2013 T\u00e9o L&#8217;Italien, Districts francophones du Nouveau-Brunswick \u2013 New Brunswick<br \/>\n<strong>Projet<\/strong>: Le r\u00e9juv\u00e9nateur de marqueurs<br \/>\n<em><a href=\"https:\/\/projectboard.world\/ysc\/project\/le-rjuvnateur-de-marqueurs\" target=\"_blank\" rel=\"noopener noreferrer\">Lire la suite<\/a><\/em><\/p>\n<h3><a href=\"https:\/\/cap.ca\/fr\/facp\/expo-sciences-pancanadienne\/cwsf-previous-winners\/\">ESPC anciens recipiendaire<\/a><\/h3>\n","protected":false},"excerpt":{"rendered":"<p>L&#8217;Expo-sciences pancanadienne (ESPC) est une occasion de d\u00e9couvrir les sciences, la technologie, le g\u00e9nie et les math\u00e9matiques (STEM) \u00e0 l&#8217;ext\u00e9rieur de la classe \u2013 encourageant les jeunes \u00e0 r\u00e9soudre des probl\u00e8mes authentiques gr\u00e2ce aux STEM. La Fondation de l&#8217;ACP parraine tous les ans un prix de physique \u00e0 chacun des niveaux \u00ab sup\u00e9rieur \u00bb, \u00ab&#8230;  <a class=\"excerpt-read-more\" href=\"https:\/\/cap.ca\/fr\/facp\/expo-sciences-pancanadienne\/\" title=\"LireL&#8217;Expo-sciences pancanadienne (ESPC)\">Lire la suite &raquo;<\/a><\/p>\n","protected":false},"author":10,"featured_media":0,"parent":3382,"menu_order":148,"comment_status":"closed","ping_status":"closed","template":"","meta":{"footnotes":""},"class_list":["post-3384","page","type-page","status-publish","hentry"],"_links":{"self":[{"href":"https:\/\/cap.ca\/fr\/wp-json\/wp\/v2\/pages\/3384","targetHints":{"allow":["GET"]}}],"collection":[{"href":"https:\/\/cap.ca\/fr\/wp-json\/wp\/v2\/pages"}],"about":[{"href":"https:\/\/cap.ca\/fr\/wp-json\/wp\/v2\/types\/page"}],"author":[{"embeddable":true,"href":"https:\/\/cap.ca\/fr\/wp-json\/wp\/v2\/users\/10"}],"replies":[{"embeddable":true,"href":"https:\/\/cap.ca\/fr\/wp-json\/wp\/v2\/comments?post=3384"}],"version-history":[{"count":6,"href":"https:\/\/cap.ca\/fr\/wp-json\/wp\/v2\/pages\/3384\/revisions"}],"predecessor-version":[{"id":19300,"href":"https:\/\/cap.ca\/fr\/wp-json\/wp\/v2\/pages\/3384\/revisions\/19300"}],"up":[{"embeddable":true,"href":"https:\/\/cap.ca\/fr\/wp-json\/wp\/v2\/pages\/3382"}],"wp:attachment":[{"href":"https:\/\/cap.ca\/fr\/wp-json\/wp\/v2\/media?parent=3384"}],"curies":[{"name":"wp","href":"https:\/\/api.w.org\/{rel}","templated":true}]}}