{"id":3383,"date":"2017-03-09T15:25:35","date_gmt":"2017-03-09T20:25:35","guid":{"rendered":"http:\/\/caph-02.eproofs.ca\/directeurs\/"},"modified":"2025-12-10T10:37:30","modified_gmt":"2025-12-10T15:37:30","slug":"directeurs","status":"publish","type":"page","link":"https:\/\/cap.ca\/fr\/facp\/directeurs\/","title":{"rendered":"Directeurs et Officiers de la Fondation de l&#8217;ACP (FACP)"},"content":{"rendered":"<p>&nbsp;<\/p>\n<h3>Directeurs de la FACP :<\/h3>\n<table style=\"height: 385px;\" width=\"730\">\n<tbody>\n<tr>\n<td width=\"50%\"><strong>Manu Paranjape<\/strong><\/p>\n<p>Universit\u00e9 de Montr\u00e9al<br \/>\n(mandat prenant fin en 2026 AGA du CAPF)<\/td>\n<td><strong>Gordon Drake<\/strong><\/p>\n<p>University of Windsor<br \/>\n(mandat prenant fin en 2027 AGA du CAPF)<\/td>\n<\/tr>\n<tr>\n<td width=\"50%\"><strong>Kyla Smith<\/strong><\/p>\n<p>University of Manitoba<br \/>\n(mandat prenant fin en 2026 AGA du CAPF)<\/td>\n<td width=\"50%\"><strong>Ann McMillan<\/strong><\/p>\n<p>retired<br \/>\n(mandat prenant fin en 2027 AGA du CAPF)<\/td>\n<\/tr>\n<tr>\n<td width=\"50%\"><strong>Ken Iliadis<\/strong><\/p>\n<p>MEA Forensic<br \/>\n(mandat prenant fin en 2027 AGA du CAPF)<\/td>\n<td width=\"50%\"><strong>Richard Little<\/strong><\/p>\n<p>CI Financial<br \/>\n(mandat prenant fin en 2028 AGA du CAPF)<\/td>\n<\/tr>\n<tr>\n<td width=\"50%\"><strong>Robert Thompson<\/strong><\/p>\n<p>University of Calgary<br \/>\n(mandat prenant fin en 2028 AGA du CAPF)<\/td>\n<td width=\"50%\"><strong>Bruce Gaulin<\/strong><\/p>\n<p>McMaster University<br \/>\n(mandat prenant fin en 2028 AGA du CAPF)<\/td>\n<\/tr>\n<\/tbody>\n<\/table>\n<h3><\/h3>\n<h3>Officiers de la FACP<\/h3>\n<p>&nbsp;<\/p>\n<table>\n<tbody>\n<tr>\n<td width=\"50%\"><strong>Manu Paranjape<\/strong>\u00a0(Pr\u00e9sident)<\/p>\n<p>Universit\u00e9 de Montr\u00e9al<\/td>\n<td width=\"50%\"><strong>Ken Iliadis<\/strong> (Vice-Pr\u00e9sident)<\/p>\n<p>MEA Forensic<\/td>\n<\/tr>\n<tr>\n<td width=\"50%\"><strong>vacant<\/strong> (Secr\u00e9taire)<\/p>\n<p>&nbsp;<\/td>\n<td><strong>Gordon Drake<\/strong> (Tr\u00e9sorier)<\/p>\n<p>University of Windsor<\/td>\n<\/tr>\n<tr>\n<td><strong>Francine Ford<\/strong> (Directrice ex\u00e9cutive)<\/p>\n<p>Association canadienne des physiciens et physiciennes<\/td>\n<td><\/td>\n<\/tr>\n<\/tbody>\n<\/table>\n<h3><\/h3>\n<h3>ex-officio<\/h3>\n<table>\n<tbody>\n<tr>\n<td width=\"50%\"><strong>Pierre B\u00e9nard<\/strong> (Pr\u00e9sident de l&#8217;ACP)<\/p>\n<p>Universit\u00e9 du Qu\u00e9bec \u00e0 Trois-Rivi\u00e8res<\/td>\n<td width=\"50%\"><\/td>\n<\/tr>\n<\/tbody>\n<\/table>\n","protected":false},"excerpt":{"rendered":"<p>&nbsp; Directeurs de la FACP : Manu Paranjape Universit\u00e9 de Montr\u00e9al (mandat prenant fin en 2026 AGA du CAPF) Gordon Drake University of Windsor (mandat prenant fin en 2027 AGA du CAPF) Kyla Smith University of Manitoba (mandat prenant fin en 2026 AGA du CAPF) Ann McMillan retired (mandat prenant fin en 2027 AGA du&#8230;  <a class=\"excerpt-read-more\" href=\"https:\/\/cap.ca\/fr\/facp\/directeurs\/\" title=\"LireDirecteurs et Officiers de la Fondation de l&#8217;ACP (FACP)\">Lire la suite &raquo;<\/a><\/p>\n","protected":false},"author":10,"featured_media":0,"parent":3382,"menu_order":119,"comment_status":"closed","ping_status":"closed","template":"","meta":{"footnotes":""},"class_list":["post-3383","page","type-page","status-publish","hentry"],"_links":{"self":[{"href":"https:\/\/cap.ca\/fr\/wp-json\/wp\/v2\/pages\/3383","targetHints":{"allow":["GET"]}}],"collection":[{"href":"https:\/\/cap.ca\/fr\/wp-json\/wp\/v2\/pages"}],"about":[{"href":"https:\/\/cap.ca\/fr\/wp-json\/wp\/v2\/types\/page"}],"author":[{"embeddable":true,"href":"https:\/\/cap.ca\/fr\/wp-json\/wp\/v2\/users\/10"}],"replies":[{"embeddable":true,"href":"https:\/\/cap.ca\/fr\/wp-json\/wp\/v2\/comments?post=3383"}],"version-history":[{"count":25,"href":"https:\/\/cap.ca\/fr\/wp-json\/wp\/v2\/pages\/3383\/revisions"}],"predecessor-version":[{"id":28369,"href":"https:\/\/cap.ca\/fr\/wp-json\/wp\/v2\/pages\/3383\/revisions\/28369"}],"up":[{"embeddable":true,"href":"https:\/\/cap.ca\/fr\/wp-json\/wp\/v2\/pages\/3382"}],"wp:attachment":[{"href":"https:\/\/cap.ca\/fr\/wp-json\/wp\/v2\/media?parent=3383"}],"curies":[{"name":"wp","href":"https:\/\/api.w.org\/{rel}","templated":true}]}}