{"id":3382,"date":"2017-03-09T15:25:31","date_gmt":"2017-03-09T20:25:31","guid":{"rendered":"http:\/\/caph-02.eproofs.ca\/facp\/"},"modified":"2023-01-15T22:55:41","modified_gmt":"2023-01-16T03:55:41","slug":"facp","status":"publish","type":"page","link":"https:\/\/cap.ca\/fr\/facp\/","title":{"rendered":"La Fondation de l&#8217;ACP (FACP)"},"content":{"rendered":"<p>La Fondation de l&#8217;ACP (FACP) administre un fonds qui soutient les nombreuses activit\u00e9s de l&#8217;Association pour appuyer l&#8217;enseignement de la physique et les initiatives des \u00e9tudiants de physique. La Fondation tire tous ses revenus de dons des <a href=\"https:\/\/cap.ca\/fr\/adhesion\/adhesions-corporatifs\/repertoire-des-membres-corporatifs\/\" target=\"_blank\" rel=\"noopener\">membres corporatifs<\/a> et individuels. Elle est administr\u00e9e par un <a href=\"https:\/\/cap.ca\/fr\/propos-lacp\/acp-direction\/conseil-dadministration\/\" target=\"_blank\" rel=\"noopener\">conseil d&#8217;administration<\/a> nomm\u00e9 par le Conseil d&#8217;administration de l&#8217;ACP.<\/p>\n<h4 class=\"page-title\"><a href=\"https:\/\/cap.ca\/fr\/facp\/donateurs\/\" target=\"_blank\" rel=\"noopener\">Merci \u00e0 nos g\u00e9n\u00e9reux donateurs en 2019<\/a><\/h4>\n<p style=\"text-align: center;\"><a class=\"red-btn\" href=\"https:\/\/www.canadahelps.org\/fr\/organismesdebienfaisance\/canadian-association-of-physicists-foundation\/\">FAIRE UN DON<\/a><\/p>\n<p>La Fondation soutient un large \u00e9ventail d&#8217;activit\u00e9s pour encourager d&#8217;excellents jeunes \u00e9tudiants de physique partout au pays, en particulier:<\/p>\n<ul class=\"content-list\">\n<li><a href=\"\/fr\/activites\/tournee-de-lacp\" target=\"_blank\" rel=\"noopener\">la tourn\u00e9e des conf\u00e9renciers annuelle<\/a>, o\u00f9 des membres de l&#8217;ACP conjointement appuy\u00e9s par l&#8217;Association et le d\u00e9partement de l&#8217;universit\u00e9 h\u00f4te prononcent des conf\u00e9rences sp\u00e9cialement d\u00e9di\u00e9es aux \u00e9tudiants de premier cycle des universit\u00e9s canadiennes, entre janvier et avril de chaque ann\u00e9e;<\/li>\n<li><a href=\"https:\/\/cap.ca\/fr\/activites\/medailles-bourses\/prix-etudiants\/prix-secondaire-ou-collegial\/prix-de-lacp-lexamen-du-secondaire-et-du-collegiale\/\" target=\"_blank\" rel=\"noopener\">l&#8217;examen de physique du secondaire ou coll\u00e9gial<\/a>, dans lequel environ 700 \u00e9l\u00e8ves de partout au Canada concourent chaque ann\u00e9e aux niveaux r\u00e9gional et pancanadien pour l&#8217;obtention de prix en argent et de certificats;<\/li>\n<li><a href=\"https:\/\/cap.ca\/fr\/activites\/medailles-bourses\/prix-etudiants\/prix-lloyd-g-elliott-examen-universitaire\/\" target=\"_blank\" rel=\"noopener\">l&#8217;examen universitaire Lloyd G. Elliott<\/a>, dans lequel environ 100 \u00e9tudiants de partout au Canada concourent pour l&#8217;obtention de prix en argent et de certificats;<\/li>\n<li><a href=\"https:\/\/cap.ca\/fr\/facp\/bourses\/carswell\/\" target=\"_blank\" rel=\"noopener\">la bourse Allan Carswell d&#8217;enseignement en physique<\/a>, d&#8217;un montant maximal de 5 000 $, qui reconna\u00eet l&#8217;importance cruciale et la grande valeur d&#8217;avoir des gens qui sont form\u00e9s en physique et passionn\u00e9s par cette discipline et qui incitent les jeunes Canadiens dans les salles de classe du pays \u00e0 s&#8217;engager.<\/li>\n<li><a href=\"https:\/\/cap.ca\/fr\/facp\/bourses\/stoicheff\/\" target=\"_blank\" rel=\"noopener\">la bourse comm\u00e9morative Boris P. Stoicheff<\/a>, une bourse conjointe FACP\/Fondation d&#8217;Optica, d&#8217;une valeur de 3000 $, sera d\u00e9cern\u00e9e chaque ann\u00e9e paire \u00e0 un(e) \u00e9tudiant(e) de cycles sup\u00e9rieurs qui s&#8217;est distingu\u00e9 \u00e0 la fois par sa recherche et par les services rendus \u00e0 la collectivit\u00e9 d&#8217;optique (Optica) et de physique (FACP);<\/li>\n<li><a href=\"https:\/\/cap.ca\/fr\/facp\/bourses\/svensson\/\" target=\"_blank\" rel=\"noopener\">la bourse comm\u00e9morative Eric C. Svensson<\/a>, une bourse d&#8217;une valeur de 3000 $, sera d\u00e9cern\u00e9e chaque ann\u00e9e impaire \u00e0 un(e) \u00e9tudiant(e) de cycles sup\u00e9rieurs qui s&#8217;est distingu\u00e9 \u00e0 la fois par sa recherche et par les services rendus \u00e0 la collectivit\u00e9 de physique;<\/li>\n<li><a href=\"https:\/\/cap.ca\/fr\/congres-de-lacp\/ccep\/\" target=\"_blank\" rel=\"noopener\">la conf\u00e9rence canadienne des \u00e9tudiants de premier cycle en physique<\/a>, qui a lieu chaque automne dans une universit\u00e9 canadienne; la Fondation contribue aux d\u00e9penses des \u00e9tudiants qui participent \u00e0 la conf\u00e9rence;<\/li>\n<li><a href=\"\/fr\/congres-de-lacp\/camf\" target=\"_blank\" rel=\"noopener\">la conf\u00e9rence d&#8217;\u00e9tudiants dipl\u00f4m\u00e9s de physique Canada-\u00c9tats-Unis-Mexique (CAM)<\/a>, \u00e0 tous les deux ans, alternativement au Mexique, aux &amp;\/eacute;tats-Unis et au Canada, de sorte que le Canada l&#8217;accueille \u00e0 tous les six ans;<\/li>\n<li><a href=\"https:\/\/cap.ca\/fr\/facp\/expo-sciences-pancanadienne\/\" target=\"_blank\" rel=\"noopener noreferrer\">l&#8217;expo-sciences pancanadienne<\/a>, auxquelles la Fondation donne des prix en argent et des certificats.<\/li>\n<\/ul>\n<blockquote><p>La Fondation de l&#8217;ACP a un besoin urgent de votre appui pour continuer \u00e0 commanditer ces initiatives importantes pour l&#8217;enseignement de la physique et la visibilit\u00e9 de la discipline au Canada !<\/p>\n<p>N&#8217;importe qui peut contribuer n&#8217;importe quand, en utilisant le <a href=\"https:\/\/www.canadahelps.org\/fr\/organismesdebienfaisance\/canadian-association-of-physicists-foundation\/\" target=\"_blank\" rel=\"noopener noreferrer\">formulaire de don en ligne<\/a>. Les membres de l&#8217;ACP sont sp\u00e9cialement invit\u00e9s \u00e0 contribuer lors du renouvellement annuel de leur adh\u00e9sion.<\/p>\n<p><a class=\"red-btn\" href=\"https:\/\/www.canadahelps.org\/fr\/organismesdebienfaisance\/canadian-association-of-physicists-foundation\/\">Faire un don<\/a><\/p>\n<p><em>Des re\u00e7us officiels pour fins d&#8217;imp\u00f4t sont \u00e9mis pour les dons de 10$ ou plus. S&#8217;il vous pla\u00eet, donnez g\u00e9n\u00e9reusement!<\/em><\/p><\/blockquote>\n","protected":false},"excerpt":{"rendered":"<p>La Fondation de l&#8217;ACP (FACP) administre un fonds qui soutient les nombreuses activit\u00e9s de l&#8217;Association pour appuyer l&#8217;enseignement de la physique et les initiatives des \u00e9tudiants de physique. La Fondation tire tous ses revenus de dons des membres corporatifs et individuels. Elle est administr\u00e9e par un conseil d&#8217;administration nomm\u00e9 par le Conseil d&#8217;administration de l&#8217;ACP&#8230;.  <a class=\"excerpt-read-more\" href=\"https:\/\/cap.ca\/fr\/facp\/\" title=\"LireLa Fondation de l&#8217;ACP (FACP)\">Lire la suite &raquo;<\/a><\/p>\n","protected":false},"author":10,"featured_media":0,"parent":0,"menu_order":124,"comment_status":"closed","ping_status":"closed","template":"","meta":{"footnotes":""},"class_list":["post-3382","page","type-page","status-publish","hentry"],"_links":{"self":[{"href":"https:\/\/cap.ca\/fr\/wp-json\/wp\/v2\/pages\/3382","targetHints":{"allow":["GET"]}}],"collection":[{"href":"https:\/\/cap.ca\/fr\/wp-json\/wp\/v2\/pages"}],"about":[{"href":"https:\/\/cap.ca\/fr\/wp-json\/wp\/v2\/types\/page"}],"author":[{"embeddable":true,"href":"https:\/\/cap.ca\/fr\/wp-json\/wp\/v2\/users\/10"}],"replies":[{"embeddable":true,"href":"https:\/\/cap.ca\/fr\/wp-json\/wp\/v2\/comments?post=3382"}],"version-history":[{"count":23,"href":"https:\/\/cap.ca\/fr\/wp-json\/wp\/v2\/pages\/3382\/revisions"}],"predecessor-version":[{"id":22356,"href":"https:\/\/cap.ca\/fr\/wp-json\/wp\/v2\/pages\/3382\/revisions\/22356"}],"wp:attachment":[{"href":"https:\/\/cap.ca\/fr\/wp-json\/wp\/v2\/media?parent=3382"}],"curies":[{"name":"wp","href":"https:\/\/api.w.org\/{rel}","templated":true}]}}