{"id":3380,"date":"2017-03-09T15:25:24","date_gmt":"2017-03-09T20:25:24","guid":{"rendered":"http:\/\/caph-02.eproofs.ca\/journal-canadien-des-etudiants-physique\/"},"modified":"2017-03-09T18:24:55","modified_gmt":"2017-03-09T23:24:55","slug":"journal-canadien-des-etudiants-physique","status":"publish","type":"page","link":"https:\/\/cap.ca\/fr\/publications\/autres-journaux-physique\/journal-canadien-des-etudiants-physique\/","title":{"rendered":"Journal Canadien des \u00c9tudiants en Physique (JC\u00c9P)"},"content":{"rendered":"<blockquote><p>Le JC\u00c9P a cess\u00e9 ses op\u00e9rations en 2010. Nous ne sommes pas au courant d&#8217;aucune date de r\u00e9activation pr\u00e9vue au moment pr\u00e9sent. Entretemps, nous avons \u00e9t\u00e9 dirig\u00e9 vers le JSST (<a href=\"http:\/\/journal.fsst.ca\/jsst\/index.php\/jsst\/index\" target=\"_blank\">Journal de la science et de la technologie aux \u00e9tudiants<\/a>) comme alternative.<\/p><\/blockquote>\n<p>Le <strong><em>Journal Canadien des \u00c9tudiants en Physique (JC\u00c9P)<\/em><\/strong> est l&#8217;initiative d&#8217;un groupe d&#8217;\u00e9tudiants ayant pour but de promouvoir la recherche et l&#8217;\u00e9ducation en physique \u00e0 travers le pays; il a \u00e9t\u00e9 cr\u00e9\u00e9 afin de :<\/p>\n<ul class=\"content-list\">\n<li>reconna\u00eetre et documenter la recherche des \u00e9tudiants de premier cycle;<\/li>\n<li>apporter un premier contact avec le processus de publication scientifique arbitr\u00e9e;<\/li>\n<li>stimuler l&#8217;int\u00e9r\u00eat envers tous les aspects de la physique et de l&#8217;astronomie;<\/li>\n<li>promouvoir la discussion des probl\u00e8mes importants en physique;<\/li>\n<li>faire conna\u00eetre les d\u00e9veloppements r\u00e9cents en physique.<\/li>\n<\/ul>\n<p>Le <em>JC\u00c9P<\/em> est publi\u00e9 trois fois par ann\u00e9e sur papier et sur Internet et il inclut des articles \u00e9crits par des \u00e9tudiants de premier cycle, en fran\u00e7ais et en anglais. En plus des articles de recherche arbitr\u00e9s par des professeurs et des \u00e9tudiants des cycles sup\u00e9rieurs, le Journal inclut une section d\u00e9di\u00e9e aux critiques, nouvelles et commentaires. Distribu\u00e9 \u00e0 plus de 3000 copies, le <em>JC\u00c9P<\/em> est gratuit pour les institutions d&#8217;\u00e9ducation canadiennes offrant un programme en physique, et est disponible pour d&#8217;autres organismes ou individus qui voudraient s&#8217;abonner.<\/p>\n","protected":false},"excerpt":{"rendered":"<p>Le JC\u00c9P a cess\u00e9 ses op\u00e9rations en 2010. Nous ne sommes pas au courant d&#8217;aucune date de r\u00e9activation pr\u00e9vue au moment pr\u00e9sent. Entretemps, nous avons \u00e9t\u00e9 dirig\u00e9 vers le JSST (Journal de la science et de la technologie aux \u00e9tudiants) comme alternative. Le Journal Canadien des \u00c9tudiants en Physique (JC\u00c9P) est l&#8217;initiative d&#8217;un groupe d&#8217;\u00e9tudiants&#8230;  <a class=\"excerpt-read-more\" href=\"https:\/\/cap.ca\/fr\/publications\/autres-journaux-physique\/journal-canadien-des-etudiants-physique\/\" title=\"LireJournal Canadien des \u00c9tudiants en Physique (JC\u00c9P)\">Lire la suite &raquo;<\/a><\/p>\n","protected":false},"author":10,"featured_media":0,"parent":3378,"menu_order":188,"comment_status":"open","ping_status":"open","template":"","meta":{"footnotes":""},"class_list":["post-3380","page","type-page","status-publish","hentry"],"_links":{"self":[{"href":"https:\/\/cap.ca\/fr\/wp-json\/wp\/v2\/pages\/3380","targetHints":{"allow":["GET"]}}],"collection":[{"href":"https:\/\/cap.ca\/fr\/wp-json\/wp\/v2\/pages"}],"about":[{"href":"https:\/\/cap.ca\/fr\/wp-json\/wp\/v2\/types\/page"}],"author":[{"embeddable":true,"href":"https:\/\/cap.ca\/fr\/wp-json\/wp\/v2\/users\/10"}],"replies":[{"embeddable":true,"href":"https:\/\/cap.ca\/fr\/wp-json\/wp\/v2\/comments?post=3380"}],"version-history":[{"count":2,"href":"https:\/\/cap.ca\/fr\/wp-json\/wp\/v2\/pages\/3380\/revisions"}],"predecessor-version":[{"id":3904,"href":"https:\/\/cap.ca\/fr\/wp-json\/wp\/v2\/pages\/3380\/revisions\/3904"}],"up":[{"embeddable":true,"href":"https:\/\/cap.ca\/fr\/wp-json\/wp\/v2\/pages\/3378"}],"wp:attachment":[{"href":"https:\/\/cap.ca\/fr\/wp-json\/wp\/v2\/media?parent=3380"}],"curies":[{"name":"wp","href":"https:\/\/api.w.org\/{rel}","templated":true}]}}