{"id":3379,"date":"2017-03-09T15:25:18","date_gmt":"2017-03-09T20:25:18","guid":{"rendered":"http:\/\/caph-02.eproofs.ca\/revue-canadienne-de-physique\/"},"modified":"2024-09-09T15:11:06","modified_gmt":"2024-09-09T19:11:06","slug":"revue-canadienne-de-physique","status":"publish","type":"page","link":"https:\/\/cap.ca\/fr\/publications\/autres-journaux-physique\/revue-canadienne-de-physique\/","title":{"rendered":"Revue canadienne de physique (RCP)"},"content":{"rendered":"<p>Publi\u00e9e depuis 1929, cette revue mensuelle rend compte de d\u00e9couvertes importantes en physique, y compris en ce qui touche la physique atomique et mol\u00e9culaire, la mati\u00e8re condens\u00e9e, les particules et la physique nucl\u00e9aire, les gaz, la dynamique des fluides et les plasmas, l\u2019\u00e9lectromagn\u00e9tisme et l\u2019optique, la physique math\u00e9matique et la physique interdisciplinaire, pure et appliqu\u00e9e. On y publie des articles de recherche, des communications rapides et des articles de synth\u00e8se pr\u00e9sent\u00e9s par d\u2019\u00e9minents experts du Canada et de l\u2019\u00e9tranger. Des num\u00e9ros sp\u00e9ciaux consacr\u00e9s \u00e0 la recherche dans un domaine particulier de la physique sont \u00e9galement publi\u00e9s.<\/p>\n<p>En octobre 1998, la Revue canadienne de physique est devenue officiellement affili\u00e9e \u00e0 l&#8217;Association canadienne des physiciens et physiciennes. Selon cette entente, le r\u00e9dacteur en chef consultera l&#8217;ACP \u00e0 propos du choix de r\u00e9dacteurs associ\u00e9s.<\/p>\n<p>La a Revue canadienne de physique offre un tarif sp\u00e9cial aux membres de l\u2019ACP;<br \/>\nPrix sp\u00e9ciaux sur d&#8217;autres revues CSP est disponibles sur demande<\/p>\n<p><u><strong>Tarifs:<\/strong><\/u><\/p>\n<p>Membres canadiens &#8211; 50 $ CAN + taxe pour l&#8217;e-abonnement; 229 $ CAN + taxe pour l&#8217;imprim\u00e9<br \/>\nMembres r\u00e9sidant \u00e0 l&#8217;ext\u00e9rieur du Canada &#8211;\u00a0 + 75 $ pour l&#8217;affranchissement<\/p>\n<p>Les abonnements doivent \u00eatre soumis \u00e0 travers du PPF, le vendeur de gestion d&#8217;abonnement du Canadian Science Publishing:<\/p>\n<p>Canadian Science Publishing<br \/>\nSubscription Office<br \/>\nPO Box 361<br \/>\nBirmingham AL 35201-0361<br \/>\nTel.: 1-800-633-4931 in\u00a0North America<br \/>\nor 1-800-852-7404 or 205-995-1567 outside North America<br \/>\nFax: 205-995-1588<br \/>\nEmail:\u00a0<a href=\"mailto:canadiansciencepublishing@subscriptionoffice.com\">canadiansciencepublishing@subscriptionoffice.com<\/a><br \/>\nVeuillez faire vos ch\u00e8ques payables \u00e0 Canadian Science Publishing<\/p>\n<p><a href=\"http:\/\/www.nrcresearchpress.com\/journal\/cjp\" target=\"_blank\" rel=\"noopener noreferrer\"><u>Cliquer ici pour rejoindre le site Web de la RCP.<\/u><\/a><\/p>\n<p><strong>R\u00c9DACTEUR DE LA RCP<\/strong><\/p>\n<blockquote><p><a href=\"https:\/\/cdnsciencepub.com\/journal\/cjp\">La Revue canadienne de physique<\/a> est \u00e0 la recherche d&#8217;un nouveau co-r\u00e9dacteur en chef pour diriger l&#8217;une des plus anciennes revues de physique au Canada. <a href=\"https:\/\/cdnsciencepub.com\/do\/10.1139\/news.2024.08.30\/full\/\">Cliquez ici pour plus d&#8217;informations.<\/a><\/p><\/blockquote>\n","protected":false},"excerpt":{"rendered":"<p>Publi\u00e9e depuis 1929, cette revue mensuelle rend compte de d\u00e9couvertes importantes en physique, y compris en ce qui touche la physique atomique et mol\u00e9culaire, la mati\u00e8re condens\u00e9e, les particules et la physique nucl\u00e9aire, les gaz, la dynamique des fluides et les plasmas, l\u2019\u00e9lectromagn\u00e9tisme et l\u2019optique, la physique math\u00e9matique et la physique interdisciplinaire, pure et appliqu\u00e9e&#8230;.  <a class=\"excerpt-read-more\" href=\"https:\/\/cap.ca\/fr\/publications\/autres-journaux-physique\/revue-canadienne-de-physique\/\" title=\"LireRevue canadienne de physique (RCP)\">Lire la suite &raquo;<\/a><\/p>\n","protected":false},"author":10,"featured_media":0,"parent":3378,"menu_order":187,"comment_status":"closed","ping_status":"closed","template":"","meta":{"footnotes":""},"class_list":["post-3379","page","type-page","status-publish","hentry"],"_links":{"self":[{"href":"https:\/\/cap.ca\/fr\/wp-json\/wp\/v2\/pages\/3379","targetHints":{"allow":["GET"]}}],"collection":[{"href":"https:\/\/cap.ca\/fr\/wp-json\/wp\/v2\/pages"}],"about":[{"href":"https:\/\/cap.ca\/fr\/wp-json\/wp\/v2\/types\/page"}],"author":[{"embeddable":true,"href":"https:\/\/cap.ca\/fr\/wp-json\/wp\/v2\/users\/10"}],"replies":[{"embeddable":true,"href":"https:\/\/cap.ca\/fr\/wp-json\/wp\/v2\/comments?post=3379"}],"version-history":[{"count":12,"href":"https:\/\/cap.ca\/fr\/wp-json\/wp\/v2\/pages\/3379\/revisions"}],"predecessor-version":[{"id":10833,"href":"https:\/\/cap.ca\/fr\/wp-json\/wp\/v2\/pages\/3379\/revisions\/10833"}],"up":[{"embeddable":true,"href":"https:\/\/cap.ca\/fr\/wp-json\/wp\/v2\/pages\/3378"}],"wp:attachment":[{"href":"https:\/\/cap.ca\/fr\/wp-json\/wp\/v2\/media?parent=3379"}],"curies":[{"name":"wp","href":"https:\/\/api.w.org\/{rel}","templated":true}]}}