{"id":3378,"date":"2017-03-09T15:25:14","date_gmt":"2017-03-09T20:25:14","guid":{"rendered":"http:\/\/caph-02.eproofs.ca\/autres-journaux-physique\/"},"modified":"2017-03-26T12:51:44","modified_gmt":"2017-03-26T16:51:44","slug":"autres-journaux-physique","status":"publish","type":"page","link":"https:\/\/cap.ca\/fr\/publications\/autres-journaux-physique\/","title":{"rendered":"Autres revues de physique"},"content":{"rendered":"<p>Voici les revues sp\u00e9cialis\u00e9es en physique publi\u00e9es au Canada :<\/p>\n<ul class=\"content-list\">\n<li><a href=\"https:\/\/cap.ca\/fr\/publications\/autres-journaux-physique\/revue-canadienne-de-physique\/\">Revue canadienne de physique<\/a><\/li>\n<li><a href=\"https:\/\/cap.ca\/fr\/publications\/autres-journaux-physique\/journal-canadien-des-etudiants-physique\/\">Journal Canadien des \u00c9tudiants en Physique<\/a><\/li>\n<\/ul>\n<p>D&#8217;autres revues populaires reli\u00e9es \u00e0 la physique et publi\u00e9es \u00e0 l&#8217;ext\u00e9rieur du Canada incluent:<\/p>\n<ul class=\"content-list\">\n<li><a href=\"http:\/\/www.physicstoday.org\/\" target=\"_blank\">Physics Today<\/a><\/li>\n<li><a href=\"http:\/\/prl.aps.org\/\" target=\"_blank\">Physical Review Letters<\/a><\/li>\n<li><a href=\"http:\/\/www.iop.org\/EJ\/journal\/PMB\" target=\"_blank\">Physics in Medicine and Biology<\/a><\/li>\n<li><a href=\"http:\/\/www.medphys.org\/\" target=\"_blank\">Medical Physics<\/a><\/li>\n<li><a href=\"http:\/\/physicsweb.org\/toc\/world\" target=\"_blank\">Physics World<\/a><\/li>\n<li><a href=\"http:\/\/ojps.aip.org\/tpt\/\" target=\"_blank\">The Physics Teacher<\/a><\/li>\n<li><a href=\"http:\/\/www.iop.org\/EJ\/journal\/0031-9120\" target=\"_blank\">Physics Education<\/a><\/li>\n<li><a href=\"http:\/\/www.kzoo.edu\/ajp\/\" target=\"_blank\">American Journal of Physics<\/a><\/li>\n<\/ul>\n<p>Le site de la biblioth\u00e8que de l&#8217;universit\u00e9 Cornell, \u00e0 l&#8217;adresse <a href=\"http:\/\/arxiv.org\/\" target=\"_blank\">http:\/\/arxiv.org\/<\/a> (en anglais seulement), propose des liens vers des documents en ligne dans les domaines suivants: physique, math\u00e9matique, informatique, biologie quantitative, finances quantitatives et statistique.<\/p>\n<p>N&#8217;h\u00e9sitez pas \u00e0 sugg\u00e9rer d&#8217;autres publications qu&#8217;il vous para\u00eet important d&#8217;ajouter \u00e0 cette liste. Il suffit d&#8217;\u00e9crire au bureau de l&#8217;ACP, \u00e0 l&#8217;adresse <a href=\"mailto:cap%40uottawa.ca\">cap@uottawa.ca<\/a>.<\/p>\n","protected":false},"excerpt":{"rendered":"<p>Voici les revues sp\u00e9cialis\u00e9es en physique publi\u00e9es au Canada : Revue canadienne de physique Journal Canadien des \u00c9tudiants en Physique D&#8217;autres revues populaires reli\u00e9es \u00e0 la physique et publi\u00e9es \u00e0 l&#8217;ext\u00e9rieur du Canada incluent: Physics Today Physical Review Letters Physics in Medicine and Biology Medical Physics Physics World The Physics Teacher Physics Education American Journal&#8230;  <a class=\"excerpt-read-more\" href=\"https:\/\/cap.ca\/fr\/publications\/autres-journaux-physique\/\" title=\"LireAutres revues de physique\">Lire la suite &raquo;<\/a><\/p>\n","protected":false},"author":10,"featured_media":0,"parent":3365,"menu_order":135,"comment_status":"closed","ping_status":"closed","template":"","meta":{"footnotes":""},"class_list":["post-3378","page","type-page","status-publish","hentry"],"_links":{"self":[{"href":"https:\/\/cap.ca\/fr\/wp-json\/wp\/v2\/pages\/3378","targetHints":{"allow":["GET"]}}],"collection":[{"href":"https:\/\/cap.ca\/fr\/wp-json\/wp\/v2\/pages"}],"about":[{"href":"https:\/\/cap.ca\/fr\/wp-json\/wp\/v2\/types\/page"}],"author":[{"embeddable":true,"href":"https:\/\/cap.ca\/fr\/wp-json\/wp\/v2\/users\/10"}],"replies":[{"embeddable":true,"href":"https:\/\/cap.ca\/fr\/wp-json\/wp\/v2\/comments?post=3378"}],"version-history":[{"count":4,"href":"https:\/\/cap.ca\/fr\/wp-json\/wp\/v2\/pages\/3378\/revisions"}],"predecessor-version":[{"id":6429,"href":"https:\/\/cap.ca\/fr\/wp-json\/wp\/v2\/pages\/3378\/revisions\/6429"}],"up":[{"embeddable":true,"href":"https:\/\/cap.ca\/fr\/wp-json\/wp\/v2\/pages\/3365"}],"wp:attachment":[{"href":"https:\/\/cap.ca\/fr\/wp-json\/wp\/v2\/media?parent=3378"}],"curies":[{"name":"wp","href":"https:\/\/api.w.org\/{rel}","templated":true}]}}