{"id":3377,"date":"2017-03-09T15:25:10","date_gmt":"2017-03-09T20:25:10","guid":{"rendered":"http:\/\/caph-02.eproofs.ca\/comite-de-redaction\/"},"modified":"2026-02-26T00:32:42","modified_gmt":"2026-02-26T05:32:42","slug":"comite-de-redaction","status":"publish","type":"page","link":"https:\/\/cap.ca\/fr\/publications\/physique-au-canada\/comite-de-redaction\/","title":{"rendered":"Comit\u00e9 de r\u00e9daction"},"content":{"rendered":"<table>\n<tbody>\n<tr>\n<td style=\"width: 50%;\" valign=\"top\"><strong>R\u00e9dacteur en chef<\/strong><\/p>\n<p>B\u00e9la Jo\u00f3s, phys.<br \/>\nD\u00e9partement de physique<br \/>\nUniversit\u00e9 d&#8217;Ottawa<br \/>\nOttawa, Ontario K1N 6N5<br \/>\n(613) 562-5800 x6755<br \/>\ncourriel : <a href=\"mailto:bjoos%40uottawa.ca\">bjoos@uottawa.ca<\/a><\/td>\n<td style=\"width: 50%;\" valign=\"top\"><strong>R\u00e9dactrice associ\u00e9e<\/strong><\/p>\n<p>Francine M. Ford<br \/>\nDirectrice ex\u00e9cutive, ACP<br \/>\ncourriel : <a href=\"mailto:CAP%40uottawa.ca\">CAP@uottawa.ca<\/a><\/td>\n<\/tr>\n<\/tbody>\n<\/table>\n<p>&nbsp;<\/p>\n<h2>Membres du comit\u00e9 de r\u00e9daction<\/h2>\n<p>&nbsp;<\/p>\n<table>\n<tbody>\n<tr>\n<td style=\"width: 50%; vertical-align: top;\">Michael O&#8217;Neill, phys.<br \/>\nScarborough, ON<br \/>\na\/s ACP<br \/>\ncourriel : <a href=\"mailto:lmw.oneill@sympatico.ca\">lmw.oneill@sympatico.ca<\/a><\/td>\n<td style=\"width: 50%; vertical-align: top;\">Marcello Pavan, phys.<br \/>\nTRIUMF<br \/>\n4004 Wesbrook Mall<br \/>\nVancouver, B.C. V6T 2A3<br \/>\n(604) 222-7525<br \/>\ncourriel : <a href=\"mailto:marcello@triumf.ca\">marcello@triumf.ca<\/a><\/td>\n<\/tr>\n<tr>\n<td style=\"width: 50%; vertical-align: top;\">Michael Steinitz, phys.<br \/>\nDept. of Physics<br \/>\nSt. Francis Xavier University<br \/>\nP.O. Box 5000<br \/>\nAntigonish, Nova Scotia B2G 2W5<br \/>\n(902) 867-3909<br \/>\ncourriel : <a href=\"mailto:msteinit%40stfx.ca\">msteinit@stfx.ca<\/a><\/td>\n<td style=\"width: 50%; vertical-align: top;\">Maria Kilfoil<br \/>\nDepartment of Physics<br \/>\nUniversity of Prince Edward Island<br \/>\nCharlottetown, PEI<br \/>\ne-mail: <a href=\"mailto:mlkilfoil%40upei.ca\">mlkilfoil@upei.ca<\/a><\/td>\n<\/tr>\n<tr>\n<td style=\"width: 50%; vertical-align: top;\"><b>Enseignement de la physique\/<br \/>\nEspace \u00e9ducatif<\/b><br \/>\nDaria Ahrensmeier<br \/>\nDepartment of Physics<br \/>\nSimon Fraser University<br \/>\n8888 University Drive<br \/>\nBurnaby, BC V5A 1S6<br \/>\n(778) 782-9544<br \/>\ncourriel : <a href=\"mailto:ahrensme@sfu.ca\">ahrensme@sfu.ca<\/a><\/td>\n<td><\/td>\n<\/tr>\n<\/tbody>\n<\/table>\n<p>&nbsp;<\/p>\n","protected":false},"excerpt":{"rendered":"<p>R\u00e9dacteur en chef B\u00e9la Jo\u00f3s, phys. D\u00e9partement de physique Universit\u00e9 d&#8217;Ottawa Ottawa, Ontario K1N 6N5 (613) 562-5800 x6755 courriel : bjoos@uottawa.ca R\u00e9dactrice associ\u00e9e Francine M. Ford Directrice ex\u00e9cutive, ACP courriel : CAP@uottawa.ca &nbsp; Membres du comit\u00e9 de r\u00e9daction &nbsp; Michael O&#8217;Neill, phys. Scarborough, ON a\/s ACP courriel : lmw.oneill@sympatico.ca Marcello Pavan, phys. TRIUMF 4004 Wesbrook&#8230;  <a class=\"excerpt-read-more\" href=\"https:\/\/cap.ca\/fr\/publications\/physique-au-canada\/comite-de-redaction\/\" title=\"LireComit\u00e9 de r\u00e9daction\">Lire la suite &raquo;<\/a><\/p>\n","protected":false},"author":10,"featured_media":0,"parent":3367,"menu_order":171,"comment_status":"closed","ping_status":"closed","template":"","meta":{"footnotes":""},"class_list":["post-3377","page","type-page","status-publish","hentry"],"_links":{"self":[{"href":"https:\/\/cap.ca\/fr\/wp-json\/wp\/v2\/pages\/3377","targetHints":{"allow":["GET"]}}],"collection":[{"href":"https:\/\/cap.ca\/fr\/wp-json\/wp\/v2\/pages"}],"about":[{"href":"https:\/\/cap.ca\/fr\/wp-json\/wp\/v2\/types\/page"}],"author":[{"embeddable":true,"href":"https:\/\/cap.ca\/fr\/wp-json\/wp\/v2\/users\/10"}],"replies":[{"embeddable":true,"href":"https:\/\/cap.ca\/fr\/wp-json\/wp\/v2\/comments?post=3377"}],"version-history":[{"count":31,"href":"https:\/\/cap.ca\/fr\/wp-json\/wp\/v2\/pages\/3377\/revisions"}],"predecessor-version":[{"id":28725,"href":"https:\/\/cap.ca\/fr\/wp-json\/wp\/v2\/pages\/3377\/revisions\/28725"}],"up":[{"embeddable":true,"href":"https:\/\/cap.ca\/fr\/wp-json\/wp\/v2\/pages\/3367"}],"wp:attachment":[{"href":"https:\/\/cap.ca\/fr\/wp-json\/wp\/v2\/media?parent=3377"}],"curies":[{"name":"wp","href":"https:\/\/api.w.org\/{rel}","templated":true}]}}