{"id":3376,"date":"2017-03-09T15:25:07","date_gmt":"2017-03-09T20:25:07","guid":{"rendered":"http:\/\/caph-02.eproofs.ca\/lenseignement-de-la-physique\/"},"modified":"2017-03-21T11:47:00","modified_gmt":"2017-03-21T15:47:00","slug":"lenseignement-de-la-physique","status":"publish","type":"page","link":"https:\/\/cap.ca\/fr\/publications\/physique-au-canada\/instructions-pour-auteurs\/lenseignement-de-la-physique\/","title":{"rendered":"L&#8217;enseignement de la physique"},"content":{"rendered":"<h3>Les articles sur l&#8217;enseignement de la physique<\/h3>\n<p>La rubrique sur L&#8217;enseignement de la physique de La Physique au Canada a \u00e9t\u00e9 introduite en janvier 1992 afin d&#8217;agir \u00e0 titre de tribune pour les opinions des intervenants des \u00e9coles secondaires et post-secondaires. <a>Les articles<\/a> d&#8217;opinion sur les changements de programme d&#8217;\u00e9tudes, les nouvelles m\u00e9thodes d&#8217;enseignement, les exp\u00e9riences en laboratoire \u00e0 l&#8217;\u00e9cole et \u00e0 l&#8217;universit\u00e9, et la formation technique en vue d&#8217;un avenir technique sont les bienvenus. Nous sommes particuli\u00e8rement int\u00e9ress\u00e9s \u00e0 publier dans cette section de la revue des articles qui encouragent les femmes \u00e0 choisir les sciences et qui identifient des mentors en physique.<\/p>\n<h3>L&#8217;espace \u00e9ducatif<\/h3>\n<p>En 2009, le Comit\u00e9 des affaires \u00e9tudiantes de l&#8217;ACP a introduit une nouvelle section de La Physique au Canada intitul\u00e9e &#8220;L&#8217;espace \u00e9ducatif&#8221;. Cette section vise \u00e0 offrir aux lecteurs de courts (1-2 pages) articles de nature pratique.<\/p>\n<h3>Articles sur l&#8217;enseignement<\/h3>\n<p>Le Canada compte beaucoup d&#8217;excellents professeurs de physique et de nombreux \u00e9l\u00e8ves du secondaire qui profitent de leur comp\u00e9tence et de leur enthousiasme. Enseignants et \u00e9l\u00e8ves doivent non seulement faire face aux grandes diff\u00e9rences qui existent entre les provinces au niveau des programmes, mais aussi au fait que les \u00e9tudes sociales et l&#8217;apprentissage des aptitudes de base prennent de plus en plus de place dans l&#8217;horaire. Limiter le nombre de programmes de physique de niveau secondaire en pr\u00e9vision des changements apport\u00e9s constamment aux conditions d&#8217;admission des divers \u00e9tablissements d&#8217;enseignement post-secondaire est un moyen de s&#8217;assurer que la transition du niveau secondaire au niveau des \u00e9tudes sup\u00e9rieures soit aussi simple que possible et que la communication appropri\u00e9e reste en place entre l&#8217;\u00e9cole et l&#8217;\u00e9tablissement d&#8217;enseignement post-secondaire. C&#8217;est dans cette optique que le Comit\u00e9 de r\u00e9daction de La Physique au Canada a, en janvier 1992, cr\u00e9\u00e9 une nouvelle rubrique sur la physique et l&#8217;\u00e9ducation pour explorer les enjeux relatifs \u00e0 l&#8217;enseignement de la physique et proposer une tribune d&#8217;opinions pour les intervenants, qu&#8217;ils proviennent du niveau secondaire ou post-secondaire.<\/p>\n<p>Vos articles sur, par exemple, les changements de programme, les nouvelles m\u00e9thodes didactiques, les exp\u00e9riences de laboratoire \u00e0 l&#8217;\u00e9cole et au coll\u00e8ge et la formation technique pour un avenir technologique sont les bienvenus. Les initiatives qui visent \u00e0 encourager les femmes \u00e0 choisir la science et l&#8217;identification de mod\u00e8les en physique nous int\u00e9ressent plus particuli\u00e8rement et devraient \u00eatre pr\u00e9sent\u00e9es sous cette rubrique.<\/p>\n<p>Bref, nous esp\u00e9rons que, dans les pages de La Physique au Canada, le physicien, l&#8217;universitaire, l&#8217;industriel et l&#8217;enseignant du secondaire pourront, ensemble, contribuer \u00e0 la rationalisation de l&#8217;enseignement de la physique et l&#8217;encourager, tant au niveau secondaire qu&#8217;au niveau post-secondaire au Canada.<\/p>\n<p>Comme Laurence J. Peter l&#8217;a affirm\u00e9, l&#8217;\u00e9ducation est le moyen d&#8217;acqu\u00e9rir un niveau plus \u00e9lev\u00e9 de pr\u00e9jug\u00e9s; en tant que personnes \u00e9duqu\u00e9es, voyons donc \u00e0 identifier nos pr\u00e9jug\u00e9s et \u00e0 en d\u00e9battre \u00e0 fond dans les prochains num\u00e9ros.<\/p>\n<h3>Contribtuions pour l&#8217;espace \u00e9ducatif<\/h3>\n<p>Les articles d\u00e9j\u00e0 publi\u00e9s dans L&#8217;espace \u00e9ducatif pourront \u00eatre consult\u00e9s <a href=\"https:\/\/cap.ca\/fr\/publications\/physique-au-canada\/\">ici<\/a>.<\/p>\n","protected":false},"excerpt":{"rendered":"<p>Les articles sur l&#8217;enseignement de la physique La rubrique sur L&#8217;enseignement de la physique de La Physique au Canada a \u00e9t\u00e9 introduite en janvier 1992 afin d&#8217;agir \u00e0 titre de tribune pour les opinions des intervenants des \u00e9coles secondaires et post-secondaires. Les articles d&#8217;opinion sur les changements de programme d&#8217;\u00e9tudes, les nouvelles m\u00e9thodes d&#8217;enseignement, les&#8230;  <a class=\"excerpt-read-more\" href=\"https:\/\/cap.ca\/fr\/publications\/physique-au-canada\/instructions-pour-auteurs\/lenseignement-de-la-physique\/\" title=\"LireL&#8217;enseignement de la physique\">Lire la suite &raquo;<\/a><\/p>\n","protected":false},"author":10,"featured_media":0,"parent":3373,"menu_order":477,"comment_status":"closed","ping_status":"closed","template":"","meta":{"footnotes":""},"class_list":["post-3376","page","type-page","status-publish","hentry"],"_links":{"self":[{"href":"https:\/\/cap.ca\/fr\/wp-json\/wp\/v2\/pages\/3376","targetHints":{"allow":["GET"]}}],"collection":[{"href":"https:\/\/cap.ca\/fr\/wp-json\/wp\/v2\/pages"}],"about":[{"href":"https:\/\/cap.ca\/fr\/wp-json\/wp\/v2\/types\/page"}],"author":[{"embeddable":true,"href":"https:\/\/cap.ca\/fr\/wp-json\/wp\/v2\/users\/10"}],"replies":[{"embeddable":true,"href":"https:\/\/cap.ca\/fr\/wp-json\/wp\/v2\/comments?post=3376"}],"version-history":[{"count":3,"href":"https:\/\/cap.ca\/fr\/wp-json\/wp\/v2\/pages\/3376\/revisions"}],"predecessor-version":[{"id":5655,"href":"https:\/\/cap.ca\/fr\/wp-json\/wp\/v2\/pages\/3376\/revisions\/5655"}],"up":[{"embeddable":true,"href":"https:\/\/cap.ca\/fr\/wp-json\/wp\/v2\/pages\/3373"}],"wp:attachment":[{"href":"https:\/\/cap.ca\/fr\/wp-json\/wp\/v2\/media?parent=3376"}],"curies":[{"name":"wp","href":"https:\/\/api.w.org\/{rel}","templated":true}]}}