{"id":3373,"date":"2017-03-09T15:24:58","date_gmt":"2017-03-09T20:24:58","guid":{"rendered":"http:\/\/caph-02.eproofs.ca\/instructions-pour-auteurs\/"},"modified":"2025-07-28T11:57:07","modified_gmt":"2025-07-28T15:57:07","slug":"instructions-pour-auteurs","status":"publish","type":"page","link":"https:\/\/cap.ca\/fr\/publications\/physique-au-canada\/instructions-pour-auteurs\/","title":{"rendered":"Instructions aux auteurs"},"content":{"rendered":"<p><span style=\"font-weight: 400;\">Le comit\u00e9 de r\u00e9daction accueille des articles de lecteurs qui conviennent \u00e0 tout physicien(ne) en exercice ou \u00e9tudiant(e) et qui sont compr\u00e9hensibles pour lui. Les articles de synth\u00e8se et les contributions d&#8217;int\u00e9r\u00eat g\u00e9n\u00e9ral sont particuli\u00e8rement bienvenus. Les types de contributions suivants peuvent \u00eatre soumis pour examen, la longueur pr\u00e9vue de la contribution (hors figures et r\u00e9f\u00e9rences) \u00e9tant pr\u00e9cis\u00e9e entre parenth\u00e8ses :\u00a0<\/span><\/p>\n<ul class=\"content-list\">\n<li style=\"font-weight: 400;\" aria-level=\"1\"><span style=\"font-weight: 400;\">Articles de fond (1 500 mots)<\/span><\/li>\n<li>Articles invit\u00e9s des laur\u00e9at(e)s du Prix \u00e9tudiant(e) (1 500 mots)<\/li>\n<li style=\"font-weight: 400;\" aria-level=\"1\"><span style=\"font-weight: 400;\">Articles sur l&#8217;enseignement de la physique (1 500 mots)<\/span><\/li>\n<li style=\"font-weight: 400;\" aria-level=\"1\"><span style=\"font-weight: 400;\">Coin de l&#8217;enseignement de la physique (500 mots)<\/span><\/li>\n<li style=\"font-weight: 400;\" aria-level=\"1\"><span style=\"font-weight: 400;\">Opinion (1 000 mots)\u00a0<\/span><\/li>\n<li style=\"font-weight: 400;\" aria-level=\"1\"><span style=\"font-weight: 400;\">In Memoria (1 000 mots)<\/span><\/li>\n<\/ul>\n<p><span style=\"font-weight: 400;\">Si le sujet le justifie, le comit\u00e9 de r\u00e9daction est dispos\u00e9 \u00e0 examiner des articles d&#8217;une longueur maximale de 3 000 mots.\u00a0<\/span><\/p>\n<p><i><span style=\"font-weight: 400;\">La Physique au Canada<\/span><\/i><span style=\"font-weight: 400;\"> est une revue \u00e0 comit\u00e9 de lecture, de sorte que les contributions, m\u00eame si elles sont sollicit\u00e9es, doivent \u00eatre envoy\u00e9es pour r\u00e9vision. En r\u00e8gle g\u00e9n\u00e9rale, les articles non sollicit\u00e9s sont publi\u00e9s en ligne dans les six mois suivant leur acceptation. Le premier num\u00e9ro de l&#8217;ann\u00e9e \u00e9tant g\u00e9n\u00e9ralement un num\u00e9ro th\u00e9matique, les articles non sollicit\u00e9s para\u00eetront normalement dans le deuxi\u00e8me num\u00e9ro de l&#8217;ann\u00e9e.<\/span><\/p>\n<p><span style=\"font-weight: 400;\">Pour plus d&#8217;informations, veuillez consulter les sections ci-dessous :\u00a0<\/span><\/p>\n<p style=\"text-align: center;\"><a href=\"https:\/\/cap.ca\/fr\/publications\/physique-au-canada\/instructions-pour-auteurs\/instructions-pour-soumission\/\" target=\"_blank\" rel=\"noopener\"><span style=\"font-weight: 400;\">Contenu \/ Instructions de soumission<\/span><\/a><\/p>\n<p style=\"text-align: center;\"><a class=\"green-btn\" href=\"https:\/\/pic-pac.cap.ca\/?lang=fr-ca\">LIEN AU SYST\u00c8ME POUR <i>LA PHYSIQUE AU CANADA (PAC)<\/i><\/a><\/p>\n<p style=\"text-align: center;\">\n","protected":false},"excerpt":{"rendered":"<p>Le comit\u00e9 de r\u00e9daction accueille des articles de lecteurs qui conviennent \u00e0 tout physicien(ne) en exercice ou \u00e9tudiant(e) et qui sont compr\u00e9hensibles pour lui. Les articles de synth\u00e8se et les contributions d&#8217;int\u00e9r\u00eat g\u00e9n\u00e9ral sont particuli\u00e8rement bienvenus. Les types de contributions suivants peuvent \u00eatre soumis pour examen, la longueur pr\u00e9vue de la contribution (hors figures et&#8230;  <a class=\"excerpt-read-more\" href=\"https:\/\/cap.ca\/fr\/publications\/physique-au-canada\/instructions-pour-auteurs\/\" title=\"LireInstructions aux auteurs\">Lire la suite &raquo;<\/a><\/p>\n","protected":false},"author":10,"featured_media":0,"parent":3367,"menu_order":3,"comment_status":"closed","ping_status":"closed","template":"","meta":{"footnotes":""},"class_list":["post-3373","page","type-page","status-publish","hentry"],"_links":{"self":[{"href":"https:\/\/cap.ca\/fr\/wp-json\/wp\/v2\/pages\/3373","targetHints":{"allow":["GET"]}}],"collection":[{"href":"https:\/\/cap.ca\/fr\/wp-json\/wp\/v2\/pages"}],"about":[{"href":"https:\/\/cap.ca\/fr\/wp-json\/wp\/v2\/types\/page"}],"author":[{"embeddable":true,"href":"https:\/\/cap.ca\/fr\/wp-json\/wp\/v2\/users\/10"}],"replies":[{"embeddable":true,"href":"https:\/\/cap.ca\/fr\/wp-json\/wp\/v2\/comments?post=3373"}],"version-history":[{"count":6,"href":"https:\/\/cap.ca\/fr\/wp-json\/wp\/v2\/pages\/3373\/revisions"}],"predecessor-version":[{"id":27467,"href":"https:\/\/cap.ca\/fr\/wp-json\/wp\/v2\/pages\/3373\/revisions\/27467"}],"up":[{"embeddable":true,"href":"https:\/\/cap.ca\/fr\/wp-json\/wp\/v2\/pages\/3367"}],"wp:attachment":[{"href":"https:\/\/cap.ca\/fr\/wp-json\/wp\/v2\/media?parent=3373"}],"curies":[{"name":"wp","href":"https:\/\/api.w.org\/{rel}","templated":true}]}}