{"id":3370,"date":"2017-03-09T15:24:46","date_gmt":"2017-03-09T20:24:46","guid":{"rendered":"http:\/\/caph-02.eproofs.ca\/dimensions-de-la-publicite\/"},"modified":"2017-03-10T19:07:54","modified_gmt":"2017-03-11T00:07:54","slug":"dimensions-de-la-publicite","status":"publish","type":"page","link":"https:\/\/cap.ca\/fr\/publications\/physique-au-canada\/publicite-pac\/dimensions-de-la-publicite\/","title":{"rendered":"Dimensions de la publicit\u00e9 dans PaC"},"content":{"rendered":"<p>Voici les dimensions disponibles pour la publicit\u00e9 dans PaC. Veuillez vous assurer que le format de votre publicit\u00e9 s&#8217;adapte bien aux dimensions choisies.<\/p>\n<table cellpadding=\"5\">\n<tbody>\n<tr>\n<th>            Grandeur\n            <\/th>\n<th>            Dimensions\n            <\/th>\n<th>            Exemple\n            <\/th>\n<\/tr>\n<tr>\n<td>            1\/2 page verticale\n            <\/td>\n<td>            3 1\/2&#8243; x 9 3\/8&#8243;\n            <\/td>\n<td>            <img decoding=\"async\" src=\"https:\/\/cap.ca\/wp-content\/uploads\/2017\/03\/half_vert-fr.gif\">        <\/td>\n<\/tr>\n<tr>\n<td>            1\/2 page horizontale\n            <\/td>\n<td>            7 1\/8&#8243; x 4 5\/8&#8243;\n            <\/td>\n<td>            <img decoding=\"async\" src=\"https:\/\/cap.ca\/wp-content\/uploads\/2017\/03\/half_horiz-fr.gif\">        <\/td>\n<\/tr>\n<tr>\n<td>            1\/4 page\n            <\/td>\n<td>            3 1\/2&#8243; x 4 5\/8&#8243;\n            <\/td>\n<td>            <img decoding=\"async\" src=\"https:\/\/cap.ca\/wp-content\/uploads\/2017\/03\/quarter-fr.gif\">        <\/td>\n<\/tr>\n<tr>\n<td>            Lignes (1\/2&#8243; min)\n            <\/td>\n<td>            3 1\/2&#8243; x 1\/2&#8243;\n            <\/td>\n<td>            <img decoding=\"async\" src=\"https:\/\/cap.ca\/wp-content\/uploads\/2017\/03\/lines-f.gif\">        <\/td>\n<\/tr>\n<tr>\n<td>            Page pleine\n            <\/td>\n<td>            7 1\/8&#8243; x 9 3\/8&#8243;\n            <\/td>\n<td>            <img decoding=\"async\" src=\"https:\/\/cap.ca\/wp-content\/uploads\/2017\/03\/page-fr.gif\">        <\/td>\n<\/tr>\n<tr>\n<td>            2eme et 3eme couverture<br \/>            4eme couverture<br \/>            ou<br \/>            Page pleine (fond perdu)\n            <\/td>\n<td>            8 5\/8&#8243; x 11 1\/4&#8243;\n            <\/td>\n<td>            <img decoding=\"async\" src=\"https:\/\/cap.ca\/wp-content\/uploads\/2017\/03\/cover_bleed-fr.gif\">        <\/td>\n<\/tr>\n<\/tbody>\n<\/table>\n","protected":false},"excerpt":{"rendered":"<p>Voici les dimensions disponibles pour la publicit\u00e9 dans PaC. Veuillez vous assurer que le format de votre publicit\u00e9 s&#8217;adapte bien aux dimensions choisies. Grandeur Dimensions Exemple 1\/2 page verticale 3 1\/2&#8243; x 9 3\/8&#8243; 1\/2 page horizontale 7 1\/8&#8243; x 4 5\/8&#8243; 1\/4 page 3 1\/2&#8243; x 4 5\/8&#8243; Lignes (1\/2&#8243; min) 3 1\/2&#8243; x&#8230;  <a class=\"excerpt-read-more\" href=\"https:\/\/cap.ca\/fr\/publications\/physique-au-canada\/publicite-pac\/dimensions-de-la-publicite\/\" title=\"LireDimensions de la publicit\u00e9 dans PaC\">Lire la suite &raquo;<\/a><\/p>\n","protected":false},"author":10,"featured_media":0,"parent":3368,"menu_order":457,"comment_status":"open","ping_status":"open","template":"","meta":{"footnotes":""},"class_list":["post-3370","page","type-page","status-publish","hentry"],"_links":{"self":[{"href":"https:\/\/cap.ca\/fr\/wp-json\/wp\/v2\/pages\/3370","targetHints":{"allow":["GET"]}}],"collection":[{"href":"https:\/\/cap.ca\/fr\/wp-json\/wp\/v2\/pages"}],"about":[{"href":"https:\/\/cap.ca\/fr\/wp-json\/wp\/v2\/types\/page"}],"author":[{"embeddable":true,"href":"https:\/\/cap.ca\/fr\/wp-json\/wp\/v2\/users\/10"}],"replies":[{"embeddable":true,"href":"https:\/\/cap.ca\/fr\/wp-json\/wp\/v2\/comments?post=3370"}],"version-history":[{"count":2,"href":"https:\/\/cap.ca\/fr\/wp-json\/wp\/v2\/pages\/3370\/revisions"}],"predecessor-version":[{"id":4681,"href":"https:\/\/cap.ca\/fr\/wp-json\/wp\/v2\/pages\/3370\/revisions\/4681"}],"up":[{"embeddable":true,"href":"https:\/\/cap.ca\/fr\/wp-json\/wp\/v2\/pages\/3368"}],"wp:attachment":[{"href":"https:\/\/cap.ca\/fr\/wp-json\/wp\/v2\/media?parent=3370"}],"curies":[{"name":"wp","href":"https:\/\/api.w.org\/{rel}","templated":true}]}}