{"id":3369,"date":"2017-03-09T15:24:40","date_gmt":"2017-03-09T20:24:40","guid":{"rendered":"http:\/\/caph-02.eproofs.ca\/tarifs-publicitaires\/"},"modified":"2025-10-30T11:35:15","modified_gmt":"2025-10-30T15:35:15","slug":"tarifs-publicitaires","status":"publish","type":"page","link":"https:\/\/cap.ca\/fr\/publications\/physique-au-canada\/publicite-pac\/tarifs-publicitaires\/","title":{"rendered":"Tarifs publicitaires pour PaC"},"content":{"rendered":"<h2><strong>Tarifs en vigueur le 1er janvier 2025 &#8212; (TPS\/TVH additionnel)<\/strong><\/h2>\n<h3><\/h3>\n<h3>Publicit\u00e9 en fran\u00e7ais ou anglais seulement<\/h3>\n<table>\n<tbody>\n<tr>\n<th>Grandeur de la publicit\u00e9<\/p>\n<p><a href=\"https:\/\/cap.ca\/fr\/publications\/physique-au-canada\/publicite-pac\/dimensions-de-la-publicite\/\" target=\"_blank\" rel=\"noopener noreferrer\">(voir dimensions)<\/a><\/th>\n<th>Num\u00e9ro unique<\/p>\n<p>&nbsp;<\/th>\n<th>Contrat d&#8217;un an<br \/>\n(toutes num\u00e9ros pour l&#8217;ann\u00e9e)<strong>Frais\/par insertion*<\/strong><\/th>\n<\/tr>\n<tr>\n<td><strong>Pleine page<\/strong><\/p>\n<p>&#8211; 8 5\/8 x 11 1\/4<\/td>\n<td>$475<\/td>\n<td>$425<\/td>\n<\/tr>\n<tr>\n<td><strong>1\/2 page vert.<\/strong><\/p>\n<p>&#8211; 3 1\/2 x 9 3\/8<\/td>\n<td>$350<\/td>\n<td>$300<\/td>\n<\/tr>\n<tr>\n<td><strong>1\/2 page horiz.<\/strong><\/p>\n<p>&#8211; 7 1\/8 x 4 5\/8<\/td>\n<td>$350<\/td>\n<td>$300<\/td>\n<\/tr>\n<tr>\n<td><strong>1\/4 page<\/strong><\/p>\n<p>&#8211; 3 1\/2 x 4 5\/8<\/td>\n<td>$250<\/td>\n<td>$200<\/td>\n<\/tr>\n<tr>\n<td><strong>2eme ou 3eme couverture<\/strong><\/p>\n<p>&#8211; 8 5\/8 x 11 1\/4<\/td>\n<td>$600<\/td>\n<td>$550<\/td>\n<\/tr>\n<tr>\n<td><strong>4eme couverture<\/strong><\/p>\n<p>&#8211; 8 5\/8 x 11 1\/4<\/td>\n<td>$700<\/td>\n<td>$650<\/td>\n<\/tr>\n<\/tbody>\n<\/table>\n<h3><\/h3>\n<h3>Publicit\u00e9 bilingue<\/h3>\n<p>Les dimensions choisies s&#8217;appliquent \u00e0 chacune des langues officielles (ex.: si vous choisissez 1\/4 de page, votre publicit\u00e9 fran\u00e7aise tout comme votre publicit\u00e9 anglaise sera saisie sur 1\/4 de page, pour un total de 1\/2 page). Les prix sont ceux des dimensions totales.<\/p>\n<p>Les annonces bilingues destin\u00e9es aux deuxi\u00e8me, troisi\u00e8me et quatri\u00e8me de couverture DOIVENT tenir en entier sur une page. Sinon, vous devez pr\u00e9senter une demande distincte pour chaque couverture (une en fran\u00e7ais et une autre en anglais). Il n&#8217;y a pas de prix sp\u00e9cial pour deux couvertures.<\/p>\n<table>\n<tbody>\n<tr>\n<th>Grandeur de la publicit\u00e9<\/p>\n<p><a href=\"https:\/\/cap.ca\/fr\/publications\/physique-au-canada\/publicite-pac\/dimensions-de-la-publicite\/\" target=\"_blank\" rel=\"noopener noreferrer\">(voir dimensions)<\/a><\/th>\n<th>Num\u00e9ro unique<\/p>\n<p>&nbsp;<\/th>\n<th>Contrat d&#8217;un an<\/p>\n<p>(toutes num\u00e9ros pour l&#8217;ann\u00e9e)<\/p>\n<p><strong>Frais\/par insertion*<\/strong><\/th>\n<\/tr>\n<tr>\n<td><strong>Pleine page<\/strong><\/p>\n<p>&#8211; 8 5\/8 x 11 1\/4<\/td>\n<td>$600<\/td>\n<td>$550<\/td>\n<\/tr>\n<tr>\n<td><strong>1\/2 page vert<\/strong>.<\/p>\n<p>&#8211; 3 1\/2 x 9 3\/8<\/td>\n<td>$475<\/td>\n<td>$425<\/td>\n<\/tr>\n<tr>\n<td><strong>1\/2 page horiz.<\/strong><\/p>\n<p>&#8211; 7 1\/8 x 4 5\/8<\/td>\n<td>$475<\/td>\n<td>$425<\/td>\n<\/tr>\n<tr>\n<td><strong>1\/4 page<\/strong><\/p>\n<p>&#8211; 3 1\/2 x 4 5\/8<\/td>\n<td>$350<\/td>\n<td>$300<\/td>\n<\/tr>\n<tr>\n<td><strong>2eme ou 3eme couverture<\/strong><\/p>\n<p>&#8211; 8 5\/8 x 11 1\/4<\/td>\n<td>$600<\/td>\n<td>$550<\/td>\n<\/tr>\n<tr>\n<td><strong>4eme couverture<\/strong><\/p>\n<p>&#8211; 8 5\/8 x 11 1\/4<\/td>\n<td>$700<\/td>\n<td>$650<\/td>\n<\/tr>\n<\/tbody>\n<\/table>\n<h3><\/h3>\n<p>&nbsp;<\/p>\n","protected":false},"excerpt":{"rendered":"<p>Tarifs en vigueur le 1er janvier 2025 &#8212; (TPS\/TVH additionnel) Publicit\u00e9 en fran\u00e7ais ou anglais seulement Grandeur de la publicit\u00e9 (voir dimensions) Num\u00e9ro unique &nbsp; Contrat d&#8217;un an (toutes num\u00e9ros pour l&#8217;ann\u00e9e)Frais\/par insertion* Pleine page &#8211; 8 5\/8 x 11 1\/4 $475 $425 1\/2 page vert. &#8211; 3 1\/2 x 9 3\/8 $350 $300 1\/2&#8230;  <a class=\"excerpt-read-more\" href=\"https:\/\/cap.ca\/fr\/publications\/physique-au-canada\/publicite-pac\/tarifs-publicitaires\/\" title=\"LireTarifs publicitaires pour PaC\">Lire la suite &raquo;<\/a><\/p>\n","protected":false},"author":10,"featured_media":0,"parent":3368,"menu_order":456,"comment_status":"closed","ping_status":"closed","template":"","meta":{"footnotes":""},"class_list":["post-3369","page","type-page","status-publish","hentry"],"_links":{"self":[{"href":"https:\/\/cap.ca\/fr\/wp-json\/wp\/v2\/pages\/3369","targetHints":{"allow":["GET"]}}],"collection":[{"href":"https:\/\/cap.ca\/fr\/wp-json\/wp\/v2\/pages"}],"about":[{"href":"https:\/\/cap.ca\/fr\/wp-json\/wp\/v2\/types\/page"}],"author":[{"embeddable":true,"href":"https:\/\/cap.ca\/fr\/wp-json\/wp\/v2\/users\/10"}],"replies":[{"embeddable":true,"href":"https:\/\/cap.ca\/fr\/wp-json\/wp\/v2\/comments?post=3369"}],"version-history":[{"count":15,"href":"https:\/\/cap.ca\/fr\/wp-json\/wp\/v2\/pages\/3369\/revisions"}],"predecessor-version":[{"id":28030,"href":"https:\/\/cap.ca\/fr\/wp-json\/wp\/v2\/pages\/3369\/revisions\/28030"}],"up":[{"embeddable":true,"href":"https:\/\/cap.ca\/fr\/wp-json\/wp\/v2\/pages\/3368"}],"wp:attachment":[{"href":"https:\/\/cap.ca\/fr\/wp-json\/wp\/v2\/media?parent=3369"}],"curies":[{"name":"wp","href":"https:\/\/api.w.org\/{rel}","templated":true}]}}