{"id":3368,"date":"2017-03-09T15:24:36","date_gmt":"2017-03-09T20:24:36","guid":{"rendered":"http:\/\/caph-02.eproofs.ca\/publicite-pac\/"},"modified":"2025-11-03T10:28:29","modified_gmt":"2025-11-03T15:28:29","slug":"publicite-pac","status":"publish","type":"page","link":"https:\/\/cap.ca\/fr\/publications\/physique-au-canada\/publicite-pac\/","title":{"rendered":"Publicit\u00e9 pour la PaC"},"content":{"rendered":"<p>L&#8217;Association canadienne des physiciens et physiciennes est la seule organisation canadienne multidisciplinaire regroupant des physicien(ne)s. Plus de 1 700 physicien(ne)s canadien(ne)s travaillant dans l&#8217;industrie, les laboratoires gouvernementaux et le milieu universitaire sont membres de l&#8217;Association et b\u00e9n\u00e9ficient d&#8217;un acc\u00e8s anticip\u00e9 \u00e0 ce magazine en ligne. Le contenu est rendu public environ six mois apr\u00e8s avoir \u00e9t\u00e9 mis \u00e0 la disposition des membres.<\/p>\n<p>Veuillez noter que toutes les annonces doivent \u00eatre soumises au format PDF. Si le fichier PDF n&#8217;est pas conforme aux sp\u00e9cifications et n&#8217;est pas enregistr\u00e9 en haute r\u00e9solution avec les polices int\u00e9gr\u00e9es (pr\u00eat \u00e0 imprimer), vous devrez \u00e9galement soumettre le fichier source (.wpd ou .doc). Co\u00fbt suppl\u00e9mentaire pour la composition et la mise en page (60 $)<\/p>\n<ul class=\"content-list\">\n<li><a href=\"https:\/\/cap.ca\/fr\/publications\/physique-au-canada\/publicite-pac\/tarifs-publicitaires\/\">Tarifs publicitaires<\/a><\/li>\n<li><a href=\"https:\/\/cap.ca\/fr\/publications\/physique-au-canada\/publicite-pac\/dimensions-de-la-publicite\/\">Dimensions de la publicit\u00e9<\/a><\/li>\n<li><a href=\"https:\/\/services.cap.ca\/ads\/apply\/employment.asp?pic=true\">Soumettre votre publicit\u00e9 pour la PaC<\/a><\/li>\n<\/ul>\n<p><u>Autres notes<\/u><\/p>\n<ul class=\"content-list\">\n<li>D\u00e9lai d&#8217;acceptation pour l&#8217;annonce &#8211; 1 mois avant la date de parution.<\/li>\n<li>Dates de parution: Actuellement, deux num\u00e9ros sont publi\u00e9s chaque ann\u00e9e : un num\u00e9ro post-congr\u00e8s et un num\u00e9ro th\u00e9matique.<\/li>\n<li>Tous les contrats et textes publicitaires sont sujets \u00e0 l&#8217;approbation de la r\u00e9daction.<\/li>\n<\/ul>\n","protected":false},"excerpt":{"rendered":"<p>L&#8217;Association canadienne des physiciens et physiciennes est la seule organisation canadienne multidisciplinaire regroupant des physicien(ne)s. Plus de 1 700 physicien(ne)s canadien(ne)s travaillant dans l&#8217;industrie, les laboratoires gouvernementaux et le milieu universitaire sont membres de l&#8217;Association et b\u00e9n\u00e9ficient d&#8217;un acc\u00e8s anticip\u00e9 \u00e0 ce magazine en ligne. Le contenu est rendu public environ six mois apr\u00e8s avoir&#8230;  <a class=\"excerpt-read-more\" href=\"https:\/\/cap.ca\/fr\/publications\/physique-au-canada\/publicite-pac\/\" title=\"LirePublicit\u00e9 pour la PaC\">Lire la suite &raquo;<\/a><\/p>\n","protected":false},"author":10,"featured_media":0,"parent":3367,"menu_order":166,"comment_status":"closed","ping_status":"closed","template":"","meta":{"footnotes":""},"class_list":["post-3368","page","type-page","status-publish","hentry"],"_links":{"self":[{"href":"https:\/\/cap.ca\/fr\/wp-json\/wp\/v2\/pages\/3368","targetHints":{"allow":["GET"]}}],"collection":[{"href":"https:\/\/cap.ca\/fr\/wp-json\/wp\/v2\/pages"}],"about":[{"href":"https:\/\/cap.ca\/fr\/wp-json\/wp\/v2\/types\/page"}],"author":[{"embeddable":true,"href":"https:\/\/cap.ca\/fr\/wp-json\/wp\/v2\/users\/10"}],"replies":[{"embeddable":true,"href":"https:\/\/cap.ca\/fr\/wp-json\/wp\/v2\/comments?post=3368"}],"version-history":[{"count":7,"href":"https:\/\/cap.ca\/fr\/wp-json\/wp\/v2\/pages\/3368\/revisions"}],"predecessor-version":[{"id":28053,"href":"https:\/\/cap.ca\/fr\/wp-json\/wp\/v2\/pages\/3368\/revisions\/28053"}],"up":[{"embeddable":true,"href":"https:\/\/cap.ca\/fr\/wp-json\/wp\/v2\/pages\/3367"}],"wp:attachment":[{"href":"https:\/\/cap.ca\/fr\/wp-json\/wp\/v2\/media?parent=3368"}],"curies":[{"name":"wp","href":"https:\/\/api.w.org\/{rel}","templated":true}]}}