{"id":3367,"date":"2017-03-09T15:24:33","date_gmt":"2017-03-09T20:24:33","guid":{"rendered":"http:\/\/caph-02.eproofs.ca\/physique-au-canada\/"},"modified":"2025-12-11T13:02:45","modified_gmt":"2025-12-11T18:02:45","slug":"physique-au-canada","status":"publish","type":"page","link":"https:\/\/cap.ca\/fr\/publications\/physique-au-canada\/","title":{"rendered":"La Physique au Canada (PaC)"},"content":{"rendered":"<blockquote><p><a href=\"https:\/\/pic-pac.cap.ca\/?lang=fr-ca\">Visitez la syst\u00e8me pour La Physique au Canada<\/a><\/p><\/blockquote>\n<p><i><span style=\"font-weight: 400;\">La Physique au Canada<\/span><\/i><span style=\"font-weight: 400;\"> est le magazine de l&#8217;Association canadienne des physiciens et physiciennes. Il publie de courts articles de synth\u00e8se d&#8217;int\u00e9r\u00eat g\u00e9n\u00e9ral pour la communaut\u00e9 des physicien(ne)s canadien(ne)s, ainsi que des articles d&#8217;opinion, des lettres, des nouvelles et des informations relatives aux activit\u00e9s de l&#8217;Association. <em>La Physique au Canada<\/em> n&#8217;est pas une revue scientifique et ne publie donc pas de travaux de recherche originaux.<\/span><\/p>\n<p><span style=\"font-weight: 400;\">Les articles publi\u00e9s dans <em>La Physique au Canada<\/em> sont accessibles aux membres d\u00e8s leur parution, et aux non-membres environ six mois apr\u00e8s la publication officielle.\u00a0<\/span><\/p>\n<p><span style=\"font-weight: 400;\">Le comit\u00e9 de r\u00e9daction accueille des articles de lecteurs qui conviennent \u00e0 tout physicien(ne) en exercice ou \u00e9tudiant(e) et qui sont compr\u00e9hensibles pour lui. Veuillez noter que toutes les soumissions scientifiques, qu&#8217;elles proviennent de contributions ou d&#8217;invitations, sont envoy\u00e9es pour r\u00e9vision. Le contenu de ce magazine, y compris les opinions exprim\u00e9es dans les \u00e9ditoriaux, ne repr\u00e9sente pas n\u00e9cessairement les opinions ou les politiques de l&#8217;Association canadienne des physiciens et physiciennes.<\/span><\/p>\n<p style=\"text-align: center;\"><a href=\"https:\/\/cap.ca\/fr\/publications\/physique-au-canada\/instructions-pour-auteurs\/\"><span style=\"font-weight: 400;\">Soumettre un article<\/span><\/a><\/p>\n<p style=\"text-align: center;\"><a href=\"https:\/\/cap.ca\/fr\/publications\/physique-au-canada\/couverture\/\"><span style=\"font-weight: 400;\">Soumettre une couverture<\/span><\/a><\/p>\n<p style=\"text-align: center;\"><span style=\"font-weight: 400;\"><a href=\"https:\/\/cap.ca\/fr\/publications\/physique-au-canada\/publicite-pac\/\">Faire de la publicit\u00e9 dans <em>La Physique au Canada<\/em><\/a>\u00a0<\/span><\/p>\n<p style=\"text-align: center;\"><a href=\"https:\/\/cap.ca\/fr\/publications\/physique-au-canada\/comite-de-redaction\/\"><span style=\"font-weight: 400;\">Comit\u00e9 de r\u00e9daction<\/span><\/a><\/p>\n<p style=\"text-align: center;\"><a class=\"green-btn\" href=\"https:\/\/pic-pac.cap.ca\/?lang=fr-ca\">LIEN AU SYST\u00c8ME POUR <i>LA PHYSIQUE AU CANADA (PAC)<\/i><\/a><\/p>\n<p style=\"text-align: center;\">\n","protected":false},"excerpt":{"rendered":"<p>Visitez la syst\u00e8me pour La Physique au Canada La Physique au Canada est le magazine de l&#8217;Association canadienne des physiciens et physiciennes. Il publie de courts articles de synth\u00e8se d&#8217;int\u00e9r\u00eat g\u00e9n\u00e9ral pour la communaut\u00e9 des physicien(ne)s canadien(ne)s, ainsi que des articles d&#8217;opinion, des lettres, des nouvelles et des informations relatives aux activit\u00e9s de l&#8217;Association. La&#8230;  <a class=\"excerpt-read-more\" href=\"https:\/\/cap.ca\/fr\/publications\/physique-au-canada\/\" title=\"LireLa Physique au Canada (PaC)\">Lire la suite &raquo;<\/a><\/p>\n","protected":false},"author":10,"featured_media":0,"parent":3365,"menu_order":120,"comment_status":"closed","ping_status":"closed","template":"","meta":{"footnotes":""},"class_list":["post-3367","page","type-page","status-publish","hentry"],"_links":{"self":[{"href":"https:\/\/cap.ca\/fr\/wp-json\/wp\/v2\/pages\/3367","targetHints":{"allow":["GET"]}}],"collection":[{"href":"https:\/\/cap.ca\/fr\/wp-json\/wp\/v2\/pages"}],"about":[{"href":"https:\/\/cap.ca\/fr\/wp-json\/wp\/v2\/types\/page"}],"author":[{"embeddable":true,"href":"https:\/\/cap.ca\/fr\/wp-json\/wp\/v2\/users\/10"}],"replies":[{"embeddable":true,"href":"https:\/\/cap.ca\/fr\/wp-json\/wp\/v2\/comments?post=3367"}],"version-history":[{"count":15,"href":"https:\/\/cap.ca\/fr\/wp-json\/wp\/v2\/pages\/3367\/revisions"}],"predecessor-version":[{"id":28372,"href":"https:\/\/cap.ca\/fr\/wp-json\/wp\/v2\/pages\/3367\/revisions\/28372"}],"up":[{"embeddable":true,"href":"https:\/\/cap.ca\/fr\/wp-json\/wp\/v2\/pages\/3365"}],"wp:attachment":[{"href":"https:\/\/cap.ca\/fr\/wp-json\/wp\/v2\/media?parent=3367"}],"curies":[{"name":"wp","href":"https:\/\/api.w.org\/{rel}","templated":true}]}}