{"id":3365,"date":"2017-03-09T15:24:25","date_gmt":"2017-03-09T20:24:25","guid":{"rendered":"http:\/\/caph-02.eproofs.ca\/publications-fr\/"},"modified":"2017-06-29T09:18:49","modified_gmt":"2017-06-29T13:18:49","slug":"publications","status":"publish","type":"page","link":"https:\/\/cap.ca\/fr\/publications\/","title":{"rendered":"Publications"},"content":{"rendered":"<p>L&#8217;ACP fournit l&#8217;information la plus \u00e0 jour sur la physique au Canada et sur les nouvelles de la collectivit\u00e9 par divers partenariats et publications :<\/p>\n<ul class=\"content-list\">\n<li><a href=\"https:\/\/cap.ca\/fr\/publications\/nouvelles\/\">Nouvelles de l&#8217;ACP<br \/>\n<\/a><em>C&#8217;<\/em><em><em><em>est ici que vous trouverez les nouvelles et mises \u00e0 jour sur les Soumissions et Nominations, sur les R\u00e9cipiendaires de m\u00e9dailles et de prix, sur les Congr\u00e8s et \u00e9v\u00e9nements d&#8217;int\u00e9r\u00eat, les rapports sur les communications, la politique scientifique, les affaires professionnelles et internationales, les derni\u00e8res publications et d\u00e9couvertes, et tout ce qui touche aux membres de l&#8217;ACP, la communaut\u00e9 et la physique au Canada.<\/em><\/em><\/em>Restez toujours \u00e0 l\u2019aff\u00fbt\u00a0des nouvelles avec le Bulletin de nouvelles trimestriel et les Annonces par courriel de l&#8217;ACP. Cliquez ici &gt; <a href=\"http:\/\/ow.ly\/46gC30bilbm\">Inscription aux nouvelles et mises \u00e0 jour<\/a>.<\/li>\n<\/ul>\n<ul class=\"content-list\">\n<li><a href=\"https:\/\/cap.ca\/fr\/publications\/physique-au-canada\/\">La physique au Canada (PaC)<\/a><br \/>\n<em><em>Ce journal, dont la copie imprim\u00e9e est distribu\u00e9e aux membres de l&#8217;ACP est le format \u00e9lectronique est mise \u00e0 disposition du public 12 mois apr\u00e8s sa publication, traite des sujets actuels de la recherche, d\u00e9couvertes, et sensibilisation de la physique canadienne.<\/em><\/em><\/li>\n<\/ul>\n<ul class=\"content-list\">\n<li><a href=\"https:\/\/books.cap.ca\/BRMS\/BRHome.asp\">Livres disponibles pour la critique<br \/>\n<em>L<\/em><\/a><em><em>es membres de la communaut\u00e9 des physiciens et physiciennes canadiennes sont invit\u00e9s \u00e0 soumettre leur critique des nouvelles parutions de livres et manuels de physique.<br \/>\n<\/em><\/em><\/li>\n<\/ul>\n<ul class=\"content-list\">\n<li><a href=\"https:\/\/cap.ca\/fr\/publications\/autres-journaux-physique\/\">Autres revues de physique<br \/>\n<em>T<\/em><\/a><em><em>outes les autres publications de journaux d&#8217;int\u00e9r\u00eat en Am\u00e9rique du nord et le monde de la physique.<br \/>\n<\/em><\/em><\/li>\n<\/ul>\n<ul class=\"content-list\">\n<li><a href=\"https:\/\/cap.ca\/fr\/publications\/actes-de-conference\/\">Compte rendu de conf\u00e9rences<br \/>\n<\/a><em>Compte rendu des travaux et sujet trait\u00e9s lors des rencontres et conf\u00e9rences li\u00e9es \u00e0 la recherche et l&#8217;\u00e9ducation de la physique.<\/em><\/li>\n<\/ul>\n","protected":false},"excerpt":{"rendered":"<p>L&#8217;ACP fournit l&#8217;information la plus \u00e0 jour sur la physique au Canada et sur les nouvelles de la collectivit\u00e9 par divers partenariats et publications : Nouvelles de l&#8217;ACP C&#8217;est ici que vous trouverez les nouvelles et mises \u00e0 jour sur les Soumissions et Nominations, sur les R\u00e9cipiendaires de m\u00e9dailles et de prix, sur les Congr\u00e8s&#8230;  <a class=\"excerpt-read-more\" href=\"https:\/\/cap.ca\/fr\/publications\/\" title=\"LirePublications\">Lire la suite &raquo;<\/a><\/p>\n","protected":false},"author":10,"featured_media":0,"parent":0,"menu_order":124,"comment_status":"closed","ping_status":"closed","template":"","meta":{"footnotes":""},"class_list":["post-3365","page","type-page","status-publish","hentry"],"_links":{"self":[{"href":"https:\/\/cap.ca\/fr\/wp-json\/wp\/v2\/pages\/3365","targetHints":{"allow":["GET"]}}],"collection":[{"href":"https:\/\/cap.ca\/fr\/wp-json\/wp\/v2\/pages"}],"about":[{"href":"https:\/\/cap.ca\/fr\/wp-json\/wp\/v2\/types\/page"}],"author":[{"embeddable":true,"href":"https:\/\/cap.ca\/fr\/wp-json\/wp\/v2\/users\/10"}],"replies":[{"embeddable":true,"href":"https:\/\/cap.ca\/fr\/wp-json\/wp\/v2\/comments?post=3365"}],"version-history":[{"count":20,"href":"https:\/\/cap.ca\/fr\/wp-json\/wp\/v2\/pages\/3365\/revisions"}],"predecessor-version":[{"id":7715,"href":"https:\/\/cap.ca\/fr\/wp-json\/wp\/v2\/pages\/3365\/revisions\/7715"}],"wp:attachment":[{"href":"https:\/\/cap.ca\/fr\/wp-json\/wp\/v2\/media?parent=3365"}],"curies":[{"name":"wp","href":"https:\/\/api.w.org\/{rel}","templated":true}]}}