{"id":3361,"date":"2017-03-09T15:24:10","date_gmt":"2017-03-09T20:24:10","guid":{"rendered":"http:\/\/caph-02.eproofs.ca\/recipiendaires-des-medailles-par-annee\/"},"modified":"2025-04-29T13:52:41","modified_gmt":"2025-04-29T17:52:41","slug":"recipiendaires-des-medailles-par-annee","status":"publish","type":"page","link":"https:\/\/cap.ca\/fr\/activites\/programme-de-distinctions\/recipiendaires-des-medailles-par-annee\/","title":{"rendered":"R\u00e9cipiendaires des m\u00e9dailles par ann\u00e9e"},"content":{"rendered":"<h1><\/h1>\n<p><iframe loading=\"lazy\" id=\"iframe-medals\" class=\" iframe-delta-0\" src=\"https:\/\/services.cap.ca\/medal\/publicity\/recipients.php?lang=fr\" name=\"iframe-0\" width=\"100%\" height=\"700\" frameborder=\"0\" scrolling=\"auto\">Votre navigateur ne supporte pas les iframes. Mais vous pouvez utiliser <a href=\"https:\/\/services.cap.ca\/medal\/publicity\/recipients.php?lang=fr\" rel=\"noopener noreferrer\" target=\"_blank\">ce lien<\/a>.<\/iframe><\/p>\n","protected":false},"excerpt":{"rendered":"<p>Votre navigateur ne supporte pas les iframes. Mais vous pouvez utiliser ce lien.<\/p>\n","protected":false},"author":10,"featured_media":0,"parent":3308,"menu_order":84,"comment_status":"closed","ping_status":"closed","template":"","meta":{"footnotes":""},"class_list":["post-3361","page","type-page","status-publish","hentry"],"_links":{"self":[{"href":"https:\/\/cap.ca\/fr\/wp-json\/wp\/v2\/pages\/3361","targetHints":{"allow":["GET"]}}],"collection":[{"href":"https:\/\/cap.ca\/fr\/wp-json\/wp\/v2\/pages"}],"about":[{"href":"https:\/\/cap.ca\/fr\/wp-json\/wp\/v2\/types\/page"}],"author":[{"embeddable":true,"href":"https:\/\/cap.ca\/fr\/wp-json\/wp\/v2\/users\/10"}],"replies":[{"embeddable":true,"href":"https:\/\/cap.ca\/fr\/wp-json\/wp\/v2\/comments?post=3361"}],"version-history":[{"count":17,"href":"https:\/\/cap.ca\/fr\/wp-json\/wp\/v2\/pages\/3361\/revisions"}],"predecessor-version":[{"id":26851,"href":"https:\/\/cap.ca\/fr\/wp-json\/wp\/v2\/pages\/3361\/revisions\/26851"}],"up":[{"embeddable":true,"href":"https:\/\/cap.ca\/fr\/wp-json\/wp\/v2\/pages\/3308"}],"wp:attachment":[{"href":"https:\/\/cap.ca\/fr\/wp-json\/wp\/v2\/media?parent=3361"}],"curies":[{"name":"wp","href":"https:\/\/api.w.org\/{rel}","templated":true}]}}