{"id":3360,"date":"2017-03-09T15:24:08","date_gmt":"2017-03-09T20:24:08","guid":{"rendered":"http:\/\/caph-02.eproofs.ca\/prix-distinctions-externes\/"},"modified":"2019-12-05T11:58:37","modified_gmt":"2019-12-05T16:58:37","slug":"prix-distinctions-externes","status":"publish","type":"page","link":"https:\/\/cap.ca\/fr\/activites\/programme-de-distinctions\/bourses-externes\/prix-distinctions-externes\/","title":{"rendered":"Organismes externes offrant prix et distinctions"},"content":{"rendered":"<table cellspacing=\"1\" cellpadding=\"1\">\n<tbody>\n<tr>\n<td><a href=\"#ACFAS\">ACFAS<\/a><\/td>\n<td><a href=\"#AIP\">AIP<\/a><\/td>\n<td><a href=\"#APICS\">APICS<\/a><\/td>\n<td><a href=\"#APS\">APS<\/a><\/td>\n<\/tr>\n<tr>\n<td><a href=\"#IUPAP\">IUPAP<\/a><\/td>\n<td><a href=\"#Killam\">Killam<\/a><\/td>\n<td><a href=\"#Nobel\">Nobel<\/a><\/td>\n<td><a href=\"#NSERC\">CRSNG<\/a><\/td>\n<\/tr>\n<tr>\n<td><a href=\"#RSC\">SRC<\/a><\/td>\n<\/tr>\n<\/tbody>\n<\/table>\n<p>Les date-limites approximatives. Pri\u00e8re de visiter le site de l&#8217;organisme offrant le prix ou la distinction pour plus d&#8217;information et les dates-limites pr\u00e9cises.<\/p>\n<h2>Association francophone pour le savoir \u2013 ACFAS<a id=\"ACFAS\"><\/a><\/h2>\n<p><a href=\"http:\/\/www.acfas.ca\/prix-concours\" target=\"_blank\" rel=\"noopener noreferrer\">http:\/\/www.acfas.ca\/prix-concours<\/a><\/p>\n<ul class=\"content-list\">\n<li>Prix Jacques Rousseau award (Multidisciplinarit\u00e9), Prix J-Armand-Bombardier (Innovation technologique), Prix Urgel-Archambault (Sciences physiques,math\u00e9matiques , informatique et genie). (1er mars)<\/li>\n<\/ul>\n<h2><a id=\"AIP\"><\/a>American Institute of Physics<\/h2>\n<p><a href=\"http:\/\/www.aip.org\/aip\/awards\/\" target=\"_blank\" rel=\"noopener noreferrer\">http:\/\/www.aip.org\/aip\/awards\/<\/a><\/p>\n<p>L&#8217;AIP commandite plusieurs prix dont la m\u00e9daille Tate pour Leadership international en physique (3 mai), qui reconna\u00eet le leadership et le service \u00e0 la communaut\u00e9 des physiciens \u00e0 l&#8217;\u00e9chelle internationale par des scientifiques qui ne sont pas am\u00e9ricaines.<\/p>\n<h2><a id=\"APICS\"><\/a>Atlantic Provinces Council on the Sciences (APICS)<\/h2>\n<p><a href=\"http:\/\/apics.dal.ca\/programs.html\" target=\"_blank\" rel=\"noopener noreferrer\">http:\/\/apics.dal.ca\/programs.html<\/a><\/p>\n<ul class=\"content-list\">\n<li>APICS Science Communication Awards (d\u00e9but f\u00e9vrier)<\/li>\n<\/ul>\n<h2><a id=\"APS\"><\/a>American Physical Society<\/h2>\n<p><a href=\"http:\/\/www.aps.org\/programs\/honors\/index.cfm#prizes\" target=\"_blank\" rel=\"noopener noreferrer\">http:\/\/www.aps.org\/programs\/honors\/index.cfm#prizes<\/a><\/p>\n<ul class=\"content-list\">\n<li>Les prix de l&#8217;APS comprennent le Prix en dynamique des fluides (31 mars), le Prix James Clerk Maxwell en physique des plasmas (3 avril), le prix OD Panofsky Nobel en physique exp\u00e9rimentale des particules et le prixJJ Sakurai en physique th\u00e9orique des particules (1er mai), et un grand nombre de prix pour des contributions dans les domaines sp\u00e9cifiques (1erjuillet)<\/li>\n<\/ul>\n<h2><a id=\"IUPAP\"><\/a>IUPAP<\/h2>\n<h2>C3 Commission sur la physique statistique<\/h2>\n<p><a href=\"http:\/\/iupap.org\/commissions\/c3-commission-on-statistical-physics\/\">http:\/\/iupap.org\/commissions\/c3-commission-on-statistical-physics\/<\/a><\/p>\n<ul class=\"content-list\">\n<li>Le prix de d\u00e9but de carri\u00e8re en physique statistique (31 d\u00e9cembre) pour un chercheur qui n&#8217;a pas atteint l&#8217;\u00e2ge de 37 ans dans l&#8217;ann\u00e9e du prix.<\/li>\n<li>Le prix de Boltzmann honore les r\u00e9alisations exceptionnelles en physique statistique. Il est pr\u00e9sent\u00e9 tous les trois ans \u00e0 la Conf\u00e9rence internationale sur la physique statistique (STATPHYS19).<\/li>\n<\/ul>\n<h2>C5 Commission on Low Tempurature<\/h2>\n<p><a href=\"http:\/\/iupap.org\/commissions\/c5-low-temperature-physics\/c5-awards\/\" target=\"_blank\" rel=\"noopener noreferrer\">http:\/\/iupap.org\/commissions\/c6-biological-physics\/c6-awards\/<\/a><\/p>\n<ul class=\"content-list\">\n<li><strong>La date limite de soumissio est le\u00a015 novembre 2019<\/strong><\/li>\n<\/ul>\n<h2>C6 Commission\u00a0on Biological Physics<\/h2>\n<p><a href=\"http:\/\/iupap.org\/commissions\/c6-biological-physics\/c6-awards\/\" target=\"_blank\" rel=\"noopener noreferrer\">http:\/\/iupap.org\/commissions\/c6-biological-physics\/c6-awards\/<\/a><\/p>\n<ul class=\"content-list\">\n<li>Prix \u200b\u200bjeune scientifique IUPAP en physique biologique. Le b\u00e9n\u00e9ficiaire ne doit pas compter plus de huit ans apr\u00e8s le doctorat, interruptions de carri\u00e8re exclues<\/li>\n<li><strong>Date limite: d\u00e9but mars de l&#8217;ann\u00e9e pr\u00e9c\u00e9dant la Conf\u00e9rence internationale de physique biologique ICBP<\/strong><\/li>\n<\/ul>\n<h2>C8 Commission\u00a0sur semiconducteurs<\/h2>\n<p><a href=\"http:\/\/iupap.org\/commissions\/c8-semiconductors\/c8-awards\/\">http:\/\/iupap.org\/commissions\/c8-semiconductors\/c8-awards\/<\/a><\/p>\n<ul class=\"content-list\">\n<li>Le prix UIPPA du jeune chercheur en semiconducteurs (31 d\u00e9cembre chaque ann\u00e9e impaire)<\/li>\n<li><strong>La date limite de soumissio est le 31 d\u00e9cembre 2019<\/strong><\/li>\n<\/ul>\n<h2>C9 Commission\u00a0sur le\u00a0magn\u00e9tisme<\/h2>\n<p>Le prix UIPPA du jeune chercheur en\u00a0magn\u00e9tisme<\/p>\n<ul class=\"content-list\">\n<li><strong>La date limite de soumissio est le 31\u00a0janvier 2020<\/strong><\/li>\n<\/ul>\n<h2>C12 Commission sur la physique nucl\u00e9aire<\/h2>\n<p><a href=\"http:\/\/www.triumf.info\/hosted\/iupap\/C12\/IUPAP_prize.html\" target=\"_blank\" rel=\"noopener noreferrer\">http:\/\/www.triumf.info\/hosted\/iupap\/C12\/IUPAP_prize.html<\/a><\/p>\n<ul class=\"content-list\">\n<li>Le prix UIPPA du jeune chercheur en physique nucl\u00e9aire (1er octobre de l&#8217;ann\u00e9e pr\u00e9c\u00e9dent la <em>International Nuclear Physics Conference<\/em>)<\/li>\n<\/ul>\n<h2>C14 Commission sur l&#8217;Education Physique<\/h2>\n<p><a href=\"http:\/\/web.phys.ksu.edu\/ICPE\/Medals\/icpe_medal.htm\" target=\"_blank\" rel=\"noopener noreferrer\">http:\/\/web.phys.ksu.edu\/ICPE\/Medals\/icpe_medal.htm<\/a><\/p>\n<ul class=\"content-list\">\n<li>La M\u00e9daille de la Commission internationale sur l&#8217;enseignement de la physique de l&#8217;Union internationale de physique pure et appliqu\u00e9e (d\u00e9cern\u00e9e tous les trois ans)<\/li>\n<\/ul>\n<h2>C20 Commission on Computational Physics<\/h2>\n<p><a href=\"http:\/\/iupap.org\/commissions\/computational-physics\/\">http:\/\/iupap.org\/commissions\/computational-physics\/<\/a><\/p>\n<ul class=\"content-list\">\n<li>Le Prix du jeune chercheur en physique num\u00e9rique vise \u00e0 reconna\u00eetre les r\u00e9alisations remarquables des scientifiques \u00e0 un stade pr\u00e9coce de leur carri\u00e8re dans la physique computationnelle. (1er mars)<\/li>\n<\/ul>\n<h2><a id=\"Killam\"><\/a>Program Killam du Conseil des arts du Canada<\/h2>\n<p><a href=\"http:\/\/www.canadacouncil.ca\/prix\/killam\/jp127222986790937500.htm\">http:\/\/www.canadacouncil.ca\/prix\/killam\/jp127222986790937500.htm<\/a><\/p>\n<ul class=\"content-list\">\n<li>Un prix Killam par ann\u00e9e est d\u00e9cern\u00e9 dans chacune des sciences naturelles, sciences de la sant\u00e9, l&#8217;ing\u00e9nierie, des humanit\u00e9s et sciences sociales. Date limite des inscriptions est en retard Octobre.<\/li>\n<li>Bourses de recherche Killam donner le temps de sortie pouvant aller jusqu&#8217;\u00e0 deux ans. Date limite d&#8217;inscription est la mi Mai.<\/li>\n<\/ul>\n<h2><a id=\"Nobel\"><\/a>Le Prix Nobel<\/h2>\n<p><a href=\"http:\/\/www.nobelprize.org\/\">http:\/\/www.nobelprize.org\/<\/a><\/p>\n<ul class=\"content-list\">\n<li>La nomination et la s\u00e9lection des laur\u00e9ats du prix Nobel est, dans une large mesure, assur\u00e9e par les comit\u00e9s Nobel de l&#8217;Acad\u00e9mie royale su\u00e9doise des sciences. Des scientifiques choisis sont invit\u00e9s \u00e0 envoyer des candidatures.<\/li>\n<\/ul>\n<h2>CRSNG<a id=\"NSERC\"><\/a><\/h2>\n<p><a href=\"http:\/\/www.nserc-crsng.gc.ca\/Prizes-Prix\/Index_fra.asp\">http:\/\/www.nserc-crsng.gc.ca\/Prizes-Prix\/Index_fra.asp<\/a><\/p>\n<ul class=\"content-list\">\n<li>Les prix du CRSNG comprennent le Prix John C. Polanyi (Mars 1), le Prix Brockhouse du Canada pour la recherche interdisciplinaire en sciences et en g\u00e9nie du CRSNG et de la M\u00e9daille d&#8217;or Gerhard Herzberg et l&#8217;attribution d&#8217;excellence du CRSNG (Mai 1), le prix Synergie du CRSNG pour l&#8217;innovation (Mai 31), les Bourses Steacie du CRSNG (Juin 30) et le prix Michael-Smith pour la promotion des sciences (Septembre 1).<\/li>\n<\/ul>\n<h2><a id=\"RSC\"><\/a>Soci\u00e9t\u00e9 royale du Canada<\/h2>\n<p><a href=\"http:\/\/www.rsc.ca\/fr\">http:\/\/www.rsc.ca\/fr<\/a><\/p>\n<ul class=\"content-list\">\n<li>La Soci\u00e9t\u00e9 royale du Canada parraine de nombreux prix dont le Prix Alice Wilson SRC pour une femme au niveau postdoctoral, Thomas W. Eadie pour la science appliqu\u00e9e avec un impact dans les communications, la m\u00e9daille McNeil pour la sensibilisation du public de la science, les M\u00e9dailles comm\u00e9morative Rutherford en circulation pour recherche en physique et en chimie, la m\u00e9daille Sir John William Dawson (semestriel) pour des contributions importantes dans plusieurs domaines, Willet G. Miller Medal (semestrielle) de recherches \u00e9minentes dans tout domaine des sciences de la terre, et la M\u00e9daille Henry Marshall Tory (semestriel) de recherches \u00e9minentes dans tout domaine de la chimie l&#8217;astronomie, les math\u00e9matiques, la physique, ou d&#8217;une alli\u00e9e de la science. D\u00e9lais de mise en candidature sont D\u00e9cembre 1.<\/li>\n<\/ul>\n","protected":false},"excerpt":{"rendered":"<p>ACFAS AIP APICS APS IUPAP Killam Nobel CRSNG SRC Les date-limites approximatives. Pri\u00e8re de visiter le site de l&#8217;organisme offrant le prix ou la distinction pour plus d&#8217;information et les dates-limites pr\u00e9cises. Association francophone pour le savoir \u2013 ACFAS http:\/\/www.acfas.ca\/prix-concours Prix Jacques Rousseau award (Multidisciplinarit\u00e9), Prix J-Armand-Bombardier (Innovation technologique), Prix Urgel-Archambault (Sciences physiques,math\u00e9matiques , informatique&#8230;  <a class=\"excerpt-read-more\" href=\"https:\/\/cap.ca\/fr\/activites\/programme-de-distinctions\/bourses-externes\/prix-distinctions-externes\/\" title=\"LireOrganismes externes offrant prix et distinctions\">Lire la suite &raquo;<\/a><\/p>\n","protected":false},"author":10,"featured_media":0,"parent":3359,"menu_order":1015,"comment_status":"closed","ping_status":"closed","template":"","meta":{"footnotes":""},"class_list":["post-3360","page","type-page","status-publish","hentry"],"_links":{"self":[{"href":"https:\/\/cap.ca\/fr\/wp-json\/wp\/v2\/pages\/3360","targetHints":{"allow":["GET"]}}],"collection":[{"href":"https:\/\/cap.ca\/fr\/wp-json\/wp\/v2\/pages"}],"about":[{"href":"https:\/\/cap.ca\/fr\/wp-json\/wp\/v2\/types\/page"}],"author":[{"embeddable":true,"href":"https:\/\/cap.ca\/fr\/wp-json\/wp\/v2\/users\/10"}],"replies":[{"embeddable":true,"href":"https:\/\/cap.ca\/fr\/wp-json\/wp\/v2\/comments?post=3360"}],"version-history":[{"count":13,"href":"https:\/\/cap.ca\/fr\/wp-json\/wp\/v2\/pages\/3360\/revisions"}],"predecessor-version":[{"id":14464,"href":"https:\/\/cap.ca\/fr\/wp-json\/wp\/v2\/pages\/3360\/revisions\/14464"}],"up":[{"embeddable":true,"href":"https:\/\/cap.ca\/fr\/wp-json\/wp\/v2\/pages\/3359"}],"wp:attachment":[{"href":"https:\/\/cap.ca\/fr\/wp-json\/wp\/v2\/media?parent=3360"}],"curies":[{"name":"wp","href":"https:\/\/api.w.org\/{rel}","templated":true}]}}