{"id":3359,"date":"2017-03-09T15:24:05","date_gmt":"2017-03-09T20:24:05","guid":{"rendered":"http:\/\/caph-02.eproofs.ca\/bourses-externes\/"},"modified":"2017-04-05T17:54:18","modified_gmt":"2017-04-05T21:54:18","slug":"bourses-externes","status":"publish","type":"page","link":"https:\/\/cap.ca\/fr\/activites\/programme-de-distinctions\/bourses-externes\/","title":{"rendered":"Bourses externes"},"content":{"rendered":"<p>Un comit\u00e9 des anciens pr\u00e9sidents de l&#8217;ACP, pr\u00e9sid\u00e9 chaque ann\u00e9e par l&#8217;avant-dernier pr\u00e9sident, a pour mission d&#8217;identifier des candidats membres de l&#8217;ACP pour de grands prix et distinctions nationaux et internationaux et d&#8217;aider \u00e0 la pr\u00e9paration de ces candidatures, en autant que possible.<\/p>\n<p><a href=\"https:\/\/cap.ca\/fr\/activites\/medailles-bourses\/bourses-externes\/prix-distinctions-externes\/\">Une liste de prix et de distinctions<\/a> pouvant int\u00e9resser les membres de l&#8217;ACP est <a href=\"https:\/\/cap.ca\/fr\/activites\/medailles-bourses\/bourses-externes\/prix-distinctions-externes\/\">disponible ici<\/a>.<\/p>\n<p>Le comit\u00e9 des prix et distinctions internationaux d\u00e9sire \u00e9galement augmenter la visibilit\u00e9 des r\u00e9cipiendaires de ces prix. Aussi, nous d\u00e9sirons recueillir :<\/p>\n<ol class=\"content-list\">\n<li>des suggestions de prix et de bourses internationaux pouvant \u00eatre ajouter \u00e0 la liste de ce site; et<\/li>\n<li>de l&#8217;information au sujet de membres de l&#8217;ACP ayant re\u00e7u des prix et distinctions importantes.<\/li>\n<\/ol>\n<p><a href=\"https:\/\/cap.ca\/fr\/propos-lacp\/contactez-nous\/\">N&#8217;h\u00e9sitez pas \u00e0 nous sugg\u00e9rer<\/a> des candidatures particuli\u00e8res \u00e0 qui nous pourrions apporter un soutien. Dans votre message s&#8217;il vous pla\u00eet inclure:<\/p>\n<table cellspacing=\"1\" cellpadding=\"1\">\n<tbody>\n<tr>\n<td>Nom du gagnant \/ candidat<\/td>\n<td>Nom du prix \/ distinction<\/td>\n<\/tr>\n<tr>\n<td>R\u00e9alisations du gagnant \/ candidat<\/td>\n<td>Organisme parrain du prix \/ distinction<\/td>\n<\/tr>\n<tr>\n<td>Toute information pertinente suppl\u00e9mentaire<\/td>\n<td>Date-limite pour le prix \/ distinction<\/td>\n<\/tr>\n<\/tbody>\n<\/table>\n","protected":false},"excerpt":{"rendered":"<p>Un comit\u00e9 des anciens pr\u00e9sidents de l&#8217;ACP, pr\u00e9sid\u00e9 chaque ann\u00e9e par l&#8217;avant-dernier pr\u00e9sident, a pour mission d&#8217;identifier des candidats membres de l&#8217;ACP pour de grands prix et distinctions nationaux et internationaux et d&#8217;aider \u00e0 la pr\u00e9paration de ces candidatures, en autant que possible. Une liste de prix et de distinctions pouvant int\u00e9resser les membres de&#8230;  <a class=\"excerpt-read-more\" href=\"https:\/\/cap.ca\/fr\/activites\/programme-de-distinctions\/bourses-externes\/\" title=\"LireBourses externes\">Lire la suite &raquo;<\/a><\/p>\n","protected":false},"author":10,"featured_media":0,"parent":3308,"menu_order":226,"comment_status":"closed","ping_status":"closed","template":"","meta":{"footnotes":""},"class_list":["post-3359","page","type-page","status-publish","hentry"],"_links":{"self":[{"href":"https:\/\/cap.ca\/fr\/wp-json\/wp\/v2\/pages\/3359","targetHints":{"allow":["GET"]}}],"collection":[{"href":"https:\/\/cap.ca\/fr\/wp-json\/wp\/v2\/pages"}],"about":[{"href":"https:\/\/cap.ca\/fr\/wp-json\/wp\/v2\/types\/page"}],"author":[{"embeddable":true,"href":"https:\/\/cap.ca\/fr\/wp-json\/wp\/v2\/users\/10"}],"replies":[{"embeddable":true,"href":"https:\/\/cap.ca\/fr\/wp-json\/wp\/v2\/comments?post=3359"}],"version-history":[{"count":6,"href":"https:\/\/cap.ca\/fr\/wp-json\/wp\/v2\/pages\/3359\/revisions"}],"predecessor-version":[{"id":6620,"href":"https:\/\/cap.ca\/fr\/wp-json\/wp\/v2\/pages\/3359\/revisions\/6620"}],"up":[{"embeddable":true,"href":"https:\/\/cap.ca\/fr\/wp-json\/wp\/v2\/pages\/3308"}],"wp:attachment":[{"href":"https:\/\/cap.ca\/fr\/wp-json\/wp\/v2\/media?parent=3359"}],"curies":[{"name":"wp","href":"https:\/\/api.w.org\/{rel}","templated":true}]}}