{"id":3358,"date":"2017-03-09T15:24:02","date_gmt":"2017-03-09T20:24:02","guid":{"rendered":"http:\/\/caph-02.eproofs.ca\/resultats-precedents\/"},"modified":"2022-12-11T22:03:08","modified_gmt":"2022-12-12T03:03:08","slug":"resultats-precedents","status":"publish","type":"page","link":"https:\/\/cap.ca\/fr\/activites\/programme-de-distinctions\/high-school-students\/prix-secondaire-ou-collegial\/prix-de-lacp-lexamen-du-secondaire-et-du-collegiale\/resultats-precedents\/","title":{"rendered":"R\u00e9sultats pr\u00e9c\u00e9dents"},"content":{"rendered":"<ul class=\"content-list\">\n<li><a href=\"https:\/\/services.cap.ca\/awards\/hs\/results.php?year=2022\">2022<\/a><\/li>\n<li>2021 (l&#8217;examen n&#8217;a pas eu lieu en raison de COVID-19)<\/li>\n<li>2020 (l&#8217;examen n&#8217;a pas eu lieu en raison de COVID-19)<\/li>\n<li><a href=\"https:\/\/services.cap.ca\/awards\/hs\/results.php?year=2019\">2019<\/a><\/li>\n<li><a href=\"https:\/\/cap.ca\/2018-cap-hsprize-exam-results\/\">2018<\/a><\/li>\n<li><a href=\"https:\/\/services.cap.ca\/awards\/hs\/results.php?year=2017\">2017<\/a><\/li>\n<li><a href=\"https:\/\/services.cap.ca\/awards\/hs\/results.php?year=2016\">2016<\/a><\/li>\n<li><a href=\"https:\/\/services.cap.ca\/awards\/hs\/results.php?year=2015\">2015<\/a><\/li>\n<li><a href=\"https:\/\/services.cap.ca\/awards\/hs\/results.php?year=2014\">2014<\/a><\/li>\n<li><a href=\"https:\/\/services.cap.ca\/awards\/hs\/results.php?year=2013\">2013<\/a><\/li>\n<li><a href=\"https:\/\/services.cap.ca\/awards\/hs\/results.php?year=2012\">2012<\/a><\/li>\n<li><a href=\"https:\/\/services.cap.ca\/awards\/hs\/results.php?year=2011\">2011<\/a><\/li>\n<li><a href=\"https:\/\/services.cap.ca\/awards\/hs\/results.php?year=2010\">2010<\/a><\/li>\n<li><a href=\"https:\/\/services.cap.ca\/awards\/hs\/results.php?year=2009\">2009<\/a><\/li>\n<li><a href=\"https:\/\/services.cap.ca\/awards\/hs\/results.php?year=2008\">2008<\/a><\/li>\n<li><a href=\"http:\/\/cap.phas.ubc.ca\/fr\/2007resultats.php\">2007<\/a><\/li>\n<li><a href=\"https:\/\/cap.ca\/wp-content\/uploads\/2017\/03\/top20f.pdf\">1994 &#8211; 2005 (pdf)<\/a><\/li>\n<\/ul>\n","protected":false},"excerpt":{"rendered":"<p>2022 2021 (l&#8217;examen n&#8217;a pas eu lieu en raison de COVID-19) 2020 (l&#8217;examen n&#8217;a pas eu lieu en raison de COVID-19) 2019 2018 2017 2016 2015 2014 2013 2012 2011 2010 2009 2008 2007 1994 &#8211; 2005 (pdf)<\/p>\n","protected":false},"author":10,"featured_media":0,"parent":22195,"menu_order":85560,"comment_status":"closed","ping_status":"closed","template":"","meta":{"footnotes":""},"class_list":["post-3358","page","type-page","status-publish","hentry"],"_links":{"self":[{"href":"https:\/\/cap.ca\/fr\/wp-json\/wp\/v2\/pages\/3358","targetHints":{"allow":["GET"]}}],"collection":[{"href":"https:\/\/cap.ca\/fr\/wp-json\/wp\/v2\/pages"}],"about":[{"href":"https:\/\/cap.ca\/fr\/wp-json\/wp\/v2\/types\/page"}],"author":[{"embeddable":true,"href":"https:\/\/cap.ca\/fr\/wp-json\/wp\/v2\/users\/10"}],"replies":[{"embeddable":true,"href":"https:\/\/cap.ca\/fr\/wp-json\/wp\/v2\/comments?post=3358"}],"version-history":[{"count":8,"href":"https:\/\/cap.ca\/fr\/wp-json\/wp\/v2\/pages\/3358\/revisions"}],"predecessor-version":[{"id":22208,"href":"https:\/\/cap.ca\/fr\/wp-json\/wp\/v2\/pages\/3358\/revisions\/22208"}],"up":[{"embeddable":true,"href":"https:\/\/cap.ca\/fr\/wp-json\/wp\/v2\/pages\/22195"}],"wp:attachment":[{"href":"https:\/\/cap.ca\/fr\/wp-json\/wp\/v2\/media?parent=3358"}],"curies":[{"name":"wp","href":"https:\/\/api.w.org\/{rel}","templated":true}]}}